{"id":15949,"date":"2025-01-19T15:12:23","date_gmt":"2025-01-19T15:12:23","guid":{"rendered":"https:\/\/www.hydraulic-cylinders.net\/product\/bucket-cylinder-for-bada-wys50\/"},"modified":"2025-01-19T15:12:25","modified_gmt":"2025-01-19T15:12:25","slug":"bucket-cylinder-for-bada-wys50","status":"publish","type":"product","link":"https:\/\/www.hydraulic-cylinders.net\/da\/vare\/bucket-cylinder-for-bada-wys50\/","title":{"rendered":"Skovlcylinder til Bada WYS50"},"content":{"rendered":"<h1>Skovlcylinder til Bada WYS50<\/h1>\n<p><img decoding=\"async\" src=\"https:\/\/www.hydraulic-cylinders.net\/wp-content\/uploads\/2025\/01\/songte-company-2.webp\"><\/p>\n<h2>Indledning<\/h2>\n<p>Skovlcylinderen til Bada WYS50 er en specialiseret hydraulisk cylinder designet til at styre skovlens bev\u00e6gelse i tunge maskiner s\u00e5som gravemaskiner, rendegravere og frontl\u00e6ssere. Dens hovedfunktion er at muligg\u00f8re l\u00f8ft, s\u00e6nkning og vipning af skovlen, hvilket letter forskellige materialeh\u00e5ndteringsopgaver. I et hydraulisk system opn\u00e5r skovlcylinderen pr\u00e6cis kontrol over skovlen ved at udnytte tryk\u00e6ndringerne i hydraulikolien, hvilket giver operat\u00f8rerne mulighed for effektivt at h\u00e5ndtere tunge belastninger og tilpasse sig komplekse arbejdsmilj\u00f8er og forskellige jobkrav.<\/p>\n<h2>Funktioner<\/h2>\n<ul>\n<li>H\u00f8j styrke og holdbarhed: Typisk fremstillet af h\u00f8jstyrkest\u00e5l eller aluminium, kan den modst\u00e5 h\u00f8jt tryk og tunge belastninger og tilpasse sig barske arbejdsmilj\u00f8er. Designet tager h\u00f8jde for slidstyrke og korrosionsbestandighed, hvilket forl\u00e6nger dens levetid.<\/li>\n<li>Effektiv hydraulisk drift: Ved at udnytte trykket fra hydraulikolien muligg\u00f8r den j\u00e6vn ud- og indtr\u00e6kning, reagerer hurtigt p\u00e5 kontrolkommandoer og leverer kraftige skubbe- og tr\u00e6kkr\u00e6fter, der er velegnede til h\u00e5ndtering af tunge belastninger og komplekse opgaver.<\/li>\n<li>Forskellige typer: Enkeltvirkende (hydraulisk kun anvendt i \u00e9n retning) eller dobbeltvirkende (hydraulisk anvendt i begge retninger) cylindre kan v\u00e6lges baseret p\u00e5 specifikke driftsbehov. Nogle modeller er teleskopiske, hvilket giver mulighed for st\u00f8rre udtr\u00e6k uden at \u00f8ge de udvendige dimensioner, velegnede til applikationer med begr\u00e6nset plads.<\/li>\n<li>Perfekt udskiftning: Vores produkter kan perfekt erstatte disse hydrauliske cylindre. <img decoding=\"async\" src=\"https:\/\/www.hydraulic-cylinders.net\/wp-content\/uploads\/2025\/01\/songte-cylinder-head-with-all-kinds-excavator-models.webp\"><\/li>\n<\/ul>\n<h2>Applikationer<\/h2>\n<ul>\n<li>Entrepren\u00f8rudstyr: De findes i gravemaskiner og er afg\u00f8rende for at grave, l\u00e6sse og flytte jord eller affald. I rendegravere hj\u00e6lper skovlcylinderen med b\u00e5de at grave og l\u00f8fte.<\/li>\n<li>Landbrugsmaskiner: Bruges i frontl\u00e6ssere til at udgrave, l\u00f8fte og transportere jord, h\u00f8 og andre materialer.<\/li>\n<li>Gravemaskiner: Skovlcylinderen muligg\u00f8r gravehandlinger ved at lade skovlen tr\u00e6nge ned i jorden.<\/li>\n<li>Frontl\u00e6ssere: Frontl\u00e6ssere hj\u00e6lper med at l\u00f8fte og vippe gods effektivt.<\/li>\n<\/ul>\n<h2>Designovervejelser og udv\u00e6lgelseskriterier<\/h2>\n<ul>\n<li>B\u00e6reevne: Diskuter de vigtigste overvejelser vedr\u00f8rende b\u00e6reevne, t\u00e6tning, holdbarhed, sikkerhed og vedligeholdelsesvenlighed.<\/li>\n<li>T\u00e6tning og sm\u00f8ring: Diskuter brugen af \u200b\u200bforskellige t\u00e6tninger, s\u00e5som stempelt\u00e6tninger og stangt\u00e6tninger, der er lavet af slidst\u00e6rke materialer som polyurethan og nitrilgummi. Cylinderhuset og gevindenden b\u00f8r v\u00e6re fint bearbejdet for at forbedre slidstyrken. Regelm\u00e6ssig sm\u00f8ring med den passende m\u00e6ngde hydraulikolie er p\u00e5kr\u00e6vet.<\/li>\n<\/ul>\n<h2>Vedligeholdelses- og forebyggende foranstaltninger<\/h2>\n<ul>\n<li>Regelm\u00e6ssig inspektion og forebyggende vedligeholdelse: Beskriv vigtigheden af \u200b\u200bregelm\u00e6ssig inspektion, korrekt sm\u00f8ring, udskiftning af pakninger og kalibreringskontroller. Giv vejledning i korrekt justering af cylinderen under installationen, og anbefal brug af passende monteringsbeslag til at fastg\u00f8re cylinderen.<\/li>\n<li>Almindelige vedligeholdelsesopgaver: Angiv tre almindelige vedligeholdelsesopgaver s\u00e5som regelm\u00e6ssig inspektion, korrekt sm\u00f8ring, udskiftning af pakninger og kalibreringstjek. Fremh\u00e6v vigtigheden af \u200b\u200bkorrekt installation, sm\u00f8ring og justering. Angiv anbefalede inspektions-, reparations- og udskiftningsprocedurer, tilbyd udskiftning af dele og reparation, og del tips til at forl\u00e6nge cylinderens levetid.<\/li>\n<li><img decoding=\"async\" src=\"https:\/\/www.hydraulic-cylinders.net\/wp-content\/uploads\/2025\/01\/songte-chushion-collar.webp\"><\/li>\n<\/ul>\n<h2>Sikkerhedshensyn og milj\u00f8faktorer<\/h2>\n<p>Diskuter vigtigheden af \u200b\u200bsikkerhedsforanstaltninger ved brug af cylinderen og milj\u00f8hensyn ved h\u00e5ndtering af hydrauliske v\u00e6sker.<\/p>\n<h2>Fejlfinding og almindelige problemer<\/h2>\n<p>Diskuter fejldiagnose og almindelige problemer relateret til skovlcylinderen. Giv fejlfindingstips og l\u00f8sninger for at hj\u00e6lpe l\u00e6serne med effektivt at diagnosticere og l\u00f8se problemer. Pr\u00e6senter forebyggende foranstaltninger for at minimere potentielle problemer.<\/p>\n<h2>Om vores virksomhed<\/h2>\n<p><img decoding=\"async\" src=\"https:\/\/hzpt.com\/wp-content\/uploads\/2024\/11\/songte-company-1.webp\"><\/p>\n<p>Vi er en producent af hydrauliske udskiftningscylindre og tilbyder en bred vifte af produkter. Vi er blevet en af \u200b\u200bde f\u00f8rende producenter og engrosdistribut\u00f8rer af hydrauliske cylindre p\u00e5 b\u00e5de indenlandske og internationale markeder. Vi overholder principperne om ekspertise og bruger industrialiserede produktionsstyringsstrategier i vores raffinerede produktionsv\u00e6rksted. Med anvendelsen af \u200b\u200btekniske talenter, avanceret digitalt produktionsudstyr og professionelle testsystemer forts\u00e6tter vores produktionsplatform med at forbedres og perfektionerer produktionsruten for produktkvalitet. Vi har en st\u00e6rk innovativ kapacitet og sigter mod at im\u00f8dekomme forskellige kundebehov med h\u00f8j effektivitet, pr\u00e6cision og kvalitet.<\/p>\n<p>Udvid beskrivelsen af \u200b\u200bvirksomheden fra professionalisme, internationale certificeringer, tilpassede tjenester, produktionsudstyr og eftersalgsservice.<\/p>\n<p><img decoding=\"async\" src=\"https:\/\/www.hydraulic-cylinders.net\/wp-content\/uploads\/2025\/01\/songte-company-3.webp\"><\/p>\n<p>Forfatter: lyl<\/p>","protected":false},"excerpt":{"rendered":"<p>Bucket Cylinder For Bada WYS50 Introduction The Bucket Cylinder for Bada WYS50 is a specialized hydraulic cylinder designed to control the movement of the bucket in heavy machinery such as excavators, backhoe loaders, and front-end loaders. Its main function is to enable the lifting, lowering, and tilting of the bucket, facilitating various material handling tasks. [&hellip;]<\/p>","protected":false},"featured_media":14778,"comment_status":"open","ping_status":"closed","template":"","meta":{"_et_pb_use_builder":"","_et_pb_old_content":"","_et_gb_content_width":""},"product_brand":[],"product_cat":[1494],"product_tag":[1495,1496],"class_list":{"0":"post-15949","1":"product","2":"type-product","3":"status-publish","4":"has-post-thumbnail","6":"product_cat-bucket-cylinders","7":"product_tag-bucket-cylinders","8":"product_tag-hydraulic-cylinders","10":"first","11":"instock","12":"shipping-taxable","13":"product-type-simple"},"amp_enabled":true,"_links":{"self":[{"href":"https:\/\/www.hydraulic-cylinders.net\/da\/wp-json\/wp\/v2\/product\/15949","targetHints":{"allow":["GET"]}}],"collection":[{"href":"https:\/\/www.hydraulic-cylinders.net\/da\/wp-json\/wp\/v2\/product"}],"about":[{"href":"https:\/\/www.hydraulic-cylinders.net\/da\/wp-json\/wp\/v2\/types\/product"}],"replies":[{"embeddable":true,"href":"https:\/\/www.hydraulic-cylinders.net\/da\/wp-json\/wp\/v2\/comments?post=15949"}],"wp:featuredmedia":[{"embeddable":true,"href":"https:\/\/www.hydraulic-cylinders.net\/da\/wp-json\/wp\/v2\/media\/14778"}],"wp:attachment":[{"href":"https:\/\/www.hydraulic-cylinders.net\/da\/wp-json\/wp\/v2\/media?parent=15949"}],"wp:term":[{"taxonomy":"product_brand","embeddable":true,"href":"https:\/\/www.hydraulic-cylinders.net\/da\/wp-json\/wp\/v2\/product_brand?post=15949"},{"taxonomy":"product_cat","embeddable":true,"href":"https:\/\/www.hydraulic-cylinders.net\/da\/wp-json\/wp\/v2\/product_cat?post=15949"},{"taxonomy":"product_tag","embeddable":true,"href":"https:\/\/www.hydraulic-cylinders.net\/da\/wp-json\/wp\/v2\/product_tag?post=15949"}],"curies":[{"name":"wp","href":"https:\/\/api.w.org\/{rel}","templated":true}]}}