{"id":15950,"date":"2025-01-19T15:12:27","date_gmt":"2025-01-19T15:12:27","guid":{"rendered":"https:\/\/www.hydraulic-cylinders.net\/product\/bucket-cylinder-for-bada-wys40\/"},"modified":"2025-01-19T15:12:29","modified_gmt":"2025-01-19T15:12:29","slug":"bucket-cylinder-for-bada-wys40","status":"publish","type":"product","link":"https:\/\/www.hydraulic-cylinders.net\/da\/vare\/bucket-cylinder-for-bada-wys40\/","title":{"rendered":"Skovlcylinder til Bada WYS40"},"content":{"rendered":"<h1>Skovlcylinder til Bada WYS40<\/h1>\n<h2>Indledning<\/h2>\n<p>Skovlcylinderen er en specialiseret hydraulisk cylinder designet til at styre skovlens bev\u00e6gelse i tunge maskiner s\u00e5som gravemaskiner, rendegravere og frontl\u00e6ssere. Dens prim\u00e6re funktion er at g\u00f8re det muligt for skovlen at l\u00f8fte, s\u00e6nke og vippe, hvilket g\u00f8r det lettere at h\u00e5ndtere forskellige materialeh\u00e5ndteringsopgaver. I det hydrauliske system bruger skovlcylinderen tryk\u00e6ndringen i hydraulikolien til pr\u00e6cist at styre skovlen, hvilket giver operat\u00f8rerne mulighed for effektivt at h\u00e5ndtere tunge l\u00e6s og tilpasse sig komplekse arbejdsmilj\u00f8er og forskellige jobkrav.<\/p>\n<p><img decoding=\"async\" src=\"https:\/\/www.hydraulic-cylinders.net\/wp-content\/uploads\/2025\/01\/songte-company-2.webp\" alt=\"Billede af spandcylinder\"><\/p>\n<h2>Funktioner<\/h2>\n<ul>\n<li>H\u00f8j styrke og holdbarhed: Typisk lavet af h\u00f8jstyrkest\u00e5l eller aluminium, kan den modst\u00e5 h\u00f8jt tryk og tunge belastninger, tilpasse sig barske arbejdsmilj\u00f8er og er designet til slidstyrke og korrosionsbestandighed for at forl\u00e6nge levetiden.<\/li>\n<li>Effektive hydrauliske operationer: Ved at bruge trykket fra hydraulikolien til at opn\u00e5 j\u00e6vn ekspansion og sammentr\u00e6kning, kan den hurtigt reagere p\u00e5 kontrolkommandoer, yde kraftige skubbe- og tr\u00e6kkr\u00e6fter og er velegnet til h\u00e5ndtering af tunge belastninger og komplekse arbejdsopgaver.<\/li>\n<li>Forskellige typer: Enkeltvirkende (hydraulisk kun anvendt i \u00e9n retning) eller dobbeltvirkende (hydraulisk anvendt i begge retninger) cylindre kan v\u00e6lges efter behov for at opfylde forskellige driftskrav. Nogle modeller er teleskopiske, hvilket muligg\u00f8r st\u00f8rre udtr\u00e6k uden at \u00f8ge de udvendige dimensioner, velegnede til applikationer med begr\u00e6nset plads.<\/li>\n<li>Kan bruges som erstatning for andre hydrauliske cylindre.<\/li>\n<li>Nem at installere og vedligeholde.<\/li>\n<\/ul>\n<p><img decoding=\"async\" src=\"https:\/\/www.hydraulic-cylinders.net\/wp-content\/uploads\/2025\/01\/songte-cylinder-head-with-all-kinds-excavator-models.webp\" alt=\"Billede af spandcylinder\"><\/p>\n<h2>Applikationer<\/h2>\n<p>Skovlcylinderen bruges i vid udstr\u00e6kning i forskellige tunge maskiner, herunder:<\/p>\n<ul>\n<li>Entrepren\u00f8rudstyr: I gravemaskiner er de afg\u00f8rende for udgravning, lastning og flytning af jord eller affald. I rendegravere hj\u00e6lper skovlcylinderen med b\u00e5de udgravning og l\u00f8ft. <\/li>\n<li>Landbrugsmaskiner: Bruges i frontl\u00e6ssere til at udgrave, l\u00f8fte og transportere jord, h\u00f8 og andre materialer. <\/li>\n<li>Gravemaskiner: Skovlcylindere udf\u00f8rer gravehandlinger ved at tillade skovle at tr\u00e6nge ned i jorden. <\/li>\n<li>L\u00e6ssere: Frontl\u00e6ssere hj\u00e6lper med at l\u00f8fte og losse gods effektivt.<\/li>\n<\/ul>\n<p>Hver anvendelse af cylinderen er beskrevet detaljeret nedenfor:<\/p>\n<h3>Entrepren\u00f8rudstyr<\/h3>\n<p>Skovlcylindre spiller en afg\u00f8rende rolle i gravemaskiner, da de er ansvarlige for at grave, opsamle og flytte jord og affald. De giver gravemaskiner mulighed for at udf\u00f8re deres arbejde effektivt og h\u00e5ndtere selv de mest udfordrende udgravninger. Gravemaskiner bruger ogs\u00e5 skovlcylindre til at hj\u00e6lpe med udgravning og l\u00f8ft. I disse maskiner er cylinderen afg\u00f8rende for at kontrollere skovlens bev\u00e6gelse og position, s\u00e5 f\u00f8reren kan opn\u00e5 pr\u00e6cise resultater.<\/p>\n<h3>Landbrugsmaskiner<\/h3>\n<p>Skovlcylindre bruges i frontl\u00e6ssere til at udgrave, l\u00f8fte og transportere jord, h\u00f8 og andre materialer. Cylinderen g\u00f8r det muligt for l\u00e6sseren at udf\u00f8re disse opgaver effektivt og med stor pr\u00e6cision. Ved at kontrollere skovlens position og bev\u00e6gelse g\u00f8r cylinderen det muligt for l\u00e6sseren at l\u00f8fte og transportere selv de tungeste l\u00e6s.<\/p>\n<h3>Gravemaskiner<\/h3>\n<p>I gravemaskiner tillader skovlcylinderen skovlen at tr\u00e6nge ned i jorden for at udf\u00f8re udgravningshandlinger. Cylinderen styrer skovlens bev\u00e6gelse og position, hvilket giver f\u00f8reren mulighed for at opn\u00e5 pr\u00e6cise resultater. Gravemaskiner bruges i en bred vifte af applikationer, herunder minedrift, byggeri og nedrivning.<\/p>\n<h3>L\u00e6ssere<\/h3>\n<p>Frontl\u00e6ssere bruger skovlcylindre til at hj\u00e6lpe med effektivt at l\u00f8fte og losse gods. Ved at kontrollere skovlens bev\u00e6gelse og position g\u00f8r cylinderen det muligt for l\u00e6sseren at h\u00e5ndtere tunge l\u00e6ssere med lethed. L\u00e6ssere bruges i en bred vifte af anvendelser, herunder landbrug, byggeri og minedrift.<\/p>\n<h2>Designovervejelser og udv\u00e6lgelseskriterier<\/h2>\n<p>Ved design af skovlcylindre skal faktorer som lasteevne, t\u00e6tning, holdbarhed, sikkerhed og vedligeholdelsesvenlighed tages i betragtning. Nedenfor er designovervejelserne:<\/p>\n<ul>\n<li>Belastningskapacitet: Cylinderen skal v\u00e6re konstrueret til at modst\u00e5 den maksimale belastning, den vil blive udsat for.<\/li>\n<li>T\u00e6tning: Der b\u00f8r anvendes t\u00e6tningsmaterialer af h\u00f8j kvalitet for at forhindre l\u00e6kage af hydraulikv\u00e6ske og sikre problemfri drift.<\/li>\n<li>Holdbarhed: Cylinderen skal v\u00e6re designet til at modst\u00e5 det barske arbejdsmilj\u00f8 og minimere slitage.<\/li>\n<li>Sikkerhed: Cylinderen skal v\u00e6re konstrueret til at sikre operat\u00f8rens sikkerhed og forhindre ulykker.<\/li>\n<li>Vedligeholdelsesvenlighed: Cylinderen skal v\u00e6re nem at vedligeholde, med udskiftelige dele og klare instruktioner til vedligeholdelsesprocedurer.<\/li>\n<\/ul>\n<p><img decoding=\"async\" src=\"https:\/\/www.hydraulic-cylinders.net\/wp-content\/uploads\/2025\/01\/songte-oil-pipes-and-spare-parts.webp\" alt=\"Billede af spandcylinder\"><\/p>\n<h2>T\u00e6tning og sm\u00f8ring<\/h2>\n<p>Forskellige pakninger, s\u00e5som stempelpakninger og stangpakninger, b\u00f8r anvendes for at sikre cylinderens t\u00e6tning. Pakningerne b\u00f8r v\u00e6re lavet af slidst\u00e6rke materialer s\u00e5som polyurethan og nitrilgummi for at sikre en lang levetid. Cylinderen b\u00f8r v\u00e6re designet med en fint forarbejdet cylinderhus og gevindendeflade for at forbedre slidstyrken. Regelm\u00e6ssig sm\u00f8ring med hydraulikolie er n\u00f8dvendig for at sikre problemfri drift og forl\u00e6nge cylinderens levetid.<\/p>\n<h2>Vedligeholdelse og reparation<\/h2>\n<p>Regelm\u00e6ssig vedligeholdelse og reparation er n\u00f8dvendig for at sikre cylinderens korrekte funktion og forl\u00e6nge dens levetid. Almindelige vedligeholdelsesopgaver omfatter regelm\u00e6ssig inspektion, passende sm\u00f8ring, udskiftning af pakninger og kalibreringskontroller. Korrekt installation, sm\u00f8ring og justering er afg\u00f8rende for at sikre cylinderens korrekte funktion. Det anbefales at bruge passende monteringsbeslag til at fastg\u00f8re cylinderen. Anbefalede inspektions-, reparations- og udskiftningsprocedurer b\u00f8r f\u00f8lges, og om n\u00f8dvendigt b\u00f8r der anvendes reparationstjenester for at forbedre cylinderens levetid.<\/p>\n<p><img decoding=\"async\" src=\"https:\/\/www.hydraulic-cylinders.net\/wp-content\/uploads\/2025\/01\/songte-chushion-collar.webp\" alt=\"Billede af spandcylinder\"><\/p>\n<h2>Sikkerheds- og milj\u00f8hensyn<\/h2>\n<p>Ved brug af skovlcylinderen skal der tr\u00e6ffes sikkerhedsforanstaltninger for at forhindre ulykker. Det er vigtigt at f\u00f8lge producentens anvisninger og sikre, at cylinderen er korrekt installeret, vedligeholdt regelm\u00e6ssigt og inspiceret ofte. Forsigtig h\u00e5ndtering af cylinderen og brug af beskyttelsesudstyr kan hj\u00e6lpe med at forhindre ulykker. Milj\u00f8faktorer b\u00f8r ogs\u00e5 tages i betragtning ved brug af cylinderen. Korrekt bortskaffelse af hydraulikolie og andre farlige materialer er n\u00f8dvendig for at minimere milj\u00f8p\u00e5virkningen.<\/p>\n<h2>Fejldiagnose og fejlfinding<\/h2>\n<p>Almindelige problemer med skovlcylinderen omfatter l\u00e6kage, langsom eller uresponsiv bev\u00e6gelse og unormal st\u00f8j. For at diagnosticere og fejlfinde disse problemer er det n\u00f8dvendigt at inspicere cylinderen regelm\u00e6ssigt og bruge passende v\u00e6rkt\u00f8j til at identificere problemet. Regelm\u00e6ssig vedligeholdelse og reparation kan hj\u00e6lpe med at forhindre disse problemer.<\/p>\n<h2>Virksomhedsintroduktion<\/h2>\n<p>Vi er en producent af hydrauliske udskiftningscylindre og tilbyder et omfattende udvalg af produkter og tjenester, der opfylder vores kunders forskellige behov. Med fokus p\u00e5 fremragende kvalitet er vi afh\u00e6ngige af et raffineret produktionsv\u00e6rksted og industrialiserede produktionsstyringsstrategier for konstant at forbedre vores produktionsplatform og perfektionere vores produktionslinje med produktkvalitet. Vi har en st\u00e6rk evne til at skabe h\u00f8jeffektive, h\u00f8jpr\u00e6cisions- og kvalitetsprodukter, der opfylder vores kunders forskellige behov.<\/p>\n<p>Vores virksomhed er kendetegnet ved:<\/p>\n<ul>\n<li>Professionalitet: Vi har et team af h\u00f8jt kvalificerede fagfolk, der er eksperter i design og produktion af hydrauliske cylindre.<\/li>\n<li>International certificering: Vores produkter er blevet certificeret af forskellige internationale organisationer, hvilket sikrer deres kvalitet og sikkerhed.<\/li>\n<li>Tilpasningstjenester: Vi tilbyder skr\u00e6ddersyede tjenester, der im\u00f8dekommer vores kunders specifikke behov.<\/li>\n<li>Produktionsudstyr: Vi har avanceret produktionsudstyr og testsystemer for at sikre kvaliteten af \u200b\u200bvores produkter.<\/li>\n<li>Eftersalgsservice: Vi tilbyder omfattende eftersalgsservice, herunder vedligeholdelse, reparation og udskiftning.<\/li>\n<\/ul>\n<p><img decoding=\"async\" src=\"https:\/\/hzpt.com\/wp-content\/uploads\/2024\/11\/songte-company-1.webp\" alt=\"Billede af spandcylinder\"><\/p>\n<p>Vi er forpligtet til at levere de bedste produkter og tjenester til vores kunder, og vi str\u00e6ber efter l\u00f8bende at forbedre vores produktionskapaciteter og produktkvalitet. Vores m\u00e5l er at blive en f\u00f8rende producent og grossist af hydrauliske cylindre p\u00e5 de indenlandske og internationale markeder.<\/p>\n<p><em>Forfatter: lyl<\/em><\/p>","protected":false},"excerpt":{"rendered":"<p>Bucket Cylinder For Bada WYS40 Introduction The bucket cylinder is a specialized hydraulic cylinder designed for controlling the movement of the bucket in heavy machinery such as excavators, backhoe excavators, and front-end loaders. Its primary function is to enable the bucket to lift, lower, and tilt, making it easier to handle various material handling tasks. [&hellip;]<\/p>","protected":false},"featured_media":14776,"comment_status":"open","ping_status":"closed","template":"","meta":{"_et_pb_use_builder":"","_et_pb_old_content":"","_et_gb_content_width":""},"product_brand":[],"product_cat":[1494],"product_tag":[1495,1496],"class_list":{"0":"post-15950","1":"product","2":"type-product","3":"status-publish","4":"has-post-thumbnail","6":"product_cat-bucket-cylinders","7":"product_tag-bucket-cylinders","8":"product_tag-hydraulic-cylinders","10":"first","11":"instock","12":"shipping-taxable","13":"product-type-simple"},"amp_enabled":true,"_links":{"self":[{"href":"https:\/\/www.hydraulic-cylinders.net\/da\/wp-json\/wp\/v2\/product\/15950","targetHints":{"allow":["GET"]}}],"collection":[{"href":"https:\/\/www.hydraulic-cylinders.net\/da\/wp-json\/wp\/v2\/product"}],"about":[{"href":"https:\/\/www.hydraulic-cylinders.net\/da\/wp-json\/wp\/v2\/types\/product"}],"replies":[{"embeddable":true,"href":"https:\/\/www.hydraulic-cylinders.net\/da\/wp-json\/wp\/v2\/comments?post=15950"}],"wp:featuredmedia":[{"embeddable":true,"href":"https:\/\/www.hydraulic-cylinders.net\/da\/wp-json\/wp\/v2\/media\/14776"}],"wp:attachment":[{"href":"https:\/\/www.hydraulic-cylinders.net\/da\/wp-json\/wp\/v2\/media?parent=15950"}],"wp:term":[{"taxonomy":"product_brand","embeddable":true,"href":"https:\/\/www.hydraulic-cylinders.net\/da\/wp-json\/wp\/v2\/product_brand?post=15950"},{"taxonomy":"product_cat","embeddable":true,"href":"https:\/\/www.hydraulic-cylinders.net\/da\/wp-json\/wp\/v2\/product_cat?post=15950"},{"taxonomy":"product_tag","embeddable":true,"href":"https:\/\/www.hydraulic-cylinders.net\/da\/wp-json\/wp\/v2\/product_tag?post=15950"}],"curies":[{"name":"wp","href":"https:\/\/api.w.org\/{rel}","templated":true}]}}