{"id":15952,"date":"2025-01-19T15:12:35","date_gmt":"2025-01-19T15:12:35","guid":{"rendered":"https:\/\/www.hydraulic-cylinders.net\/product\/bucket-cylinder-for-baoding-wy150\/"},"modified":"2025-01-19T15:12:37","modified_gmt":"2025-01-19T15:12:37","slug":"bucket-cylinder-for-baoding-wy150","status":"publish","type":"product","link":"https:\/\/www.hydraulic-cylinders.net\/da\/vare\/bucket-cylinder-for-baoding-wy150\/","title":{"rendered":"Spancylinder til Baoding WY150"},"content":{"rendered":"<h2>Spancylinder til Baoding WY150<\/h2>\n<h3>Indledning<\/h3>\n<p>Skovlcylinderen til Baoding WY150 er en specialiseret hydraulisk cylinder, der prim\u00e6rt bruges til at styre bev\u00e6gelsen af \u200b\u200bskovle i tunge maskiner s\u00e5som gravemaskiner, rendegravere og frontl\u00e6ssere. Dens hovedfunktion er at g\u00f8re det muligt for skovlen at l\u00f8fte, s\u00e6nke og vippe, hvilket letter forskellige materialeh\u00e5ndteringsopgaver. I hydrauliske systemer opn\u00e5r skovlcylinderen pr\u00e6cis kontrol over skovlen ved hj\u00e6lp af \u00e6ndringer i hydraulikolietrykket, hvilket g\u00f8r det muligt for operat\u00f8rer at h\u00e5ndtere tunge l\u00e6s effektivt og tilpasse sig komplekse arbejdsmilj\u00f8er og forskellige jobkrav.<\/p>\n<p><img decoding=\"async\" src=\"https:\/\/www.hydraulic-cylinders.net\/wp-content\/uploads\/2025\/01\/songte-company-2.webp\" alt=\"billede af spandcylinder\"><\/p>\n<h3>Funktioner<\/h3>\n<ul>\n<li>H\u00f8j styrke og holdbarhed: Skovlcylinderen, der typisk er lavet af h\u00f8jstyrkest\u00e5l eller aluminium, kan modst\u00e5 h\u00f8jt tryk og tunge belastninger og tilpasse sig barske arbejdsmilj\u00f8er. Designet tager h\u00f8jde for slidstyrke og korrosionsbestandighed for at forl\u00e6nge levetiden.<\/li>\n<li>Effektiv hydraulisk drift: Ved at bruge hydraulisk olietryk til at opn\u00e5 j\u00e6vne forl\u00e6ngelses- og sammentr\u00e6kningsbev\u00e6gelser kan skovlcylinderen reagere hurtigt p\u00e5 styrekommandoer og give st\u00e6rke skubbe- og tr\u00e6kkr\u00e6fter, der er egnede til h\u00e5ndtering af tunge belastninger og komplekse arbejdsopgaver.<\/li>\n<li>Forskellige typer: Enkeltvirkende (hydraulisk kun anvendt i \u00e9n retning) eller dobbeltvirkende (hydraulisk anvendt i begge retninger) cylindre kan v\u00e6lges efter driftskrav. Nogle modeller er teleskopiske, hvilket giver mulighed for st\u00f8rre udtr\u00e6k uden at \u00f8ge de ydre dimensioner, hvilket g\u00f8r dem velegnede til applikationer med begr\u00e6nset plads.<\/li>\n<li>Produceret af vores virksomhed: Vores produkter kan perfekt erstatte disse hydrauliske cylindre.<\/li>\n<\/ul>\n<p><img decoding=\"async\" src=\"https:\/\/www.hydraulic-cylinders.net\/wp-content\/uploads\/2025\/01\/songte-cylinder-head-with-all-kinds-excavator-models.webp\" alt=\"billede af virksomhedens spandcylinder\"><\/p>\n<h3>Applikationer<\/h3>\n<p>Skovlcylinderen har en bred vifte af anvendelser, herunder:<\/p>\n<ul>\n<li>Entrepren\u00f8rudstyr: I gravemaskiner er de afg\u00f8rende for at grave, l\u00e6sse og flytte jord eller affald. I rendegravere hj\u00e6lper skovlcylinderen med b\u00e5de gravning og l\u00f8ft. <\/li>\n<li>Landbrugsmaskiner: Anvendes til frontl\u00e6ssere til at skovle, l\u00f8fte og transportere jord, h\u00f8 og andre materialer. <\/li>\n<li>Gravemaskiner: Skovlcylinderen muligg\u00f8r gravefunktion ved at lade skovlen tr\u00e6nge gennem jorden. <\/li>\n<li>Frontl\u00e6ssere: I frontl\u00e6ssere hj\u00e6lper de med effektivt at l\u00f8fte og vippe last. <\/li>\n<\/ul>\n<h3>Designovervejelser og udv\u00e6lgelseskriterier<\/h3>\n<p>Designhensynene ved spandcylinderen omfatter:<\/p>\n<ul>\n<li>B\u00e6reevne: For at sikre, at cylinderen kan modst\u00e5 h\u00f8je belastninger og tryk.<\/li>\n<li>T\u00e6tning: Forskellige t\u00e6tningskomponenter s\u00e5som stempelt\u00e6tninger og stangt\u00e6tninger kan anvendes, hvor materialer som polyurethan og nitrilgummi er slidst\u00e6rke.<\/li>\n<li>Holdbarhed: Cylindre er lavet af h\u00f8jstyrkematerialer for at sikre en lang levetid.<\/li>\n<li>Sikkerhed: Cylinderens design indeholder ogs\u00e5 sikkerhedsfunktioner s\u00e5som trykaflastningsventiler.<\/li>\n<li>Vedligeholdelsesvenlighed: Cylinderen er designet til at v\u00e6re nem at vedligeholde og reparere, og reservedele er bredt tilg\u00e6ngelige.<\/li>\n<\/ul>\n<p><img decoding=\"async\" src=\"https:\/\/www.hydraulic-cylinders.net\/wp-content\/uploads\/2025\/01\/songte-oil-pipes-and-spare-parts.webp\" alt=\"billede af spandcylinderdesign\"><\/p>\n<p>Skovlcylinderen kan t\u00e6tnes og sm\u00f8res ved hj\u00e6lp af forskellige komponenter s\u00e5som stempelt\u00e6tninger og stangt\u00e6tninger lavet af slidst\u00e6rke materialer som polyurethan og nitrilgummi. Cylinderens hus og gevindflade gennemg\u00e5r finbearbejdning for at forbedre slidstyrken, og regelm\u00e6ssig sm\u00f8ring med hydraulikolie er n\u00f8dvendig.<\/p>\n<h3>Vedligeholdelse og reparation<\/h3>\n<p>Regelm\u00e6ssig inspektion, korrekt sm\u00f8ring, udskiftning af pakninger og kalibreringskontroller er almindelige vedligeholdelsesopgaver, der b\u00f8r udf\u00f8res p\u00e5 skovlcylinderen. Der b\u00f8r gives korrekt installationsvejledning under installationen, med anbefalet brug af passende monteringsbeslag til at fastg\u00f8re cylinderen. Anbefalede inspektions-, reparations- og udskiftningsprocedurer kan forl\u00e6nge cylinderens levetid.<\/p>\n<p><img decoding=\"async\" src=\"https:\/\/www.hydraulic-cylinders.net\/wp-content\/uploads\/2025\/01\/songte-chushion-collar.webp\" alt=\"billede af vedligeholdelse af skovlcylinder\"><\/p>\n<h3>Sikkerhedshensyn og milj\u00f8faktorer<\/h3>\n<p>Under brug b\u00f8r der tr\u00e6ffes sikkerhedsforanstaltninger ved betjening af skovlcylinderen for at forhindre ulykker. Milj\u00f8faktorer b\u00f8r ogs\u00e5 tages i betragtning ved design og brug af cylinderen for at minimere deres p\u00e5virkning af omgivelserne.<\/p>\n<h3>Fejlfinding og almindelige problemer<\/h3>\n<p>Almindelige problemer med skovlcylinderen omfatter oliel\u00e6kage, utilstr\u00e6kkelig l\u00f8ftekraft og unormale lyde. Der b\u00f8r anvendes korrekt diagnose og probleml\u00f8sningsteknikker for at afhj\u00e6lpe eventuelle problemer.<\/p>\n<p><img decoding=\"async\" src=\"https:\/\/www.hydraulic-cylinders.net\/wp-content\/uploads\/2025\/01\/songte-bushings-with-all-kinds-of-excavator-models.webp\" alt=\"billede af fejlfinding af skovlcylinder\"><\/p>\n<h3>Om vores virksomhed<\/h3>\n<p>Vi er en producent af hydrauliske udskiftningscylindre med en bred vifte af produkter. Vi er blevet en af \u200b\u200bde f\u00f8rende producenter og engrosdistribut\u00f8rer af hydrauliske cylindre p\u00e5 indenlandske og udenlandske markeder og f\u00f8lger princippet om fremragende kvalitet. Vi er afh\u00e6ngige af den industrialiserede produktionsstyringsstrategi fra fine produktionsv\u00e6rksteder og forbedrer l\u00f8bende produktionsplatformen og produktionskvaliteten af \u200b\u200bvores produkter ved at investere i teknisk talent, digitalt avanceret produktionsudstyr og professionelle testsystemer. Vi har st\u00e6rke kreative evner, og vores produkter er kendetegnet ved h\u00f8j effektivitet, h\u00f8j pr\u00e6cision og h\u00f8j kvalitet, samtidig med at de opfylder kundernes forskellige behov.<\/p>\n<p><img decoding=\"async\" src=\"https:\/\/hzpt.com\/wp-content\/uploads\/2024\/11\/songte-company-1.webp\" alt=\"virksomhedens image\"><\/p>\n<p>Vores virksomhed er kendetegnet ved professionalisme, international certificering, tilpasningstjenester, produktionsudstyr og eftersalgsservice.<\/p>\n<h2>Forfatter: lyl<\/h2>","protected":false},"excerpt":{"rendered":"<p>Bucket Cylinder For Baoding WY150 Introduction The bucket cylinder for Baoding WY150 is a specialized hydraulic cylinder that is primarily used to control the movement of buckets in heavy machinery such as excavators, backhoe loaders, and front-end loaders. Its main function is to enable the bucket to lift, lower, and tilt, which facilitates various material [&hellip;]<\/p>","protected":false},"featured_media":14771,"comment_status":"open","ping_status":"closed","template":"","meta":{"_et_pb_use_builder":"","_et_pb_old_content":"","_et_gb_content_width":""},"product_brand":[],"product_cat":[1494],"product_tag":[1495,1496],"class_list":{"0":"post-15952","1":"product","2":"type-product","3":"status-publish","4":"has-post-thumbnail","6":"product_cat-bucket-cylinders","7":"product_tag-bucket-cylinders","8":"product_tag-hydraulic-cylinders","10":"first","11":"instock","12":"shipping-taxable","13":"product-type-simple"},"amp_enabled":true,"_links":{"self":[{"href":"https:\/\/www.hydraulic-cylinders.net\/da\/wp-json\/wp\/v2\/product\/15952","targetHints":{"allow":["GET"]}}],"collection":[{"href":"https:\/\/www.hydraulic-cylinders.net\/da\/wp-json\/wp\/v2\/product"}],"about":[{"href":"https:\/\/www.hydraulic-cylinders.net\/da\/wp-json\/wp\/v2\/types\/product"}],"replies":[{"embeddable":true,"href":"https:\/\/www.hydraulic-cylinders.net\/da\/wp-json\/wp\/v2\/comments?post=15952"}],"wp:featuredmedia":[{"embeddable":true,"href":"https:\/\/www.hydraulic-cylinders.net\/da\/wp-json\/wp\/v2\/media\/14771"}],"wp:attachment":[{"href":"https:\/\/www.hydraulic-cylinders.net\/da\/wp-json\/wp\/v2\/media?parent=15952"}],"wp:term":[{"taxonomy":"product_brand","embeddable":true,"href":"https:\/\/www.hydraulic-cylinders.net\/da\/wp-json\/wp\/v2\/product_brand?post=15952"},{"taxonomy":"product_cat","embeddable":true,"href":"https:\/\/www.hydraulic-cylinders.net\/da\/wp-json\/wp\/v2\/product_cat?post=15952"},{"taxonomy":"product_tag","embeddable":true,"href":"https:\/\/www.hydraulic-cylinders.net\/da\/wp-json\/wp\/v2\/product_tag?post=15952"}],"curies":[{"name":"wp","href":"https:\/\/api.w.org\/{rel}","templated":true}]}}