{"id":15956,"date":"2025-01-19T15:12:51","date_gmt":"2025-01-19T15:12:51","guid":{"rendered":"https:\/\/www.hydraulic-cylinders.net\/product\/bucket-cylinder-for-baoding-wy90-7\/"},"modified":"2025-01-19T15:12:53","modified_gmt":"2025-01-19T15:12:53","slug":"bucket-cylinder-for-baoding-wy90-7","status":"publish","type":"product","link":"https:\/\/www.hydraulic-cylinders.net\/da\/vare\/bucket-cylinder-for-baoding-wy90-7\/","title":{"rendered":"Spancylinder til Baoding WY90-7"},"content":{"rendered":"<h1>Spancylinder til Baoding WY90-7<\/h1>\n<h2>Produktdefinition<\/h2>\n<p>Skovlcylinderen til Baoding WY90-7 er en specialiseret hydraulisk cylinder, der prim\u00e6rt er designet til at styre bev\u00e6gelsen af \u200b\u200bskovle i tunge maskiner s\u00e5som gravemaskiner, rendegravere og frontl\u00e6ssere. Dens hovedfunktion er at g\u00f8re det muligt for skovlen at l\u00f8fte, s\u00e6nke og vippe, hvilket g\u00f8r det lettere at h\u00e5ndtere en r\u00e6kke forskellige materialeh\u00e5ndteringsopgaver. I et hydraulisk system bruger skovlcylinderen \u00e6ndringer i hydraulikolietrykket til at opn\u00e5 pr\u00e6cis kontrol over skovlen, hvilket giver operat\u00f8rerne mulighed for effektivt at h\u00e5ndtere tunge l\u00e6s og tilpasse sig komplekse arbejdsmilj\u00f8er og varierede jobkrav.<\/p>\n<p><img decoding=\"async\" src=\"https:\/\/www.hydraulic-cylinders.net\/wp-content\/uploads\/2025\/01\/songte-company-2.webp\" alt=\"Skovlcylinder til Baoding WY90-7\" \/><\/p>\n<h2>Produktfunktioner<\/h2>\n<ul>\n<li>H\u00f8j styrke og holdbarhed: Typisk lavet af h\u00f8jstyrkest\u00e5l eller aluminium, kan den modst\u00e5 h\u00f8jt tryk og tunge belastninger, tilpasse sig barske arbejdsmilj\u00f8er og er designet med slidstyrke og korrosionsbestandighed, hvilket forl\u00e6nger levetiden.<\/li>\n<li>Effektiv hydraulisk betjening: J\u00e6vn ud- og indtr\u00e6ksfunktion opn\u00e5s ved at udnytte hydraulikolietrykket, som reagerer hurtigt p\u00e5 betjeningskommandoer og giver kraftige skubbe- og tr\u00e6kkr\u00e6fter, der er velegnede til h\u00e5ndtering af tunge belastninger og komplekse opgaver.<\/li>\n<li>Forskellige typer: Enkeltvirkende (hydraulisk anvendt i kun \u00e9n retning) eller dobbeltvirkende (hydraulisk anvendt i begge retninger) cylindre kan v\u00e6lges efter behov for at opfylde forskellige driftsbehov. Nogle modeller er teleskopiske, hvilket muligg\u00f8r st\u00f8rre udtr\u00e6k uden at \u00f8ge de udvendige dimensioner, og er velegnede til applikationer med begr\u00e6nset plads.<\/li>\n<li>Kompatibel med forskellige maskiner: Vores produkt kan perfekt erstatte disse hydrauliske cylindre.<\/li>\n<\/ul>\n<p><img decoding=\"async\" src=\"https:\/\/www.hydraulic-cylinders.net\/wp-content\/uploads\/2025\/01\/songte-cylinder-head-with-all-kinds-excavator-models.webp\" alt=\"kompatibel hydraulisk cylinder til forskellige maskiner\" \/><\/p>\n<h2>Applikationer<\/h2>\n<p>Skovlcylinderen til Baoding WY90-7 kan bruges i forskellige tunge maskiner, herunder:<\/p>\n<ul>\n<li>Entrepren\u00f8rudstyr: Det er vigtigt for gravemaskiner, da de graver, l\u00e6sser og flytter jord eller affald. I rendegravere hj\u00e6lper skovlcylinderen med udgravning og l\u00f8ft. <\/li>\n<li>Landbrugsmaskiner: Bruges i frontl\u00e6ssere til at udgrave, l\u00f8fte og transportere jord, h\u00f8 og andre materialer. <\/li>\n<li>Gravemaskiner: Skovlcylinderen muligg\u00f8r gravefunktion ved at lade skovlen tr\u00e6nge ned i jorden.<\/li>\n<li>L\u00e6sser: I frontl\u00e6ssere hj\u00e6lper de med at l\u00f8fte og vippe last effektivt.<\/li>\n<\/ul>\n<h2>Designovervejelser og udv\u00e6lgelseskriterier<\/h2>\n<p>Ved design af skovlcylinderen til Baoding WY90-7 blev flere faktorer taget i betragtning, herunder:<\/p>\n<h3>B\u00e6reevne<\/h3>\n<p>Cylinderen er bygget til at modst\u00e5 enorme belastninger, og den er lavet af h\u00f8jstyrkematerialer, der kan klare tunge maskiner og barske arbejdsmilj\u00f8er.<\/p>\n<h3>Forsegling<\/h3>\n<p>Cylinderen bruger forskellige t\u00e6tninger som stempelt\u00e6tninger, stangt\u00e6tninger og viskert\u00e6tninger lavet af polyurethan, nitrilgummi osv. for at modst\u00e5 slid og forhindre l\u00e6kage af hydraulikv\u00e6ske.<\/p>\n<h3>Holdbarhed<\/h3>\n<p>Cylinderen er designet til at v\u00e6re holdbar og modst\u00e5 korrosion, og cylinderens endeflader og gevindsk\u00e5rne ender er fint forarbejdet for at forbedre slidstyrken.<\/p>\n<h3>Sikkerhed<\/h3>\n<p>Skovlcylinderen er designet til at v\u00e6re sikker, og den for\u00e5rsager ikke skader eller personskader, n\u00e5r den bruges korrekt. Den er udstyret med sikkerhedsmekanismer for at forhindre ulykker, s\u00e5som sikkerhedsventiler, der forhindrer cylinderen i at spr\u00e6nge eller kollapse, n\u00e5r det hydrauliske system svigter.<\/p>\n<h3>Opretholdelse<\/h3>\n<p>Skovlcylinderen kr\u00e6ver regelm\u00e6ssig vedligeholdelse, herunder reng\u00f8ring, inspektion og sm\u00f8ring. Det anbefales, at brugerne udskifter slidte pakninger og andre komponenter med j\u00e6vne mellemrum og genopfylder hydraulikolie for at sikre, at cylinderen fungerer korrekt.<\/p>\n<p><img decoding=\"async\" src=\"https:\/\/www.hydraulic-cylinders.net\/wp-content\/uploads\/2025\/01\/songte-oil-pipes-and-spare-parts.webp\" alt=\"reservedele til skovlcylinder\" \/><\/p>\n<h2>T\u00e6tning og sm\u00f8ring<\/h2>\n<p>Skovlcylinderen bruger forskellige t\u00e6tninger som stempelt\u00e6tninger, stangt\u00e6tninger og viskert\u00e6tninger lavet af polyurethan, nitrilgummi osv. for at modst\u00e5 slid og forhindre l\u00e6kage af hydraulisk v\u00e6ske. Den kr\u00e6ver regelm\u00e6ssig sm\u00f8ring i form af hydraulisk olie for at sikre j\u00e6vn drift og forhindre slitage. Cylinderens endeflader og gevindender er fint forarbejdet for at forbedre slidstyrken, men de kr\u00e6ver stadig regelm\u00e6ssig sm\u00f8ring.<\/p>\n<h2>Vedligeholdelse og reparation<\/h2>\n<p>Regelm\u00e6ssig vedligeholdelse og reparation af skovlcylinderen er afg\u00f8rende for at sikre, at den fungerer korrekt og holder l\u00e6nge. Vedligeholdelsesopgaver omfatter reng\u00f8ring, inspektion og sm\u00f8ring. Reparationsopgaver omfatter udskiftning af slidte pakninger og andre komponenter samt genopbygning af cylinderen, hvis det er n\u00f8dvendigt. F\u00f8lgende er nogle tips til korrekt vedligeholdelse og reparation:<\/p>\n<ul>\n<li>Inspicer regelm\u00e6ssigt cylinderen for slitage, l\u00e6kager og andre problemer.<\/li>\n<li>Udskift slidte pakninger og andre komponenter med j\u00e6vne mellemrum for at sikre, at cylinderen fungerer korrekt.<\/li>\n<li>Efterfyld hydraulikolie regelm\u00e6ssigt for at sikre problemfri drift og forhindre slitage.<\/li>\n<li>Juster cylinderen korrekt under installationen, og brug de rigtige monteringsbeslag til at fastg\u00f8re cylinderen.<\/li>\n<li>F\u00f8lg de anbefalede procedurer for inspektion, reparation og udskiftning for at sikre sikker og effektiv drift af cylinderen.<\/li>\n<li>Brug kun originale dele og komponenter til at vedligeholde cylinderen.<\/li>\n<\/ul>\n<p><img decoding=\"async\" src=\"https:\/\/www.hydraulic-cylinders.net\/wp-content\/uploads\/2025\/01\/songte-chushion-collar.webp\" alt=\"Pudekrave til spandcylinder\" \/><\/p>\n<h2>Sikkerheds- og milj\u00f8hensyn<\/h2>\n<p>Ved brug af skovlcylinderen skal der tr\u00e6ffes sikkerhedsforanstaltninger for at forhindre ulykker og skader. Det er vigtigt at f\u00f8lge producentens anvisninger for sikker betjening og vedligeholdelse og at bruge korrekt personligt beskyttelsesudstyr, s\u00e5som handsker og briller.<\/p>\n<h2>Fejlfinding og almindelige problemer<\/h2>\n<p>Skovlcylinderen kan opleve forskellige problemer, s\u00e5som l\u00e6kager, slidte pakninger og andre problemer. Fejlfinding af disse problemer kr\u00e6ver en grundl\u00e6ggende forst\u00e5else af cylinderen og dens komponenter. F\u00f8lgende er nogle almindelige problemer og deres l\u00f8sninger:<\/p>\n<ul>\n<li>Ut\u00e6t cylinder: Kontroller pakninger og andre komponenter for slitage, og udskift dem om n\u00f8dvendigt.<\/li>\n<li>Slidte pakninger: Udskift pakningerne med originale dele og komponenter.<\/li>\n<li>Andre problemer: F\u00f8lg producentens anbefalede fejlfindingsprocedurer for at identificere og l\u00f8se problemet.<\/li>\n<\/ul>\n<p><img decoding=\"async\" src=\"https:\/\/www.hydraulic-cylinders.net\/wp-content\/uploads\/2025\/01\/songte-bushings-with-all-kinds-of-excavator-models.webp\" alt=\"b\u00f8sninger til skovlcylinder\" \/><\/p>\n<h2>Om vores virksomhed<\/h2>\n<p>Vi er en producent af hydrauliske cylindre, der kan erstatte spandcylinderen til Baoding WY90-7. Vores virksomhed har et komplet produktsortiment og er en af \u200b\u200bde f\u00f8rende producenter og engrosdistribut\u00f8rer af hydrauliske cylindre p\u00e5 det indenlandske og internationale marked. Vi overholder princippet om fremragende kvalitet, s\u00e6tter vores lid til strategier for industriel produktionsstyring i fine produktionsv\u00e6rksteder, l\u00f8bende forbedring af vores produktionsplatforme, perfektionering af produkternes produktionskvalitetsruter og har en st\u00e6rk evne til at skabe. Vores virksomhed opfylder kundernes forskellige behov med principper for h\u00f8j effektivitet, h\u00f8j pr\u00e6cision og h\u00f8j kvalitet. <\/p>\n<p><img decoding=\"async\" src=\"https:\/\/hzpt.com\/wp-content\/uploads\/2024\/11\/songte-company-1.webp\" alt=\"firmalogo\" \/><\/p>\n<h3>Vores specialiseringer<\/h3>\n<ul>\n<li>Professionalitet<\/li>\n<li>International certificering<\/li>\n<li>Tilpassede tjenester<\/li>\n<li>Avanceret produktionsudstyr<\/li>\n<li>Fremragende eftersalgsservice<\/li>\n<\/ul>\n<p>Vores virksomheds produkter har best\u00e5et forskellige internationale certificeringer, s\u00e5som ISO 9001, CE og SGS, og vi har et professionelt teknisk team, der leverer skr\u00e6ddersyede tjenester. Vores virksomhed overholder strenge kvalitetskontrolforanstaltninger og bruger avanceret produktionsudstyr for at sikre, at vores produkter opfylder h\u00f8je kvalitetsstandarder. Vi tilbyder ogs\u00e5 fremragende eftersalgsservice for at sikre kundetilfredshed.<\/p>\n<p>Hvis du leder efter en p\u00e5lidelig leverand\u00f8r af hydrauliske cylindre, bedes du kontakte os for yderligere information.<\/p>\n<p>Forfatter: lyl.<\/p>","protected":false},"excerpt":{"rendered":"<p>Bucket Cylinder For Baoding WY90-7 Product Definition The bucket cylinder for Baoding WY90-7 is a specialized hydraulic cylinder designed primarily for controlling the movement of shovels in heavy machinery such as excavators, backhoe loaders, and front-end loaders. Its main function is to enable the shovel to lift, lower and tilt, making it easier to handle [&hellip;]<\/p>","protected":false},"featured_media":14761,"comment_status":"open","ping_status":"closed","template":"","meta":{"_et_pb_use_builder":"","_et_pb_old_content":"","_et_gb_content_width":""},"product_brand":[],"product_cat":[1494],"product_tag":[1495,1496],"class_list":{"0":"post-15956","1":"product","2":"type-product","3":"status-publish","4":"has-post-thumbnail","6":"product_cat-bucket-cylinders","7":"product_tag-bucket-cylinders","8":"product_tag-hydraulic-cylinders","10":"first","11":"instock","12":"shipping-taxable","13":"product-type-simple"},"amp_enabled":true,"_links":{"self":[{"href":"https:\/\/www.hydraulic-cylinders.net\/da\/wp-json\/wp\/v2\/product\/15956","targetHints":{"allow":["GET"]}}],"collection":[{"href":"https:\/\/www.hydraulic-cylinders.net\/da\/wp-json\/wp\/v2\/product"}],"about":[{"href":"https:\/\/www.hydraulic-cylinders.net\/da\/wp-json\/wp\/v2\/types\/product"}],"replies":[{"embeddable":true,"href":"https:\/\/www.hydraulic-cylinders.net\/da\/wp-json\/wp\/v2\/comments?post=15956"}],"wp:featuredmedia":[{"embeddable":true,"href":"https:\/\/www.hydraulic-cylinders.net\/da\/wp-json\/wp\/v2\/media\/14761"}],"wp:attachment":[{"href":"https:\/\/www.hydraulic-cylinders.net\/da\/wp-json\/wp\/v2\/media?parent=15956"}],"wp:term":[{"taxonomy":"product_brand","embeddable":true,"href":"https:\/\/www.hydraulic-cylinders.net\/da\/wp-json\/wp\/v2\/product_brand?post=15956"},{"taxonomy":"product_cat","embeddable":true,"href":"https:\/\/www.hydraulic-cylinders.net\/da\/wp-json\/wp\/v2\/product_cat?post=15956"},{"taxonomy":"product_tag","embeddable":true,"href":"https:\/\/www.hydraulic-cylinders.net\/da\/wp-json\/wp\/v2\/product_tag?post=15956"}],"curies":[{"name":"wp","href":"https:\/\/api.w.org\/{rel}","templated":true}]}}