{"id":15957,"date":"2025-01-19T15:12:55","date_gmt":"2025-01-19T15:12:55","guid":{"rendered":"https:\/\/www.hydraulic-cylinders.net\/product\/bucket-cylinder-for-baoding-sc240sd-8\/"},"modified":"2025-01-19T15:12:59","modified_gmt":"2025-01-19T15:12:59","slug":"bucket-cylinder-for-baoding-sc240sd-8","status":"publish","type":"product","link":"https:\/\/www.hydraulic-cylinders.net\/da\/vare\/bucket-cylinder-for-baoding-sc240sd-8\/","title":{"rendered":"Skovlcylinder til Baoding SC240SD.8"},"content":{"rendered":"<p><!DOCTYPE html><br \/>\n<html><br \/>\n<head><br \/>\n    <title>Skovlcylinder til Baoding SC240SD.8<\/title><br \/>\n<\/head><br \/>\n<body><\/p>\n<h1>Skovlcylinder til Baoding SC240SD.8<\/h1>\n<h2>Indledning<\/h2>\n<p>Skovlcylinderen er en specialdesignet hydraulisk cylinder, der bruges i tunge maskiner s\u00e5som gravemaskiner, rendegravere og frontl\u00e6ssere til at styre skovlens bev\u00e6gelse. Dens hovedfunktion er at lette forskellige materialeh\u00e5ndteringsopgaver ved at g\u00f8re det muligt for skovlen at l\u00f8fte, s\u00e6nke og vippe. I et hydraulisk system opn\u00e5r skovlcylinderen pr\u00e6cis kontrol over skovlen ved at udnytte \u00e6ndringer i hydraulikolietrykket, hvilket giver f\u00f8reren mulighed for effektivt at h\u00e5ndtere tunge l\u00e6s og tilpasse sig komplekse arbejdsmilj\u00f8er og forskellige jobkrav.<\/p>\n<p>    <img decoding=\"async\" src=\"https:\/\/www.hydraulic-cylinders.net\/wp-content\/uploads\/2025\/01\/songte-company-2.webp\"><\/p>\n<h2>Funktioner<\/h2>\n<ul>\n<li><strong>H\u00f8j styrke og holdbarhed:<\/strong> Skovlcylinderen, der typisk er lavet af h\u00f8jstyrkest\u00e5l eller aluminium, er i stand til at modst\u00e5 h\u00f8jt tryk og tunge belastninger og tilpasser sig barske arbejdsmilj\u00f8er. Dens design tager h\u00f8jde for slidstyrke og korrosionsbestandighed for at forl\u00e6nge dens levetid.<\/li>\n<li><strong>Effektiv hydraulisk drift:<\/strong> Ved at udnytte hydraulikolietrykket opn\u00e5r skovlcylinderen j\u00e6vne ud- og indtr\u00e6ksbev\u00e6gelser, hvilket muligg\u00f8r hurtig reaktion p\u00e5 styrekommandoer og leverer kraftige skubbe- og tr\u00e6kkr\u00e6fter, der er egnede til h\u00e5ndtering af tunge belastninger og komplekse arbejdsopgaver.<\/li>\n<li><strong>Alsidige typer:<\/strong> Skovlcylinderen kan v\u00e6lges som enkeltvirkende (hydraulisk tryk anvendes kun i \u00e9n retning) eller dobbeltvirkende (hydraulisk tryk anvendes i begge retninger) cylindre i henhold til specifikke driftsbehov. Nogle modeller er teleskopiske, hvilket giver mulighed for st\u00f8rre udtr\u00e6k uden at \u00f8ge de udvendige dimensioner, hvilket g\u00f8r dem velegnede til applikationer med begr\u00e6nset plads.<\/li>\n<li><strong>Produktudskiftninger:<\/strong> Vores produkter kan perfekt erstatte disse hydrauliske cylindre.<\/li>\n<\/ul>\n<p>    <img decoding=\"async\" src=\"https:\/\/www.hydraulic-cylinders.net\/wp-content\/uploads\/2025\/01\/songte-cylinder-head-with-all-kinds-excavator-models.webp\"><\/p>\n<h2>Applikationer<\/h2>\n<ul>\n<li><strong>Entrepren\u00f8rudstyr:<\/strong> De findes i gravemaskiner og er afg\u00f8rende for udgravning, lastning og flytning af jord eller affald. I en rendegraver hj\u00e6lper skovlcylinderen med b\u00e5de grave- og l\u00f8fteoperationer.<\/li>\n<li><strong>Landbrugsmaskiner:<\/strong> De bruges i frontl\u00e6ssere og hj\u00e6lper med at udgrave, l\u00f8fte og transportere jord, h\u00f8 og andre materialer.<\/li>\n<li><strong>Gravemaskiner:<\/strong> Skovlcylinderen muligg\u00f8r gravehandlinger ved at lade skovlen tr\u00e6nge ned i jorden.<\/li>\n<li><strong>L\u00e6ssere:<\/strong> I frontl\u00e6ssere hj\u00e6lper de med at l\u00f8fte og losse gods effektivt.<\/li>\n<\/ul>\n<h2>Designovervejelser og udv\u00e6lgelseskriterier<\/h2>\n<ul>\n<li><strong>Belastningskapacitet:<\/strong> Skovlcylinderen er konstrueret til at modst\u00e5 den specificerede lastekapacitet, hvilket sikrer sikker og effektiv drift.<\/li>\n<li><strong>Forsegling:<\/strong> Der anvendes forskellige t\u00e6tningselementer, s\u00e5som stempelt\u00e6tninger og stangt\u00e6tninger lavet af slidst\u00e6rke materialer som polyurethan og nitrilgummi. Cylinderhuset og gevindenderne gennemg\u00e5r en finbehandling for at forbedre slidstyrken. Regelm\u00e6ssig sm\u00f8ring med passende hydraulikolie er p\u00e5kr\u00e6vet.<\/li>\n<\/ul>\n<p>    <img decoding=\"async\" src=\"https:\/\/www.hydraulic-cylinders.net\/wp-content\/uploads\/2025\/01\/songte-oil-pipes-and-spare-parts.webp\"><\/p>\n<h2>Vedligeholdelse og sm\u00f8ring<\/h2>\n<ul>\n<li><strong>Regelm\u00e6ssig inspektion og forebyggende vedligeholdelse:<\/strong> Unders\u00f8g regelm\u00e6ssigt skovlcylinderen for tegn p\u00e5 skader eller slid. Udf\u00f8r forebyggende vedligeholdelsesopgaver for at minimere potentielle problemer.<\/li>\n<li><strong>Korrekt installation:<\/strong> Giv korrekt vejledning i justering af cylinderen under installationen. Anbefal brug af passende installationsbeslag til at fastg\u00f8re cylinderen.<\/li>\n<li><strong>Anbefalede vedligeholdelsesopgaver:<\/strong> Kontroller, sm\u00f8r, udskift pakninger regelm\u00e6ssigt og udf\u00f8r kalibreringstjek. Understreg vigtigheden af \u200b\u200bkorrekt installation, sm\u00f8ring og justering. Anbefalede inspektions-, reparations- og udskiftningsprocedurer. Tilbyd reservedele og ombygningsservice for at forl\u00e6nge skovlcylinderens levetid.<\/li>\n<\/ul>\n<p>    <img decoding=\"async\" src=\"https:\/\/www.hydraulic-cylinders.net\/wp-content\/uploads\/2025\/01\/songte-chushion-collar.webp\"><\/p>\n<h2>Sikkerhedshensyn og milj\u00f8faktorer<\/h2>\n<p>N\u00e5r man bruger skovlcylinderen, er det vigtigt at prioritere sikkerhedsforanstaltninger for at forhindre ulykker eller skader. Overvej milj\u00f8faktorer for at sikre korrekt funktion og levetid for cylinderen.<\/p>\n<h2>Fejlfinding og almindelige problemer<\/h2>\n<p>Giv tips til fejlfinding og l\u00f8sninger, der kan hj\u00e6lpe l\u00e6serne med effektivt at diagnosticere og l\u00f8se problemer. Pr\u00e6senter forebyggende foranstaltninger for at minimere potentielle problemer.<\/p>\n<p>    <img decoding=\"async\" src=\"https:\/\/www.hydraulic-cylinders.net\/wp-content\/uploads\/2025\/01\/songte-bushings-with-all-kinds-of-excavator-models.webp\"><\/p>\n<h2>Om vores virksomhed<\/h2>\n<p>Vi er en producent af hydrauliske udskiftningscylindre og tilbyder en bred vifte af produkter. Vi er blevet en af \u200b\u200bde f\u00f8rende producenter og engrosdistribut\u00f8rer af hydrauliske cylindre p\u00e5 b\u00e5de indenlandske og internationale markeder. Vores virksomhed overholder principperne om ekspertise og kvalitet og s\u00e6tter sin lid til strategier for industriel produktionsstyring i vores raffinerede produktionsv\u00e6rksteder. Vi forbedrer l\u00f8bende vores produktionsplatform ved at investere i teknisk talent, digitalt avanceret produktionsudstyr og professionelle testsystemer. Med effektive, pr\u00e6cise og h\u00f8jkvalitetsprincipper im\u00f8dekommer vi vores kunders forskellige behov.<\/p>\n<p>    <img decoding=\"async\" src=\"https:\/\/hzpt.com\/wp-content\/uploads\/2024\/11\/songte-company-1.webp\"><\/p>\n<h2>Virksomhedsoversigt<\/h2>\n<ul>\n<li><strong>Professionalitet:<\/strong> Vi l\u00e6gger v\u00e6gt p\u00e5 professionalisme i alle aspekter af vores arbejde.<\/li>\n<li><strong>Internationale certificeringer:<\/strong> Vores produkter opfylder internationale standarder og certificeringer.<\/li>\n<li><strong>Tilpasningstjenester:<\/strong> Vi tilbyder tilpasningstjenester for at im\u00f8dekomme specifikke kundekrav.<\/li>\n<li><strong>Produktionsudstyr:<\/strong> Vi anvender avanceret produktionsudstyr for at sikre produkter af h\u00f8j kvalitet.<\/li>\n<li><strong>Eftersalgsservice:<\/strong> Vi tilbyder omfattende eftersalgsservice for at yde support og assistance til vores kunder.<\/li>\n<\/ul>\n<p>    <img decoding=\"async\" src=\"https:\/\/www.hydraulic-cylinders.net\/wp-content\/uploads\/2025\/01\/songte-company-3.webp\"><\/p>\n<p>Forfatter: lyl.<\/p>\n<p><\/body><br \/>\n<\/html><\/p>","protected":false},"excerpt":{"rendered":"<p>Bucket Cylinder For Baoding SC240SD.8 Bucket Cylinder For Baoding SC240SD.8 Introduction The bucket cylinder is a specially designed hydraulic cylinder used in heavy machinery such as excavators, backhoe loaders, and front-end loaders to control the movement of the bucket. Its main function is to facilitate various material handling tasks by enabling the bucket to lift, [&hellip;]<\/p>","protected":false},"featured_media":14789,"comment_status":"open","ping_status":"closed","template":"","meta":{"_et_pb_use_builder":"","_et_pb_old_content":"","_et_gb_content_width":""},"product_brand":[],"product_cat":[1494],"product_tag":[1495,1496],"class_list":{"0":"post-15957","1":"product","2":"type-product","3":"status-publish","4":"has-post-thumbnail","6":"product_cat-bucket-cylinders","7":"product_tag-bucket-cylinders","8":"product_tag-hydraulic-cylinders","10":"first","11":"instock","12":"shipping-taxable","13":"product-type-simple"},"amp_enabled":true,"_links":{"self":[{"href":"https:\/\/www.hydraulic-cylinders.net\/da\/wp-json\/wp\/v2\/product\/15957","targetHints":{"allow":["GET"]}}],"collection":[{"href":"https:\/\/www.hydraulic-cylinders.net\/da\/wp-json\/wp\/v2\/product"}],"about":[{"href":"https:\/\/www.hydraulic-cylinders.net\/da\/wp-json\/wp\/v2\/types\/product"}],"replies":[{"embeddable":true,"href":"https:\/\/www.hydraulic-cylinders.net\/da\/wp-json\/wp\/v2\/comments?post=15957"}],"wp:featuredmedia":[{"embeddable":true,"href":"https:\/\/www.hydraulic-cylinders.net\/da\/wp-json\/wp\/v2\/media\/14789"}],"wp:attachment":[{"href":"https:\/\/www.hydraulic-cylinders.net\/da\/wp-json\/wp\/v2\/media?parent=15957"}],"wp:term":[{"taxonomy":"product_brand","embeddable":true,"href":"https:\/\/www.hydraulic-cylinders.net\/da\/wp-json\/wp\/v2\/product_brand?post=15957"},{"taxonomy":"product_cat","embeddable":true,"href":"https:\/\/www.hydraulic-cylinders.net\/da\/wp-json\/wp\/v2\/product_cat?post=15957"},{"taxonomy":"product_tag","embeddable":true,"href":"https:\/\/www.hydraulic-cylinders.net\/da\/wp-json\/wp\/v2\/product_tag?post=15957"}],"curies":[{"name":"wp","href":"https:\/\/api.w.org\/{rel}","templated":true}]}}