{"id":15958,"date":"2025-01-19T15:13:01","date_gmt":"2025-01-19T15:13:01","guid":{"rendered":"https:\/\/www.hydraulic-cylinders.net\/product\/bucket-cylinder-for-baoding-sc85-8\/"},"modified":"2025-01-19T15:13:03","modified_gmt":"2025-01-19T15:13:03","slug":"bucket-cylinder-for-baoding-sc85-8","status":"publish","type":"product","link":"https:\/\/www.hydraulic-cylinders.net\/da\/vare\/bucket-cylinder-for-baoding-sc85-8\/","title":{"rendered":"Skovlcylinder til Baoding SC85.8"},"content":{"rendered":"<h2>Skovlcylinder til Baoding SC85.8<\/h2>\n<h3>Indledning<\/h3>\n<p>En skovlcylinder til Baoding SC85.8 er en specialdesignet hydraulisk cylinder, der prim\u00e6rt bruges til at styre skovlens bev\u00e6gelse i tunge maskiner s\u00e5som gravemaskiner, rendegravere og frontl\u00e6ssere. Dens hovedfunktion er at g\u00f8re det muligt for skovlen at l\u00f8fte, s\u00e6nke og vippe, hvilket g\u00f8r det nemt at h\u00e5ndtere forskellige materialer. I det hydrauliske system opn\u00e5r skovlcylinderen pr\u00e6cis kontrol over skovlen ved at \u00e6ndre trykket i hydraulikolien, hvilket g\u00f8r det muligt for operat\u00f8rer effektivt at h\u00e5ndtere tunge genstande og tilpasse sig komplekse arbejdsmilj\u00f8er og forskellige jobkrav.<\/p>\n<p><img decoding=\"async\" src=\"https:\/\/www.hydraulic-cylinders.net\/wp-content\/uploads\/2025\/01\/songte-company-2.webp\" alt=\"Skovlcylinder til Baoding SC85.8\"><\/p>\n<h3>Funktioner<\/h3>\n<ul>\n<li>H\u00f8j styrke og holdbarhed: Normalt lavet af h\u00f8jstyrkest\u00e5l eller aluminium, kan det modst\u00e5 h\u00f8jt tryk og tunge belastninger, tilpasse sig barske arbejdsmilj\u00f8er og er designet med slidstyrke og korrosionsbestandighed, hvilket forl\u00e6nger dets levetid.<\/li>\n<li>Effektiv hydraulisk drift: J\u00e6vn forl\u00e6ngelse og sammentr\u00e6kning opn\u00e5s ved hj\u00e6lp af trykket fra hydraulikolien, som hurtigt kan reagere p\u00e5 styrekommandoer, give st\u00e6rk skubbe- og tr\u00e6kkraft og er velegnet til h\u00e5ndtering af tunge genstande og komplekse opgaver.<\/li>\n<li>Forskellige typer: Enkeltvirkende (hydraulisk anvendt i kun \u00e9n retning) eller dobbeltvirkende (hydraulisk anvendt i begge retninger) cylindre kan v\u00e6lges efter behov for at opfylde forskellige driftsbehov. Nogle modeller er teleskopiske, hvilket giver mulighed for st\u00f8rre udtr\u00e6k uden at \u00f8ge de udvendige dimensioner, velegnede til applikationer med begr\u00e6nset plads.<\/li>\n<li>Nem at udskifte: Vores produkt kan perfekt erstatte disse hydrauliske cylindre.<\/li>\n<\/ul>\n<p><img decoding=\"async\" src=\"https:\/\/www.hydraulic-cylinders.net\/wp-content\/uploads\/2025\/01\/songte-cylinder-head-with-all-kinds-excavator-models.webp\" alt=\"Skovlcylinder til Baoding SC85.8\"><\/p>\n<h3>Applikationer<\/h3>\n<p>Skovlcylinderen bruges i vid udstr\u00e6kning i forskellige industrier og udstyr, s\u00e5som:<\/p>\n<ul>\n<li>Entrepren\u00f8rudstyr: I gravemaskiner er de afg\u00f8rende for at grave, l\u00e6sse og flytte jord eller affald. I rendegravere bidrager skovlcylindre til b\u00e5de gravning og l\u00f8ft. I frontl\u00e6ssere er de nyttige til effektivt at l\u00f8fte og losse last.<\/li>\n<li>Landbrugsmaskiner: Bruges i frontl\u00e6ssere, de opsamler, l\u00f8fter og transporterer jord, h\u00f8 og andre materialer. I gravemaskiner muligg\u00f8r skovlcylindre gravefunktioner ved at lade skovlen tr\u00e6nge ned i jorden.<\/li>\n<\/ul>\n<h3>Designovervejelser og udv\u00e6lgelseskriterier<\/h3>\n<p>N\u00e5r man overvejer designet af skovlcylinderen, spiller flere faktorer ind, s\u00e5som:<\/p>\n<ul>\n<li>B\u00e6reevne: evnen til at modst\u00e5 h\u00f8jt tryk og tunge belastninger<\/li>\n<li>T\u00e6tning: evnen til at forhindre v\u00e6skel\u00e6kage og opretholde hydraulisk tryk<\/li>\n<li>Holdbarhed: evnen til at modst\u00e5 slid, korrosion og ekstreme temperaturer<\/li>\n<li>Sikkerhed: evnen til at sikre operat\u00f8rernes og det omkringliggende personales sikkerhed<\/li>\n<li>Vedligeholdelsesevne: evnen til at lette vedligeholdelses- og reparationsarbejde<\/li>\n<\/ul>\n<p><img decoding=\"async\" src=\"https:\/\/www.hydraulic-cylinders.net\/wp-content\/uploads\/2025\/01\/songte-oil-pipes-and-spare-parts.webp\" alt=\"Skovlcylinder til Baoding SC85.8\"><\/p>\n<h3>T\u00e6tning og sm\u00f8ring<\/h3>\n<p>Skovlcylinderen bruger forskellige t\u00e6tningskomponenter s\u00e5som stempelt\u00e6tninger, stangt\u00e6tninger osv., der er lavet af slidst\u00e6rke materialer som polyurethan og nitrilgummi. Cylinderhuset og gevindfladerne er fint forarbejdet for at forbedre slidstyrken. Regelm\u00e6ssig sm\u00f8ring med den passende m\u00e6ngde hydraulikolie er p\u00e5kr\u00e6vet.<\/p>\n<p><img decoding=\"async\" src=\"https:\/\/www.hydraulic-cylinders.net\/wp-content\/uploads\/2025\/01\/songte-chushion-collar.webp\" alt=\"Skovlcylinder til Baoding SC85.8\"><\/p>\n<h3>Vedligeholdelse og reparation<\/h3>\n<p>Regelm\u00e6ssig vedligeholdelse og reparation er afg\u00f8rende for at forl\u00e6nge skovlcylinderens levetid. F\u00f8lgende er nogle vedligeholdelsesopgaver:<\/p>\n<ul>\n<li>Regelm\u00e6ssig inspektion<\/li>\n<li>Korrekt sm\u00f8ring<\/li>\n<li>Udskiftning af pakning<\/li>\n<li>Kalibreringskontrol<\/li>\n<\/ul>\n<p>Korrekt installation er ogs\u00e5 vigtig for at sikre cylinderens ydeevne. Cylinderen skal justeres korrekt, og der skal anvendes passende monteringsbeslag til at fastg\u00f8re cylinderen. De anbefalede inspektions-, reparations- og udskiftningsprocedurer skal f\u00f8lges for at sikre effektiv drift af skovlcylinderen.<\/p>\n<h3>Sikkerhedshensyn og milj\u00f8faktorer<\/h3>\n<p>Der b\u00f8r tr\u00e6ffes sikkerhedsforanstaltninger ved brug af skovlcylinderen for at sikre sikkerheden for omgivende personale og operat\u00f8rer. Milj\u00f8faktorer som temperatur, fugtighed og eksponering for kemikalier b\u00f8r tages i betragtning ved valg af materialer til skovlcylinderen.<\/p>\n<p><img decoding=\"async\" src=\"https:\/\/www.hydraulic-cylinders.net\/wp-content\/uploads\/2025\/01\/songte-bushings-with-all-kinds-of-excavator-models.webp\" alt=\"Skovlcylinder til Baoding SC85.8\"><\/p>\n<h3>Almindelige fejl og fejlfinding<\/h3>\n<p>Almindelige funktionsfejl i skovlcylinderen omfatter v\u00e6skel\u00e6kage, utilstr\u00e6kkeligt tryk og unormale lyde. Disse problemer kan diagnosticeres og l\u00f8ses ved at kontrollere pakninger, olier\u00f8r og andre komponenter. Forebyggende foranstaltninger s\u00e5som regelm\u00e6ssig inspektion og vedligeholdelse kan reducere antallet af funktionsfejl.<\/p>\n<h3>Om vores virksomhed<\/h3>\n<p>Vi er en f\u00f8rende producent og grossist af hydrauliske cylindre p\u00e5 det indenlandske og internationale marked. Vi tilbyder et komplet produktsortiment og f\u00f8lger de bedste branchepraksisser for at sikre fremragende kvalitet. Vores produktionsanl\u00e6g er udstyret med den nyeste teknologi og professionelle testsystemer, der g\u00f8r os i stand til at im\u00f8dekomme vores kunders forskellige behov.<\/p>\n<p><img decoding=\"async\" src=\"https:\/\/hzpt.com\/wp-content\/uploads\/2024\/11\/songte-company-1.webp\" alt=\"Skovlcylinder til Baoding SC85.8\"><\/p>\n<h4>Vores styrker omfatter:<\/h4>\n<ul>\n<li>Professionalitet<\/li>\n<li>Internationale certificeringer<\/li>\n<li>Tilpasningstjenester<\/li>\n<li>Avanceret produktionsudstyr<\/li>\n<li>Fremragende eftersalgsservice<\/li>\n<\/ul>\n<p>Tak fordi du l\u00e6ste vores artikel. Forfatter: lyl.<\/p>","protected":false},"excerpt":{"rendered":"<p>Bucket Cylinder For Baoding SC85.8 Introduction A bucket cylinder for Baoding SC85.8 is a specially designed hydraulic cylinder that is mainly used to control the movement of the bucket in heavy machinery such as excavators, backhoe excavators, and front-end loaders. Its main function is to enable the bucket to lift, lower, and tilt, making it [&hellip;]<\/p>","protected":false},"featured_media":14788,"comment_status":"open","ping_status":"closed","template":"","meta":{"_et_pb_use_builder":"","_et_pb_old_content":"","_et_gb_content_width":""},"product_brand":[],"product_cat":[1494],"product_tag":[1495,1496],"class_list":{"0":"post-15958","1":"product","2":"type-product","3":"status-publish","4":"has-post-thumbnail","6":"product_cat-bucket-cylinders","7":"product_tag-bucket-cylinders","8":"product_tag-hydraulic-cylinders","10":"first","11":"instock","12":"shipping-taxable","13":"product-type-simple"},"amp_enabled":true,"_links":{"self":[{"href":"https:\/\/www.hydraulic-cylinders.net\/da\/wp-json\/wp\/v2\/product\/15958","targetHints":{"allow":["GET"]}}],"collection":[{"href":"https:\/\/www.hydraulic-cylinders.net\/da\/wp-json\/wp\/v2\/product"}],"about":[{"href":"https:\/\/www.hydraulic-cylinders.net\/da\/wp-json\/wp\/v2\/types\/product"}],"replies":[{"embeddable":true,"href":"https:\/\/www.hydraulic-cylinders.net\/da\/wp-json\/wp\/v2\/comments?post=15958"}],"wp:featuredmedia":[{"embeddable":true,"href":"https:\/\/www.hydraulic-cylinders.net\/da\/wp-json\/wp\/v2\/media\/14788"}],"wp:attachment":[{"href":"https:\/\/www.hydraulic-cylinders.net\/da\/wp-json\/wp\/v2\/media?parent=15958"}],"wp:term":[{"taxonomy":"product_brand","embeddable":true,"href":"https:\/\/www.hydraulic-cylinders.net\/da\/wp-json\/wp\/v2\/product_brand?post=15958"},{"taxonomy":"product_cat","embeddable":true,"href":"https:\/\/www.hydraulic-cylinders.net\/da\/wp-json\/wp\/v2\/product_cat?post=15958"},{"taxonomy":"product_tag","embeddable":true,"href":"https:\/\/www.hydraulic-cylinders.net\/da\/wp-json\/wp\/v2\/product_tag?post=15958"}],"curies":[{"name":"wp","href":"https:\/\/api.w.org\/{rel}","templated":true}]}}