{"id":15959,"date":"2025-01-19T15:13:05","date_gmt":"2025-01-19T15:13:05","guid":{"rendered":"https:\/\/www.hydraulic-cylinders.net\/product\/bucket-cylinder-for-baoding-sc400-8\/"},"modified":"2025-01-19T15:13:07","modified_gmt":"2025-01-19T15:13:07","slug":"bucket-cylinder-for-baoding-sc400-8","status":"publish","type":"product","link":"https:\/\/www.hydraulic-cylinders.net\/da\/vare\/bucket-cylinder-for-baoding-sc400-8\/","title":{"rendered":"Skovlcylinder til Baoding SC400.8"},"content":{"rendered":"<h1>Skovlcylinder til Baoding SC400.8<\/h1>\n<h2>Indledning<\/h2>\n<p>En skovlcylinder er en specialdesignet hydraulisk cylinder, der prim\u00e6rt bruges til at styre skovlens bev\u00e6gelse i tunge maskiner s\u00e5som gravemaskiner, rendegravere og frontl\u00e6ssere. Dens hovedfunktion er at g\u00f8re det muligt for skovlen at l\u00f8fte, s\u00e6nke og vippe, hvilket g\u00f8r det lettere at h\u00e5ndtere forskellige materialeh\u00e5ndteringsopgaver. I det hydrauliske system opn\u00e5r skovlcylinderen pr\u00e6cis kontrol over skovlens bev\u00e6gelse gennem \u00e6ndringer i hydraulikolietrykket, hvilket g\u00f8r det muligt for operat\u00f8rer effektivt at h\u00e5ndtere tunge l\u00e6s og tilpasse sig komplekse arbejdsmilj\u00f8er og forskellige driftsbehov.<\/p>\n<p><img decoding=\"async\" src=\"https:\/\/www.hydraulic-cylinders.net\/wp-content\/uploads\/2025\/01\/songte-company-2.webp\" alt=\"Skovlcylinder til Baoding SC400.8\" \/><\/p>\n<h3>Funktioner<\/h3>\n<ul>\n<li>H\u00f8j styrke og holdbarhed: normalt lavet af h\u00f8jstyrkest\u00e5l eller aluminium, i stand til at modst\u00e5 h\u00f8jt tryk og tunge belastninger, og designet med hensyn til slidstyrke og korrosionsbestandighed for at forl\u00e6nge levetiden.<\/li>\n<li>Effektiv hydraulisk drift: Brug af hydraulisk olietryk til at opn\u00e5 j\u00e6vn ud- og indtr\u00e6kning, i stand til at reagere hurtigt p\u00e5 styrekommandoer, give kraftig skubbe- og tr\u00e6kkraft, velegnet til h\u00e5ndtering af tunge belastninger og komplekse driftsopgaver.<\/li>\n<li>Flere typer: enkeltvirkende (hydraulisk kun anvendt i \u00e9n retning) eller dobbeltvirkende (hydraulisk anvendt i begge retninger) cylindre kan v\u00e6lges efter driftsbehov. Nogle modeller er teleskopiske, hvilket muligg\u00f8r st\u00f8rre udtr\u00e6k uden at \u00f8ge den udvendige st\u00f8rrelse og er velegnede til applikationer med begr\u00e6nset plads.<\/li>\n<li>Kan erstatte hydrauliske cylindre: Vores produkter kan perfekt erstatte disse hydrauliske cylindre. <\/li>\n<\/ul>\n<p><img decoding=\"async\" src=\"https:\/\/www.hydraulic-cylinders.net\/wp-content\/uploads\/2025\/01\/songte-cylinder-head-with-all-kinds-excavator-models.webp\" alt=\"Skovlcylinder til Baoding SC400.8\" \/><\/p>\n<h3>Applikationer<\/h3>\n<p>Skovlcylinderen bruges i vid udstr\u00e6kning i forskellige brancher s\u00e5som:<\/p>\n<ul>\n<li>Entrepren\u00f8rudstyr: I gravemaskiner er de afg\u00f8rende for at grave, l\u00e6sse og flytte jord eller affald. I rendegravere hj\u00e6lper skovlcylindre b\u00e5de med gravning og l\u00f8ft. <\/li>\n<li>Landbrugsmaskiner: bruges til frontl\u00e6ssere, opgravning, l\u00f8ft og transport af jord, h\u00f8 og andre materialer; gravemaskiner: skovlcylindre muligg\u00f8r gravefunktion ved at lade skovlen tr\u00e6nge ned i jorden. <\/li>\n<li>L\u00e6sser: I frontl\u00e6ssere hj\u00e6lper de med at l\u00f8fte og vippe samt effektivt t\u00f8mme gods. <\/li>\n<\/ul>\n<h3>Designovervejelser og udv\u00e6lgelseskriterier<\/h3>\n<p>Designet af skovlcylinderen er afg\u00f8rende for dens ydeevne og levetid. F\u00f8lgende er nogle vigtige designovervejelser:<\/p>\n<h4>Lastkapacitet<\/h4>\n<p>Skovlcylinderen skal v\u00e6re konstrueret til at h\u00e5ndtere den maksimale belastning, den vil blive udsat for. Belastningsevnen bestemmes af cylinderens st\u00f8rrelse, styrke og materiale.<\/p>\n<h4>Forsegling<\/h4>\n<p>Cylinderen skal v\u00e6re forseglet for at forhindre l\u00e6kager og kontaminering af hydraulikv\u00e6sken. T\u00e6tningssystemet b\u00f8r v\u00e6re konstrueret med materialer af h\u00f8j kvalitet, s\u00e5som polyurethan og nitrilgummi, for at sikre holdbarhed og lang levetid.<\/p>\n<h4>Holdbarhed<\/h4>\n<p>Designet af skovlcylinderen b\u00f8r tage hensyn til slidstyrke og korrosionsbestandighed for at forl\u00e6nge dens levetid.<\/p>\n<h4>Sikkerhed<\/h4>\n<p>Cylinderen skal v\u00e6re designet med sikkerhed i tankerne for at forhindre ulykker og skader. Installationsprocessen b\u00f8r omfatte korrekt justering og brug af passende monteringsbeslag til at fastg\u00f8re cylinderen p\u00e5 plads.<\/p>\n<h4>Opretholdelse<\/h4>\n<p>Skovlcylinderen skal v\u00e6re konstrueret til nem vedligeholdelse og reparation. Regelm\u00e6ssig inspektion, sm\u00f8ring og udskiftning af pakninger er n\u00f8dvendig for at sikre optimal ydeevne og levetid.<\/p>\n<p><img decoding=\"async\" src=\"https:\/\/www.hydraulic-cylinders.net\/wp-content\/uploads\/2025\/01\/songte-oil-pipes-and-spare-parts.webp\" alt=\"Skovlcylinder til Baoding SC400.8\" \/><\/p>\n<h3>T\u00e6tning og sm\u00f8ring<\/h3>\n<p>Skovlcylinderen kr\u00e6ver forskellige t\u00e6tningskomponenter, s\u00e5som stempelt\u00e6tninger og stangt\u00e6tninger, lavet af materialer af h\u00f8j kvalitet s\u00e5som polyurethan og nitrilgummi for at sikre holdbarhed og lang levetid. Cylinderens indre b\u00f8r sm\u00f8res med hydraulikolie for at give j\u00e6vn drift og forhindre slitage. Regelm\u00e6ssige olieskift er n\u00f8dvendige for at opretholde cylinderens korrekte funktion.<\/p>\n<h3>Vedligeholdelse og reparation<\/h3>\n<p>Regelm\u00e6ssig vedligeholdelse og reparation er afg\u00f8rende for at sikre skovlcylinderens levetid og optimere dens ydeevne. F\u00f8lgende er almindelige vedligeholdelsesopgaver:<\/p>\n<ul>\n<li>Regelm\u00e6ssig inspektion<\/li>\n<li>Korrekt sm\u00f8ring<\/li>\n<li>Udskiftning af pakning<\/li>\n<\/ul>\n<p>Korrekt installation, sm\u00f8ring og justering er afg\u00f8rende for optimal ydeevne. Under installationen er korrekt justering afg\u00f8rende. Det anbefales at bruge passende monteringsbeslag til at fastg\u00f8re cylinderen p\u00e5 plads. Vi tilbyder ogs\u00e5 reservedele og ombygningstjenester for at forl\u00e6nge skovlcylinderens levetid.<\/p>\n<p><img decoding=\"async\" src=\"https:\/\/www.hydraulic-cylinders.net\/wp-content\/uploads\/2025\/01\/songte-chushion-collar.webp\" alt=\"Skovlcylinder til Baoding SC400.8\" \/><\/p>\n<h3>Sikkerheds- og milj\u00f8hensyn<\/h3>\n<p>N\u00e5r man bruger skovlcylinderen, skal der tr\u00e6ffes passende sikkerhedsforanstaltninger for at forhindre ulykker og skader. F\u00f8lgende er nogle vigtige sikkerhedsovervejelser:<\/p>\n<ul>\n<li>Brug passende personlige v\u00e6rnemidler<\/li>\n<li>S\u00f8rg for korrekt installation og vedligeholdelse<\/li>\n<li>Overskrid ikke cylinderens lasteevne<\/li>\n<li>F\u00f8lg alle producentens retningslinjer og anbefalinger<\/li>\n<\/ul>\n<p>Milj\u00f8p\u00e5virkning er ogs\u00e5 en vigtig overvejelse. Skovlcylinderen b\u00f8r designes og fremstilles med milj\u00f8et i tankerne, og hvor det er muligt, b\u00f8r der anvendes b\u00e6redygtige materialer og produktionsprocesser.<\/p>\n<h3>Fejlfinding og almindelige problemer<\/h3>\n<p>Problemer med skovlcylinderen kan p\u00e5virke ydeevnen af \u200b\u200btunge maskiner betydeligt. F\u00f8lgende er nogle almindelige problemer og deres l\u00f8sninger:<\/p>\n<ul>\n<li>L\u00e6kage: Kontroller pakningerne, og udskift dem om n\u00f8dvendigt. S\u00f8rg for, at alle forbindelser er t\u00e6tte, og at stempel eller cylinder ikke er beskadiget.<\/li>\n<li>Langsom drift: Kontroller det hydrauliske system for l\u00e6kager eller skader. S\u00f8rg for, at hydraulikolien er p\u00e5 det korrekte niveau, og at der ikke er luftlommer i systemet.<\/li>\n<li>Cylinderen kan ikke forl\u00e6nges eller tr\u00e6kkes ind: Kontroller det hydrauliske system for l\u00e6kager eller skader. S\u00f8rg for, at hydraulikolien er p\u00e5 det korrekte niveau, og at der ikke er luftlommer i systemet.<\/li>\n<\/ul>\n<p>Forebyggende vedligeholdelse er n\u00f8glen til at undg\u00e5 disse problemer. Regelm\u00e6ssig inspektion, sm\u00f8ring og udskiftning af pakninger kan hj\u00e6lpe med at forhindre potentielle problemer i at udvikle sig til alvorlige problemer.<\/p>\n<p><img decoding=\"async\" src=\"https:\/\/www.hydraulic-cylinders.net\/wp-content\/uploads\/2025\/01\/songte-bushings-with-all-kinds-of-excavator-models.webp\" alt=\"Skovlcylinder til Baoding SC400.8\" \/><\/p>\n<h3>Om os<\/h3>\n<p>Vi er en producent af hydrauliske udskiftningscylindre med en bred vifte af produkter, der g\u00f8r os til en af \u200b\u200bde f\u00f8rende producenter og engrosdistribut\u00f8rer af hydrauliske cylindre p\u00e5 b\u00e5de indenlandske og internationale markeder. Vi overholder princippet om fremragende kvalitet, bruger industrialiserede produktionsstyringsstrategier i fint fremstillede v\u00e6rksteder og forbedrer l\u00f8bende vores produktionsplatforme og produktionslinjer for produktkvalitet ved at bruge teknologisk talent, digitalt avanceret produktionsudstyr og professionelle testsystemer. Vi har styrken til at skabe h\u00f8jeffektive, h\u00f8jpr\u00e6cisions- og kvalitetsprodukter og im\u00f8dekomme forskellige kundebehov.<\/p>\n<p>Vores virksomhed tilbyder mange fordele, herunder:<\/p>\n<ul>\n<li>Professionalitet<\/li>\n<li>International certificering<\/li>\n<li>Tilpasningstjenester<\/li>\n<li>Avanceret produktionsudstyr<\/li>\n<li>Fremragende eftersalgsservice<\/li>\n<\/ul>\n<p><img decoding=\"async\" src=\"https:\/\/hzpt.com\/wp-content\/uploads\/2024\/11\/songte-company-1.webp\" alt=\"Skovlcylinder til Baoding SC400.8\" \/><\/p>\n<p>Forfatter: lyl<\/p>","protected":false},"excerpt":{"rendered":"<p>Bucket Cylinder For Baoding SC400.8 Introduction A bucket cylinder is a specially designed hydraulic cylinder mainly used to control the movement of the bucket in heavy machinery such as excavators, backhoe excavators, and front loaders. Its main function is to enable the bucket to lift, lower, and tilt, making it easier to handle various material [&hellip;]<\/p>","protected":false},"featured_media":14787,"comment_status":"open","ping_status":"closed","template":"","meta":{"_et_pb_use_builder":"","_et_pb_old_content":"","_et_gb_content_width":""},"product_brand":[],"product_cat":[1494],"product_tag":[1495,1496],"class_list":{"0":"post-15959","1":"product","2":"type-product","3":"status-publish","4":"has-post-thumbnail","6":"product_cat-bucket-cylinders","7":"product_tag-bucket-cylinders","8":"product_tag-hydraulic-cylinders","10":"first","11":"instock","12":"shipping-taxable","13":"product-type-simple"},"amp_enabled":true,"_links":{"self":[{"href":"https:\/\/www.hydraulic-cylinders.net\/da\/wp-json\/wp\/v2\/product\/15959","targetHints":{"allow":["GET"]}}],"collection":[{"href":"https:\/\/www.hydraulic-cylinders.net\/da\/wp-json\/wp\/v2\/product"}],"about":[{"href":"https:\/\/www.hydraulic-cylinders.net\/da\/wp-json\/wp\/v2\/types\/product"}],"replies":[{"embeddable":true,"href":"https:\/\/www.hydraulic-cylinders.net\/da\/wp-json\/wp\/v2\/comments?post=15959"}],"wp:featuredmedia":[{"embeddable":true,"href":"https:\/\/www.hydraulic-cylinders.net\/da\/wp-json\/wp\/v2\/media\/14787"}],"wp:attachment":[{"href":"https:\/\/www.hydraulic-cylinders.net\/da\/wp-json\/wp\/v2\/media?parent=15959"}],"wp:term":[{"taxonomy":"product_brand","embeddable":true,"href":"https:\/\/www.hydraulic-cylinders.net\/da\/wp-json\/wp\/v2\/product_brand?post=15959"},{"taxonomy":"product_cat","embeddable":true,"href":"https:\/\/www.hydraulic-cylinders.net\/da\/wp-json\/wp\/v2\/product_cat?post=15959"},{"taxonomy":"product_tag","embeddable":true,"href":"https:\/\/www.hydraulic-cylinders.net\/da\/wp-json\/wp\/v2\/product_tag?post=15959"}],"curies":[{"name":"wp","href":"https:\/\/api.w.org\/{rel}","templated":true}]}}