{"id":15974,"date":"2025-01-19T15:14:15","date_gmt":"2025-01-19T15:14:15","guid":{"rendered":"https:\/\/www.hydraulic-cylinders.net\/product\/bucket-cylinder-for-dasin-ds60-7\/"},"modified":"2025-01-19T15:14:21","modified_gmt":"2025-01-19T15:14:21","slug":"bucket-cylinder-for-dasin-ds60-7","status":"publish","type":"product","link":"https:\/\/www.hydraulic-cylinders.net\/da\/vare\/bucket-cylinder-for-dasin-ds60-7\/","title":{"rendered":"Skovlcylinder til Dasin DS60-7"},"content":{"rendered":"<h1>Skovlcylinder til Dasin DS60-7<\/h1>\n<h2>Indledning<\/h2>\n<p>En skovlcylinder er en specialdesignet hydraulisk cylinder, der prim\u00e6rt bruges til at styre bev\u00e6gelsen af \u200b\u200bskovle i tunge maskiner s\u00e5som gravemaskiner, rendegravere og frontl\u00e6ssere. Dens hovedfunktion er at g\u00f8re det muligt for skovlen at l\u00f8fte, s\u00e6nke og vippe, hvilket g\u00f8r det lettere at udf\u00f8re forskellige materialeh\u00e5ndteringsopgaver. I hydrauliske systemer opn\u00e5r skovlcylindre pr\u00e6cis kontrol over skovlen ved at bruge tryk\u00e6ndringen i hydraulikolien, hvilket giver operat\u00f8rer mulighed for effektivt at h\u00e5ndtere tunge genstande og tilpasse sig komplekse arbejdsmilj\u00f8er og forskellige driftskrav.<\/p>\n<p><img decoding=\"async\" src=\"https:\/\/www.hydraulic-cylinders.net\/wp-content\/uploads\/2025\/01\/songte-company-2.webp\" alt=\"Skovlcylinder til Dasin DS60-7\"><\/p>\n<h2>Funktioner<\/h2>\n<ul>\n<li>H\u00f8j styrke og holdbarhed: Typisk fremstillet af h\u00f8jstyrkest\u00e5l eller aluminium, i stand til at modst\u00e5 h\u00f8jt tryk og tunge belastninger, egnet til barske arbejdsmilj\u00f8er, designet med slidstyrke og korrosionsbestandighed i tankerne, hvilket forl\u00e6nger levetiden.<\/li>\n<li>Effektiv hydraulisk drift: Ved at bruge trykket fra hydraulikolien til at opn\u00e5 j\u00e6vn ekspansion og sammentr\u00e6kning, kan den hurtigt reagere p\u00e5 kontrolkommandoer, yde kraftig skubbe- og tr\u00e6kkraft og er velegnet til h\u00e5ndtering af tunge genstande og komplekse driftsopgaver.<\/li>\n<li>Flere typer: Enkeltvirkende (hydraulisk i kun \u00e9n retning) eller dobbeltvirkende (hydraulisk i begge retninger) cylindre kan v\u00e6lges efter behov for at im\u00f8dekomme forskellige driftsbehov. Visse modeller er teleskopiske, hvilket giver mulighed for st\u00f8rre udtr\u00e6k uden at \u00f8ge de ydre dimensioner og er velegnede til pladsbegr\u00e6nsede anvendelser.<\/li>\n<li>Kan erstatte hydrauliske cylindre: Vores produkter kan perfekt erstatte disse hydrauliske cylindre.<\/li>\n<\/ul>\n<p><img decoding=\"async\" src=\"https:\/\/www.hydraulic-cylinders.net\/wp-content\/uploads\/2025\/01\/songte-cylinder-head-with-all-kinds-excavator-models.webp\" alt=\"Skovlcylinder til Dasin DS60-7\"><\/p>\n<h2>Applikationer<\/h2>\n<p>Skovlcylindre bruges i en r\u00e6kke forskellige applikationer, herunder:<\/p>\n<ul>\n<li>Entrepren\u00f8rudstyr: I gravemaskiner er de afg\u00f8rende for at grave, l\u00e6sse og flytte jord eller affald. I rendegravere hj\u00e6lper skovlcylindre med b\u00e5de at grave og l\u00f8fte. For frontl\u00e6ssere hj\u00e6lper de med at l\u00f8fte og t\u00f8mme last effektivt.<\/li>\n<li>Landbrugsmaskiner: Bruges i frontl\u00e6ssere til at skovle, l\u00f8fte og transportere jord, h\u00f8 og andre materialer. I gravemaskiner muligg\u00f8r skovlcylindre gravearbejde ved at lade skovlen tr\u00e6nge ned i jorden.<\/li>\n<\/ul>\n<h2>Designovervejelser og udv\u00e6lgelseskriterier<\/h2>\n<p>Ved design af skovlcylindre skal faktorer som lasteevne, t\u00e6tning, holdbarhed, sikkerhed og vedligeholdelsesvenlighed tages i betragtning. Nogle overvejelser omfatter:<\/p>\n<ul>\n<li>Belastningskapacitet: Skovlcylindre skal v\u00e6re konstrueret til at modst\u00e5 den maksimale forventede belastning uden at deformere eller svigte.<\/li>\n<li>T\u00e6tning: Forskellige t\u00e6tningselementer, s\u00e5som stempelt\u00e6tninger og stangt\u00e6tninger, skal anvendes for at sikre, at hydraulikv\u00e6ske ikke l\u00e6kker, og at der ikke tr\u00e6nger forurenende stoffer ind i cylinderen.<\/li>\n<li>Holdbarhed: Cylinderens hus og stempelstang skal v\u00e6re lavet af materialer, der er modstandsdygtige over for slid og korrosion, hvilket sikrer en lang levetid.<\/li>\n<li>Sikkerhed: Skovlcylinderen skal v\u00e6re konstrueret til at forhindre ulykker og sikre f\u00f8rerens sikkerhed.<\/li>\n<li>Vedligeholdelse: Skovlcylindre skal v\u00e6re nemme at vedligeholde og reparere for at minimere nedetid og tilh\u00f8rende omkostninger.<\/li>\n<\/ul>\n<p><img decoding=\"async\" src=\"https:\/\/www.hydraulic-cylinders.net\/wp-content\/uploads\/2025\/01\/songte-oil-pipes-and-spare-parts.webp\" alt=\"Skovlcylinder til Dasin DS60-7\"><\/p>\n<h2>T\u00e6tning og sm\u00f8ring<\/h2>\n<p>Forskellige t\u00e6tningselementer, s\u00e5som stempelt\u00e6tninger og stangt\u00e6tninger, bruges til at sikre, at hydraulikv\u00e6ske ikke l\u00e6kker, og at forurenende stoffer ikke tr\u00e6nger ind i cylinderen. Derudover er cylinderens hus og stempelstang lavet af materialer, der er modstandsdygtige over for slid og korrosion. Regelm\u00e6ssig tils\u00e6tning af den passende m\u00e6ngde hydraulikolie til sm\u00f8ring er n\u00f8dvendig for at vedligeholde skovlcylinderen.<\/p>\n<h2>Vedligeholdelse og forebyggelse<\/h2>\n<p>Korrekt vedligeholdelse og forebyggende foranstaltninger er afg\u00f8rende for at forl\u00e6nge skovlcylinderens levetid. Regelm\u00e6ssig inspektion, passende sm\u00f8ring, udskiftning af pakninger og kalibreringskontroller er almindelige vedligeholdelsesopgaver. Korrekt justeringsvejledning under installation og brug af passende monteringsbeslag anbefales for at sikre korrekt installation af skovlcylinderen. Artiklen indeholder ogs\u00e5 en anbefalet inspektions-, reparations- og udskiftningsprocedure for dele og ombygningsservice for at \u00f8ge produktets levetid.<\/p>\n<p><img decoding=\"async\" src=\"https:\/\/www.hydraulic-cylinders.net\/wp-content\/uploads\/2025\/01\/songte-chushion-collar.webp\" alt=\"Skovlcylinder til Dasin DS60-7\"><\/p>\n<h2>Sikkerheds- og milj\u00f8hensyn<\/h2>\n<p>Ved brug af skovlcylindre skal der b\u00e6res sikkerhedsforanstaltninger s\u00e5som passende personlige v\u00e6rnemidler, og korrekt betjeningsvejledning skal f\u00f8lges for at forhindre ulykker. Med hensyn til milj\u00f8hensyn skal brugen af \u200b\u200bhydraulikolien overholde de lokale milj\u00f8bestemmelser.<\/p>\n<h2>Diagnose og fejlfinding<\/h2>\n<p>I tilf\u00e6lde af svigt eller funktionsfejl i skovlcylinderen er korrekt diagnose og fejlfinding n\u00f8dvendig for at identificere problemets \u00e5rsag. Artiklen giver tips og l\u00f8sninger til fejlfinding og diagnosticering af problemer samt forebyggende foranstaltninger for at minimere potentielle problemer.<\/p>\n<p><img decoding=\"async\" src=\"https:\/\/www.hydraulic-cylinders.net\/wp-content\/uploads\/2025\/01\/songte-bushings-with-all-kinds-of-excavator-models.webp\" alt=\"Skovlcylinder til Dasin DS60-7\"><\/p>\n<h2>Om vores virksomhed<\/h2>\n<p>Vi er en producent af hydrauliske udskiftningscylindre med en bred vifte af produkter, og vi er blevet en af \u200b\u200bde f\u00f8rende producenter og engrosdistribut\u00f8rer af hydrauliske cylindre p\u00e5 det indenlandske og internationale marked. Vi overholder principperne om fremragende kvalitet, bruger industrialiserede produktionsstyringsstrategier i fint udformede produktionsv\u00e6rksteder, forbedrer l\u00f8bende v\u00e6rkstedets produktionsplatform, forbedrer kvaliteten af \u200b\u200bproduktproduktionslinjen og har st\u00e6rke kreative evner. Med principperne om effektivitet, pr\u00e6cision og kvalitet im\u00f8dekommer vi vores kunders forskellige behov. Vi tilbyder professionelle, internationalt certificerede, tilpassede tjenester, produktionsudstyr og eftersalgsservice.<\/p>\n<p><img decoding=\"async\" src=\"https:\/\/hzpt.com\/wp-content\/uploads\/2024\/11\/songte-company-1.webp\" alt=\"Skovlcylinder til Dasin DS60-7\"><\/p>\n<p>Forfatter: lyl<\/p>","protected":false},"excerpt":{"rendered":"<p>Bucket Cylinder For Dasin DS60-7 Introduction A bucket cylinder is a specially designed hydraulic cylinder used primarily to control the movement of buckets in heavy machinery such as excavators, backhoe excavators, and front loaders. Its main function is to enable the bucket to lift, lower, and tilt, making it easier for various materials handling tasks. [&hellip;]<\/p>","protected":false},"featured_media":14787,"comment_status":"open","ping_status":"closed","template":"","meta":{"_et_pb_use_builder":"","_et_pb_old_content":"","_et_gb_content_width":""},"product_brand":[],"product_cat":[1494],"product_tag":[1495,1496],"class_list":{"0":"post-15974","1":"product","2":"type-product","3":"status-publish","4":"has-post-thumbnail","6":"product_cat-bucket-cylinders","7":"product_tag-bucket-cylinders","8":"product_tag-hydraulic-cylinders","10":"first","11":"instock","12":"shipping-taxable","13":"product-type-simple"},"amp_enabled":true,"_links":{"self":[{"href":"https:\/\/www.hydraulic-cylinders.net\/da\/wp-json\/wp\/v2\/product\/15974","targetHints":{"allow":["GET"]}}],"collection":[{"href":"https:\/\/www.hydraulic-cylinders.net\/da\/wp-json\/wp\/v2\/product"}],"about":[{"href":"https:\/\/www.hydraulic-cylinders.net\/da\/wp-json\/wp\/v2\/types\/product"}],"replies":[{"embeddable":true,"href":"https:\/\/www.hydraulic-cylinders.net\/da\/wp-json\/wp\/v2\/comments?post=15974"}],"wp:featuredmedia":[{"embeddable":true,"href":"https:\/\/www.hydraulic-cylinders.net\/da\/wp-json\/wp\/v2\/media\/14787"}],"wp:attachment":[{"href":"https:\/\/www.hydraulic-cylinders.net\/da\/wp-json\/wp\/v2\/media?parent=15974"}],"wp:term":[{"taxonomy":"product_brand","embeddable":true,"href":"https:\/\/www.hydraulic-cylinders.net\/da\/wp-json\/wp\/v2\/product_brand?post=15974"},{"taxonomy":"product_cat","embeddable":true,"href":"https:\/\/www.hydraulic-cylinders.net\/da\/wp-json\/wp\/v2\/product_cat?post=15974"},{"taxonomy":"product_tag","embeddable":true,"href":"https:\/\/www.hydraulic-cylinders.net\/da\/wp-json\/wp\/v2\/product_tag?post=15974"}],"curies":[{"name":"wp","href":"https:\/\/api.w.org\/{rel}","templated":true}]}}