{"id":15979,"date":"2025-01-19T15:14:40","date_gmt":"2025-01-19T15:14:40","guid":{"rendered":"https:\/\/www.hydraulic-cylinders.net\/product\/bucket-cylinder-for-sinomach-zg3335lc-9c\/"},"modified":"2025-01-19T15:14:42","modified_gmt":"2025-01-19T15:14:42","slug":"bucket-cylinder-for-sinomach-zg3335lc-9c","status":"publish","type":"product","link":"https:\/\/www.hydraulic-cylinders.net\/da\/vare\/bucket-cylinder-for-sinomach-zg3335lc-9c\/","title":{"rendered":"Skovlcylinder til Sinomach ZG3335LC-9C"},"content":{"rendered":"<h1>Skovlcylinder til Sinomach ZG3335LC-9C<\/h1>\n<h2>Indledning<\/h2>\n<p>Skovlcylinderen, ogs\u00e5 kendt som bomcylinderen, er en specialdesignet hydraulisk cylinder, der prim\u00e6rt bruges til at styre bev\u00e6gelsen af \u200b\u200bskovle i tunge maskiner s\u00e5som gravemaskiner, rendegravere og frontl\u00e6ssere. Dens hovedfunktion er at g\u00f8re det muligt for skovlen at l\u00f8fte, s\u00e6nke og vippe, hvilket g\u00f8r det lettere at h\u00e5ndtere forskellige materialeh\u00e5ndteringsopgaver. I det hydrauliske system styrer skovlcylinderen skovlens pr\u00e6cise bev\u00e6gelse gennem \u00e6ndringer i hydraulikolietrykket, hvilket giver f\u00f8reren mulighed for effektivt at h\u00e5ndtere tunge l\u00e6s, tilpasse sig komplekse arbejdsmilj\u00f8er og forskellige jobkrav.<\/p>\n<p><img decoding=\"async\" src=\"https:\/\/www.hydraulic-cylinders.net\/wp-content\/uploads\/2025\/01\/songte-company-2.webp\" alt=\"billede af spandcylinder\"><\/p>\n<h2>Funktioner<\/h2>\n<ul>\n<li>H\u00f8j styrke og holdbarhed: Typisk fremstillet af h\u00f8jstyrkest\u00e5l eller aluminium, i stand til at modst\u00e5 h\u00f8jt tryk og tunge belastninger, tilpasser sig barske arbejdsmilj\u00f8er, designet med hensyntagen til slidstyrke og korrosionsbestandighed, hvilket forl\u00e6nger levetiden.<\/li>\n<li>Effektiv hydraulisk betjening: Udnytter hydraulikolietrykket til at opn\u00e5 en j\u00e6vn teleskopisk bev\u00e6gelse, reagerer hurtigt p\u00e5 styrekommandoer og giver en kraftig skubbe- og tr\u00e6kkraft, er velegnet til h\u00e5ndtering af tunge belastninger og komplekse opgaver.<\/li>\n<li>Flere typer: F\u00e5s som enkeltvirkende (hydraulisk kun anvendt i \u00e9n retning) eller dobbeltvirkende (hydraulisk anvendt i begge retninger) cylindre efter behov for at opfylde forskellige driftskrav. Nogle modeller er teleskopiske, hvilket giver mulighed for st\u00f8rre udtr\u00e6k uden at \u00f8ge de udvendige dimensioner og er velegnede til pladsbegr\u00e6nsede applikationer.<\/li>\n<li>Kan udskiftes med andre hydrauliske cylindre: Vores produkter kan perfekt erstatte disse hydrauliske cylindre.<\/li>\n<li>Tilpasningsbar: Vi kan tilpasse produktet efter kundens behov.<\/li>\n<\/ul>\n<p><img decoding=\"async\" src=\"https:\/\/www.hydraulic-cylinders.net\/wp-content\/uploads\/2025\/01\/songte-cylinder-head-with-all-kinds-excavator-models.webp\" alt=\"billede af spandcylinder\"><\/p>\n<h2>Applikationer<\/h2>\n<p>Skovlcylinderen bruges i vid udstr\u00e6kning i forskellige tunge maskiner og udstyr s\u00e5som:<\/p>\n<ul>\n<li>Entrepren\u00f8rudstyr: I gravemaskiner er de afg\u00f8rende for at grave, l\u00e6sse og flytte jord eller affald. I rendegravere hj\u00e6lper skovlcylinderen med b\u00e5de at grave og l\u00f8fte. <\/li>\n<li>Landbrugsmaskiner: Bruges i frontl\u00e6ssere til at udgrave, l\u00f8fte og transportere jord, h\u00f8 og andre materialer. <\/li>\n<li>Gravemaskiner: Skovlcylinderen opn\u00e5r gravefunktion ved at lade skovlen tr\u00e6nge ned i jorden. <\/li>\n<li>L\u00e6ssere: Frontl\u00e6ssere hj\u00e6lper med at l\u00f8fte og losse gods effektivt.<\/li>\n<\/ul>\n<h2>Designovervejelser og udv\u00e6lgelseskriterier<\/h2>\n<p>Fra et designm\u00e6ssigt synspunkt er skovlcylinderens kritiske faktorer b\u00e6reevne, t\u00e6tning, holdbarhed, sikkerhed og vedligeholdelsesvenlighed. <\/p>\n<h3>B\u00e6reevne:<\/h3>\n<p>Cylinderens b\u00e6reevne b\u00f8r v\u00e6lges ud fra den maksimale belastning, den vil opleve under drift.<\/p>\n<h3>Forsegling:<\/h3>\n<p>Cylinderens t\u00e6tningssystem skal forhindre st\u00f8v, snavs og andre fremmedlegemer i at tr\u00e6nge ind i cylinderen og sikre en p\u00e5lidelig t\u00e6tning for at forhindre l\u00e6kager.<\/p>\n<h3>Holdbarhed:<\/h3>\n<p>Cylinderen skal v\u00e6re konstrueret af materialer af h\u00f8j kvalitet for at modst\u00e5 slid og korrosion, og dens overflade skal behandles for at modst\u00e5 ekstern slitage.<\/p>\n<h3>Sikkerhed:<\/h3>\n<p>Cylinderen b\u00f8r v\u00e6re designet med sikkerhedsfunktioner s\u00e5som trykaflastningsventiler for at forhindre beskadigelse af udstyret, hvis cylinderen overbelastes.<\/p>\n<h3>Vedligeholdelsesevne:<\/h3>\n<p>Cylinderen skal v\u00e6re nem at vedligeholde, med lettilg\u00e6ngelige pakninger og udskiftelige dele, og designet til nem reparation.<\/p>\n<p><img decoding=\"async\" src=\"https:\/\/www.hydraulic-cylinders.net\/wp-content\/uploads\/2025\/01\/songte-oil-pipes-and-spare-parts.webp\" alt=\"billede af spandcylinder\"><\/p>\n<h2>T\u00e6tning og sm\u00f8ring<\/h2>\n<p>Cylinderen bruger forskellige t\u00e6tningskomponenter s\u00e5som stempelt\u00e6tninger, stangt\u00e6tninger osv. Disse t\u00e6tninger er lavet af slidst\u00e6rke materialer s\u00e5som polyurethan og nitrilgummi. Cylinderhuset og gevindoverfladen er fint behandlet for at forbedre slidstyrken. Det er vigtigt regelm\u00e6ssigt at tils\u00e6tte passende hydraulikolie til sm\u00f8ring.<\/p>\n<h2>Forebyggende vedligeholdelse og inspektion<\/h2>\n<p>Regelm\u00e6ssig inspektion og forebyggende vedligeholdelse kan medvirke til at forl\u00e6nge skovlcylinderens levetid. Almindelige vedligeholdelsesopgaver omfatter:<\/p>\n<ul>\n<li>Regelm\u00e6ssige kontroller<\/li>\n<li>Periodisk sm\u00f8ring<\/li>\n<li>Udskiftning af pakninger og t\u00e6tninger<\/li>\n<li>Kalibreringstjek<\/li>\n<\/ul>\n<p>Korrekt installation, sm\u00f8ring og justering af skovlcylinderen er afg\u00f8rende for dens ydeevne. Under installationsprocessen er det vigtigt at justere cylinderen korrekt. Det anbefales at bruge passende monteringsbeslag til at fastg\u00f8re cylinderen. Anbefalede inspektions-, reparations- og udskiftningsprocedurer kan forl\u00e6nge skovlcylinderens levetid.<\/p>\n<p><img decoding=\"async\" src=\"https:\/\/www.hydraulic-cylinders.net\/wp-content\/uploads\/2025\/01\/songte-chushion-collar.webp\" alt=\"billede af spandcylinder\"><\/p>\n<h2>Sikkerhedshensyn og milj\u00f8faktorer<\/h2>\n<p>N\u00e5r du bruger skovlcylinderen, er det vigtigt at f\u00f8lge sikkerhedsforanstaltninger for at forhindre ulykker. Enhver skade p\u00e5 cylinderens t\u00e6tningssystem kan for\u00e5rsage l\u00e6kage af hydraulikolie, hvilket kan v\u00e6re skadeligt for milj\u00f8et og menneskers sundhed. <\/p>\n<h2>Fejldiagnose og almindelige problemer<\/h2>\n<p>Almindelige problemer med skovlcylinderen omfatter l\u00e6kager, beskadigelse eller b\u00f8jning af stangen og problemer med justeringen. Korrekt inspektion og vedligeholdelse kan hj\u00e6lpe med at opdage og l\u00f8se disse problemer. <\/p>\n<h2>Virksomhedsintroduktion<\/h2>\n<p>Vi er en f\u00f8rende producent og grossist af hydrauliske cylindre p\u00e5 det indenlandske og internationale marked, med speciale i udskiftning af hydrauliske cylindre. Vi f\u00f8lger fremragende kvalitetskontrol, bruger industrialiserede produktionsstyringsstrategier til fine produktionsv\u00e6rksteder og forbedrer l\u00f8bende vores produktionsplatform gennem brug af teknologisk talent, digitalt avanceret produktionsudstyr og professionelle testsystemer. Vi har st\u00e6rke kreative evner og str\u00e6ber efter at im\u00f8dekomme kundernes forskellige behov gennem principper om h\u00f8j effektivitet, h\u00f8j pr\u00e6cision og h\u00f8j kvalitet.<\/p>\n<p>Vi tilbyder professionel, international certificering, skr\u00e6ddersyede tjenester, produktionsudstyr og eftersalgsservice i henhold til vores kunders behov. <\/p>\n<p><img decoding=\"async\" src=\"https:\/\/hzpt.com\/wp-content\/uploads\/2024\/11\/songte-company-1.webp\" alt=\"billede af spandcylinder\"><\/p>\n<p>Forfatter: lyl<\/p>","protected":false},"excerpt":{"rendered":"<p>Bucket Cylinder For Sinomach ZG3335LC-9C Introduction The bucket cylinder, also known as the boom cylinder, is a specially designed hydraulic cylinder primarily used to control the movement of buckets in heavy machinery such as excavators, backhoes, and front-end loaders. Its main function is to enable the bucket to lift, lower, and tilt, making it easier [&hellip;]<\/p>","protected":false},"featured_media":14778,"comment_status":"open","ping_status":"closed","template":"","meta":{"_et_pb_use_builder":"","_et_pb_old_content":"","_et_gb_content_width":""},"product_brand":[],"product_cat":[1494],"product_tag":[1495,1496],"class_list":{"0":"post-15979","1":"product","2":"type-product","3":"status-publish","4":"has-post-thumbnail","6":"product_cat-bucket-cylinders","7":"product_tag-bucket-cylinders","8":"product_tag-hydraulic-cylinders","10":"first","11":"instock","12":"shipping-taxable","13":"product-type-simple"},"amp_enabled":true,"_links":{"self":[{"href":"https:\/\/www.hydraulic-cylinders.net\/da\/wp-json\/wp\/v2\/product\/15979","targetHints":{"allow":["GET"]}}],"collection":[{"href":"https:\/\/www.hydraulic-cylinders.net\/da\/wp-json\/wp\/v2\/product"}],"about":[{"href":"https:\/\/www.hydraulic-cylinders.net\/da\/wp-json\/wp\/v2\/types\/product"}],"replies":[{"embeddable":true,"href":"https:\/\/www.hydraulic-cylinders.net\/da\/wp-json\/wp\/v2\/comments?post=15979"}],"wp:featuredmedia":[{"embeddable":true,"href":"https:\/\/www.hydraulic-cylinders.net\/da\/wp-json\/wp\/v2\/media\/14778"}],"wp:attachment":[{"href":"https:\/\/www.hydraulic-cylinders.net\/da\/wp-json\/wp\/v2\/media?parent=15979"}],"wp:term":[{"taxonomy":"product_brand","embeddable":true,"href":"https:\/\/www.hydraulic-cylinders.net\/da\/wp-json\/wp\/v2\/product_brand?post=15979"},{"taxonomy":"product_cat","embeddable":true,"href":"https:\/\/www.hydraulic-cylinders.net\/da\/wp-json\/wp\/v2\/product_cat?post=15979"},{"taxonomy":"product_tag","embeddable":true,"href":"https:\/\/www.hydraulic-cylinders.net\/da\/wp-json\/wp\/v2\/product_tag?post=15979"}],"curies":[{"name":"wp","href":"https:\/\/api.w.org\/{rel}","templated":true}]}}