{"id":16006,"date":"2025-01-19T15:16:54","date_gmt":"2025-01-19T15:16:54","guid":{"rendered":"https:\/\/www.hydraulic-cylinders.net\/product\/bucket-cylinder-for-xiniu-xn120-l\/"},"modified":"2025-01-19T15:16:56","modified_gmt":"2025-01-19T15:16:56","slug":"bucket-cylinder-for-xiniu-xn120-l","status":"publish","type":"product","link":"https:\/\/www.hydraulic-cylinders.net\/da\/vare\/bucket-cylinder-for-xiniu-xn120-l\/","title":{"rendered":"Skovlcylinder til Xiniu XN120-L"},"content":{"rendered":"<h1>Skovlcylinder til Xiniu XN120-L<\/h1>\n<h2>Indledning<\/h2>\n<p>Skovlcylinderen til Xiniu XN120-L er en type hydraulisk cylinder, der er specielt designet til at styre bev\u00e6gelsen af \u200b\u200bskovle i tunge maskiner s\u00e5som gravemaskiner, rendegravere og frontl\u00e6ssere. Dens hovedfunktion er at give skovlen mulighed for at l\u00f8fte, s\u00e6nke og vippe, hvilket g\u00f8r det lettere at h\u00e5ndtere forskellige materialeh\u00e5ndteringsopgaver. I det hydrauliske system bruger skovlcylinderen \u00e6ndringer i hydraulikolietrykket til pr\u00e6cist at styre skovlen, hvilket g\u00f8r det muligt for operat\u00f8rer effektivt at h\u00e5ndtere tunge l\u00e6s, tilpasse sig komplekse arbejdsmilj\u00f8er og forskellige jobkrav.<\/p>\n<p><img decoding=\"async\" src=\"https:\/\/www.hydraulic-cylinders.net\/wp-content\/uploads\/2025\/01\/songte-company-2.webp\" alt=\"Skovlcylinder til Xiniu XN120-L billede\"><\/p>\n<h2>Funktioner<\/h2>\n<ul>\n<li>H\u00f8j styrke og holdbarhed: Normalt lavet af h\u00f8jstyrkest\u00e5l eller aluminium, i stand til at modst\u00e5 h\u00f8jt tryk og tunge belastninger, tilpasser sig barske arbejdsmilj\u00f8er, designet med slidstyrke og korrosionsbestandighed og forl\u00e6nger levetiden.<\/li>\n<li>Effektiv hydraulisk drift: Brug af hydraulikolietrykket til at opn\u00e5 en j\u00e6vn ekspansions- og sammentr\u00e6kningsbev\u00e6gelse, hurtig reaktion p\u00e5 styrekommandoer, kraftig skubbe- og tr\u00e6kkraft, velegnet til h\u00e5ndtering af tunge belastninger og komplekse opgaver.<\/li>\n<li>Forskellige typer: Enkeltvirkende (hydraulisk anvendt i kun \u00e9n retning) eller dobbeltvirkende (hydraulisk anvendt i to retninger) cylindre kan v\u00e6lges efter behov for at opfylde forskellige driftsbehov. Nogle modeller er teleskopiske, hvilket muligg\u00f8r st\u00f8rre udtr\u00e6k uden at \u00f8ge de udvendige dimensioner, og er velegnede til applikationer med begr\u00e6nset plads.<\/li>\n<li>Perfekt udskiftning: Vores produkter kan perfekt erstatte disse hydrauliske cylindre.<\/li>\n<\/ul>\n<p><img decoding=\"async\" src=\"https:\/\/www.hydraulic-cylinders.net\/wp-content\/uploads\/2025\/01\/songte-cylinder-head-with-all-kinds-excavator-models.webp\" alt=\"Skovlcylinder til Xiniu XN120-L billede\"><\/p>\n<h2>Applikationer<\/h2>\n<p>Skovlcylinderen til Xiniu XN120-L bruges i vid udstr\u00e6kning i adskillige applikationer. Nogle af dem er:<\/p>\n<ul>\n<li>Entrepren\u00f8rudstyr: I gravemaskiner er de afg\u00f8rende for udgravning, lastning og flytning af jord eller affald. I rendegravere hj\u00e6lper skovlcylindre med b\u00e5de gravning og l\u00f8ft. I frontl\u00e6ssere hj\u00e6lper de med effektivt at l\u00f8fte og vippe gods.<\/li>\n<li>Landbrugsmaskiner: Bruges i frontl\u00e6ssere til at udgrave, l\u00f8fte og transportere jord, h\u00f8 og andre materialer. I gravemaskiner tillader skovlcylinderen udgravning ved at lade skovlen tr\u00e6nge ned i jorden.<\/li>\n<\/ul>\n<h2>Designovervejelser og udv\u00e6lgelseskriterier<\/h2>\n<p>Udv\u00e6lgelseskriterierne for skovlcylindre skal tage h\u00f8jde for flere designhensyn, s\u00e5som:<\/p>\n<ul>\n<li>B\u00e6reevne: Cylinderen skal kunne modst\u00e5 den maksimale belastning, som maskinen m\u00e5 ud\u00f8ve p\u00e5 cylinderen.<\/li>\n<li>T\u00e6tning: Cylinderen skal v\u00e6re effektivt t\u00e6tnet for at forhindre, at hydraulikolie og forurenende stoffer slipper ind i cylinderen.<\/li>\n<li>Holdbarhed: Cylinderen skal v\u00e6re holdbar nok til at modst\u00e5 p\u00e5virkningen fra barske milj\u00f8faktorer, s\u00e5som st\u00f8v, vand og snavs.<\/li>\n<li>Sikkerhed: Gasflasken b\u00f8r designes under hensyntagen til sikkerhedsforanstaltninger, s\u00e5som beskyttelse af gasflasken mod fysisk skade.<\/li>\n<li>Vedligeholdelsesvenlighed: Cylinderen skal v\u00e6re nem at vedligeholde og reparere, da den er en v\u00e6sentlig del af maskinen, og enhver fejl kan f\u00f8re til betydelig nedetid.<\/li>\n<\/ul>\n<p><img decoding=\"async\" src=\"https:\/\/www.hydraulic-cylinders.net\/wp-content\/uploads\/2025\/01\/songte-oil-pipes-and-spare-parts.webp\" alt=\"Skovlcylinder til Xiniu XN120-L billede\"><\/p>\n<h2>T\u00e6tning og sm\u00f8ring<\/h2>\n<p>Skovlcylinderen bruger forskellige t\u00e6tningselementer, s\u00e5som stempelt\u00e6tninger, stangt\u00e6tninger og andre. Disse t\u00e6tningselementer er lavet af slidst\u00e6rke materialer s\u00e5som polyurethan og nitrilgummi for at sikre en lang levetid. Cylinderhuset og gevindene er behandlet for at forbedre slidstyrken. Skovlcylinderen kr\u00e6ver periodisk sm\u00f8ring med hydraulikolie for at sikre korrekt funktion.<\/p>\n<h2>Vedligeholdelse og reparation<\/h2>\n<p>Regelm\u00e6ssig inspektion, passende sm\u00f8ring, udskiftning af pakninger, kalibreringskontrol og andre vedligeholdelsesopgaver er afg\u00f8rende for skovlcylindrenes levetid. Korrekt justering af cylinderen under installationen er afg\u00f8rende for optimal ydeevne. Det anbefales at bruge passende monteringsbeslag til at fastg\u00f8re cylinderen. Vi tilbyder inspektions-, reparations- og udskiftningstjenester for at hj\u00e6lpe kunder med eventuelle problemer, de m\u00e5tte st\u00f8de p\u00e5 med deres skovlcylindre.<\/p>\n<p><img decoding=\"async\" src=\"https:\/\/www.hydraulic-cylinders.net\/wp-content\/uploads\/2025\/01\/songte-chushion-collar.webp\" alt=\"Skovlcylinder til Xiniu XN120-L billede\"><\/p>\n<h2>Sikkerhedshensyn og milj\u00f8faktorer<\/h2>\n<p>Skovlcylinderen til Xiniu XN120-L skal installeres, bruges og vedligeholdes med sikkerhedsforanstaltninger i tankerne. Manglende overholdelse af dette kan f\u00f8re til personskade eller beskadigelse af maskinen. Milj\u00f8faktorer som temperatur, fugtighed og st\u00f8v kan p\u00e5virke cylinderens ydeevne og b\u00f8r tages i betragtning ved valg og installation.<\/p>\n<h2>Fejldiagnose og fejlfinding<\/h2>\n<p>Almindelige problemer med skovlcylindre kan omfatte l\u00e6kage, utilstr\u00e6kkelig kraft og unormal st\u00f8j. Vi anbefaler at inspicere cylinderen regelm\u00e6ssigt og straks l\u00f8se eventuelle problemer for at undg\u00e5 betydelig nedetid. Fejlfindingstips og l\u00f8sninger kan hj\u00e6lpe l\u00e6serne med at diagnosticere og l\u00f8se problemer med skovlcylindrene effektivt.<\/p>\n<p><img decoding=\"async\" src=\"https:\/\/www.hydraulic-cylinders.net\/wp-content\/uploads\/2025\/01\/songte-bushings-with-all-kinds-of-excavator-models.webp\" alt=\"Skovlcylinder til Xiniu XN120-L billede\"><\/p>\n<h2>Om vores virksomhed<\/h2>\n<p>Vi er en producent af hydrauliske udskiftningscylindre med et komplet produktsortiment og er blevet en af \u200b\u200bde f\u00f8rende producenter og engrosdistribut\u00f8rer af hydrauliske cylindre p\u00e5 det indenlandske og internationale marked. Vi overholder princippet om fremragende kvalitet og s\u00e6tter vores referencer til den industrialiserede produktionsstyringsstrategi fra fine produktionsv\u00e6rksteder. Vi forbedrer l\u00f8bende v\u00e6rkstedets produktionsplatform, perfektionerer kvalitetsproduktionsprocessen og har en st\u00e6rk produktionsevne til at im\u00f8dekomme kundernes forskellige behov med principper om h\u00f8j effektivitet, h\u00f8j pr\u00e6cision og h\u00f8j kvalitet.<\/p>\n<p>Vi tilbyder skr\u00e6ddersyede tjenester, professionelt produktionsudstyr, internationalt anerkendte certificeringer og et omfattende eftersalgsservicesystem, der sikrer, at vores produkter lever op til eller overg\u00e5r kundernes forventninger.<\/p>\n<p><img decoding=\"async\" src=\"https:\/\/hzpt.com\/wp-content\/uploads\/2024\/11\/songte-company-1.webp\" alt=\"Skovlcylinder til Xiniu XN120-L billede\"><\/p>\n<p>Forfatter: lyl.<\/p>","protected":false},"excerpt":{"rendered":"<p>Bucket Cylinder For Xiniu XN120-L Introduction The bucket cylinder for Xiniu XN120-L is a type of hydraulic cylinder specially designed to control the movement of shovels in heavy machinery such as excavators, backhoe excavators, and front-end loaders. Its main function is to allow the bucket to lift, lower and tilt, making it easier to handle [&hellip;]<\/p>","protected":false},"featured_media":14784,"comment_status":"open","ping_status":"closed","template":"","meta":{"_et_pb_use_builder":"","_et_pb_old_content":"","_et_gb_content_width":""},"product_brand":[],"product_cat":[1494],"product_tag":[1495,1496],"class_list":{"0":"post-16006","1":"product","2":"type-product","3":"status-publish","4":"has-post-thumbnail","6":"product_cat-bucket-cylinders","7":"product_tag-bucket-cylinders","8":"product_tag-hydraulic-cylinders","10":"first","11":"instock","12":"shipping-taxable","13":"product-type-simple"},"amp_enabled":true,"_links":{"self":[{"href":"https:\/\/www.hydraulic-cylinders.net\/da\/wp-json\/wp\/v2\/product\/16006","targetHints":{"allow":["GET"]}}],"collection":[{"href":"https:\/\/www.hydraulic-cylinders.net\/da\/wp-json\/wp\/v2\/product"}],"about":[{"href":"https:\/\/www.hydraulic-cylinders.net\/da\/wp-json\/wp\/v2\/types\/product"}],"replies":[{"embeddable":true,"href":"https:\/\/www.hydraulic-cylinders.net\/da\/wp-json\/wp\/v2\/comments?post=16006"}],"wp:featuredmedia":[{"embeddable":true,"href":"https:\/\/www.hydraulic-cylinders.net\/da\/wp-json\/wp\/v2\/media\/14784"}],"wp:attachment":[{"href":"https:\/\/www.hydraulic-cylinders.net\/da\/wp-json\/wp\/v2\/media?parent=16006"}],"wp:term":[{"taxonomy":"product_brand","embeddable":true,"href":"https:\/\/www.hydraulic-cylinders.net\/da\/wp-json\/wp\/v2\/product_brand?post=16006"},{"taxonomy":"product_cat","embeddable":true,"href":"https:\/\/www.hydraulic-cylinders.net\/da\/wp-json\/wp\/v2\/product_cat?post=16006"},{"taxonomy":"product_tag","embeddable":true,"href":"https:\/\/www.hydraulic-cylinders.net\/da\/wp-json\/wp\/v2\/product_tag?post=16006"}],"curies":[{"name":"wp","href":"https:\/\/api.w.org\/{rel}","templated":true}]}}