{"id":16009,"date":"2025-01-19T15:17:08","date_gmt":"2025-01-19T15:17:08","guid":{"rendered":"https:\/\/www.hydraulic-cylinders.net\/product\/bucket-cylinder-for-kato-small-excavator-hd400-1-7\/"},"modified":"2025-01-19T15:17:10","modified_gmt":"2025-01-19T15:17:10","slug":"bucket-cylinder-for-kato-small-excavator-hd400-1-7","status":"publish","type":"product","link":"https:\/\/www.hydraulic-cylinders.net\/da\/vare\/bucket-cylinder-for-kato-small-excavator-hd400-1-7\/","title":{"rendered":"Skovlcylinder til Kato lille gravemaskine HD400-1-7"},"content":{"rendered":"<h1>Skovlcylinder til Kato lille gravemaskine HD400-1-7<\/h1>\n<h2>Introduktion af spandcylinderen<\/h2>\n<p>Skovlcylinderen er en specialdesignet hydraulisk cylinder, der bruges til at styre skovlens bev\u00e6gelse i tunge maskiner s\u00e5som gravemaskiner, rendegravere og frontl\u00e6ssere. Dens hovedfunktion er at muligg\u00f8re l\u00f8ft, s\u00e6nkning og vipning af skovlen, hvilket g\u00f8r den praktisk til forskellige materialeh\u00e5ndteringsopgaver. I det hydrauliske system opn\u00e5r skovlcylinderen pr\u00e6cis kontrol over skovlen ved at udnytte tryk\u00e6ndringerne i hydraulikolien, hvilket giver operat\u00f8rer mulighed for effektivt at h\u00e5ndtere tunge belastninger og tilpasse sig komplekse arbejdsmilj\u00f8er og forskellige jobkrav.<\/p>\n<p><img decoding=\"async\" src=\"https:\/\/www.hydraulic-cylinders.net\/wp-content\/uploads\/2025\/01\/songte-company-2.webp\" alt=\"Billede af spandcylinder\"><\/p>\n<h2>N\u00f8glefunktioner<\/h2>\n<ul>\n<li><strong>H\u00f8j styrke og holdbarhed:<\/strong> Skovlcylinderen, der typisk er lavet af h\u00f8jstyrkest\u00e5l eller aluminium, kan modst\u00e5 h\u00f8jt tryk og tunge belastninger og tilpasse sig barske arbejdsforhold. Dens design tager h\u00f8jde for slidstyrke og korrosionsbestandighed for at forl\u00e6nge dens levetid.<\/li>\n<li><strong>Effektiv hydraulisk drift:<\/strong> Ved at udnytte trykket fra hydraulikolien opn\u00e5r skovlcylinderen j\u00e6vne ud- og indtr\u00e6ksbev\u00e6gelser, hvilket muligg\u00f8r hurtig reaktion p\u00e5 styrekommandoer og giver kraftige skubbe- og tr\u00e6kkr\u00e6fter, hvilket g\u00f8r den velegnet til h\u00e5ndtering af tunge l\u00e6s og komplekse arbejdsopgaver.<\/li>\n<li><strong>Forskellige typer:<\/strong> Skovlcylinderen kan v\u00e6lges som enkeltvirkende (hydraulisk tryk anvendes kun i \u00e9n retning) eller dobbeltvirkende (hydraulisk tryk anvendes i begge retninger) baseret p\u00e5 specifikke driftsbehov. Nogle modeller er teleskopiske, hvilket muligg\u00f8r st\u00f8rre udtr\u00e6k uden at \u00f8ge de udvendige dimensioner, hvilket g\u00f8r dem velegnede til applikationer med begr\u00e6nset plads.<\/li>\n<li><strong>Perfekt erstatning:<\/strong> Vores produkter kan perfekt erstatte disse hydrauliske cylindre og giver p\u00e5lidelig ydeevne og kompatibilitet.<\/li>\n<\/ul>\n<p><img decoding=\"async\" src=\"https:\/\/www.hydraulic-cylinders.net\/wp-content\/uploads\/2025\/01\/songte-cylinder-head-with-all-kinds-excavator-models.webp\" alt=\"Udskiftningscylinderbillede\"><\/p>\n<h2>Applikationer<\/h2>\n<p>Skovlcylinderen finder anvendelse i forskellige maskiner:<\/p>\n<ul>\n<li><strong>Entrepren\u00f8rudstyr:<\/strong> De findes i gravemaskiner og er afg\u00f8rende for udgravning, lastning og flytning af jord eller affald. I rendegravere hj\u00e6lper skovlcylinderen med b\u00e5de at grave og l\u00f8fte.<\/li>\n<li><strong>Landbrugsmaskiner:<\/strong> Anvendes i frontl\u00e6ssere til at udgrave, l\u00f8fte og transportere jord, h\u00f8 og andre materialer.<\/li>\n<li><strong>Gravemaskiner:<\/strong> Skovlcylinderen muligg\u00f8r gravehandlinger ved at lade skovlen tr\u00e6nge ned i jorden.<\/li>\n<li><strong>Frontl\u00e6ssere:<\/strong> I frontl\u00e6ssere hj\u00e6lper de med effektivt at l\u00f8fte og t\u00f8mme gods.<\/li>\n<\/ul>\n<h2>Designovervejelser og udv\u00e6lgelseskriterier<\/h2>\n<p>N\u00e5r det kommer til designhensyn, tager skovlcylinderen h\u00f8jde for forskellige faktorer:<\/p>\n<ul>\n<li><strong>B\u00e6reevne:<\/strong> Cylinderen er designet til at modst\u00e5 den maksimale belastning, den vil blive udsat for under drift, hvilket sikrer sikkerhed og optimal ydeevne.<\/li>\n<li><strong>Forsegling:<\/strong> Der anvendes forskellige t\u00e6tningselementer, s\u00e5som stempelt\u00e6tninger og stangt\u00e6tninger. Disse t\u00e6tninger er lavet af slidst\u00e6rke materialer som polyurethan og nitrilgummi. Cylinderhuset og gevindendefladerne gennemg\u00e5r en fin forarbejdning for at forbedre slidstyrken.<\/li>\n<li><strong>Holdbarhed:<\/strong> Skovlcylinderen er designet til at modst\u00e5 p\u00e5virkningerne fra kontinuerlig, tung brug og barske arbejdsmilj\u00f8er, hvilket sikrer en lang levetid.<\/li>\n<li><strong>Sikkerhed:<\/strong> Sikkerhedsfunktioner, s\u00e5som trykaflastningsventiler, er indarbejdet i designet for at forhindre for h\u00f8jt tryk og potentielle farer.<\/li>\n<li><strong>Vedligeholdelsesevne:<\/strong> Der tages hensyn til nem vedligeholdelse, herunder tilg\u00e6ngelighed til inspektion, reparation og udskiftning af komponenter.<\/li>\n<\/ul>\n<p><img decoding=\"async\" src=\"https:\/\/www.hydraulic-cylinders.net\/wp-content\/uploads\/2025\/01\/songte-oil-pipes-and-spare-parts.webp\" alt=\"Billede af hydrauliske cylinderdele\"><\/p>\n<h2>T\u00e6tning og sm\u00f8ring<\/h2>\n<p>Skovlcylinderen anvender forskellige t\u00e6tningselementer s\u00e5som stempelt\u00e6tninger og stangt\u00e6tninger. Disse t\u00e6tninger er lavet af slidst\u00e6rke materialer s\u00e5som polyurethan og nitrilgummi. Cylinderhuset og gevindfladerne gennemg\u00e5r fin bearbejdning for at forbedre slidstyrken. Tilstr\u00e6kkelig sm\u00f8ring er afg\u00f8rende for problemfri drift og for at forhindre slitage. Regelm\u00e6ssig tils\u00e6tning af den passende m\u00e6ngde hydraulikolie sikrer korrekt sm\u00f8ring.<\/p>\n<h2>Regelm\u00e6ssig inspektion og forebyggende vedligeholdelse<\/h2>\n<p>Regelm\u00e6ssig inspektion og forebyggende vedligeholdelse er afg\u00f8rende for optimal ydeevne og levetid for skovlcylinderen. Nogle anbefalede foranstaltninger omfatter:<\/p>\n<ul>\n<li>Inspicering af cylinderen for tegn p\u00e5 l\u00e6kage, skader eller slid.<\/li>\n<li>P\u00e5f\u00f8r passende sm\u00f8ring for at opretholde problemfri drift.<\/li>\n<li>Udskiftning af slidte pakninger for at forhindre l\u00e6kager og sikre korrekt funktion.<\/li>\n<li>Udf\u00f8relse af kalibreringskontroller for at sikre pr\u00e6cis kontrol.<\/li>\n<\/ul>\n<p><img decoding=\"async\" src=\"https:\/\/www.hydraulic-cylinders.net\/wp-content\/uploads\/2025\/01\/songte-chushion-collar.webp\" alt=\"Billede af vedligeholdelse af hydrauliske cylindere\"><\/p>\n<h2>Sikkerhedshensyn og milj\u00f8faktorer<\/h2>\n<p>N\u00e5r man bruger skovlcylinderen, er det vigtigt at prioritere sikkerhedsforanstaltninger. Implementering af sikkerhedsforanstaltninger minimerer risikoen for ulykker og sikrer operat\u00f8rernes og det omkringliggende personales velbefindende. Milj\u00f8faktorer som temperatur, fugtighed og st\u00f8vniveauer b\u00f8r ogs\u00e5 tages i betragtning for at opretholde optimal drift og forhindre potentielle problemer.<\/p>\n<h2>Fejldiagnose og almindelige problemer<\/h2>\n<p>Det er vigtigt at v\u00e6re opm\u00e6rksom p\u00e5 mulige fejl og almindelige problemer, der kan opst\u00e5 med skovlcylinderen. Nogle almindelige problemer omfatter l\u00e6kage, utilstr\u00e6kkeligt tryk og uj\u00e6vn bev\u00e6gelse. Hurtig l\u00f8sning af disse problemer er afg\u00f8rende for at forhindre yderligere skader og opretholde optimal ydeevne.<\/p>\n<p><img decoding=\"async\" src=\"https:\/\/www.hydraulic-cylinders.net\/wp-content\/uploads\/2025\/01\/songte-bushings-with-all-kinds-of-excavator-models.webp\" alt=\"Fejldiagnosebillede\"><\/p>\n<h2>Tips til fejlfinding og vedligeholdelse<\/h2>\n<p>N\u00e5r der st\u00f8der p\u00e5 fejl eller problemer, er det nyttigt at have tips til fejlfinding og vedligeholdelse ved h\u00e5nden. Disse kan hj\u00e6lpe med effektivt at diagnosticere og l\u00f8se problemer. Forholdsregler kan ogs\u00e5 implementeres for at minimere potentielle problemer. Regelm\u00e6ssige vedligeholdelsesopgaver s\u00e5som inspektion, sm\u00f8ring, udskiftning af pakninger og kalibreringskontroller er afg\u00f8rende for at forl\u00e6nge skovlcylinderens levetid.<\/p>\n<p><img decoding=\"async\" src=\"https:\/\/hzpt.com\/wp-content\/uploads\/2024\/11\/songte-company-1.webp\" alt=\"Billede af installation af hydrauliske cylindere\"><\/p>\n<h2>Installationsvejledning<\/h2>\n<p>Korrekt installation er afg\u00f8rende for optimal ydeevne og levetid for skovlcylinderen. Her er nogle retningslinjer, du skal f\u00f8lge:<\/p>\n<ul>\n<li>S\u00f8rg for korrekt justering af cylinderen under installationen.<\/li>\n<li>Brug passende monteringsbeslag til at fastg\u00f8re cylinderen.<\/li>\n<li>F\u00f8lg de anbefalede procedurer for inspektion, reparation og udskiftning.<\/li>\n<li>Giv tips til at forl\u00e6nge spandcylinderens levetid gennem korrekt brug og vedligeholdelsesteknikker.<\/li>\n<\/ul>\n<h2>Vores virksomhed<\/h2>\n<p>Vi er en f\u00f8rende producent og engrosdistribut\u00f8r af hydrauliske cylindre p\u00e5 det indenlandske og internationale marked. Vores virksomhed tilbyder en bred vifte af produkter og f\u00f8lger en strategi for industriel produktionsstyring, der s\u00e6tter sin lid til fremragende kvalitet, et sofistikeret produktionsv\u00e6rksted, teknologisk talent og avanceret digitalt produktionsudstyr. Med fokus p\u00e5 kundetilfredshed str\u00e6ber vi efter at im\u00f8dekomme forskellige behov med h\u00f8j effektivitet, pr\u00e6cision og kvalitet.<\/p>\n<p><img decoding=\"async\" src=\"https:\/\/www.hydraulic-cylinders.net\/wp-content\/uploads\/2025\/01\/songte-company-3.webp\" alt=\"Virksomhedens image\"><\/p>\n<h3>Vigtigste h\u00f8jdepunkter:<\/h3>\n<ul>\n<li><strong>Professionalitet:<\/strong> Vi sikrer professionalisme i alle aspekter af vores drift.<\/li>\n<li><strong>Internationale certificeringer:<\/strong> Vores produkter opfylder internationale kvalitets- og sikkerhedsstandarder.<\/li>","protected":false},"excerpt":{"rendered":"<p>Bucket Cylinder For Kato Small Excavator HD400-1-7 Introducing the Bucket Cylinder The bucket cylinder is a specially designed hydraulic cylinder used to control the movement of the bucket in heavy machinery such as excavators, backhoe loaders, and front loaders. Its main function is to enable the lifting, lowering, and tilting of the bucket, making it [&hellip;]<\/p>","protected":false},"featured_media":14778,"comment_status":"open","ping_status":"closed","template":"","meta":{"_et_pb_use_builder":"","_et_pb_old_content":"","_et_gb_content_width":""},"product_brand":[],"product_cat":[1494],"product_tag":[1495,1496],"class_list":{"0":"post-16009","1":"product","2":"type-product","3":"status-publish","4":"has-post-thumbnail","6":"product_cat-bucket-cylinders","7":"product_tag-bucket-cylinders","8":"product_tag-hydraulic-cylinders","10":"first","11":"instock","12":"shipping-taxable","13":"product-type-simple"},"amp_enabled":true,"_links":{"self":[{"href":"https:\/\/www.hydraulic-cylinders.net\/da\/wp-json\/wp\/v2\/product\/16009","targetHints":{"allow":["GET"]}}],"collection":[{"href":"https:\/\/www.hydraulic-cylinders.net\/da\/wp-json\/wp\/v2\/product"}],"about":[{"href":"https:\/\/www.hydraulic-cylinders.net\/da\/wp-json\/wp\/v2\/types\/product"}],"replies":[{"embeddable":true,"href":"https:\/\/www.hydraulic-cylinders.net\/da\/wp-json\/wp\/v2\/comments?post=16009"}],"wp:featuredmedia":[{"embeddable":true,"href":"https:\/\/www.hydraulic-cylinders.net\/da\/wp-json\/wp\/v2\/media\/14778"}],"wp:attachment":[{"href":"https:\/\/www.hydraulic-cylinders.net\/da\/wp-json\/wp\/v2\/media?parent=16009"}],"wp:term":[{"taxonomy":"product_brand","embeddable":true,"href":"https:\/\/www.hydraulic-cylinders.net\/da\/wp-json\/wp\/v2\/product_brand?post=16009"},{"taxonomy":"product_cat","embeddable":true,"href":"https:\/\/www.hydraulic-cylinders.net\/da\/wp-json\/wp\/v2\/product_cat?post=16009"},{"taxonomy":"product_tag","embeddable":true,"href":"https:\/\/www.hydraulic-cylinders.net\/da\/wp-json\/wp\/v2\/product_tag?post=16009"}],"curies":[{"name":"wp","href":"https:\/\/api.w.org\/{rel}","templated":true}]}}