{"id":16013,"date":"2025-01-19T15:17:31","date_gmt":"2025-01-19T15:17:31","guid":{"rendered":"https:\/\/www.hydraulic-cylinders.net\/product\/bucket-cylinder-for-kato-small-excavator-hd2048r\/"},"modified":"2025-01-19T15:17:33","modified_gmt":"2025-01-19T15:17:33","slug":"bucket-cylinder-for-kato-small-excavator-hd2048r","status":"publish","type":"product","link":"https:\/\/www.hydraulic-cylinders.net\/da\/vare\/bucket-cylinder-for-kato-small-excavator-hd2048r\/","title":{"rendered":"Skovlcylinder til Kato lille gravemaskine HD2048R"},"content":{"rendered":"<h1>Skovlcylinder til Kato lille gravemaskine HD2048R<\/h1>\n<h2>Indledning<\/h2>\n<p>En skovlcylinder til en gravemaskine er en hydraulisk cylinder, der er specielt designet til at styre bev\u00e6gelsen af \u200b\u200ben skovl i tunge maskiner s\u00e5som gravemaskiner, rendegravere og frontl\u00e6ssere. Dens hovedfunktion er at g\u00f8re det muligt for skovlen at l\u00f8fte, s\u00e6nke og vippe, hvilket g\u00f8r det lettere at udf\u00f8re forskellige materialeh\u00e5ndteringsopgaver. I det hydrauliske system opn\u00e5r skovlcylinderen pr\u00e6cis kontrol over skovlens bev\u00e6gelse gennem tryk\u00e6ndringer i hydraulikolien, hvilket g\u00f8r det muligt for operat\u00f8rer at h\u00e5ndtere tunge l\u00e6s effektivt, tilpasse sig komplekse arbejdsmilj\u00f8er og forskellige jobkrav.<\/p>\n<div>\n  <img decoding=\"async\" src=\"https:\/\/www.hydraulic-cylinders.net\/wp-content\/uploads\/2025\/01\/songte-company-2.webp\" alt=\"Spandens cylinder\" \/>\n<\/div>\n<h2>Funktioner<\/h2>\n<ul>\n<li>H\u00f8j styrke og holdbarhed: Typisk fremstillet af h\u00f8jstyrkest\u00e5l eller aluminium, kan det modst\u00e5 h\u00f8jt tryk og tunge belastninger, tilpasse sig barske arbejdsmilj\u00f8er og tage h\u00f8jde for slidstyrke og korrosionsbestandighed i designet for at forl\u00e6nge levetiden.<\/li>\n<li>Effektiv hydraulisk drift: J\u00e6vn ud- og indtr\u00e6kning opn\u00e5s ved at udnytte trykket fra hydraulikolien, som hurtigt kan reagere p\u00e5 styrekommandoer, give st\u00e6rke skubbe- og tr\u00e6kkr\u00e6fter og er velegnet til h\u00e5ndtering af tunge belastninger og komplekse arbejdsopgaver.<\/li>\n<li>Flere typer: Enkeltvirkende (hydraulisk kun i \u00e9n retning) eller dobbeltvirkende (hydraulisk i begge retninger) cylindre kan v\u00e6lges efter behov for at opfylde forskellige driftskrav. Nogle modeller er teleskopiske, hvilket giver mulighed for st\u00f8rre udtr\u00e6k uden at \u00f8ge de ydre dimensioner og er velegnede til applikationer med begr\u00e6nset plads.<\/li>\n<li>Perfekt udskiftning: Vi tilbyder perfekte udskiftninger til disse hydrauliske cylindre.<\/li>\n<\/ul>\n<div>\n  <img decoding=\"async\" src=\"https:\/\/www.hydraulic-cylinders.net\/wp-content\/uploads\/2025\/01\/songte-cylinder-head-with-all-kinds-excavator-models.webp\" alt=\"Udskiftning af spandcylinder\" \/>\n<\/div>\n<h2>Applikationer<\/h2>\n<p>Skovlcylinderen anvendes i vid udstr\u00e6kning i forskellige industrier til forskellige form\u00e5l:<\/p>\n<h3>Entrepren\u00f8rudstyr<\/h3>\n<p>I gravemaskiner er de afg\u00f8rende for udgravning, l\u00e6sning og flytning af jord eller affald. I rendegravere hj\u00e6lper skovlcylinderen med b\u00e5de udgravning og l\u00f8ft. <\/p>\n<h3>Landbrugsmaskiner<\/h3>\n<p>Bruges i frontl\u00e6ssere til at grave op, l\u00f8fte og transportere jord, h\u00f8 og andre materialer. I gravemaskiner udf\u00f8rer skovlcylinderen udgravningen ved at lade skovlen tr\u00e6nge ned i jorden.<\/p>\n<h3>L\u00e6sser<\/h3>\n<p>I frontl\u00e6ssere hj\u00e6lper de med effektivt at l\u00f8fte og t\u00f8mme gods.<\/p>\n<h2>Designovervejelser og udv\u00e6lgelseskriterier<\/h2>\n<p>Ved design af skovlcylindre skal f\u00f8lgende aspekter tages i betragtning:<\/p>\n<h3>Lastkapacitet<\/h3>\n<p>Cylinderen skal v\u00e6re konstrueret til at h\u00e5ndtere den forventede belastning og kraft, der kr\u00e6ves for at l\u00f8fte eller flytte materialer. <\/p>\n<h3>Forsegling og holdbarhed<\/h3>\n<p>Cylinderen skal have passende t\u00e6tningsmaterialer for at forhindre l\u00e6kage af hydraulikv\u00e6ske. Cylinderens hus skal v\u00e6re lavet af holdbart materiale, der kan modst\u00e5 barske milj\u00f8er, modst\u00e5 slid og korrosion og forl\u00e6nge levetiden.<\/p>\n<h3>Sikkerhed og vedligeholdelse<\/h3>\n<p>Cylinderen skal v\u00e6re designet til sikker brug for operat\u00f8rer og nem vedligeholdelse. Der skal tages hensyn til at sikre, at den opfylder sikkerhedsstandarderne og er let tilg\u00e6ngelig for reparationer eller udskiftninger.<\/p>\n<div>\n  <img decoding=\"async\" src=\"https:\/\/www.hydraulic-cylinders.net\/wp-content\/uploads\/2025\/01\/songte-oil-pipes-and-spare-parts.webp\" alt=\"Dele af spandcylinder\" \/>\n<\/div>\n<h2>T\u00e6tning og sm\u00f8ring<\/h2>\n<p>Skovlcylinderen kr\u00e6ver forskellige t\u00e6tningsmaterialer s\u00e5som stempelt\u00e6tninger, stangt\u00e6tninger osv. T\u00e6tningerne er lavet af slidst\u00e6rke materialer s\u00e5som polyurethan og nitrilgummi. Cylinderoverfladen er fint bearbejdet for at forbedre slidstyrken, og regelm\u00e6ssig sm\u00f8ring med hydraulikolie er n\u00f8dvendig.<\/p>\n<h2>Vedligeholdelse og reparation<\/h2>\n<p>F\u00f8lgende vedligeholdelsesopgaver kan udf\u00f8res for at forl\u00e6nge skovlcylinderens levetid:<\/p>\n<h3>Regelm\u00e6ssig inspektion<\/h3>\n<p>Regelm\u00e6ssig inspektion af cylinderens hus, pakninger og andre komponenter kan hj\u00e6lpe med at opdage slid, skader eller l\u00e6kager. <\/p>\n<h3>Sm\u00f8ring<\/h3>\n<p>Korrekt sm\u00f8ring af cylinderen hj\u00e6lper med at reducere slitage, sikrer j\u00e6vn drift og forl\u00e6nger cylinderens levetid.<\/p>\n<h3>Udskiftning af pakning og kalibreringskontrol<\/h3>\n<p>Pakningerne b\u00f8r udskiftes, n\u00e5r de viser tegn p\u00e5 slid eller beskadigelse. Kalibreringskontrollen er n\u00f8dvendig for at sikre, at cylinderen fortsat fungerer korrekt.<\/p>\n<div>\n  <img decoding=\"async\" src=\"https:\/\/www.hydraulic-cylinders.net\/wp-content\/uploads\/2025\/01\/songte-chushion-collar.webp\" alt=\"Vedligeholdelse af spandcylinder\" \/>\n<\/div>\n<h2>Sikkerheds- og milj\u00f8hensyn<\/h2>\n<p>Der b\u00f8r tr\u00e6ffes sikkerhedsforanstaltninger ved brug af hydrauliske cylindre for at undg\u00e5 personskade eller beskadigelse af udstyr. Korrekt bortskaffelse af hydraulikolie og andre materialer er n\u00f8dvendig for at forhindre milj\u00f8forurening.<\/p>\n<h2>Fejldiagnose og fejlfinding<\/h2>\n<p>F\u00f8lgende er nogle almindelige problemer og l\u00f8sninger:<\/p>\n<h3>Ut\u00e6t hydraulisk v\u00e6ske<\/h3>\n<p>Mulige \u00e5rsager er slidte eller beskadigede pakninger eller cylinderhus. Udskift pakningerne eller cylinderhuset efter behov. <\/p>\n<h3>Langsom eller uj\u00e6vn bev\u00e6gelse<\/h3>\n<p>Mulige \u00e5rsager er lavt hydraulisk tryk eller beskadiget stempel. Kontroller det hydrauliske system, og udskift stemplet om n\u00f8dvendigt. <\/p>\n<h3>Rykkende bev\u00e6gelse<\/h3>\n<p>Mulige \u00e5rsager er slidte eller beskadigede pakninger eller stempel. Udskift pakningerne eller stemplet efter behov.<\/p>\n<div>\n  <img decoding=\"async\" src=\"https:\/\/www.hydraulic-cylinders.net\/wp-content\/uploads\/2025\/01\/songte-bushings-with-all-kinds-of-excavator-models.webp\" alt=\"Fejlfinding af spandcylinder\" \/>\n<\/div>\n<h2>Om os<\/h2>\n<p>Vi er en f\u00f8rende producent og grossist af hydrauliske cylindre p\u00e5 det indenlandske og internationale marked. Vores virksomhed tilbyder et komplet produktsortiment og f\u00f8lger fremragende kvalitetsstandarder. Vi er afh\u00e6ngige af en strategi for industriel produktionsstyring med fine produktionsv\u00e6rksteder, teknologiske talenter, digitalt high-end produktionsudstyr og professionelle testsystemer, forbedrer l\u00f8bende v\u00e6rkstedets produktionsplatform, forbedrer produktkvaliteten og har en st\u00e6rk innovationsevne. Vi opretholder principperne om h\u00f8j effektivitet, h\u00f8j pr\u00e6cision og h\u00f8j kvalitet for at im\u00f8dekomme kundernes behov.<\/p>\n<ul>\n<li>Professionalitet: Vi har et team af eksperter, der specialiserer sig i design og fremstilling af hydrauliske cylindre.<\/li>\n<li>International certificering: Vores produkter er certificeret i henhold til internationale standarder.<\/li>\n<li>Tilpasningstjenester: Vi tilbyder tilpasningstjenester for at im\u00f8dekomme specifikke behov.<\/li>\n<li>Produktionsudstyr: Vi har avanceret produktionsudstyr til produktion af h\u00f8j kvalitet.<\/li>\n<li>Eftersalgsservice: Vi tilbyder eftersalgsservice for at sikre kundetilfredshed.<\/li>\n<\/ul>\n<div>\n  <img decoding=\"async\" src=\"https:\/\/hzpt.com\/wp-content\/uploads\/2024\/11\/songte-company-1.webp\" alt=\"Om os\" \/>\n<\/div>\n<p>Forfatter: lyl<\/p>","protected":false},"excerpt":{"rendered":"<p>Bucket Cylinder For Kato Small Excavator HD2048R Introduction A bucket cylinder for an excavator is a hydraulic cylinder specifically designed to control the movement of a bucket in heavy machinery such as excavators, backhoe loaders, and front loaders. Its main function is to enable the bucket to lift, lower and tilt, making it easier for [&hellip;]<\/p>","protected":false},"featured_media":14769,"comment_status":"open","ping_status":"closed","template":"","meta":{"_et_pb_use_builder":"","_et_pb_old_content":"","_et_gb_content_width":""},"product_brand":[],"product_cat":[1494],"product_tag":[1495,1496],"class_list":{"0":"post-16013","1":"product","2":"type-product","3":"status-publish","4":"has-post-thumbnail","6":"product_cat-bucket-cylinders","7":"product_tag-bucket-cylinders","8":"product_tag-hydraulic-cylinders","10":"first","11":"instock","12":"shipping-taxable","13":"product-type-simple"},"amp_enabled":true,"_links":{"self":[{"href":"https:\/\/www.hydraulic-cylinders.net\/da\/wp-json\/wp\/v2\/product\/16013","targetHints":{"allow":["GET"]}}],"collection":[{"href":"https:\/\/www.hydraulic-cylinders.net\/da\/wp-json\/wp\/v2\/product"}],"about":[{"href":"https:\/\/www.hydraulic-cylinders.net\/da\/wp-json\/wp\/v2\/types\/product"}],"replies":[{"embeddable":true,"href":"https:\/\/www.hydraulic-cylinders.net\/da\/wp-json\/wp\/v2\/comments?post=16013"}],"wp:featuredmedia":[{"embeddable":true,"href":"https:\/\/www.hydraulic-cylinders.net\/da\/wp-json\/wp\/v2\/media\/14769"}],"wp:attachment":[{"href":"https:\/\/www.hydraulic-cylinders.net\/da\/wp-json\/wp\/v2\/media?parent=16013"}],"wp:term":[{"taxonomy":"product_brand","embeddable":true,"href":"https:\/\/www.hydraulic-cylinders.net\/da\/wp-json\/wp\/v2\/product_brand?post=16013"},{"taxonomy":"product_cat","embeddable":true,"href":"https:\/\/www.hydraulic-cylinders.net\/da\/wp-json\/wp\/v2\/product_cat?post=16013"},{"taxonomy":"product_tag","embeddable":true,"href":"https:\/\/www.hydraulic-cylinders.net\/da\/wp-json\/wp\/v2\/product_tag?post=16013"}],"curies":[{"name":"wp","href":"https:\/\/api.w.org\/{rel}","templated":true}]}}