{"id":16020,"date":"2025-01-19T15:17:59","date_gmt":"2025-01-19T15:17:59","guid":{"rendered":"https:\/\/www.hydraulic-cylinders.net\/product\/bucket-cylinder-for-kato-small-excavator-hd307\/"},"modified":"2025-01-19T15:18:01","modified_gmt":"2025-01-19T15:18:01","slug":"bucket-cylinder-for-kato-small-excavator-hd307","status":"publish","type":"product","link":"https:\/\/www.hydraulic-cylinders.net\/da\/vare\/bucket-cylinder-for-kato-small-excavator-hd307\/","title":{"rendered":"Skovlcylinder til Kato lille gravemaskine HD307"},"content":{"rendered":"<h1>Skovlcylinder til Kato lille gravemaskine HD307<\/h1>\n<h2>Indledning<\/h2>\n<p>Skovlcylinderen til Kato lille gravemaskine HD307 er en specialdesignet hydraulisk cylinder, der prim\u00e6rt bruges til at styre skovlens bev\u00e6gelse i tunge maskiner s\u00e5som gravemaskiner, rendegravere og frontl\u00e6ssere. Dens hovedfunktion er at muligg\u00f8re l\u00f8ft, s\u00e6nkning og vipning af skovlen, hvilket muligg\u00f8r effektiv h\u00e5ndtering af forskellige materialer. I det hydrauliske system opn\u00e5r skovlcylinderen pr\u00e6cis kontrol over skovlen ved at udnytte tryk\u00e6ndringerne i hydraulikolien, hvilket giver f\u00f8reren mulighed for at h\u00e5ndtere tunge belastninger effektivt og tilpasse sig komplekse arbejdsmilj\u00f8er og forskellige driftskrav.<\/p>\n<p><img decoding=\"async\" src=\"https:\/\/www.hydraulic-cylinders.net\/wp-content\/uploads\/2025\/01\/songte-company-2.webp\" alt=\"Billede af spandcylinder\"><\/p>\n<h2>Funktioner<\/h2>\n<ul>\n<li>H\u00f8j styrke og holdbarhed: Skovlcylinderen er typisk lavet af h\u00f8jstyrkest\u00e5l eller aluminium og kan modst\u00e5 h\u00f8je tryk og tunge belastninger og tilpasse sig barske arbejdsmilj\u00f8er. Dens design tager h\u00f8jde for slidstyrke og korrosionsbestandighed, hvilket forl\u00e6nger dens levetid.<\/li>\n<li>Effektiv hydraulisk drift: Ved at udnytte trykket fra hydraulikolien opn\u00e5r skovlcylinderen j\u00e6vne ud- og indtr\u00e6ksbev\u00e6gelser, hvilket muligg\u00f8r hurtig reaktion p\u00e5 styrekommandoer og giver kraftige skubbe- og tr\u00e6kkr\u00e6fter til h\u00e5ndtering af tunge belastninger og komplekse opgaver.<\/li>\n<li>Forskellige typer: Skovlcylinderen kan v\u00e6lges som enkeltvirkende (hydraulisk tryk anvendes kun i \u00e9n retning) eller dobbeltvirkende (hydraulisk tryk anvendes i begge retninger) cylindre for at opfylde forskellige driftskrav. Nogle modeller er teleskopiske, hvilket giver mulighed for st\u00f8rre udtr\u00e6k uden at \u00f8ge de udvendige dimensioner, hvilket g\u00f8r dem velegnede til applikationer med begr\u00e6nset plads.<\/li>\n<li>Perfekt udskiftning: Vores produkter kan perfekt erstatte disse hydrauliske cylindre. <\/li>\n<\/ul>\n<p><img decoding=\"async\" src=\"https:\/\/www.hydraulic-cylinders.net\/wp-content\/uploads\/2025\/01\/songte-cylinder-head-with-all-kinds-excavator-models.webp\" alt=\"Produktbillede\"><\/p>\n<h2>Applikationer<\/h2>\n<p>Skovlcylinderen finder sine anvendelser i forskellige typer maskiner:<\/p>\n<ul>\n<li>Entrepren\u00f8rudstyr: Afg\u00f8rende i gravemaskiner til gravning, lastning og flytning af jord eller affald. I rendegravere hj\u00e6lper skovlcylinderen b\u00e5de med udgravning og l\u00f8ft.<\/li>\n<li>Landbrugsmaskiner: Bruges i frontl\u00e6ssere til at udgrave, l\u00f8fte og transportere jord, h\u00f8 og andre materialer.<\/li>\n<li>Gravemaskiner: Skovlcylinderen muligg\u00f8r gravefunktion ved at lade skovlen tr\u00e6nge ned i jorden.<\/li>\n<li>L\u00e6ssere: Frontl\u00e6ssere hj\u00e6lper med at l\u00f8fte og losse gods effektivt.<\/li>\n<\/ul>\n<h2>Designovervejelser og udv\u00e6lgelseskriterier<\/h2>\n<p>N\u00e5r det kommer til designhensyn og udv\u00e6lgelseskriterier for skovlcylinderen, skal der tages h\u00f8jde for flere faktorer:<\/p>\n<ul>\n<li>B\u00e6reevne: Cylinderen skal v\u00e6re konstrueret til at modst\u00e5 de forventede belastninger og tryk.<\/li>\n<li>T\u00e6tning: Forskellige t\u00e6tningskomponenter, s\u00e5som stempelt\u00e6tninger og stangt\u00e6tninger, b\u00f8r anvendes for at sikre korrekt t\u00e6tning. Materialer som polyurethan og nitrilgummi v\u00e6lges ofte p\u00e5 grund af deres slidstyrke.<\/li>\n<li>Holdbarhed: Cylinderhuset og gevindenderne b\u00f8r gennemg\u00e5 en pr\u00e6cis behandling for at forbedre slidstyrken.<\/li>\n<li>Sikkerhed: Der b\u00f8r indarbejdes sikkerhedsforanstaltninger for at forhindre ulykker og sikre operat\u00f8rens beskyttelse.<\/li>\n<li>Vedligeholdelsesevne: Tilg\u00e6ngelighed til vedligeholdelse og reparation b\u00f8r tages i betragtning i designet.<\/li>\n<\/ul>\n<p><img decoding=\"async\" src=\"https:\/\/www.hydraulic-cylinders.net\/wp-content\/uploads\/2025\/01\/songte-oil-pipes-and-spare-parts.webp\" alt=\"Produktbillede\"><\/p>\n<h2>T\u00e6tning og sm\u00f8ring<\/h2>\n<p>Skovlcylinderen anvender forskellige t\u00e6tningskomponenter s\u00e5som stempelt\u00e6tninger og stangt\u00e6tninger. Disse t\u00e6tninger er lavet af slidst\u00e6rke materialer som polyurethan og nitrilgummi. Cylinderhuset og gevindenderne er fint behandlet for at forbedre slidstyrken. Regelm\u00e6ssig sm\u00f8ring med passende hydraulikolie er n\u00f8dvendig for at sikre problemfri drift.<\/p>\n<h2>Regelm\u00e6ssig inspektion og forebyggende vedligeholdelse<\/h2>\n<p>For at sikre optimal ydeevne og levetid b\u00f8r der tr\u00e6ffes regelm\u00e6ssige inspektioner og forebyggende vedligeholdelsesforanstaltninger:<\/p>\n<ul>\n<li>Unders\u00f8g alle komponenter for slid eller skader.<\/li>\n<li>S\u00f8rg for korrekt sm\u00f8ring.<\/li>\n<li>Udskift pakninger og t\u00e6tninger efter behov.<\/li>\n<li>Udf\u00f8r kalibreringskontroller for at opretholde n\u00f8jagtigheden.<\/li>\n<\/ul>\n<h2>Vejledning til korrekt produktinstallation<\/h2>\n<p>Korrekt installation er afg\u00f8rende for skovlcylinderens ydeevne og sikkerhed. F\u00f8lg disse retningslinjer:<\/p>\n<ul>\n<li>Just\u00e9r cylinderen korrekt under installationen.<\/li>\n<li>Brug passende monteringsbeslag til at fastg\u00f8re cylinderen.<\/li>\n<li>Anbefal procedurer for inspektion, reparation og udskiftning.<\/li>\n<li>Lever reservedele og ombygningstjenester for at forl\u00e6nge spandcylinderens levetid.<\/li>\n<\/ul>\n<p><img decoding=\"async\" src=\"https:\/\/www.hydraulic-cylinders.net\/wp-content\/uploads\/2025\/01\/songte-chushion-collar.webp\" alt=\"Produktbillede\"><\/p>\n<h2>Sikkerhedshensyn og milj\u00f8faktorer<\/h2>\n<p>N\u00e5r man bruger skovlcylinderen, er det vigtigt at prioritere sikkerhedsforanstaltninger for at forhindre ulykker og beskytte b\u00e5de f\u00f8rere og milj\u00f8et.<\/p>\n<h2>Fejlfinding og almindelige problemer<\/h2>\n<p>Almindelige problemer, der kan opst\u00e5 med skovlcylinderen:<\/p>\n<ul>\n<li>L\u00e6kage af hydraulikolie.<\/li>\n<li>Langsom eller uresponsiv bev\u00e6gelse.<\/li>\n<li>For meget st\u00f8j under drift.<\/li>\n<\/ul>\n<p>Overvej f\u00f8lgende tips til fejlfinding og probleml\u00f8sning:<\/p>\n<ul>\n<li>Giv tips og l\u00f8sninger til fejlfinding for at hj\u00e6lpe l\u00e6serne med at diagnosticere og l\u00f8se problemer effektivt.<\/li>\n<li>Foresl\u00e5 forebyggende foranstaltninger for at minimere potentielle problemer.<\/li>\n<\/ul>\n<p><img decoding=\"async\" src=\"https:\/\/www.hydraulic-cylinders.net\/wp-content\/uploads\/2025\/01\/songte-bushings-with-all-kinds-of-excavator-models.webp\" alt=\"Produktbillede\"><\/p>\n<p>Husk at organisere artiklen logisk, bruge underoverskrifter for nem navigation, inkorporere relevante billeder eller diagrammer for at forbedre forst\u00e5elsen, og s\u00f8rg for, at indholdet er klart, pr\u00e6cist og egnet til l\u00e6sere med varierende niveauer af teknisk viden.<\/p>\n<h2>Om vores virksomhed<\/h2>\n<p>Vi er producent af hydrauliske udskiftningscylindre og tilbyder en bred vifte af produkter. Vi er blevet en af \u200b\u200bde f\u00f8rende producenter og engrosdistribut\u00f8rer af hydrauliske cylindre p\u00e5 b\u00e5de indenlandske og internationale markeder. Med fokus p\u00e5 fremragende kvalitet bruger vi strategier for industriel produktionsstyring i vores raffinerede produktionsv\u00e6rksteder. Vores virksomhed forbedrer l\u00f8bende sin produktionsplatform ved at anvende tekniske talenter, avanceret digitalt produktionsudstyr og professionelle testsystemer. Vi besidder st\u00e6rke kreative evner og sigter mod at im\u00f8dekomme forskellige kundebehov med h\u00f8j effektivitet, pr\u00e6cision og kvalitet. <\/p>\n<p><img decoding=\"async\" src=\"https:\/\/www.hydraulic-cylinders.net\/wp-content\/uploads\/2025\/01\/songte-company-3.webp\" alt=\"Virksomhedens image\"><\/p>\n<p>Derudover er vi stolte af vores professionalisme, internationale certificeringer, kundeservice, produktionsudstyr og eftersalgsservice.<\/p>\n<p>Forfatter: lyl<\/p>","protected":false},"excerpt":{"rendered":"<p>Bucket Cylinder For Kato Small Excavator HD307 Introduction The bucket cylinder for Kato small excavator HD307 is a specially designed hydraulic cylinder that is primarily used to control the movement of the bucket in heavy machinery such as excavators, backhoe loaders, and front-end loaders. Its main function is to enable the lifting, lowering, and tilting [&hellip;]<\/p>","protected":false},"featured_media":14785,"comment_status":"open","ping_status":"closed","template":"","meta":{"_et_pb_use_builder":"","_et_pb_old_content":"","_et_gb_content_width":""},"product_brand":[],"product_cat":[1494],"product_tag":[1495,1496],"class_list":{"0":"post-16020","1":"product","2":"type-product","3":"status-publish","4":"has-post-thumbnail","6":"product_cat-bucket-cylinders","7":"product_tag-bucket-cylinders","8":"product_tag-hydraulic-cylinders","10":"first","11":"instock","12":"shipping-taxable","13":"product-type-simple"},"amp_enabled":true,"_links":{"self":[{"href":"https:\/\/www.hydraulic-cylinders.net\/da\/wp-json\/wp\/v2\/product\/16020","targetHints":{"allow":["GET"]}}],"collection":[{"href":"https:\/\/www.hydraulic-cylinders.net\/da\/wp-json\/wp\/v2\/product"}],"about":[{"href":"https:\/\/www.hydraulic-cylinders.net\/da\/wp-json\/wp\/v2\/types\/product"}],"replies":[{"embeddable":true,"href":"https:\/\/www.hydraulic-cylinders.net\/da\/wp-json\/wp\/v2\/comments?post=16020"}],"wp:featuredmedia":[{"embeddable":true,"href":"https:\/\/www.hydraulic-cylinders.net\/da\/wp-json\/wp\/v2\/media\/14785"}],"wp:attachment":[{"href":"https:\/\/www.hydraulic-cylinders.net\/da\/wp-json\/wp\/v2\/media?parent=16020"}],"wp:term":[{"taxonomy":"product_brand","embeddable":true,"href":"https:\/\/www.hydraulic-cylinders.net\/da\/wp-json\/wp\/v2\/product_brand?post=16020"},{"taxonomy":"product_cat","embeddable":true,"href":"https:\/\/www.hydraulic-cylinders.net\/da\/wp-json\/wp\/v2\/product_cat?post=16020"},{"taxonomy":"product_tag","embeddable":true,"href":"https:\/\/www.hydraulic-cylinders.net\/da\/wp-json\/wp\/v2\/product_tag?post=16020"}],"curies":[{"name":"wp","href":"https:\/\/api.w.org\/{rel}","templated":true}]}}