{"id":16022,"date":"2025-01-19T15:18:10","date_gmt":"2025-01-19T15:18:10","guid":{"rendered":"https:\/\/www.hydraulic-cylinders.net\/product\/bucket-cylinder-for-kato-small-excavator-hd512-3\/"},"modified":"2025-01-19T15:18:12","modified_gmt":"2025-01-19T15:18:12","slug":"bucket-cylinder-for-kato-small-excavator-hd512-3","status":"publish","type":"product","link":"https:\/\/www.hydraulic-cylinders.net\/da\/vare\/bucket-cylinder-for-kato-small-excavator-hd512-3\/","title":{"rendered":"Skovlcylinder til Kato lille gravemaskine HD512-3"},"content":{"rendered":"<h1>Skovlcylinder til Kato lille gravemaskine HD512-3<\/h1>\n<h2>Indledning<\/h2>\n<p>Skovlcylinderen til Kato lille gravemaskine HD512-3 er en specialdesignet hydraulisk cylinder, der prim\u00e6rt bruges til at styre skovlens bev\u00e6gelse i tunge maskiner s\u00e5som gravemaskiner, rendegravere og frontl\u00e6ssere. Dens hovedfunktion er at g\u00f8re det muligt for skovlen at l\u00f8fte, s\u00e6nke og vippe, hvilket g\u00f8r det lettere at h\u00e5ndtere forskellige materialeh\u00e5ndteringsopgaver. I det hydrauliske system bruger skovlcylinderen tryk\u00e6ndringen i hydraulikolien til at opn\u00e5 pr\u00e6cis kontrol over skovlen, hvilket g\u00f8r det muligt for operat\u00f8rer effektivt at h\u00e5ndtere tunge l\u00e6s og tilpasse sig komplekse arbejdsmilj\u00f8er og forskellige driftsbehov.<\/p>\n<p><img decoding=\"async\" src=\"https:\/\/www.hydraulic-cylinders.net\/wp-content\/uploads\/2025\/01\/songte-company-2.webp\" alt=\"Billede af spandcylinder\"><\/p>\n<h2>Funktioner<\/h2>\n<ul>\n<li>H\u00f8j styrke og holdbarhed: Typisk lavet af h\u00f8jstyrkest\u00e5l eller aluminium, kan den modst\u00e5 h\u00f8jt tryk og tunge belastninger, tilpasse sig barske arbejdsmilj\u00f8er og tage hensyn til slidstyrke og korrosionsbestandighed i designet, hvilket forl\u00e6nger dens levetid.<\/li>\n<li>Effektiv hydraulisk betjening: J\u00e6vn teleskopfunktion opn\u00e5s ved hj\u00e6lp af hydraulisk olietryk, som kan reagere hurtigt p\u00e5 styrekommandoer, give kraftige skubbe- og tr\u00e6kkr\u00e6fter og er velegnet til h\u00e5ndtering af tunge belastninger og komplekse arbejdsopgaver.<\/li>\n<li>Forskellige typer: Enkeltvirkende (hydraulisk anvendt i kun \u00e9n retning) eller dobbeltvirkende (hydraulisk anvendt i begge retninger) cylindre kan v\u00e6lges efter behov for at opfylde forskellige driftskrav. Nogle modeller er teleskopiske, hvilket giver mulighed for st\u00f8rre udtr\u00e6k uden at \u00f8ge de udvendige dimensioner, velegnede til applikationer med begr\u00e6nset plads.<\/li>\n<li>Kan tilpasses: Vores produkter kan perfekt erstatte disse hydrauliske cylindre.<\/li>\n<\/ul>\n<p><img decoding=\"async\" src=\"https:\/\/www.hydraulic-cylinders.net\/wp-content\/uploads\/2025\/01\/songte-cylinder-head-with-all-kinds-excavator-models.webp\" alt=\"Billede af udskiftning af spandcylinder\"><\/p>\n<h2>Applikationer<\/h2>\n<p>Skovlcylinderen til Kato lille gravemaskine HD512-3 er meget anvendt inden for forskellige omr\u00e5der, herunder:<\/p>\n<h3>Entrepren\u00f8rudstyr:<\/h3>\n<ul>\n<li>Gravemaskiner: Skovlcylinderen g\u00f8r det muligt for skovlen at tr\u00e6nge ned i jorden for at udf\u00f8re gravearbejde.<\/li>\n<li>Gravemaskiner med rendegraver: Skovlcylinderen hj\u00e6lper med at grave og l\u00f8fte.<\/li>\n<li>Frontl\u00e6ssere: Den hj\u00e6lper med at l\u00f8fte og vippe for effektivt at t\u00f8mme last.<\/li>\n<\/ul>\n<h3>Landbrugsmaskiner:<\/h3>\n<ul>\n<li>Frontl\u00e6ssere: Bruges til at opsamle, l\u00f8fte og transportere jord, h\u00f8 og andre materialer.<\/li>\n<\/ul>\n<h2>Designovervejelser og udv\u00e6lgelseskriterier<\/h2>\n<p>Skovlcylinderen til Kato lille gravemaskine HD512-3 er designet til at have f\u00f8lgende funktioner:<\/p>\n<h3>B\u00e6reevne:<\/h3>\n<p>Skovlcylinderen skal kunne modst\u00e5 h\u00f8jt tryk, tunge belastninger og barske milj\u00f8er, s\u00e5 der anvendes typisk materialer med h\u00f8j styrke.<\/p>\n<h3>Forsegling:<\/h3>\n<p>Skovlcylinderen skal v\u00e6re korrekt forseglet for at forhindre l\u00e6kage og sikre sikker drift. Der anvendes forskellige t\u00e6tningskomponenter s\u00e5som stempelt\u00e6tninger og stangt\u00e6tninger, og der v\u00e6lges slidst\u00e6rke materialer s\u00e5som polyurethan og nitrilgummi.<\/p>\n<h3>Holdbarhed:<\/h3>\n<p>Skovlcylinderen skal v\u00e6re holdbar og modstandsdygtig over for slid og korrosion, s\u00e5 cylinderhuset og gevindets endeflader er omhyggeligt behandlet for at forbedre slidstyrken. Regelm\u00e6ssig p\u00e5fyldning af hydraulikolie er n\u00f8dvendig for sm\u00f8ring.<\/p>\n<h3>Sikkerhed:<\/h3>\n<p>Sikkerhed er en afg\u00f8rende faktor for skovlcylinderen til Kato lille gravemaskine HD512-3. Cylinderen skal installeres og bruges korrekt for at sikre sikker drift og forhindre ulykker.<\/p>\n<h2>Vedligeholdelse og reparation<\/h2>\n<p>Skovlcylinderen til Kato lille gravemaskine HD512-3 kr\u00e6ver regelm\u00e6ssig inspektion og forebyggende vedligeholdelse for at sikre optimal ydeevne og levetid. Almindelige vedligeholdelsesopgaver omfatter:<\/p>\n<ul>\n<li>Regelm\u00e6ssig kontrol<\/li>\n<li>Sm\u00f8ring<\/li>\n<li>Udskiftning af pakning<\/li>\n<li>Kalibreringskontrol<\/li>\n<\/ul>\n<p>Korrekt installation, sm\u00f8ring og justering er afg\u00f8rende for skovlcylinderens levetid. Under installationen anbefales det at justere cylinderen korrekt og bruge passende monteringsbeslag til at fastg\u00f8re cylinderen. Inspektion, reparation og udskiftningsprocedurer anbefales for at sikre maksimal ydeevne og levetid.<\/p>\n<p><img decoding=\"async\" src=\"https:\/\/www.hydraulic-cylinders.net\/wp-content\/uploads\/2025\/01\/songte-chushion-collar.webp\" alt=\"Billede af vedligeholdelse af spandcylinder\"><\/p>\n<h2>Sikkerheds- og milj\u00f8hensyn<\/h2>\n<p>Sikkerhed er en topprioritet ved brug af skovlcylinderen til Kato lille gravemaskine HD512-3. Korrekt installation og betjening er n\u00f8dvendig for at forhindre ulykker og sikre sikker drift. Derudover er milj\u00f8faktorer s\u00e5som korrekt bortskaffelse af hydraulikolie vigtige overvejelser.<\/p>\n<h2>Almindelig fejldiagnose og fejlfinding<\/h2>\n<p>Almindelige fejl, der kan opst\u00e5 med skovlcylinderen p\u00e5 Kato lille gravemaskine HD512-3, omfatter l\u00e6kage, utilstr\u00e6kkelig eller overdreven bev\u00e6gelse og unormale lyde. Fejlfindingstips og l\u00f8sninger anbefales for at hj\u00e6lpe med at diagnosticere og l\u00f8se problemer effektivt. Forebyggende foranstaltninger anbefales ogs\u00e5 for at minimere potentielle problemer.<\/p>\n<p><img decoding=\"async\" src=\"https:\/\/www.hydraulic-cylinders.net\/wp-content\/uploads\/2025\/01\/songte-bushings-with-all-kinds-of-excavator-models.webp\" alt=\"Billede af fejlfinding af spandcylinder\"><\/p>\n<h2>Om vores virksomhed<\/h2>\n<p>Vi er producent og leverand\u00f8r af hydrauliske cylindre, der tilbyder et komplet produktsortiment og er blevet en af \u200b\u200bde f\u00f8rende producenter og engrosdistribut\u00f8rer af hydrauliske cylindre p\u00e5 det indenlandske og internationale marked. Vores virksomhed f\u00f8lger strategien om industrialiseret produktionsstyring baseret p\u00e5 fremragende kvalitet, og vi bruger teknologiske talenter, digitalt avanceret produktionsudstyr og professionelle testsystemer til l\u00f8bende at forbedre v\u00e6rkstedets produktionsplatform, forbedre produktets kvalitetsproduktionslinje og have en st\u00e6rk kreativ evne til at im\u00f8dekomme kundernes forskellige behov med h\u00f8j effektivitet, h\u00f8j pr\u00e6cision og h\u00f8j kvalitet.<\/p>\n<p>Vores virksomhed tilbyder ogs\u00e5 professionelle tilpasningstjenester, internationale certificeringer, avanceret produktionsudstyr og eftersalgsservice.<\/p>\n<p><img decoding=\"async\" src=\"https:\/\/www.hydraulic-cylinders.net\/wp-content\/uploads\/2025\/01\/songte-company-3.webp\" alt=\"Virksomhedens image\"><\/p>\n<p>Forfatter: lyl.<\/p>","protected":false},"excerpt":{"rendered":"<p>Bucket Cylinder For Kato Small Excavator HD512-3 Introduction The bucket cylinder for Kato small excavator HD512-3 is a specially designed hydraulic cylinder that is primarily used to control the movement of the bucket in heavy machinery such as excavators, backhoe excavators, and front-end loaders. Its main function is to enable the bucket to lift, lower, [&hellip;]<\/p>","protected":false},"featured_media":14782,"comment_status":"open","ping_status":"closed","template":"","meta":{"_et_pb_use_builder":"","_et_pb_old_content":"","_et_gb_content_width":""},"product_brand":[],"product_cat":[1494],"product_tag":[1495,1496],"class_list":{"0":"post-16022","1":"product","2":"type-product","3":"status-publish","4":"has-post-thumbnail","6":"product_cat-bucket-cylinders","7":"product_tag-bucket-cylinders","8":"product_tag-hydraulic-cylinders","10":"first","11":"instock","12":"shipping-taxable","13":"product-type-simple"},"amp_enabled":true,"_links":{"self":[{"href":"https:\/\/www.hydraulic-cylinders.net\/da\/wp-json\/wp\/v2\/product\/16022","targetHints":{"allow":["GET"]}}],"collection":[{"href":"https:\/\/www.hydraulic-cylinders.net\/da\/wp-json\/wp\/v2\/product"}],"about":[{"href":"https:\/\/www.hydraulic-cylinders.net\/da\/wp-json\/wp\/v2\/types\/product"}],"replies":[{"embeddable":true,"href":"https:\/\/www.hydraulic-cylinders.net\/da\/wp-json\/wp\/v2\/comments?post=16022"}],"wp:featuredmedia":[{"embeddable":true,"href":"https:\/\/www.hydraulic-cylinders.net\/da\/wp-json\/wp\/v2\/media\/14782"}],"wp:attachment":[{"href":"https:\/\/www.hydraulic-cylinders.net\/da\/wp-json\/wp\/v2\/media?parent=16022"}],"wp:term":[{"taxonomy":"product_brand","embeddable":true,"href":"https:\/\/www.hydraulic-cylinders.net\/da\/wp-json\/wp\/v2\/product_brand?post=16022"},{"taxonomy":"product_cat","embeddable":true,"href":"https:\/\/www.hydraulic-cylinders.net\/da\/wp-json\/wp\/v2\/product_cat?post=16022"},{"taxonomy":"product_tag","embeddable":true,"href":"https:\/\/www.hydraulic-cylinders.net\/da\/wp-json\/wp\/v2\/product_tag?post=16022"}],"curies":[{"name":"wp","href":"https:\/\/api.w.org\/{rel}","templated":true}]}}