{"id":16097,"date":"2025-01-20T08:28:31","date_gmt":"2025-01-20T08:28:31","guid":{"rendered":"https:\/\/www.hydraulic-cylinders.net\/product\/arm-cylinderfor-sumitomo-small-excavator-sh80-6\/"},"modified":"2025-01-20T08:28:33","modified_gmt":"2025-01-20T08:28:33","slug":"arm-cylinderfor-sumitomo-small-excavator-sh80-6","status":"publish","type":"product","link":"https:\/\/www.hydraulic-cylinders.net\/da\/vare\/arm-cylinderfor-sumitomo-small-excavator-sh80-6\/","title":{"rendered":"Armcylinder til Sumitomo lille gravemaskine SH80-6"},"content":{"rendered":"<h1>Armcylinder til Sumitomo lille gravemaskine SH80-6<\/h1>\n<h2>Indledning<\/h2>\n<h3>Definerende armcylinder<\/h3>\n<p>En armcylinder er en hydraulisk cylinder, der er specielt designet til at give line\u00e6r bev\u00e6gelse og kraft til forskellige typer maskinarme s\u00e5som gravemaskiner, kraner og robotarme. Armcylindre spiller en afg\u00f8rende rolle i hydrauliske systemer, da de muligg\u00f8r effektiv bev\u00e6gelse og kontrol af redskaber eller v\u00e6rkt\u00f8j. Disse cylindre giver ikke kun j\u00e6vn bev\u00e6gelse, men kan ogs\u00e5 modst\u00e5 tunge belastninger, hvilket sikrer effektiv drift og p\u00e5lidelighed af maskineriet under forskellige driftsforhold.<\/p>\n<p><img decoding=\"async\" src=\"https:\/\/www.hydraulic-cylinders.net\/wp-content\/uploads\/2025\/01\/songte-company-2.webp\" alt=\"Armcylinder\" \/><\/p>\n<h2>Funktioner<\/h2>\n<h3>Effektiv kraftoverf\u00f8rsel<\/h3>\n<p>Armcylindre giver kraftig line\u00e6r bev\u00e6gelse og kraft, hvilket sikrer maskinarmens h\u00f8jeffektive ydeevne i forskellige operationer.<\/p>\n<h3>Pr\u00e6cis kontrol<\/h3>\n<p>Gennem det hydrauliske system kan armcylindre opn\u00e5 pr\u00e6cis bev\u00e6gelseskontrol, hvilket g\u00f8r betjeningen af \u200b\u200b\u200b\u200bredskaber mere fleksibel og pr\u00e6cis.<\/p>\n<h3>Holdbarhed<\/h3>\n<p>Armcylindre er typisk lavet af h\u00f8jstyrkematerialer med god slid- og korrosionsbestandighed, der er egnede til langvarig brug i barske milj\u00f8er.<\/p>\n<h3>Multifunktionel tilpasningsevne<\/h3>\n<p>Disse cylindre er bredt anvendelige p\u00e5 forskellige typer maskiner s\u00e5som gravemaskiner, kraner og robotarme og tilpasser sig forskellige arbejdskrav.<\/p>\n<h3>Nem vedligeholdelse<\/h3>\n<p>Designhensyn sikrer nem vedligeholdelse og udskiftning, hvilket g\u00f8r regelm\u00e6ssig kontrol og vedligeholdelse mere bekvem og reducerer nedetid p\u00e5 udstyret.<\/p>\n<p><img decoding=\"async\" src=\"https:\/\/www.hydraulic-cylinders.net\/wp-content\/uploads\/2025\/01\/songte-oil-pipes-and-spare-parts.webp\" alt=\"Reservedele til armcylinder\" \/><\/p>\n<h2>Applikationer<\/h2>\n<p>Armcylinderen finder sin anvendelse inden for forskellige omr\u00e5der, herunder:<\/p>\n<h3>Konstruktion<\/h3>\n<ul>\n<li>Styrer bev\u00e6gelsen af \u200b\u200bskovlen eller bommen p\u00e5 gravemaskiner eller kraner, der bruges til jordarbejde, materialeh\u00e5ndtering og montering af strukturer.<\/li>\n<\/ul>\n<h3>Produktion<\/h3>\n<ul>\n<li>Styrer bev\u00e6gelsen af \u200b\u200brobotarme i monterings-, svejsnings- og materialeh\u00e5ndteringsprocesser for at forbedre produktionseffektiviteten og n\u00f8jagtigheden.<\/li>\n<\/ul>\n<h3>Landbrugsmaskiner<\/h3>\n<ul>\n<li>Styrer bev\u00e6gelsen af \u200b\u200b\u200b\u200barme i landbrugsudstyr s\u00e5som mejet\u00e6rskere og s\u00e5maskiner for at udf\u00f8re opgaver som plantning, g\u00f8dning og h\u00f8st.<\/li>\n<\/ul>\n<h3>Minedrift<\/h3>\n<ul>\n<li>Styrer armens bev\u00e6gelse i minedriftsudstyr, der bruges til malmudvinding og transport.<\/li>\n<\/ul>\n<h3>Logistik og transport<\/h3>\n<ul>\n<li>Styrer bev\u00e6gelsen af \u200b\u200bgaffeltrucks og h\u00e5ndteringsrobotter, der bruges til materialetransport og stabling.<\/li>\n<\/ul>\n<h2>Designovervejelser og udv\u00e6lgelseskriterier<\/h2>\n<h3>B\u00e6reevne<\/h3>\n<p>Armcylinderen skal have tilstr\u00e6kkelig b\u00e6reevne til at h\u00e5ndtere v\u00e6gten af \u200b\u200bdet tilbeh\u00f8r eller v\u00e6rkt\u00f8j, den betjener. Belastningsevnen b\u00f8r n\u00f8je overvejes, n\u00e5r man v\u00e6lger en cylinder til en specifik anvendelse.<\/p>\n<h3>Forseglingsevne<\/h3>\n<p>Armcylinderen skal have fremragende t\u00e6tningsevne for at forhindre l\u00e6kage af hydraulikolie og reducere vedligeholdelsesbehovet. Forskellige t\u00e6tningskomponenter, s\u00e5som stempelt\u00e6tninger og stangt\u00e6tninger, anvendes for at sikre effektiv t\u00e6tningsevne.<\/p>\n<h3>Holdbarhed<\/h3>\n<p>Armcylinderen skal v\u00e6re meget holdbar for at modst\u00e5 barske milj\u00f8forhold og tung belastning. Cylinderen skal v\u00e6re lavet af h\u00f8jstyrkematerialer og gennemg\u00e5 korrekt overfladebehandling for at forbedre slidstyrken.<\/p>\n<h3>Sikkerhed<\/h3>\n<p>Armcylinderen skal v\u00e6re designet til at minimere sikkerhedsrisici under drift, s\u00e5som risikoen for pludselig brud eller svigt. Cylinderens sikkerhed kan sikres ved at v\u00e6lge materialer af h\u00f8j kvalitet, korrekt design og testning.<\/p>\n<h3>Opretholdelse<\/h3>\n<p>Armcylinderen skal v\u00e6re nem at vedligeholde og reparere for at minimere nedetid og vedligeholdelsesomkostninger. Designet b\u00f8r tage h\u00f8jde for nem demontering, udskiftning af komponenter og korrekt sm\u00f8ring.<\/p>\n<p><img decoding=\"async\" src=\"https:\/\/www.hydraulic-cylinders.net\/wp-content\/uploads\/2025\/01\/songte-cylinder-head-with-all-kinds-excavator-models.webp\" alt=\"Topstykke\" \/><\/p>\n<h2>T\u00e6tning og sm\u00f8ring<\/h2>\n<p>Armcylinderen bruger forskellige t\u00e6tningskomponenter s\u00e5som stempelt\u00e6tninger og stangt\u00e6tninger for at sikre effektiv t\u00e6tning. T\u00e6tningskomponenterne er lavet af holdbare materialer s\u00e5som polyurethan og nitrilgummi. Cylinderhovedet og den gevindsk\u00e5rne endeflade gennemg\u00e5r fin bearbejdning for at forbedre slidstyrken. Armcylinderen kr\u00e6ver regelm\u00e6ssig sm\u00f8ring med passende hydraulikolie for at opretholde j\u00e6vn drift og reducere slitage.<\/p>\n<h2>Vedligeholdelse og fejlfinding<\/h2>\n<p>Armcylinderen kr\u00e6ver regelm\u00e6ssig inspektion og forebyggende vedligeholdelse for at sikre sikker og effektiv drift. Almindelige problemer, der kan opst\u00e5, omfatter l\u00e6kage, unormal st\u00f8j og cylinderdrift. For at fejlfinde disse problemer skal du f\u00f8lge producentens retningslinjer, som kan omfatte kontrol af det hydrauliske system, udskiftning af beskadigede pakninger eller reparation af cylinderen. For at forhindre potentielle problemer b\u00f8r der udf\u00f8res regelm\u00e6ssig vedligeholdelse og inspektioner.<\/p>\n<p><img decoding=\"async\" src=\"https:\/\/www.hydraulic-cylinders.net\/wp-content\/uploads\/2025\/01\/songte-chushion-collar.webp\" alt=\"Pudekrave\" \/><\/p>\n<h2>Installationsvejledning<\/h2>\n<p>Armcylinderen skal installeres af en kvalificeret tekniker i henhold til producentens retningslinjer. Under installationen skal det sikres, at cylinderen er korrekt justeret, t\u00e6tnet og sm\u00f8ret. Hydrauliksystemet skal skylles igennem f\u00f8r installation for at fjerne snavs eller forurenende stoffer. Efter installationen skal der udf\u00f8res en visuel og funktionel inspektion af cylinderen for at sikre korrekt drift.<\/p>\n<h2>Om os<\/h2>\n<p>Vi er en professionel producent af hydrauliske udskiftningscylindre med en bred vifte af produkter, og vi er blevet en af \u200b\u200bde f\u00f8rende producenter og grossister af hydrauliske cylindre p\u00e5 det indenlandske og internationale marked. Vi overholder altid princippet om fremragende kvalitet, og bygger p\u00e5 den industrielle produktionsstyringsstrategi fra raffinerede produktionsv\u00e6rksteder, mens vi l\u00f8bende forbedrer vores teknologi og produktionseffektivitet.<\/p>\n<p>Gennem introduktionen af \u200b\u200bavanceret digitalt produktionsudstyr og professionelle testsystemer optimerer vi l\u00f8bende vores produktionsplatform, forbedrer vores produktkvalitetskontrolproces og besidder st\u00e6rke innovationskapaciteter. Vores m\u00e5l er at tilfredsstille kundernes forskellige behov baseret p\u00e5 h\u00f8j effektivitet, n\u00f8jagtighed og produkter af h\u00f8j kvalitet.<\/p>\n<p>Vi tilbyder professionelle tjenester, internationale certificeringer, skr\u00e6ddersyede tjenester, produktionsudstyr og eftersalgsservice til vores kunder.<\/p>\n<p><img decoding=\"async\" src=\"https:\/\/www.hydraulic-cylinders.net\/wp-content\/uploads\/2025\/01\/songte-company-4.webp\" alt=\"Firmabillede 1\" \/><\/p>\n<p><img decoding=\"async\" src=\"https:\/\/www.hydraulic-cylinders.net\/wp-content\/uploads\/2025\/01\/songte-company-3.webp\" alt=\"Virksomhedsbillede 2\" \/><\/p>\n<p>Forfatter: lyl.<\/p>","protected":false},"excerpt":{"rendered":"<p>Arm Cylinder For Sumitomo Small Excavator SH80-6 Introduction Defining Arm Cylinder An arm cylinder is a hydraulic cylinder specially designed to provide linear motion and power to various types of machinery arms such as excavators, cranes, and robotic arms. Arm cylinders play a crucial role in hydraulic systems, enabling effective movement and control of attachments [&hellip;]<\/p>","protected":false},"featured_media":14774,"comment_status":"open","ping_status":"closed","template":"","meta":{"_et_pb_use_builder":"","_et_pb_old_content":"","_et_gb_content_width":""},"product_brand":[],"product_cat":[1497],"product_tag":[1498,1496],"class_list":{"0":"post-16097","1":"product","2":"type-product","3":"status-publish","4":"has-post-thumbnail","6":"product_cat-arm-cylinders","7":"product_tag-arm-cylinders","8":"product_tag-hydraulic-cylinders","10":"first","11":"instock","12":"shipping-taxable","13":"product-type-simple"},"amp_enabled":true,"_links":{"self":[{"href":"https:\/\/www.hydraulic-cylinders.net\/da\/wp-json\/wp\/v2\/product\/16097","targetHints":{"allow":["GET"]}}],"collection":[{"href":"https:\/\/www.hydraulic-cylinders.net\/da\/wp-json\/wp\/v2\/product"}],"about":[{"href":"https:\/\/www.hydraulic-cylinders.net\/da\/wp-json\/wp\/v2\/types\/product"}],"replies":[{"embeddable":true,"href":"https:\/\/www.hydraulic-cylinders.net\/da\/wp-json\/wp\/v2\/comments?post=16097"}],"wp:featuredmedia":[{"embeddable":true,"href":"https:\/\/www.hydraulic-cylinders.net\/da\/wp-json\/wp\/v2\/media\/14774"}],"wp:attachment":[{"href":"https:\/\/www.hydraulic-cylinders.net\/da\/wp-json\/wp\/v2\/media?parent=16097"}],"wp:term":[{"taxonomy":"product_brand","embeddable":true,"href":"https:\/\/www.hydraulic-cylinders.net\/da\/wp-json\/wp\/v2\/product_brand?post=16097"},{"taxonomy":"product_cat","embeddable":true,"href":"https:\/\/www.hydraulic-cylinders.net\/da\/wp-json\/wp\/v2\/product_cat?post=16097"},{"taxonomy":"product_tag","embeddable":true,"href":"https:\/\/www.hydraulic-cylinders.net\/da\/wp-json\/wp\/v2\/product_tag?post=16097"}],"curies":[{"name":"wp","href":"https:\/\/api.w.org\/{rel}","templated":true}]}}