{"id":16225,"date":"2025-01-20T08:41:36","date_gmt":"2025-01-20T08:41:36","guid":{"rendered":"https:\/\/www.hydraulic-cylinders.net\/product\/arm-cylinderfor-doosan-large-excavator-dh300lc\/"},"modified":"2025-01-20T08:41:38","modified_gmt":"2025-01-20T08:41:38","slug":"arm-cylinderfor-doosan-large-excavator-dh300lc","status":"publish","type":"product","link":"https:\/\/www.hydraulic-cylinders.net\/da\/vare\/arm-cylinderfor-doosan-large-excavator-dh300lc\/","title":{"rendered":"Armcylinder til Doosan stor gravemaskine DH300LC"},"content":{"rendered":"<h1>Armcylinder til Doosan stor gravemaskine DH300LC<\/h1>\n<h2>Indledning<\/h2>\n<p>Armcylinderen er en specialdesignet hydraulisk cylinder, der giver line\u00e6r bev\u00e6gelse og kraft til armen p\u00e5 forskellige maskiner s\u00e5som gravemaskiner, kraner og mekaniske arme. Armcylinderen spiller en afg\u00f8rende rolle i hydrauliske systemer, da den muligg\u00f8r effektiv bev\u00e6gelse og kontrol af ekstra v\u00e6rkt\u00f8j eller udstyr. Disse cylindre muligg\u00f8r ikke kun j\u00e6vn bev\u00e6gelse, men kan ogs\u00e5 modst\u00e5 tunge belastninger, hvilket sikrer effektiv drift og p\u00e5lidelighed af maskineriet under forskellige arbejdsforhold.<\/p>\n<p><img decoding=\"async\" src=\"https:\/\/www.hydraulic-cylinders.net\/wp-content\/uploads\/2025\/01\/songte-company-2.webp\" alt=\"Armcylinderbillede\"><\/p>\n<h2>Funktioner<\/h2>\n<ul>\n<li><strong>H\u00f8jeffektiv transmission:<\/strong> Armcylinderen giver kraftig line\u00e6r bev\u00e6gelse og kraft, hvilket sikrer den mekaniske arms h\u00f8je ydeevne i forskellige operationer.<\/li>\n<li><strong>Pr\u00e6cis kontrol:<\/strong> Gennem det hydrauliske system muligg\u00f8r armcylinderen pr\u00e6cis bev\u00e6gelseskontrol, hvilket g\u00f8r betjeningen af \u200b\u200b\u200b\u200btilkoblede v\u00e6rkt\u00f8jer mere fleksibel og pr\u00e6cis.<\/li>\n<li><strong>Holdbarhed:<\/strong> Armcylindre er typisk lavet af h\u00f8jstyrkematerialer, der tilbyder fremragende slid- og korrosionsbestandighed og er velegnede til langvarig brug i barske milj\u00f8er.<\/li>\n<li><strong>Alsidig tilpasningsevne:<\/strong> Disse cylindre kan anvendes i vid udstr\u00e6kning p\u00e5 forskellige maskiner, s\u00e5som gravemaskiner, kraner og mekaniske arme, og tilpasses forskellige jobkrav.<\/li>\n<li><strong>Nem vedligeholdelse:<\/strong> Designet tager h\u00f8jde for nem vedligeholdelse og udskiftning, hvilket g\u00f8r regelm\u00e6ssig inspektion og vedligeholdelse mere bekvem og reducerer udstyrets nedetid.<\/li>\n<\/ul>\n<p><img decoding=\"async\" src=\"https:\/\/www.hydraulic-cylinders.net\/wp-content\/uploads\/2025\/01\/songte-oil-pipes-and-spare-parts.webp\" alt=\"Billede af reservedele til armcylinder\"><\/p>\n<h2>Applikationer<\/h2>\n<p>Armcylinderen finder anvendelse i forskellige brancher:<\/p>\n<ul>\n<li><strong>Byggeriteknik:<\/strong> I gravemaskiner og kraner styrer armcylinderen bev\u00e6gelsen af \u200b\u200b\u200b\u200bskovlen eller bommen til jordarbejde, materialeh\u00e5ndtering og strukturel installation.<\/li>\n<li><strong>Fremstilling:<\/strong> I automatiserede produktionslinjer bruges armcylinderen til bev\u00e6gelse af mekaniske arme i processer som montering, svejsning og materialeh\u00e5ndtering, hvilket forbedrer produktionseffektiviteten og n\u00f8jagtigheden.<\/li>\n<li><strong>Landbrugsmaskiner:<\/strong> I landbrugsmaskiner s\u00e5som mejet\u00e6rskere og s\u00e5maskiner styrer armcylinderen bev\u00e6gelsen af \u200b\u200b\u200b\u200bbetjeningsarmene til opgaver som s\u00e5ning, g\u00f8dskning og h\u00f8st.<\/li>\n<li><strong>Minedrift:<\/strong> I minedriftsudstyr styrer armcylinderen armbev\u00e6gelsen af \u200b\u200bminedriftsmaskineri til malmudvinding og transport.<\/li>\n<li><strong>Logistik og transport:<\/strong> I gaffeltrucks og h\u00e5ndteringsrobotter styrer armcylinderen l\u00f8ft og bev\u00e6gelse af gafler, hvilket muligg\u00f8r materialeh\u00e5ndtering og stabling.<\/li>\n<\/ul>\n<h2>Designovervejelser og udv\u00e6lgelseskriterier<\/h2>\n<p>Ved design af armcylinderen tages der hensyn til flere faktorer:<\/p>\n<ul>\n<li><strong>B\u00e6reevne:<\/strong> Armcylinderen er konstrueret til at modst\u00e5 den n\u00f8dvendige belastning og yde tilstr\u00e6kkelig kraft til den tilsigtede anvendelse.<\/li>\n<li><strong>Forsegling:<\/strong> Der anvendes forskellige t\u00e6tningskomponenter s\u00e5som stempelt\u00e6tninger og stangt\u00e6tninger, typisk lavet af slidst\u00e6rke materialer som polyurethan og nitrilgummi. Cylinderhuset og gevindenderne gennemg\u00e5r en finbehandling for at forbedre slidstyrken.<\/li>\n<li><strong>Holdbarhed:<\/strong> Armcylinderen er fremstillet af materialer af h\u00f8j kvalitet og gennemg\u00e5r strenge kvalitetskontrolprocesser for at sikre holdbarhed og lang levetid.<\/li>\n<li><strong>Sikkerhed:<\/strong> Sikkerhedsfunktioner er indarbejdet i designet, hvilket sikrer sikker drift og minimerer risikoen for ulykker.<\/li>\n<li><strong>Vedligeholdelsesevne:<\/strong> Armcylinderen er designet til nem vedligeholdelse og reparation, hvilket muligg\u00f8r regelm\u00e6ssige inspektioner og minimerer nedetid.<\/li>\n<\/ul>\n<p><img decoding=\"async\" src=\"https:\/\/www.hydraulic-cylinders.net\/wp-content\/uploads\/2025\/01\/songte-cylinder-head-with-all-kinds-excavator-models.webp\" alt=\"Billede af topstykke\"><\/p>\n<h2>T\u00e6tning og sm\u00f8ring<\/h2>\n<p>Armcylinderen bruger forskellige t\u00e6tningskomponenter til at opretholde t\u00e6tte forseglinger og forhindre l\u00e6kage. Disse komponenter, s\u00e5som stempelt\u00e6tninger og stangt\u00e6tninger, er lavet af slidst\u00e6rke materialer som polyurethan og nitrilgummi. Cylinderhuset og gevindenderne gennemg\u00e5r en finbehandling for at forbedre slidstyrken. Regelm\u00e6ssig sm\u00f8ring med passende hydraulikolie er n\u00f8dvendig for at sikre problemfri drift.<\/p>\n<h2>Regelm\u00e6ssig inspektion og forebyggende vedligeholdelse<\/h2>\n<p>For at opretholde optimal ydeevne og forl\u00e6nge armcylinderens levetid anbefales regelm\u00e6ssige inspektioner og forebyggende vedligeholdelse:<\/p>\n<ul>\n<li>Inspicer pakninger og udskift eventuelle beskadigede eller slidte pakninger.<\/li>\n<li>Kontroller for tegn p\u00e5 l\u00e6kage, og ret problemet omg\u00e5ende.<\/li>\n<li>Overv\u00e5g cylinderhusets generelle tilstand, og reparer eventuelle buler eller skader.<\/li>\n<li>S\u00f8rg for korrekt sm\u00f8ring ved regelm\u00e6ssigt at tils\u00e6tte den passende m\u00e6ngde hydraulikolie.<\/li>\n<li>Kontroller monteringsforbindelser og bolte for t\u00e6thed, og foretag n\u00f8dvendige justeringer.<\/li>\n<\/ul>\n<h2>Produktinstallationsvejledning<\/h2>\n<p>Korrekt installation af armcylinderen er afg\u00f8rende for dens optimale ydeevne og sikkerhed. F\u00f8lg disse trin for korrekt installation:<\/p>\n<ol>\n<li>Forbered installationsomr\u00e5det, og s\u00f8rg for, at det er rent og fri for snavs.<\/li>\n<li>Placer armcylinderen p\u00e5 den \u00f8nskede placering, og juster monteringshullerne.<\/li>\n<li>Fastg\u00f8r cylinderen forsvarligt med passende bolte, og s\u00f8rg for, at den er korrekt strammet.<\/li>\n<li>Connect the hydraulic hoses according to the manufacturer&#8217;s instructions.<\/li>\n<li>Udf\u00f8r funktionstests for at sikre, at armcylinderen fungerer problemfrit og uden problemer.<\/li>\n<\/ol>\n<p><img decoding=\"async\" src=\"https:\/\/www.hydraulic-cylinders.net\/wp-content\/uploads\/2025\/01\/songte-bushings-with-all-kinds-of-excavator-models.webp\" alt=\"B\u00f8sninger Billede\"><\/p>\n<h2>Sikkerhedshensyn og milj\u00f8faktorer<\/h2>\n<p>N\u00e5r man bruger armcylindre, er det vigtigt at prioritere sikkerhedsforanstaltninger. Korrekt tr\u00e6ning, overholdelse af sikkerhedsretningslinjer og regelm\u00e6ssige inspektioner bidrager til et sikkert arbejdsmilj\u00f8. Derudover er det afg\u00f8rende at overveje milj\u00f8faktorer s\u00e5som korrekt bortskaffelse af hydrauliske v\u00e6sker og overholdelse af milj\u00f8forskrifter for at minimere negative p\u00e5virkninger.<\/p>\n<h2>Fejldiagnose og fejlfinding<\/h2>\n<p>Her er nogle almindelige problemer, der kan opst\u00e5 med armcylindre:<\/p>\n<ul>\n<li>L\u00e6kage: Unders\u00f8g t\u00e6tninger og forbindelser for tegn p\u00e5 l\u00e6kage. Udskift beskadigede t\u00e6tninger eller stram forbindelser for at l\u00f8se problemet.<\/li>\n<li>Us\u00e6dvanlig st\u00f8j: Kontroller for l\u00f8se monteringsbolte eller slidte indvendige komponenter. Sp\u00e6nd bolte eller udskift beskadigede dele efter behov.<\/li>\n<li>D\u00e5rlig ydeevne: Kontroller korrekt hydraulikv\u00e6skeniveau og inspicer for tilstopninger eller blokeringer. Reng\u00f8r eller udskift komponenter efter behov.<\/li>\n<\/ul>\n<p>For specific troubleshooting and resolution methods, consult the manufacturer&#8217;s guidelines or seek professional assistance to ensure effective diagnosis and problem-solving.<\/p>\n<p><img decoding=\"async\" src=\"https:\/\/www.hydraulic-cylinders.net\/wp-content\/uploads\/2025\/01\/songte-chushion-collar.webp\" alt=\"Billede af pudekrave\"><\/p>\n<p>Husk at organisere artiklen logisk, bruge underoverskrifter for nem navigation, inkorporere relevante billeder eller diagrammer for at forbedre forst\u00e5elsen, og s\u00f8rg for, at indholdet er klart, pr\u00e6cist og egnet til l\u00e6sere med forskellige niveauer af teknisk viden.<\/p>\n<h2>Om os<\/h2>\n<p>We are a professional manufacturer of replacement hydraulic cylinders with a wide range of products. We have become one of the leading hydraulic cylinder manufacturers and wholesale distributors in both domestic and international markets. Upholding the principle of excellence in quality, we continuously improve our technical level and production efficiency through refined manufacturing workshops and industrialized production management strategies. By introducing high-end digital manufacturing equipment and professional testing systems, we optimize our manufacturing platform and improve product quality control processes, demonstrating strong innovation capabilities. Our goal is to meet customers&#8217; diverse needs with principles of efficiency, precision, and high quality.<\/p>\n<p><img decoding=\"async\" src=\"https:\/\/www.hydraulic-cylinders.net\/wp-content\/uploads\/2025\/01\/songte-company-4.webp\" alt=\"Virksomhedens image\"><br \/>\n<img decoding=\"async\" src=\"https:\/\/www.hydraulic-cylinders.net\/wp-content\/uploads\/2025\/01\/songte-company-3.webp\" alt=\"Virksomhedens image\"><\/p>\n<p>Vores virksomhed er kendetegnet ved:<\/p>\n<ul>\n<li>Professionalisme og ekspertise<\/li>\n<li>International<br \/>","protected":false},"excerpt":{"rendered":"<p>Arm Cylinder For Doosan Large Excavator DH300LC Introduction The arm cylinder is a specially designed hydraulic cylinder that provides linear motion and power to the arm of various machinery such as excavators, cranes, and mechanical arms. The arm cylinder plays a crucial role in hydraulic systems, allowing for the efficient movement and control of additional [&hellip;]<\/p>","protected":false},"featured_media":14779,"comment_status":"open","ping_status":"closed","template":"","meta":{"_et_pb_use_builder":"","_et_pb_old_content":"","_et_gb_content_width":""},"product_brand":[],"product_cat":[1497],"product_tag":[1498,1496],"class_list":{"0":"post-16225","1":"product","2":"type-product","3":"status-publish","4":"has-post-thumbnail","6":"product_cat-arm-cylinders","7":"product_tag-arm-cylinders","8":"product_tag-hydraulic-cylinders","10":"first","11":"instock","12":"shipping-taxable","13":"product-type-simple"},"amp_enabled":true,"_links":{"self":[{"href":"https:\/\/www.hydraulic-cylinders.net\/da\/wp-json\/wp\/v2\/product\/16225","targetHints":{"allow":["GET"]}}],"collection":[{"href":"https:\/\/www.hydraulic-cylinders.net\/da\/wp-json\/wp\/v2\/product"}],"about":[{"href":"https:\/\/www.hydraulic-cylinders.net\/da\/wp-json\/wp\/v2\/types\/product"}],"replies":[{"embeddable":true,"href":"https:\/\/www.hydraulic-cylinders.net\/da\/wp-json\/wp\/v2\/comments?post=16225"}],"wp:featuredmedia":[{"embeddable":true,"href":"https:\/\/www.hydraulic-cylinders.net\/da\/wp-json\/wp\/v2\/media\/14779"}],"wp:attachment":[{"href":"https:\/\/www.hydraulic-cylinders.net\/da\/wp-json\/wp\/v2\/media?parent=16225"}],"wp:term":[{"taxonomy":"product_brand","embeddable":true,"href":"https:\/\/www.hydraulic-cylinders.net\/da\/wp-json\/wp\/v2\/product_brand?post=16225"},{"taxonomy":"product_cat","embeddable":true,"href":"https:\/\/www.hydraulic-cylinders.net\/da\/wp-json\/wp\/v2\/product_cat?post=16225"},{"taxonomy":"product_tag","embeddable":true,"href":"https:\/\/www.hydraulic-cylinders.net\/da\/wp-json\/wp\/v2\/product_tag?post=16225"}],"curies":[{"name":"wp","href":"https:\/\/api.w.org\/{rel}","templated":true}]}}