{"id":1623,"date":"2023-10-08T08:41:38","date_gmt":"2023-10-08T08:41:38","guid":{"rendered":"https:\/\/hydraulic-cylinders.net\/?post_type=product&#038;p=1623"},"modified":"2025-04-11T02:55:33","modified_gmt":"2025-04-11T02:55:33","slug":"press-return-cylinder","status":"publish","type":"product","link":"https:\/\/www.hydraulic-cylinders.net\/da\/vare\/press-return-cylinder\/","title":{"rendered":"Tryk returcylinder"},"content":{"rendered":"<h1 style=\"text-align: center;\"><strong>Tryk returcylinder<\/strong><\/h1>\n<p><img loading=\"lazy\" decoding=\"async\" class=\"aligncenter wp-image-1624\" src=\"https:\/\/hydraulic-cylinders.net\/wp-content\/uploads\/2023\/10\/return-cylinder-1-300x300.webp\" alt=\"\" width=\"400\" height=\"400\" \/><\/p>\n<p>Pressreturcylinderen er en vigtig komponent i optimeringen af \u200b\u200bpresseoperationer i forskellige brancher. Med sine avancerede funktioner og p\u00e5lidelige ydeevne tilbyder denne cylinder forbedret effektivitet, n\u00f8jagtighed og sikkerhed.<\/p>\n<p>Presreturcylinderen er v\u00e6rdifuld til at forbedre effektivitet, pr\u00e6cision og sikkerhed i presseoperationer. Med sin robuste konstruktion, pr\u00e6cise positionering, effektive retur og integrerede sikkerhedsfunktioner giver denne cylinder dig mulighed for at opn\u00e5 overlegne resultater. Ved at f\u00f8lge de anbefalede brugsmetoder og vedligeholdelsespraksis kan du maksimere dine presseoperationers ydeevne, produktivitet og levetid. V\u00e6lg presreturcylinderen for at str\u00f8mline kritiske processer og forbedre driftsm\u00e6ssig effektivitet.<\/p>\n<p>Karakteristika for trykretur-cylindern\u00f8gle:<\/p>\n<ol>\n<li>Robust konstruktion:<\/li>\n<\/ol>\n<ul>\n<li>Presreturcylinderen er konstrueret af materialer af h\u00f8j kvalitet, hvilket sikrer holdbarhed og lang levetid.<\/li>\n<li>Dets robuste design kan modst\u00e5 tunge belastninger og barske driftsforhold og giver p\u00e5lidelig ydeevne i kr\u00e6vende industrielle milj\u00f8er.<\/li>\n<\/ul>\n<ol start=\"2\">\n<li>Pr\u00e6cis positionering:<\/li>\n<\/ol>\n<ul>\n<li>Denne cylinder tilbyder pr\u00e6cis positioneringskontrol, hvilket muligg\u00f8r n\u00f8jagtig justering af pressereturmekanismen.<\/li>\n<li>Dens exceptionelle n\u00f8jagtighed sikrer ensartet og p\u00e5lidelig positionering, hvilket minimerer risikoen for fejl eller forkert justering.<\/li>\n<\/ul>\n<ol start=\"3\">\n<li>Effektiv afkastning:<\/li>\n<\/ol>\n<ul>\n<li>Pressreturcylinderen muligg\u00f8r hurtig og effektiv tilbagevenden af \u200b\u200bpressemekanismen til dens udgangsposition.<\/li>\n<li>Dets kraftfulde hydrauliske system muligg\u00f8r hurtig bev\u00e6gelse, reducerer tomgangstiden og \u00f8ger den samlede produktivitet.<\/li>\n<\/ul>\n<ol start=\"4\">\n<li>Sikkerhedsfunktioner:<\/li>\n<\/ol>\n<ul>\n<li>Denne cylinder har sikkerhedsfunktioner s\u00e5som trykaflastningsventiler og n\u00f8dstopmekanismer.<\/li>\n<li>Disse sikkerhedsfunktioner hj\u00e6lper med at beskytte pressen og operat\u00f8ren, forhindrer ulykker og minimerer risikoen for skader.<\/li>\n<\/ul>\n<h2><strong>Tryk retur cylinderparameter:<\/strong><\/h2>\n<table border=\"1\" cellspacing=\"0\" cellpadding=\"0\">\n<tbody>\n<tr>\n<td>Produktnavn<\/td>\n<td>Hydraulisk presse-returcylinder<\/td>\n<\/tr>\n<tr>\n<td>Funktioner:<\/td>\n<td>Giv returkraft til hovedcylinder og sidecylinder, opdelt i stempeltype\/stempeltype<\/td>\n<\/tr>\n<tr>\n<td>Borediameter:<\/td>\n<td>180 mm\uff5e410 mm<\/td>\n<\/tr>\n<tr>\n<td>Stangdiameter:<\/td>\n<td>\u00a0120 mm ~ 360 mm<br \/>\nSlagl\u00e6ngde\u22644500 mm<\/td>\n<\/tr>\n<tr>\n<td>Trykkraft:<\/td>\n<td>Maksimum 2612 kN<br \/>\n(Boringsdiameter: 410 mm\/tryk 31,5 MPa)<\/td>\n<\/tr>\n<tr>\n<td>Stempel:<\/td>\n<td>\u00a0140 mm ~ 360 mm<br \/>\nSlagl\u00e6ngde\u22643000 mm<\/td>\n<\/tr>\n<tr>\n<td>Stempeltrykkraft:<\/td>\n<td>Maksimum 3206 kN<br \/>\n(Stempel 360 mm\/tryk 31,5 MPa)<\/td>\n<\/tr>\n<tr>\n<td>Anvendelser af hydraulisk presse-returcylinder:<\/td>\n<td>Hydraulisk presse<\/td>\n<\/tr>\n<\/tbody>\n<\/table>\n<div class=\"txtboxL\">\n<div><\/div>\n<div class=\"txtboxL\">Funktioner:<\/div>\n<div class=\"txtboxR\">Giv returkraft til hovedcylinder og sidecylinder, opdelt i stempeltype\/stempeltype<\/div>\n<div class=\"txtboxL\">Specifikation:<br \/>\nStempel<\/div>\n<div class=\"txtboxR\">Borediameter: 180 mm ~ 410 mm<br \/>\nStangdiameter: 120 mm ~ 360 mm<br \/>\nSlagl\u00e6ngde\u22644500 mm<\/div>\n<div class=\"txtboxL\">Trykkraft:<\/div>\n<div class=\"txtboxR\">Maksimum 2612 kN<br \/>\n(Boringsdiameter: 410 mm\/tryk 31,5 MPa)<\/div>\n<div class=\"txtboxL\">Specifikation:<br \/>\nStempel<\/div>\n<div class=\"txtboxR\">Stempel: 140 mm ~ 360 mm<br \/>\nSlagl\u00e6ngde\u22643000 mm<\/div>\n<div class=\"txtboxL\">Trykkraft:<\/div>\n<div class=\"txtboxR\">Maksimum 3206 kN<br \/>\n(Stempel 360 mm\/tryk 31,5 MPa)<\/div>\n<\/div>\n<h2><strong>Pressecylinderfabrik:<\/strong><\/h2>\n<p><img loading=\"lazy\" decoding=\"async\" class=\"alignnone wp-image-1619 size-full\" src=\"https:\/\/hydraulic-cylinders.net\/wp-content\/uploads\/2023\/10\/press-cylinder.webp\" alt=\"\" width=\"1418\" height=\"946\" srcset=\"https:\/\/hydraulic-cylinders.net\/wp-content\/uploads\/2023\/10\/press-cylinder.webp 1418w, https:\/\/hydraulic-cylinders.net\/wp-content\/uploads\/2023\/10\/press-cylinder-1280x854.webp 1280w, https:\/\/hydraulic-cylinders.net\/wp-content\/uploads\/2023\/10\/press-cylinder-980x654.webp 980w, https:\/\/hydraulic-cylinders.net\/wp-content\/uploads\/2023\/10\/press-cylinder-480x320.webp 480w\" sizes=\"(min-width: 0px) and (max-width: 480px) 480px, (min-width: 481px) and (max-width: 980px) 980px, (min-width: 981px) and (max-width: 1280px) 1280px, (min-width: 1281px) 1418px, 100vw\" \/><\/p>\n<h2><strong>Brugsmetode for trykreturcylinder<\/strong><strong>:<\/strong><\/h2>\n<ol>\n<li><strong>Installation og integration:<\/strong><\/li>\n<\/ol>\n<ul>\n<li>Monter pressereturcylinderen sikkert p\u00e5 presserammen eller det dertil beregnede monteringsomr\u00e5de.<\/li>\n<li>S\u00f8rg for korrekt justering og tilslutning i henhold til producentens retningslinjer og anbefalinger.<\/li>\n<\/ul>\n<ol start=\"2\">\n<li><strong>Hydrauliske forbindelser:<\/strong><\/li>\n<\/ol>\n<ul>\n<li>Tilslut trykreturcylinderen til hydraulikenheden ved hj\u00e6lp af passende hydrauliske slanger og fittings.<\/li>\n<li>Kontroller, at de hydrauliske forbindelser er sikre og l\u00e6kagefri for at sikre effektiv v\u00e6skeoverf\u00f8rsel og sikker drift.<\/li>\n<\/ul>\n<ol start=\"3\">\n<li><strong>Positioneringsjustering:<\/strong><\/li>\n<\/ol>\n<ul>\n<li>Juster placeringen af \u200b\u200b\u200b\u200bpressreturcylinderen i henhold til de specifikke krav til din presseapplikation.<\/li>\n<li>F\u00f8lg producentens anvisninger for at indstille de \u00f8nskede start- og returpositioner for optimal ydeevne.<\/li>\n<\/ul>\n<ol start=\"4\">\n<li><strong>Operationelle kontroller:<\/strong><\/li>\n<\/ol>\n<ul>\n<li>G\u00f8r dig bekendt med de betjeningselementer, som pressereturcylinderen leverer.<\/li>\n<li>Forst\u00e5, hvordan man starter returbev\u00e6gelsen og yderligere funktioner, s\u00e5som hastighedskontrol eller n\u00f8dstopfunktioner.<\/li>\n<\/ul>\n<h2><strong>Hvilken hydraulisk lov bruger bremsesystemet?<\/strong><\/h2>\n<p>Bremsesystemet i k\u00f8ret\u00f8jer bruger typisk Pascals hydrauliske lov. Pascals lov siger, at n\u00e5r der p\u00e5f\u00f8res tryk p\u00e5 en indesluttet v\u00e6ske, overf\u00f8res trykket ligeligt i alle retninger. I forbindelse med et hydraulisk bremsesystem muligg\u00f8r dette princip kraftoverf\u00f8rsel fra bremsepedalen til selve bremserne.<\/p>\n<p>Her er en forenklet forklaring af, hvordan bremsesystemet bruger Pascals lov:<\/p>\n<ol>\n<li><strong>Bremsepedalens anvendelse:<\/strong>\n<ul>\n<li>N\u00e5r f\u00f8reren trykker p\u00e5 bremsepedalen, p\u00e5f\u00f8res hovedcylinderen en mekanisk kraft.<\/li>\n<\/ul>\n<\/li>\n<li><strong>Hovedcylinder:<\/strong>\n<ul>\n<li>Hovedcylinderen indeholder et stempel, der bev\u00e6ger sig som reaktion p\u00e5 den kraft, der p\u00e5f\u00f8res af bremsepedalen.<\/li>\n<li>N\u00e5r stemplet bev\u00e6ger sig, ud\u00f8ver det tryk p\u00e5 bremsev\u00e6sken i hovedcylinderen.<\/li>\n<\/ul>\n<\/li>\n<li><strong>Overf\u00f8rsel af tryk:<\/strong>\n<ul>\n<li>Pascals lov tr\u00e6der i kraft p\u00e5 dette tidspunkt.<\/li>\n<li>Trykket, der skabes af stemplets bev\u00e6gelse, overf\u00f8res ligeligt gennem bremsev\u00e6sken i alle retninger.<\/li>\n<\/ul>\n<\/li>\n<li><strong>Hydrauliske ledninger:<\/strong>\n<ul>\n<li>Bremsev\u00e6sken str\u00f8mmer under tryk gennem hydrauliske ledninger eller bremser\u00f8r.<\/li>\n<li>Disse ledninger forbinder hovedcylinderen med bremsekaliperne eller hjulcylinderne ved hvert hjul.<\/li>\n<\/ul>\n<\/li>\n<li><strong>Bremsekaliper\/hjulcylindere:<\/strong>\n<ul>\n<li>Bremsekalibrene (i skivebremser) eller hjulcylinderne (i tromlebremser) modtager trykbremsev\u00e6sken ved hvert hjul.<\/li>\n<li>Trykket f\u00e5r bremsekalibrene eller cylindrene til at ud\u00f8ve kraft p\u00e5 bremseklodserne eller -bakkerne, som presser mod bremseskiverne eller -tromlerne.<\/li>\n<\/ul>\n<\/li>\n<li><strong>Friktion og bremsevirkning:<\/strong>\n<ul>\n<li>Friktionen mellem bremseklodserne og rotorerne (eller bremseskoene og tromlerne) bremser eller stopper k\u00f8ret\u00f8jets hjul.<\/li>\n<\/ul>\n<\/li>\n<\/ol>\n<h2><strong>Fabrikkens kapacitet og kapacitet:<\/strong><\/h2>\n<h3>(1) Samling<\/h3>\n<p>Vi har en f\u00f8rsteklasses uafh\u00e6ngig forsknings- og udviklingsplatform til montering. V\u00e6rkstedet for produktion af hydrauliske cylindre har fire halvautomatiske l\u00f8ftecylindermonteringslinjer og en automatisk vippecylindermonteringslinje med en designm\u00e6ssig \u00e5rlig produktionskapacitet p\u00e5 1 million enheder. Det specielle cylinderv\u00e6rksted er udstyret med forskellige specifikationer for et halvautomatisk reng\u00f8ringsmonteringssystem med en designm\u00e6ssig \u00e5rlig produktionskapacitet p\u00e5 200.000 og udstyret med ber\u00f8mt CNC-bearbejdningsudstyr, et bearbejdningscenter, et specialudstyr til h\u00f8jpr\u00e6cisionscylinderbearbejdning, en robotsvejsemaskine, en automatisk reng\u00f8ringsmaskine, en automatisk cylindermonteringsmaskine og en automatisk malingslinje. Eksisterende kritisk udstyr p\u00e5 mere end 300 s\u00e6t (s\u00e6t). Optimal allokering og effektiv udnyttelse af udstyrsressourcer sikrer produkternes n\u00f8jagtighedskrav og opfylder produkternes h\u00f8je kvalitetsbehov.<\/p>\n<p><img loading=\"lazy\" decoding=\"async\" class=\"alignnone wp-image-626\" src=\"https:\/\/hydraulic-cylinders.net\/wp-content\/uploads\/2023\/08\/hydraulic-cylinder-product-1-300x158.webp\" alt=\"\" width=\"495\" height=\"260\" srcset=\"https:\/\/hydraulic-cylinders.net\/wp-content\/uploads\/2023\/08\/hydraulic-cylinder-product-1-300x158.webp 495w, https:\/\/hydraulic-cylinders.net\/wp-content\/uploads\/2023\/08\/hydraulic-cylinder-product-1-480x252.webp 480w\" sizes=\"(min-width: 0px) and (max-width: 480px) 480px, (min-width: 481px) 495px, 100vw\" \/> <img loading=\"lazy\" decoding=\"async\" class=\"alignnone wp-image-627\" src=\"https:\/\/hydraulic-cylinders.net\/wp-content\/uploads\/2023\/08\/hydraulic-cylinder-product-2-300x189.webp\" alt=\"\" width=\"413\" height=\"260\" \/><\/p>\n<h3>(2) Maskinbearbejdning<\/h3>\n<p>Bearbejdningsv\u00e6rkstedet er udstyret med et specialfremstillet drejecenter til skr\u00e5 skinner, bearbejdningscenter, h\u00f8jhastigheds-honemaskine, svejserobot og andet relateret udstyr, der kan h\u00e5ndtere bearbejdning af cylinderr\u00f8r med en maksimal indre diameter p\u00e5 400 mm og en maksimal l\u00e6ngde p\u00e5 6 meter.<\/p>\n<p><img loading=\"lazy\" decoding=\"async\" class=\"alignnone wp-image-628 size-large\" src=\"https:\/\/hydraulic-cylinders.net\/wp-content\/uploads\/2023\/08\/hydraulic-cylinder-product-3-1024x391.webp\" alt=\"\" width=\"1024\" height=\"391\" srcset=\"https:\/\/hydraulic-cylinders.net\/wp-content\/uploads\/2023\/08\/hydraulic-cylinder-product-3-980x374.webp 980w, https:\/\/hydraulic-cylinders.net\/wp-content\/uploads\/2023\/08\/hydraulic-cylinder-product-3-480x183.webp 480w\" sizes=\"(min-width: 0px) and (max-width: 480px) 480px, (min-width: 481px) and (max-width: 980px) 980px, (min-width: 981px) 1024px, 100vw\" \/><\/p>\n<h3>(3) Svejsning<\/h3>\n<p><img loading=\"lazy\" decoding=\"async\" class=\"alignnone wp-image-629 size-large\" src=\"https:\/\/hydraulic-cylinders.net\/wp-content\/uploads\/2023\/08\/hydraulic-cylinder-product-4-1024x510.webp\" alt=\"\" width=\"1024\" height=\"510\" srcset=\"https:\/\/hydraulic-cylinders.net\/wp-content\/uploads\/2023\/08\/hydraulic-cylinder-product-4-980x488.webp 980w, https:\/\/hydraulic-cylinders.net\/wp-content\/uploads\/2023\/08\/hydraulic-cylinder-product-4-480x239.webp 480w\" sizes=\"(min-width: 0px) and (max-width: 480px) 480px, (min-width: 481px) and (max-width: 980px) 980px, (min-width: 981px) 1024px, 100vw\" \/><\/p>\n<h3>(4) Maling og overfladebehandling<\/h3>\n<p>Med sm\u00e5 og mellemstore cylindriske automatiske vandbaserede malingsbel\u00e6gningslinjer, for at opn\u00e5 automatisk robotp\u00e5fyldning og -afl\u00e6sning samt automatisk spr\u00f8jtning, er den designm\u00e6ssige kapacitet p\u00e5 4000 stykker pr. skift;<br \/>\nVi har ogs\u00e5 en halvautomatisk malingsproduktionslinje til store cylindre drevet af en kabelk\u00e6de med en designkapacitet p\u00e5 60 kasser pr. skift.<\/p>\n<p><img loading=\"lazy\" decoding=\"async\" class=\"alignnone wp-image-630\" src=\"https:\/\/hydraulic-cylinders.net\/wp-content\/uploads\/2023\/08\/hydraulic-cylinder-product-5-300x213.webp\" alt=\"\" width=\"366\" height=\"260\" \/> <img loading=\"lazy\" decoding=\"async\" class=\"alignnone wp-image-631\" src=\"https:\/\/hydraulic-cylinders.net\/wp-content\/uploads\/2023\/08\/hydraulic-cylinder-product-6-300x225.webp\" alt=\"\" width=\"347\" height=\"260\" \/><\/p>\n<h3>(5) Testning<\/h3>\n<p>Vi har f\u00f8rsteklasses inspektionsfaciliteter og testb\u00e6nke for at sikre, at cylinderens ydeevne opfylder kravene.<\/p>\n<p><img loading=\"lazy\" decoding=\"async\" class=\"alignnone wp-image-632\" src=\"https:\/\/hydraulic-cylinders.net\/wp-content\/uploads\/2023\/08\/hydraulic-cylinder-product-8-300x200.webp\" alt=\"\" width=\"389\" height=\"260\" \/><\/p>\n<p>&nbsp;<\/p>\n<p>&nbsp;<\/p>\n<p>Vi er en af \u200b\u200bde bedste producenter af hydrauliske cylindre. Vi kan tilbyde et omfattende udvalg af hydrauliske cylindre. Vi leverer ogs\u00e5 tilsvarende <a href=\"https:\/\/hzpt.com\/agricultural-pto-gearbox\/\" target=\"_blank\" rel=\"noopener\">landbrugsgearkasser<\/a>Vi har eksporteret vores produkter til kunder over hele verden og har opn\u00e5et et godt omd\u00f8mme p\u00e5 grund af vores overlegne produktkvalitet og eftersalgsservice. Vi byder kunder i ind- og udland velkommen til at kontakte os for at forhandle forretninger, udveksle information og <a href=\"https:\/\/www.hydraulic-cylinders.net\/da\/contact-us\/\">samarbejde med os<\/a>!<\/p>","protected":false},"excerpt":{"rendered":"<p>Press Return Cylinder The press return cylinder is a vital component in optimizing pressing operations in various industries. With its advanced features and reliable performance, this cylinder offers enhanced efficiency, accuracy, and safety. The press return cylinder is valuable for enhancing efficiency, accuracy, and safety in pressing operations. With its robust construction, precise positioning, efficient [&hellip;]<\/p>","protected":false},"featured_media":1625,"comment_status":"open","ping_status":"closed","template":"","meta":{"_et_pb_use_builder":"","_et_pb_old_content":"","_et_gb_content_width":""},"product_brand":[],"product_cat":[1522,1549,1376],"product_tag":[1380],"class_list":{"0":"post-1623","1":"product","2":"type-product","3":"status-publish","4":"has-post-thumbnail","6":"product_cat-press-hydraulic-cylinders","7":"product_cat-single-acting-hydraulic-cylinder","8":"product_cat-hydraulic-cylinder","9":"product_tag-hydraulic-cylinder","11":"first","12":"instock","13":"shipping-taxable","14":"product-type-simple"},"amp_enabled":true,"_links":{"self":[{"href":"https:\/\/www.hydraulic-cylinders.net\/da\/wp-json\/wp\/v2\/product\/1623","targetHints":{"allow":["GET"]}}],"collection":[{"href":"https:\/\/www.hydraulic-cylinders.net\/da\/wp-json\/wp\/v2\/product"}],"about":[{"href":"https:\/\/www.hydraulic-cylinders.net\/da\/wp-json\/wp\/v2\/types\/product"}],"replies":[{"embeddable":true,"href":"https:\/\/www.hydraulic-cylinders.net\/da\/wp-json\/wp\/v2\/comments?post=1623"}],"wp:featuredmedia":[{"embeddable":true,"href":"https:\/\/www.hydraulic-cylinders.net\/da\/wp-json\/wp\/v2\/media\/1625"}],"wp:attachment":[{"href":"https:\/\/www.hydraulic-cylinders.net\/da\/wp-json\/wp\/v2\/media?parent=1623"}],"wp:term":[{"taxonomy":"product_brand","embeddable":true,"href":"https:\/\/www.hydraulic-cylinders.net\/da\/wp-json\/wp\/v2\/product_brand?post=1623"},{"taxonomy":"product_cat","embeddable":true,"href":"https:\/\/www.hydraulic-cylinders.net\/da\/wp-json\/wp\/v2\/product_cat?post=1623"},{"taxonomy":"product_tag","embeddable":true,"href":"https:\/\/www.hydraulic-cylinders.net\/da\/wp-json\/wp\/v2\/product_tag?post=1623"}],"curies":[{"name":"wp","href":"https:\/\/api.w.org\/{rel}","templated":true}]}}