{"id":16319,"date":"2025-01-20T09:05:27","date_gmt":"2025-01-20T09:05:27","guid":{"rendered":"https:\/\/www.hydraulic-cylinders.net\/product\/arm-cylinderfor-volvo-middle-excavator-ec210b\/"},"modified":"2025-01-20T09:05:29","modified_gmt":"2025-01-20T09:05:29","slug":"arm-cylinderfor-volvo-middle-excavator-ec210b","status":"publish","type":"product","link":"https:\/\/www.hydraulic-cylinders.net\/da\/vare\/arm-cylinderfor-volvo-middle-excavator-ec210b\/","title":{"rendered":"Armcylinder til Volvo mellemgraver EC210B"},"content":{"rendered":"<h2>Armcylinder til Volvo Mellemgraver EC210B<\/h2>\n<p>Armcylinderen til Volvo Middle Excavator EC210B er en specialiseret hydraulisk cylinder designet til at give line\u00e6r bev\u00e6gelse og kraft til armen p\u00e5 forskellige typer maskiner, s\u00e5som gravemaskiner, kraner og robotarme. Den spiller en afg\u00f8rende rolle i hydrauliske systemer, da den muligg\u00f8r effektiv bev\u00e6gelse og styring af ekstra v\u00e6rkt\u00f8j eller udstyr. Disse cylindre sikrer ikke kun j\u00e6vn bev\u00e6gelse, men kan ogs\u00e5 modst\u00e5 tunge belastninger, hvilket sikrer effektiv drift og p\u00e5lidelighed af maskineriet under forskellige arbejdsforhold.<\/p>\n<p><img decoding=\"async\" src=\"https:\/\/www.hydraulic-cylinders.net\/wp-content\/uploads\/2025\/01\/songte-company-2.webp\" alt=\"Armcylinderbillede\"><\/p>\n<h2>Funktioner<\/h2>\n<ul>\n<li>H\u00f8jeffektiv transmission: Armcylinderen giver kraftig line\u00e6r bev\u00e6gelse og kraft, hvilket sikrer robotarmens h\u00f8jtydende egenskaber i forskellige operationer.<\/li>\n<li>Pr\u00e6cisionskontrol: Gennem det hydrauliske system muligg\u00f8r armcylinderen pr\u00e6cis bev\u00e6gelseskontrol, hvilket g\u00f8r betjeningen af \u200b\u200bekstra v\u00e6rkt\u00f8jer mere fleksibel og pr\u00e6cis.<\/li>\n<li>St\u00e6rk holdbarhed: Armcylindre er typisk fremstillet af h\u00f8jstyrkematerialer, der tilbyder fremragende slid- og korrosionsbestandighed og er velegnede til langvarig brug i barske milj\u00f8er.<\/li>\n<li>Multifunktionel tilpasningsevne: Disse cylindre kan anvendes i vid udstr\u00e6kning p\u00e5 forskellige maskiner, s\u00e5som gravemaskiner, kraner og robotarme, og im\u00f8dekomme forskellige jobkrav.<\/li>\n<li>Nem vedligeholdelse: Designet tager h\u00f8jde for nem vedligeholdelse og udskiftning, hvilket g\u00f8r regelm\u00e6ssig inspektion og vedligeholdelse praktisk og reducerer dermed udstyrets nedetid.<\/li>\n<\/ul>\n<p><img decoding=\"async\" src=\"https:\/\/www.hydraulic-cylinders.net\/wp-content\/uploads\/2025\/01\/songte-oil-pipes-and-spare-parts.webp\" alt=\"Produktbillede\"><\/p>\n<h2>Applikationer<\/h2>\n<ul>\n<li>Byggeteknik: Armcylindre bruges i gravemaskiner og kraner til at styre bev\u00e6gelsen af \u200b\u200bskovle eller bomme, hvilket letter jordarbejde, materialeh\u00e5ndtering og strukturelle installationer.<\/li>\n<li>Produktionsindustri: I automatiserede produktionslinjer driver armcylindere bev\u00e6gelsen af \u200b\u200brobotarme, hvilket muligg\u00f8r processer som montering, svejsning og materialeh\u00e5ndtering og forbedrer dermed produktionseffektiviteten og n\u00f8jagtigheden.<\/li>\n<li>Landbrugsmaskiner: Armcylindere styrer bev\u00e6gelsen af \u200b\u200b\u200b\u200bbetjeningsarme i landbrugsudstyr s\u00e5som mejet\u00e6rskere og s\u00e5maskiner, og udf\u00f8rer opgaver som s\u00e5ning, g\u00f8dning og h\u00f8st.<\/li>\n<li>Minedrift: Armcylindre bruges i minedriftsudstyr til at styre armbev\u00e6gelsen til minedrift og malmtransport.<\/li>\n<li>Logistik og transport: I gaffeltrucks og h\u00e5ndteringsrobotter styrer armcylindere l\u00f8ft og bev\u00e6gelse af gafler, hvilket letter materialeh\u00e5ndtering og stabling.<\/li>\n<\/ul>\n<h2>Designovervejelser og udv\u00e6lgelseskriterier<\/h2>\n<p>N\u00e5r det kommer til designet af armcylindre, b\u00f8r flere n\u00f8glefaktorer tages i betragtning:<\/p>\n<ul>\n<li>B\u00e6reevne<\/li>\n<li>Forsegling<\/li>\n<li>Holdbarhed<\/li>\n<li>Sikkerhed<\/li>\n<li>Vedligeholdelsesevne<\/li>\n<\/ul>\n<p><img decoding=\"async\" src=\"https:\/\/www.hydraulic-cylinders.net\/wp-content\/uploads\/2025\/01\/songte-cylinder-head-with-all-kinds-excavator-models.webp\" alt=\"Designbillede\"><\/p>\n<h2>T\u00e6tning og sm\u00f8ring<\/h2>\n<p>Armcylinderen anvender forskellige t\u00e6tningselementer s\u00e5som stempelt\u00e6tninger, stangt\u00e6tninger osv., der er fremstillet af slidst\u00e6rke materialer som polyurethan og nitrilgummi. Cylinderhuset og gevindfladerne gennemg\u00e5r en omhyggelig behandling for at forbedre slidstyrken. Regelm\u00e6ssig sm\u00f8ring med hydraulikolie er n\u00f8dvendig for at sikre problemfri drift.<\/p>\n<h2>Regelm\u00e6ssig inspektion og forebyggende vedligeholdelse<\/h2>\n<ul>\n<li>Unders\u00f8g cylinderen for tegn p\u00e5 l\u00e6kage eller skade.<\/li>\n<li>Kontroller og udskift slidte pakninger for at opretholde optimal ydeevne.<\/li>\n<li>Overv\u00e5g regelm\u00e6ssigt hydraulikolieniveauet og -kvaliteten.<\/li>\n<li>S\u00f8rg for korrekt justering og sm\u00f8ring af alle bev\u00e6gelige dele.<\/li>\n<li>F\u00f8lg producentens retningslinjer for vedligeholdelsesintervaller og -procedurer.<\/li>\n<\/ul>\n<h2>Produktinstallationsvejledning<\/h2>\n<p>F\u00f8lg disse trin for korrekt installation af armcylinderen:<\/p>\n<ol>\n<li>Forbered monteringsomr\u00e5det, og s\u00f8rg for, at det er rent og fri for snavs.<\/li>\n<li>Fastg\u00f8r cylinderen sikkert til de angivne monteringspunkter med passende fastg\u00f8relseselementer.<\/li>\n<li>Tilslut de hydrauliske slanger og fittings, og s\u00f8rg for korrekt justering og t\u00e6tte forbindelser.<\/li>\n<li>Udluft det hydrauliske system for at undg\u00e5 potentielle problemer.<\/li>\n<li>Test cylinderen for korrekt funktion, f\u00f8r den tages i brug fuldt ud.<\/li>\n<\/ol>\n<p><img decoding=\"async\" src=\"https:\/\/www.hydraulic-cylinders.net\/wp-content\/uploads\/2025\/01\/songte-bushings-with-all-kinds-of-excavator-models.webp\" alt=\"Installationsbillede\"><\/p>\n<h2>Sikkerhedshensyn og milj\u00f8faktorer<\/h2>\n<p>N\u00e5r man bruger armcylindre, er det vigtigt at prioritere sikkerhedsforanstaltninger for at forhindre ulykker og sikre medarbejdernes beskyttelse. Overholdelse af sikkerhedsprotokoller og brug af passende beskyttelsesudstyr er afg\u00f8rende for sikker drift.<\/p>\n<h2>Fejlfinding og almindelige problemer<\/h2>\n<p>Almindelige problemer, der kan opst\u00e5 med armcylindre, omfatter l\u00e6kage, utilstr\u00e6kkelig kraft og unormal bev\u00e6gelse. Hvis der opst\u00e5r problemer, skal du overveje f\u00f8lgende:<\/p>\n<ul>\n<li>Unders\u00f8g og udskift beskadigede pakninger eller komponenter.<\/li>\n<li>Kontroller for l\u00e6kager af hydraulikv\u00e6ske, og reparer efter behov.<\/li>\n<li>S\u00f8rg for korrekt justering og justering af cylinderen.<\/li>\n<li>Se producentens fejlfindingsvejledning for specifikke problemer.<\/li>\n<\/ul>\n<p><img decoding=\"async\" src=\"https:\/\/www.hydraulic-cylinders.net\/wp-content\/uploads\/2025\/01\/songte-chushion-collar.webp\" alt=\"Fejlfindingsbillede\"><\/p>\n<p>Husk at organisere artiklen logisk, bruge underoverskrifter for nem navigation, inkorporere relevante billeder eller diagrammer for at forbedre forst\u00e5elsen, og s\u00f8rg for, at indholdet er klart, pr\u00e6cist og egnet til l\u00e6sere med varierende tekniske vidensniveauer.<\/p>\n<p><em>Forfatter: lyl<\/em><\/p>\n<h2>Om vores virksomhed<\/h2>\n<p>Vi er en professionel producent af hydrauliske udskiftningscylindre med en bred vifte af produkter. Vi er blevet en af \u200b\u200bde f\u00f8rende producenter og grossistdistribut\u00f8rer p\u00e5 det indenlandske og internationale marked. Vi opretholder princippet om fremragende kvalitet og forbedrer l\u00f8bende vores tekniske kompetence og produktionseffektivitet ved at stole p\u00e5 vores raffinerede produktionsv\u00e6rksted og industrialiserede produktionsstyringsstrategier. Gennem introduktionen af \u200b\u200bavanceret digitalt produktionsudstyr og professionelle testsystemer optimerer vi vores produktionsplatform, forbedrer produktkvalitetskontrolprocesserne og besidder st\u00e6rke innovationskapaciteter. Vores m\u00e5l er at im\u00f8dekomme forskellige kundebehov med effektivitet, pr\u00e6cision og produkter af h\u00f8j kvalitet.<\/p>\n<p><img decoding=\"async\" src=\"https:\/\/www.hydraulic-cylinders.net\/wp-content\/uploads\/2025\/01\/songte-company-4.webp\" alt=\"Virksomhedens image\"><br \/>\n<img decoding=\"async\" src=\"https:\/\/www.hydraulic-cylinders.net\/wp-content\/uploads\/2025\/01\/songte-company-3.webp\" alt=\"Virksomhedens image\"><\/p>\n<p>Vi adskiller os gennem:<\/p>\n<ul>\n<li>Professionalitet<\/li>\n<li>Internationale certificeringer<\/li>\n<li>Tilpasningstjenester<\/li>\n<li>Avanceret produktionsudstyr<\/li>\n<li>Eftersalgsservice<\/li>\n<\/ul>\n<p><em>Forfatter: lyl<\/em><\/p>","protected":false},"excerpt":{"rendered":"<p>Arm Cylinder for Volvo Middle Excavator EC210B The Arm Cylinder for Volvo Middle Excavator EC210B is a specialized hydraulic cylinder designed to provide linear motion and power to the arm of various types of machinery, such as excavators, cranes, and robotic arms. It plays a crucial role in hydraulic systems, enabling the efficient movement and [&hellip;]<\/p>","protected":false},"featured_media":14774,"comment_status":"open","ping_status":"closed","template":"","meta":{"_et_pb_use_builder":"","_et_pb_old_content":"","_et_gb_content_width":""},"product_brand":[],"product_cat":[1497],"product_tag":[1498,1496],"class_list":{"0":"post-16319","1":"product","2":"type-product","3":"status-publish","4":"has-post-thumbnail","6":"product_cat-arm-cylinders","7":"product_tag-arm-cylinders","8":"product_tag-hydraulic-cylinders","10":"first","11":"instock","12":"shipping-taxable","13":"product-type-simple"},"amp_enabled":true,"_links":{"self":[{"href":"https:\/\/www.hydraulic-cylinders.net\/da\/wp-json\/wp\/v2\/product\/16319","targetHints":{"allow":["GET"]}}],"collection":[{"href":"https:\/\/www.hydraulic-cylinders.net\/da\/wp-json\/wp\/v2\/product"}],"about":[{"href":"https:\/\/www.hydraulic-cylinders.net\/da\/wp-json\/wp\/v2\/types\/product"}],"replies":[{"embeddable":true,"href":"https:\/\/www.hydraulic-cylinders.net\/da\/wp-json\/wp\/v2\/comments?post=16319"}],"wp:featuredmedia":[{"embeddable":true,"href":"https:\/\/www.hydraulic-cylinders.net\/da\/wp-json\/wp\/v2\/media\/14774"}],"wp:attachment":[{"href":"https:\/\/www.hydraulic-cylinders.net\/da\/wp-json\/wp\/v2\/media?parent=16319"}],"wp:term":[{"taxonomy":"product_brand","embeddable":true,"href":"https:\/\/www.hydraulic-cylinders.net\/da\/wp-json\/wp\/v2\/product_brand?post=16319"},{"taxonomy":"product_cat","embeddable":true,"href":"https:\/\/www.hydraulic-cylinders.net\/da\/wp-json\/wp\/v2\/product_cat?post=16319"},{"taxonomy":"product_tag","embeddable":true,"href":"https:\/\/www.hydraulic-cylinders.net\/da\/wp-json\/wp\/v2\/product_tag?post=16319"}],"curies":[{"name":"wp","href":"https:\/\/api.w.org\/{rel}","templated":true}]}}