{"id":16358,"date":"2025-01-20T09:08:53","date_gmt":"2025-01-20T09:08:53","guid":{"rendered":"https:\/\/www.hydraulic-cylinders.net\/product\/arm-cylinderfor-sany-middle-excavator-sy195c-9\/"},"modified":"2025-01-20T09:08:55","modified_gmt":"2025-01-20T09:08:55","slug":"arm-cylinderfor-sany-middle-excavator-sy195c-9","status":"publish","type":"product","link":"https:\/\/www.hydraulic-cylinders.net\/da\/vare\/arm-cylinderfor-sany-middle-excavator-sy195c-9\/","title":{"rendered":"Armcylinder til Sany mellemgraver SY195C-9"},"content":{"rendered":"<h1>Armcylinder til Sany mellemgraver SY195C-9<\/h1>\n<h2>Indledning<\/h2>\n<p>Armcylinderen er en specialdesignet hydraulisk cylinder, der bruges til at give line\u00e6r bev\u00e6gelse og kraft til armen p\u00e5 forskellige maskiner, s\u00e5som gravemaskiner, kraner og robotarme. Armcylinderen spiller en afg\u00f8rende rolle i hydrauliske systemer, da den muligg\u00f8r effektiv bev\u00e6gelse og kontrol af p\u00e5monterede v\u00e6rkt\u00f8jer eller tilbeh\u00f8r. Disse cylindre giver ikke kun j\u00e6vn bev\u00e6gelse, men kan ogs\u00e5 modst\u00e5 tunge belastninger, hvilket sikrer h\u00f8j driftseffektivitet og p\u00e5lidelighed af maskineriet under forskellige arbejdsforhold.<\/p>\n<p><img decoding=\"async\" src=\"https:\/\/www.hydraulic-cylinders.net\/wp-content\/uploads\/2025\/01\/songte-company-2.webp\" alt=\"Armcylinder\" \/><\/p>\n<h2>Funktioner<\/h2>\n<ul>\n<li>\n<h3>H\u00f8jeffektiv transmission<\/h3>\n<p>Armcylinderen giver kraftig line\u00e6r bev\u00e6gelse og kraft, hvilket sikrer robotarmens h\u00f8je ydeevne i forskellige operationer.<\/p>\n<\/li>\n<li>\n<h3>Pr\u00e6cis kontrol<\/h3>\n<p>Gennem det hydrauliske system muligg\u00f8r armcylinderen pr\u00e6cis bev\u00e6gelseskontrol, hvilket g\u00f8r betjeningen af \u200b\u200b\u200b\u200btilkoblede v\u00e6rkt\u00f8jer mere fleksibel og pr\u00e6cis.<\/p>\n<\/li>\n<li>\n<h3>Holdbarhed<\/h3>\n<p>Armcylinderen er typisk lavet af h\u00f8jstyrkematerialer, som tilbyder fremragende slidstyrke og korrosionsbestandighed, hvilket g\u00f8r dem velegnede til langvarig brug i barske milj\u00f8er.<\/p>\n<\/li>\n<li>\n<h3>Alsidig tilpasningsevne<\/h3>\n<p>Disse cylindre kan anvendes i vid udstr\u00e6kning i forskellige typer maskiner, herunder gravemaskiner, kraner og robotarme, for at opfylde forskellige arbejdskrav.<\/p>\n<\/li>\n<li>\n<h3>Nem vedligeholdelse<\/h3>\n<p>Designet af armcylinderen tager h\u00f8jde for nem vedligeholdelse og udskiftning, hvilket g\u00f8r regelm\u00e6ssig inspektion og vedligeholdelse mere bekvem og reducerer udstyrets nedetid.<\/p>\n<\/li>\n<\/ul>\n<p><img decoding=\"async\" src=\"https:\/\/www.hydraulic-cylinders.net\/wp-content\/uploads\/2025\/01\/songte-oil-pipes-and-spare-parts.webp\" alt=\"Reservedele til armcylinder\" \/><\/p>\n<h2>Applikationer<\/h2>\n<p>Armcylinderen finder sine anvendelser i forskellige brancher:<\/p>\n<ul>\n<li>\n<h3>Byggeri og ingeni\u00f8rarbejde<\/h3>\n<p>I gravemaskiner og kraner styrer armcylinderen bev\u00e6gelsen af \u200b\u200bskovlen eller bommen til jordflytning, materialeh\u00e5ndtering og strukturel installation.<\/p>\n<\/li>\n<li>\n<h3>Produktion<\/h3>\n<p>I automatiserede produktionslinjer muligg\u00f8r armcylinderen bev\u00e6gelse af robotarme til montering, svejsning og materialeh\u00e5ndteringsprocesser, hvilket forbedrer produktionseffektiviteten og n\u00f8jagtigheden.<\/p>\n<\/li>\n<li>\n<h3>Landbrugsmaskiner<\/h3>\n<p>I landbrugsmaskiner s\u00e5som mejet\u00e6rskere og plantemaskiner styrer armcylinderen bev\u00e6gelsen af \u200b\u200b\u200b\u200bbetjeningsarmene til opgaver som s\u00e5ning, g\u00f8dning og h\u00f8st.<\/p>\n<\/li>\n<li>\n<h3>Minedrift<\/h3>\n<p>I minedriftsudstyr styrer armcylinderen armbev\u00e6gelsen til minedrift og materialeh\u00e5ndtering.<\/p>\n<\/li>\n<li>\n<h3>Logistik og transport<\/h3>\n<p>I gaffeltrucks og h\u00e5ndteringsrobotter styrer armcylinderen l\u00f8ft og bev\u00e6gelse af gafler, hvilket muligg\u00f8r materialeh\u00e5ndtering og stabling.<\/p>\n<\/li>\n<\/ul>\n<h2>Designovervejelser og udv\u00e6lgelseskriterier<\/h2>\n<p>N\u00e5r det kommer til designovervejelser og udv\u00e6lgelseskriterier for armcylindere, er f\u00f8lgende aspekter vigtige:<\/p>\n<ul>\n<li>\n<h3>B\u00e6reevne<\/h3>\n<p>Armcylinderen skal v\u00e6re konstrueret til at h\u00e5ndtere de specifikke belastningskrav for det maskineri, den anvendes i.<\/p>\n<\/li>\n<li>\n<h3>Forsegling<\/h3>\n<p>Forskellige t\u00e6tningskomponenter, s\u00e5som stempelt\u00e6tninger og stangt\u00e6tninger, b\u00f8r anvendes for at sikre effektiv t\u00e6tning. Disse t\u00e6tninger er lavet af slidst\u00e6rke materialer som polyurethan og nitrilgummi. Cylinderhuset og gevindendefladerne er fint forarbejdet for at forbedre slidstyrken.<\/p>\n<\/li>\n<li>\n<h3>Holdbarhed<\/h3>\n<p>Armcylinderen skal v\u00e6re fremstillet af materialer af h\u00f8j kvalitet for at sikre holdbarhed og modstandsdygtighed over for slid og korrosion.<\/p>\n<\/li>\n<li>\n<h3>Sikkerhed<\/h3>\n<p>Sikkerhedsfunktioner b\u00f8r indarbejdes i armcylinderens design for at forhindre ulykker og sikre beskyttelse af operat\u00f8rer og omgivende udstyr.<\/p>\n<\/li>\n<li>\n<h3>Vedligeholdelsesevne<\/h3>\n<p>Designet af armcylinderen b\u00f8r tage h\u00f8jde for nem vedligeholdelse og reparation, hvilket g\u00f8r den bekvem til regelm\u00e6ssige inspektioner og mindsker potentiel nedetid.<\/p>\n<\/li>\n<\/ul>\n<p><img decoding=\"async\" src=\"https:\/\/www.hydraulic-cylinders.net\/wp-content\/uploads\/2025\/01\/songte-cylinder-head-with-all-kinds-excavator-models.webp\" alt=\"Topstykke\" \/><\/p>\n<h2>T\u00e6tning og sm\u00f8ring<\/h2>\n<p>Armcylindre anvender forskellige t\u00e6tningskomponenter, herunder stempelt\u00e6tninger og stangt\u00e6tninger, som er lavet af slidst\u00e6rke materialer som polyurethan og nitrilgummi. Cylinderhuset og gevindfladerne gennemg\u00e5r fin bearbejdning for at forbedre slidstyrken. Regelm\u00e6ssig sm\u00f8ring med hydraulikolie er n\u00f8dvendig for at sikre problemfri drift.<\/p>\n<h2>Regelm\u00e6ssig inspektion og forebyggende vedligeholdelse<\/h2>\n<p>Regelm\u00e6ssig inspektion og forebyggende vedligeholdelse er afg\u00f8rende for optimal ydeevne og levetid for armcylinderen. F\u00f8lgende foranstaltninger b\u00f8r tr\u00e6ffes:<\/p>\n<ul>\n<li>\n<h3>Visuel inspektion<\/h3>\n<p>Inspicer regelm\u00e6ssigt armcylinderen for tegn p\u00e5 slid, skader eller l\u00e6kage. Kontroller t\u00e6tninger, forbindelser og andre komponenter for t\u00e6thed og korrekt funktion.<\/p>\n<\/li>\n<li>\n<h3>Reng\u00f8ring og sm\u00f8ring<\/h3>\n<p>Reng\u00f8r armcylinderen, og sm\u00f8r den med den passende hydraulikolie som anbefalet af producenten.<\/p>\n<\/li>\n<li>\n<h3>Stramning og justering<\/h3>\n<p>Kontroll\u00e9r og sp\u00e6nd alle fastg\u00f8relseselementer og forbindelser. Foretag de n\u00f8dvendige justeringer for at sikre korrekt funktion.<\/p>\n<\/li>\n<li>\n<h3>Forebyggende udskiftning<\/h3>\n<p>Udskift slidte pakninger, beskadigede komponenter eller dele, der n\u00e6rmer sig slutningen af \u200b\u200bderes levetid, f\u00f8r de for\u00e5rsager st\u00f8rre problemer.<\/p>\n<\/li>\n<\/ul>\n<h2>Produktinstallationsvejledning<\/h2>\n<p>F\u00f8lg disse trin for korrekt installation af armcylinderen:<\/p>\n<ol>\n<li>S\u00f8rg for, at maskineriet er korrekt underst\u00f8ttet og fastgjort, f\u00f8r installationsprocessen p\u00e5begyndes.<\/li>\n<li>Frakobl alle hydrauliske ledninger eller forbindelser fra den gamle cylinder.<\/li>\n<li>Fjern den gamle cylinder fra dens monteringssted.<\/li>\n<li>Placer den nye armcylinder p\u00e5 monteringsstedet, og s\u00f8rg for korrekt justering.<\/li>\n<li>Fastg\u00f8r cylinderen forsvarligt med de passende bolte eller monteringsbeslag.<\/li>\n<li>Tilslut de hydrauliske ledninger og fittings igen, og s\u00f8rg for korrekt t\u00e6tning og forsegling.<\/li>\n<li>Kontroll\u00e9r for eventuelle l\u00e6kager, og s\u00f8rg for problemfri drift, f\u00f8r normal drift genoptages.<\/li>\n<\/ol>\n<p><img decoding=\"async\" src=\"https:\/\/www.hydraulic-cylinders.net\/wp-content\/uploads\/2025\/01\/songte-bushings-with-all-kinds-of-excavator-models.webp\" alt=\"B\u00f8sninger\" \/><\/p>\n<h2>Sikkerhedshensyn og milj\u00f8faktorer<\/h2>\n<p>N\u00e5r man bruger armcylindre, er sikkerhedsforanstaltninger af st\u00f8rste vigtighed. Korrekt tr\u00e6ning og overholdelse af sikkerhedsprotokoller er n\u00f8dvendige for at forhindre ulykker og sikre operat\u00f8rernes og de omkringliggendes velbefindende. Derudover er det vigtigt at tage hensyn til milj\u00f8faktorer s\u00e5som korrekt bortskaffelse af brugt hydraulikolie og overholdelse af milj\u00f8forskrifter.<\/p>\n<h2>Fejlfinding og almindelige problemer<\/h2>\n<p>Her er nogle almindelige fejlfindingstips og l\u00f8sninger til armcylindre:<\/p>\n<ul>\n<li>\n<h3>Problem: L\u00e6kage<\/h3>\n<p>L\u00f8sning: Kontroller t\u00e6tninger og forbindelser for skader eller forkert justering. Udskift slidte t\u00e6tninger, eller stram l\u00f8se forbindelser.<\/p>\n<\/li>\n<li>\n<h3>Problem: Utilstr\u00e6kkelig str\u00f8m<\/h3>\n<p>L\u00f8sning: S\u00f8rg for, at det hydrauliske system har tilstr\u00e6kkeligt tryk og flow. Kontroller for eventuelle begr\u00e6nsninger eller blokeringer i de hydrauliske ledninger.<\/p>\n<\/li>\n<li>\n<h3>Problem: Uregelm\u00e6ssig bev\u00e6gelse<\/h3>\n<p>L\u00f8sning: Unders\u00f8g armcylinderen for skader eller forkert justering. Juster eller udskift eventuelle slidte komponenter, der kan for\u00e5rsage den uregelm\u00e6ssige bev\u00e6gelse.<\/p>\n<\/li>\n<p>  <\n<\/p>","protected":false},"excerpt":{"rendered":"<p>Arm CylinderFor Sany Middle Excavator SY195C-9 Introduction The Arm Cylinder is a specially designed hydraulic cylinder that is used to provide linear motion and power to the arm of various machinery, such as excavators, cranes, and robotic arms. The Arm Cylinder plays a crucial role in hydraulic systems, allowing for efficient movement and control of [&hellip;]<\/p>","protected":false},"featured_media":14777,"comment_status":"open","ping_status":"closed","template":"","meta":{"_et_pb_use_builder":"","_et_pb_old_content":"","_et_gb_content_width":""},"product_brand":[],"product_cat":[1497],"product_tag":[1498,1496],"class_list":{"0":"post-16358","1":"product","2":"type-product","3":"status-publish","4":"has-post-thumbnail","6":"product_cat-arm-cylinders","7":"product_tag-arm-cylinders","8":"product_tag-hydraulic-cylinders","10":"first","11":"instock","12":"shipping-taxable","13":"product-type-simple"},"amp_enabled":true,"_links":{"self":[{"href":"https:\/\/www.hydraulic-cylinders.net\/da\/wp-json\/wp\/v2\/product\/16358","targetHints":{"allow":["GET"]}}],"collection":[{"href":"https:\/\/www.hydraulic-cylinders.net\/da\/wp-json\/wp\/v2\/product"}],"about":[{"href":"https:\/\/www.hydraulic-cylinders.net\/da\/wp-json\/wp\/v2\/types\/product"}],"replies":[{"embeddable":true,"href":"https:\/\/www.hydraulic-cylinders.net\/da\/wp-json\/wp\/v2\/comments?post=16358"}],"wp:featuredmedia":[{"embeddable":true,"href":"https:\/\/www.hydraulic-cylinders.net\/da\/wp-json\/wp\/v2\/media\/14777"}],"wp:attachment":[{"href":"https:\/\/www.hydraulic-cylinders.net\/da\/wp-json\/wp\/v2\/media?parent=16358"}],"wp:term":[{"taxonomy":"product_brand","embeddable":true,"href":"https:\/\/www.hydraulic-cylinders.net\/da\/wp-json\/wp\/v2\/product_brand?post=16358"},{"taxonomy":"product_cat","embeddable":true,"href":"https:\/\/www.hydraulic-cylinders.net\/da\/wp-json\/wp\/v2\/product_cat?post=16358"},{"taxonomy":"product_tag","embeddable":true,"href":"https:\/\/www.hydraulic-cylinders.net\/da\/wp-json\/wp\/v2\/product_tag?post=16358"}],"curies":[{"name":"wp","href":"https:\/\/api.w.org\/{rel}","templated":true}]}}