{"id":16364,"date":"2025-01-20T09:09:23","date_gmt":"2025-01-20T09:09:23","guid":{"rendered":"https:\/\/www.hydraulic-cylinders.net\/product\/arm-cylinderfor-sany-middle-excavator-sy215c-8-9\/"},"modified":"2025-01-20T09:09:25","modified_gmt":"2025-01-20T09:09:25","slug":"arm-cylinderfor-sany-middle-excavator-sy215c-8-9","status":"publish","type":"product","link":"https:\/\/www.hydraulic-cylinders.net\/da\/vare\/arm-cylinderfor-sany-middle-excavator-sy215c-8-9\/","title":{"rendered":"Armcylinder til Sany mellemgraver SY215C-8-9"},"content":{"rendered":"<h2>Armcylinder til Sany mellemgraver SY215C-8-9<\/h2>\n<h3>Definition og forklaring<\/h3>\n<p>Armcylinderen er en specialdesignet hydraulisk cylinder, der prim\u00e6rt bruges til at give line\u00e6r bev\u00e6gelse og kraft til arme p\u00e5 forskellige maskiner s\u00e5som gravemaskiner, kraner og robotarme. Armcylinderen spiller en n\u00f8glerolle i det hydrauliske system, der g\u00f8r det muligt for yderligere v\u00e6rkt\u00f8j eller udstyr at bev\u00e6ge sig og styres effektivt. Disse cylindre giver ikke kun j\u00e6vn bev\u00e6gelse, men kan ogs\u00e5 modst\u00e5 tunge belastninger, hvilket sikrer effektiv drift og p\u00e5lidelighed af maskineriet under forskellige arbejdsforhold.<\/p>\n<p><img decoding=\"async\" src=\"https:\/\/www.hydraulic-cylinders.net\/wp-content\/uploads\/2025\/01\/songte-company-2.webp\" alt=\"Armcylinderbillede\" \/><\/p>\n<h3>Funktioner<\/h3>\n<ul>\n<li><strong>Effektiv kraftoverf\u00f8rsel:<\/strong> Armcylinderen giver st\u00e6rk line\u00e6r bev\u00e6gelse og kraft, hvilket sikrer robotarmens h\u00f8je effektivitet i forskellige operationer.<\/li>\n<li><strong>Pr\u00e6cis kontrol:<\/strong> Armcylinderen kan opn\u00e5 pr\u00e6cis bev\u00e6gelseskontrol via det hydrauliske system, hvilket g\u00f8r betjeningen af \u200b\u200bekstra v\u00e6rkt\u00f8jer mere fleksibel og pr\u00e6cis.<\/li>\n<li><strong>Holdbar:<\/strong> Armcylindre er normalt lavet af h\u00f8jstyrkematerialer med god slidstyrke og korrosionsbestandighed, der er egnede til langvarig brug i barske milj\u00f8er.<\/li>\n<li><strong>Multifunktionel tilpasningsevne:<\/strong> Disse cylindre kan anvendes i vid udstr\u00e6kning i forskellige mekaniske udstyr, s\u00e5som gravemaskiner, kraner og robotarme, for at tilpasse sig forskellige arbejdskrav.<\/li>\n<li><strong>Nem vedligeholdelse:<\/strong> Designet tager h\u00f8jde for nem vedligeholdelse og udskiftning, hvilket g\u00f8r regelm\u00e6ssige inspektioner og vedligeholdelse mere bekvemt og reducerer udstyrets nedetid.<\/li>\n<\/ul>\n<p>Vi kan producere dette produkt, og vores produkt kan perfekt erstatte disse hydrauliske cylindre.<\/p>\n<p><img decoding=\"async\" src=\"https:\/\/www.hydraulic-cylinders.net\/wp-content\/uploads\/2025\/01\/songte-oil-pipes-and-spare-parts.webp\" alt=\"Reservedele billede\" \/><\/p>\n<h3>Applikationer<\/h3>\n<p>Armcylindre anvendes i vid udstr\u00e6kning inden for forskellige omr\u00e5der s\u00e5som:<\/p>\n<ul>\n<li><strong>Byggeriteknik:<\/strong> I gravemaskiner og kraner bruges armcylindre til at styre bev\u00e6gelsen af \u200b\u200b\u200b\u200bskovlen eller bommen til jordflytning, materialeh\u00e5ndtering og montering af strukturer.<\/li>\n<li><strong>Fremstillingsindustri:<\/strong> I automatiserede produktionslinjer bruges armcylindre til bev\u00e6gelse af robotarme, montering, svejsning og materialeh\u00e5ndtering for at forbedre produktionseffektiviteten og n\u00f8jagtigheden.<\/li>\n<li><strong>Landbrugsmaskiner:<\/strong> I landbrugsmaskiner s\u00e5som mejet\u00e6rskere og s\u00e5maskiner styrer armcylindre bev\u00e6gelsen af \u200b\u200b\u200b\u200bden operative arm og udf\u00f8rer opgaver som s\u00e5ning, g\u00f8dning og h\u00f8st.<\/li>\n<li><strong>Minedrift:<\/strong> I minedriftsudstyr bruges armcylindre til at styre armbev\u00e6gelsen af \u200b\u200bminedriftsudstyr til udvinding og transport af mineraler.<\/li>\n<li><strong>Logistik og transport:<\/strong> I gaffeltrucks og h\u00e5ndteringsrobotter bruges armcylindre til at styre gaflens l\u00f8ft og bev\u00e6gelse, hvilket muligg\u00f8r materialeh\u00e5ndtering og stabling.<\/li>\n<\/ul>\n<h3>Designovervejelser og udv\u00e6lgelsesstandarder<\/h3>\n<p>Fra et designperspektiv skal armcylindre opfylde f\u00f8lgende krav:<\/p>\n<ul>\n<li><strong>B\u00e6reevne:<\/strong> Armcylindre skal kunne modst\u00e5 udstyrets og belastningens v\u00e6gt.<\/li>\n<li><strong>Forsegling:<\/strong> Forskellige t\u00e6tningselementer s\u00e5som stempelt\u00e6tninger og stangt\u00e6tninger anvendes til at forhindre v\u00e6skel\u00e6kage og sikre p\u00e5lidelig og effektiv drift.<\/li>\n<li><strong>Holdbarhed:<\/strong> Armcylindre er ofte udsat for barske milj\u00f8er og kr\u00e6ver h\u00f8jstyrkematerialer og overfladebehandlinger for at give god slid- og korrosionsbestandighed.<\/li>\n<li><strong>Sikkerhed:<\/strong> Sikkerhedshensyn skal tages i betragtning for at forhindre ulykker for\u00e5rsaget af cylinderfejl eller funktionsfejl.<\/li>\n<li><strong>Opretholdelse:<\/strong> Armcylindre skal designes til nem vedligeholdelse og udskiftning for at reducere udstyrets nedetid og vedligeholdelsesomkostninger.<\/li>\n<\/ul>\n<p><img decoding=\"async\" src=\"https:\/\/www.hydraulic-cylinders.net\/wp-content\/uploads\/2025\/01\/songte-cylinder-head-with-all-kinds-excavator-models.webp\" alt=\"Billede af topstykke\" \/><\/p>\n<h3>T\u00e6tning og sm\u00f8ring<\/h3>\n<p>Forskellige t\u00e6tningselementer s\u00e5som stempelt\u00e6tninger og stangt\u00e6tninger anvendes til at forhindre v\u00e6skel\u00e6kage og sikre p\u00e5lidelig og effektiv drift. T\u00e6tningerne er lavet af slidst\u00e6rke materialer s\u00e5som polyurethan og nitrilgummi. Cylinderhuset og gevindenden er fint forarbejdet for at forbedre slidstyrken. Regelm\u00e6ssig tils\u00e6tning af passende hydraulikolie til sm\u00f8ring er n\u00f8dvendig for at sikre problemfri drift af den hydrauliske cylinder.<\/p>\n<p><img decoding=\"async\" src=\"https:\/\/www.hydraulic-cylinders.net\/wp-content\/uploads\/2025\/01\/songte-chushion-collar.webp\" alt=\"Forseglingsbillede\" \/><\/p>\n<h3>Regelm\u00e6ssig inspektion og forebyggende vedligeholdelsesforanstaltninger<\/h3>\n<ul>\n<li>Kontroller regelm\u00e6ssigt oliestanden, renheden og kvaliteten af \u200b\u200bhydraulikolien, og udskift eller p\u00e5fyld olie efter behov.<\/li>\n<li>Unders\u00f8g t\u00e6tningselementerne, cylinderhuset og gevindendefladerne for slid og korrosion, og udskift dem om n\u00f8dvendigt i tide.<\/li>\n<li>Kontroll\u00e9r regelm\u00e6ssigt fastg\u00f8relsesdelene, og sp\u00e6nd dem om n\u00f8dvendigt for at forhindre l\u00f8sning og svigt.<\/li>\n<li>Udf\u00f8r regelm\u00e6ssig vedligeholdelse og reparation for at forhindre potentielle problemer og sikre p\u00e5lidelig og effektiv drift af udstyret.<\/li>\n<\/ul>\n<h3>Produktinstallationsvejledning<\/h3>\n<p>L\u00e6s venligst produktmanualen omhyggeligt inden installation, og f\u00f8lg nedenst\u00e5ende trin:<\/p>\n<ol>\n<li>Kontroll\u00e9r produktmodellen og specifikationerne for at sikre, at de stemmer overens med udstyret.<\/li>\n<li>Kontroller installationsstedet, og s\u00f8rg for, at det er rent, plant og fri for snavs.<\/li>\n<li>Placer cylinderen i den korrekte position, og juster installationshullerne.<\/li>\n<li>Sp\u00e6nd fastg\u00f8relsesboltene og m\u00f8trikkerne i henhold til det angivne moment.<\/li>\n<li>Udf\u00f8r en tryktest for at sikre, at cylinderen fungerer korrekt.<\/li>\n<\/ol>\n<p><img decoding=\"async\" src=\"https:\/\/www.hydraulic-cylinders.net\/wp-content\/uploads\/2025\/01\/songte-bushings-with-all-kinds-of-excavator-models.webp\" alt=\"B\u00f8sninger Billede\" \/><\/p>\n<h3>Sikkerhedshensyn og milj\u00f8faktorer<\/h3>\n<p>Sikkerhed er en topprioritet ved brug af hydrauliske cylindre. Det er n\u00f8dvendigt at sikre, at udstyret er korrekt installeret, vedligeholdt og repareret for at forhindre ulykker for\u00e5rsaget af cylinderfejl eller funktionsfejl. Derudover er det vigtigt at bortskaffe brugt hydraulikolie og andre affaldsprodukter korrekt for at beskytte milj\u00f8et og sikre b\u00e6redygtig udvikling.<\/p>\n<h3>Fejlfinding og almindelige problemer<\/h3>\n<p>Nogle almindelige problemer og l\u00f8sninger til armcylindre er:<\/p>\n<ul>\n<li><strong>V\u00e6skel\u00e6kage:<\/strong> Kontroll\u00e9r t\u00e6tningselementerne for slid eller beskadigelse, og udskift dem om n\u00f8dvendigt.<\/li>\n<li><strong>Unormal st\u00f8j:<\/strong> Kontroller for l\u00f8se fastg\u00f8relsesdele eller beskadigede komponenter, og reparer eller udskift dem efter behov.<\/li>\n<li><strong>Langsom bev\u00e6gelse:<\/strong> Kontroller hydraulikolieniveauet og -kvaliteten, og udskift eller p\u00e5fyld olie efter behov.<\/li>\n<\/ul>\n<p>Regelm\u00e6ssig vedligeholdelse og inspektion kan hj\u00e6lpe med at forhindre potentielle problemer og sikre p\u00e5lidelig og effektiv drift af udstyret.<\/p>\n<p><img decoding=\"async\" src=\"https:\/\/www.hydraulic-cylinders.net\/wp-content\/uploads\/2025\/01\/songte-company-4.webp\" alt=\"Virksomhedens image\" \/><br \/>\n<img decoding=\"async\" src=\"https:\/\/www.hydraulic-cylinders.net\/wp-content\/uploads\/2025\/01\/songte-company-3.webp\" alt=\"Virksomhedens image\" \/><\/p>\n<h3>Om os<\/h3>\n<p>Vi er en professionel producent af hydrauliske udskiftningscylindre med en bred vifte af produkter og er blevet en af \u200b\u200bde f\u00f8rende producenter og grossister af hydrauliske cylindre p\u00e5 det indenlandske og internationale marked. Vi overholder altid princippet om fremragende kvalitet, s\u00e6tter vores lid til den industrialiserede produktionsstyringsstrategi fra raffinerede produktionsv\u00e6rksteder og forbedrer l\u00f8bende vores tekniske niveau og produktionseffektivitet. Vi har st\u00e6rke innovationsevner gennem introduktion af avanceret digitalt produktionsudstyr og professionelle testsystemer, l\u00f8bende optimering af produktionsplatformen og forbedring af produktkvalitetskontrolprocesser. Vores m\u00e5l er at im\u00f8dekomme kundernes forskellige behov med principperne om h\u00f8j effektivitet, pr\u00e6cision og h\u00f8j kvalitet.<\/p>\n<p>Vi tilbyder professionelle tjenester, internationale certificeringer, skr\u00e6ddersyede tjenester, produktionsudstyr og eftersalgsservice.<\/p>\n<p>Forfatter: lyl.<\/p>","protected":false},"excerpt":{"rendered":"<p>Arm Cylinder For Sany Middle Excavator SY215C-8-9 Definition and Explanation Arm cylinder is a specially designed hydraulic cylinder that is mainly used to provide linear motion and power for arms of various machinery such as excavators, cranes and robotic arms. The arm cylinder plays a key role in the hydraulic system, enabling additional tools or [&hellip;]<\/p>","protected":false},"featured_media":14759,"comment_status":"open","ping_status":"closed","template":"","meta":{"_et_pb_use_builder":"","_et_pb_old_content":"","_et_gb_content_width":""},"product_brand":[],"product_cat":[1497],"product_tag":[1498,1496],"class_list":{"0":"post-16364","1":"product","2":"type-product","3":"status-publish","4":"has-post-thumbnail","6":"product_cat-arm-cylinders","7":"product_tag-arm-cylinders","8":"product_tag-hydraulic-cylinders","10":"first","11":"instock","12":"shipping-taxable","13":"product-type-simple"},"amp_enabled":true,"_links":{"self":[{"href":"https:\/\/www.hydraulic-cylinders.net\/da\/wp-json\/wp\/v2\/product\/16364","targetHints":{"allow":["GET"]}}],"collection":[{"href":"https:\/\/www.hydraulic-cylinders.net\/da\/wp-json\/wp\/v2\/product"}],"about":[{"href":"https:\/\/www.hydraulic-cylinders.net\/da\/wp-json\/wp\/v2\/types\/product"}],"replies":[{"embeddable":true,"href":"https:\/\/www.hydraulic-cylinders.net\/da\/wp-json\/wp\/v2\/comments?post=16364"}],"wp:featuredmedia":[{"embeddable":true,"href":"https:\/\/www.hydraulic-cylinders.net\/da\/wp-json\/wp\/v2\/media\/14759"}],"wp:attachment":[{"href":"https:\/\/www.hydraulic-cylinders.net\/da\/wp-json\/wp\/v2\/media?parent=16364"}],"wp:term":[{"taxonomy":"product_brand","embeddable":true,"href":"https:\/\/www.hydraulic-cylinders.net\/da\/wp-json\/wp\/v2\/product_brand?post=16364"},{"taxonomy":"product_cat","embeddable":true,"href":"https:\/\/www.hydraulic-cylinders.net\/da\/wp-json\/wp\/v2\/product_cat?post=16364"},{"taxonomy":"product_tag","embeddable":true,"href":"https:\/\/www.hydraulic-cylinders.net\/da\/wp-json\/wp\/v2\/product_tag?post=16364"}],"curies":[{"name":"wp","href":"https:\/\/api.w.org\/{rel}","templated":true}]}}