{"id":16369,"date":"2025-01-20T09:09:44","date_gmt":"2025-01-20T09:09:44","guid":{"rendered":"https:\/\/www.hydraulic-cylinders.net\/product\/arm-cylinderfor-sany-middle-excavator-sy215q\/"},"modified":"2025-01-20T09:09:46","modified_gmt":"2025-01-20T09:09:46","slug":"arm-cylinderfor-sany-middle-excavator-sy215q","status":"publish","type":"product","link":"https:\/\/www.hydraulic-cylinders.net\/da\/vare\/arm-cylinderfor-sany-middle-excavator-sy215q\/","title":{"rendered":"Armcylinder til Sany mellemgraver SY215Q"},"content":{"rendered":"<h1>Armcylinder til Sany mellemgraver SY215Q<\/h1>\n<h2>Indledning<\/h2>\n<p>Armcylinderen er en specialdesignet hydraulisk cylinder, der prim\u00e6rt bruges til at give line\u00e6r bev\u00e6gelse og kraft til armen p\u00e5 forskellige maskiner, s\u00e5som gravemaskiner, kraner og robotarme. Armcylinderen spiller en afg\u00f8rende rolle i hydrauliske systemer, da den muligg\u00f8r effektiv bev\u00e6gelse og styring af ekstra v\u00e6rkt\u00f8j eller udstyr. Disse cylindre opn\u00e5r ikke kun j\u00e6vn bev\u00e6gelse, men kan ogs\u00e5 modst\u00e5 tunge belastninger, hvilket sikrer h\u00f8j effektivitet og p\u00e5lidelighed af maskineriet under forskellige driftsforhold.<\/p>\n<p><img decoding=\"async\" src=\"https:\/\/www.hydraulic-cylinders.net\/wp-content\/uploads\/2025\/01\/songte-company-2.webp\" alt=\"Armcylinderbillede\"><\/p>\n<h2>Funktioner<\/h2>\n<ul>\n<li><strong>H\u00f8jeffektiv transmission:<\/strong> Armcylinderen giver kraftig line\u00e6r bev\u00e6gelse og kraft, hvilket sikrer h\u00f8j ydeevne i forskellige operationer.<\/li>\n<li><strong>Pr\u00e6cis kontrol:<\/strong> Gennem det hydrauliske system muligg\u00f8r armcylinderen pr\u00e6cis bev\u00e6gelseskontrol, hvilket g\u00f8r betjeningen af \u200b\u200b\u200b\u200btilkoblede v\u00e6rkt\u00f8jer mere fleksibel og pr\u00e6cis.<\/li>\n<li><strong>Holdbarhed:<\/strong> Armcylindre er typisk lavet af h\u00f8jstyrkematerialer med fremragende slid- og korrosionsbestandighed, der er egnede til langvarig brug i barske milj\u00f8er.<\/li>\n<li><strong>Multifunktionel tilpasningsevne:<\/strong> Disse cylindre kan anvendes i vid udstr\u00e6kning p\u00e5 forskellige maskiner s\u00e5som gravemaskiner, kraner og robotarme og tilpasses forskellige arbejdskrav.<\/li>\n<li><strong>Nem vedligeholdelse:<\/strong> Armcylindre er designet til nem vedligeholdelse og udskiftning og letter regelm\u00e6ssige inspektioner og vedligeholdelse, hvilket reducerer udstyrets nedetid.<\/li>\n<\/ul>\n<p><img decoding=\"async\" src=\"https:\/\/www.hydraulic-cylinders.net\/wp-content\/uploads\/2025\/01\/songte-oil-pipes-and-spare-parts.webp\" alt=\"Hydrauliske cylindre\"><\/p>\n<h2>Applikationer<\/h2>\n<p>Armcylinderen finder anvendelse i forskellige brancher:<\/p>\n<ol>\n<li><strong>Byggeriteknik:<\/strong> I gravemaskiner og kraner styrer armcylinderen bev\u00e6gelsen af \u200b\u200bskovle eller bomme til jordarbejde, materialeh\u00e5ndtering og strukturel installation.<\/li>\n<li><strong>Fremstilling:<\/strong> I automatiserede produktionslinjer bruges armcylinderen til bev\u00e6gelse af robotarme i processer som montering, svejsning og materialeh\u00e5ndtering, hvilket forbedrer produktionseffektiviteten og n\u00f8jagtigheden.<\/li>\n<li><strong>Landbrugsmaskiner:<\/strong> I landbrugsmaskiner som mejet\u00e6rskere og s\u00e5maskiner styrer armcylinderen bev\u00e6gelsen af \u200b\u200b\u200b\u200bbetjeningsarmene og udf\u00f8rer opgaver som s\u00e5ning, g\u00f8dning og h\u00f8st.<\/li>\n<li><strong>Minedrift:<\/strong> I minedriftsudstyr styrer armcylinderen armbev\u00e6gelsen af \u200b\u200bminedriftsmaskineri til malmudvinding og transport.<\/li>\n<li><strong>Logistik og transport:<\/strong> I gaffeltrucks og h\u00e5ndteringsrobotter styrer armcylinderen l\u00f8ft og bev\u00e6gelse af gafler, hvilket muligg\u00f8r h\u00e5ndtering og stabling af materialer.<\/li>\n<\/ol>\n<h2>Designovervejelser og udv\u00e6lgelseskriterier<\/h2>\n<p>N\u00e5r det kommer til design af armcylindre, er flere faktorer afg\u00f8rende:<\/p>\n<ol>\n<li><strong>B\u00e6reevne:<\/strong> Armcylindre skal v\u00e6re konstrueret til at modst\u00e5 de specificerede belastningskrav uden at svigte.<\/li>\n<li><strong>Forsegling:<\/strong> Forskellige t\u00e6tningselementer, s\u00e5som stempelt\u00e6tninger og stangt\u00e6tninger, b\u00f8r anvendes for at sikre korrekt t\u00e6tning. Holdbare materialer som polyurethan og nitrilgummi anvendes almindeligvis til t\u00e6tninger.<\/li>\n<li><strong>Holdbarhed:<\/strong> Cylinderhuset og gevindenderne b\u00f8r behandles pr\u00e6cist for at forbedre slidstyrken. Regelm\u00e6ssig sm\u00f8ring med passende hydraulikolie er n\u00f8dvendig for at sikre problemfri drift.<\/li>\n<li><strong>Sikkerhed:<\/strong> Sikkerhedsforanstaltninger b\u00f8r indarbejdes i designet for at forhindre ulykker og sikre operat\u00f8rens beskyttelse.<\/li>\n<li><strong>Opretholdelse:<\/strong> Der b\u00f8r tages hensyn til nem vedligeholdelse og reparation, hvilket muligg\u00f8r bekvem inspektion og minimerer nedetid.<\/li>\n<\/ol>\n<p><img decoding=\"async\" src=\"https:\/\/www.hydraulic-cylinders.net\/wp-content\/uploads\/2025\/01\/songte-cylinder-head-with-all-kinds-excavator-models.webp\" alt=\"Topstykke\"><\/p>\n<h2>T\u00e6tning og sm\u00f8ring<\/h2>\n<p>For at sikre korrekt t\u00e6tning og sm\u00f8ring anvender armcylindre forskellige t\u00e6tninger, s\u00e5som stempelt\u00e6tninger og stangt\u00e6tninger. Disse t\u00e6tninger er lavet af slidst\u00e6rke materialer s\u00e5som polyurethan og nitrilgummi. Derudover gennemg\u00e5r cylinderhuset og gevindenderne en fin bearbejdning for at forbedre slidstyrken. Regelm\u00e6ssig sm\u00f8ring med den passende m\u00e6ngde hydraulikolie er n\u00f8dvendig for at sikre problemfri drift.<\/p>\n<h2>Regelm\u00e6ssig inspektion og forebyggende vedligeholdelse<\/h2>\n<p>For at opretholde armcylinderens optimale ydeevne er regelm\u00e6ssige inspektioner og forebyggende vedligeholdelse afg\u00f8rende. F\u00f8lgende foranstaltninger b\u00f8r tr\u00e6ffes:<\/p>\n<ol>\n<li>Unders\u00f8g cylinderen for tegn p\u00e5 l\u00e6kage, skader eller unormal drift.<\/li>\n<li>Kontroller og udskift slidte pakninger eller beskadigede komponenter omg\u00e5ende.<\/li>\n<li>S\u00f8rg for korrekt sm\u00f8ring ved regelm\u00e6ssigt at tils\u00e6tte den anbefalede m\u00e6ngde hydraulikolie.<\/li>\n<li>Sp\u00e6nd l\u00f8se forbindelser og fastg\u00f8relseselementer efter behov.<\/li>\n<li>F\u00f8lg producentens retningslinjer for vedligeholdelse, og se udstyrets manual for specifikke instruktioner.<\/li>\n<\/ol>\n<p><img decoding=\"async\" src=\"https:\/\/www.hydraulic-cylinders.net\/wp-content\/uploads\/2025\/01\/songte-chushion-collar.webp\" alt=\"Pudekrave\"><\/p>\n<h2>Produktinstallationsvejledning<\/h2>\n<p>Korrekt installation er afg\u00f8rende for at armcylinderen kan fungere effektivt. F\u00f8lg disse trin:<\/p>\n<ol>\n<li>S\u00f8rg for, at alle komponenter er rene og fri for snavs eller affald.<\/li>\n<li>P\u00e5f\u00f8r en passende gevindt\u00e6tningsmiddel p\u00e5 cylinderens gevindender.<\/li>\n<li>Juster cylinderen med monteringspunkterne p\u00e5 maskinen, og fastg\u00f8r den med de passende bolte eller fastg\u00f8relseselementer.<\/li>\n<li>Kontroll\u00e9r cylinderens justering og korrekte funktion inden den endelige tilsp\u00e6nding.<\/li>\n<li>Se maskinens manual for specifikke installationsinstruktioner.<\/li>\n<\/ol>\n<p><img decoding=\"async\" src=\"https:\/\/www.hydraulic-cylinders.net\/wp-content\/uploads\/2025\/01\/songte-bushings-with-all-kinds-of-excavator-models.webp\" alt=\"B\u00f8sninger\"><\/p>\n<h2>Sikkerhedshensyn og milj\u00f8faktorer<\/h2>\n<p>Det er af st\u00f8rste vigtighed at overveje sikkerhedsforanstaltninger ved brug af armcylindre. Overholdelse af sikkerhedsretningslinjer og -forskrifter sikrer beskyttelse af operat\u00f8rer og forhindrer ulykker. Derudover b\u00f8r der tages hensyn til milj\u00f8faktorer, s\u00e5som korrekt bortskaffelse af brugt hydraulikolie og overholdelse af milj\u00f8forskrifter med hensyn til materialevalg og fremstillingsprocesser.<\/p>\n<h2>Fejlfinding og almindelige problemer<\/h2>\n<p>Her er nogle almindelige fejlfindingstips og l\u00f8sninger til armcylindre:<\/p>\n<ol>\n<li><strong>Sp\u00f8rgsm\u00e5l:<\/strong> L\u00e6kage fra cylinderen.<br \/>\n  <strong>L\u00f8sning:<\/strong> Unders\u00f8g og udskift de beskadigede pakninger eller komponenter, der for\u00e5rsager l\u00e6kagen.<\/li>\n<li><strong>Sp\u00f8rgsm\u00e5l:<\/strong> Cylinderen tr\u00e6kkes ikke korrekt ud eller ind.<br \/>\n  <strong>L\u00f8sning:<\/strong> Kontroller for eventuelle blokeringer, beskadigede stempler eller utilstr\u00e6kkeligt hydraulisk tryk. Juster eller udskift komponenter efter behov.<\/li>\n<li><strong>Sp\u00f8rgsm\u00e5l:<\/strong> Unormal st\u00f8j under cylinderdrift.<br \/>\n  <strong>L\u00f8sning:<\/strong> Unders\u00f8g for l\u00f8se forbindelser, beskadigede komponenter eller utilstr\u00e6kkelig sm\u00f8ring. H\u00e5ndter problemerne i overensstemmelse hermed.<\/li>\n<\/ol>\n<p><img decoding=\"async\" src=\"https:\/\/www.hydraulic-cylinders.net\/wp-content\/uploads\/2025\/01\/songte-chushion-collar.webp\" alt=\"Pudekrave\"><\/p>\n<p>Ved at f\u00f8lge disse fejlfindingstips og l\u00f8sninger kan l\u00e6serne effektivt diagnosticere og l\u00f8se problemer samt implementere forebyggende foranstaltninger for at minimere potentielle problemer.<\/p>\n<h2>Om os<\/h2>\n<p>Vi er en professionel producent af hydrauliske udskiftningscylindre og tilbyder en bred vifte af produkter. Som en af \u200b\u200bde f\u00f8rende producenter og grossistdistribut\u00f8rer af hydrauliske cylindre p\u00e5 det indenlandske og internationale marked, overholder vi princippet om fremragende kvalitet. Vi forbedrer l\u00f8bende vores tekniske ekspertise og produktionseffektivitet gennem industrialiserede produktionsstyringsstrategier i vores sofistikerede produktionsv\u00e6rksted.<\/p>\n<p>Ved at introducere avanceret digitalt produktionsudstyr og professionelle testsystemer optimerer vi vores produktionsplatform og forbedrer vores produktkvalitetskontrolprocesser. Vi besidder st\u00e6rke innovationsevner og sigter mod at im\u00f8dekomme kundernes forskellige krav med h\u00f8j effektivitet, n\u00f8jagtighed og produkter af h\u00f8j kvalitet.<\/p>\n<p><img decoding=\"async\" src=\"https:\/\/www.hydraulic-cylinders.net\/wp-content\/uploads\/2025\/01\/songte-company-4.webp\" alt=\"Virksomhedens image\"><br \/>\n<img","protected":false},"excerpt":{"rendered":"<p>Arm Cylinder For Sany Middle Excavator SY215Q Introduction The arm cylinder is a specially designed hydraulic cylinder that is primarily used to provide linear motion and power to the arm of various machinery, such as excavators, cranes, and robotic arms. The arm cylinder plays a crucial role in hydraulic systems, enabling the efficient movement and [&hellip;]<\/p>","protected":false},"featured_media":14774,"comment_status":"open","ping_status":"closed","template":"","meta":{"_et_pb_use_builder":"","_et_pb_old_content":"","_et_gb_content_width":""},"product_brand":[],"product_cat":[1497],"product_tag":[1498,1496],"class_list":{"0":"post-16369","1":"product","2":"type-product","3":"status-publish","4":"has-post-thumbnail","6":"product_cat-arm-cylinders","7":"product_tag-arm-cylinders","8":"product_tag-hydraulic-cylinders","10":"first","11":"instock","12":"shipping-taxable","13":"product-type-simple"},"amp_enabled":true,"_links":{"self":[{"href":"https:\/\/www.hydraulic-cylinders.net\/da\/wp-json\/wp\/v2\/product\/16369","targetHints":{"allow":["GET"]}}],"collection":[{"href":"https:\/\/www.hydraulic-cylinders.net\/da\/wp-json\/wp\/v2\/product"}],"about":[{"href":"https:\/\/www.hydraulic-cylinders.net\/da\/wp-json\/wp\/v2\/types\/product"}],"replies":[{"embeddable":true,"href":"https:\/\/www.hydraulic-cylinders.net\/da\/wp-json\/wp\/v2\/comments?post=16369"}],"wp:featuredmedia":[{"embeddable":true,"href":"https:\/\/www.hydraulic-cylinders.net\/da\/wp-json\/wp\/v2\/media\/14774"}],"wp:attachment":[{"href":"https:\/\/www.hydraulic-cylinders.net\/da\/wp-json\/wp\/v2\/media?parent=16369"}],"wp:term":[{"taxonomy":"product_brand","embeddable":true,"href":"https:\/\/www.hydraulic-cylinders.net\/da\/wp-json\/wp\/v2\/product_brand?post=16369"},{"taxonomy":"product_cat","embeddable":true,"href":"https:\/\/www.hydraulic-cylinders.net\/da\/wp-json\/wp\/v2\/product_cat?post=16369"},{"taxonomy":"product_tag","embeddable":true,"href":"https:\/\/www.hydraulic-cylinders.net\/da\/wp-json\/wp\/v2\/product_tag?post=16369"}],"curies":[{"name":"wp","href":"https:\/\/api.w.org\/{rel}","templated":true}]}}