{"id":16403,"date":"2025-01-20T09:12:45","date_gmt":"2025-01-20T09:12:45","guid":{"rendered":"https:\/\/www.hydraulic-cylinders.net\/product\/arm-cylinderfor-xcmg-middle-excavator-xe235c\/"},"modified":"2025-01-20T09:12:47","modified_gmt":"2025-01-20T09:12:47","slug":"arm-cylinderfor-xcmg-middle-excavator-xe235c","status":"publish","type":"product","link":"https:\/\/www.hydraulic-cylinders.net\/da\/vare\/arm-cylinderfor-xcmg-middle-excavator-xe235c\/","title":{"rendered":"Armcylinder til XCMG mellemgraver XE235C"},"content":{"rendered":"<h1>Armcylinder til XCMG mellemgraver XE235C<\/h1>\n<h2>Definition og forklaring<\/h2>\n<p>Armcylinderen er en specialdesignet hydraulisk cylinder, der giver line\u00e6r bev\u00e6gelse og kraft til armen p\u00e5 forskellige typer maskiner s\u00e5som gravemaskiner, kraner og robotarme. Den spiller en afg\u00f8rende rolle i hydrauliske systemer, da den g\u00f8r det muligt for yderligere v\u00e6rkt\u00f8j eller udstyr at bev\u00e6ge sig og styres effektivt. Disse cylindre muligg\u00f8r ikke kun j\u00e6vne bev\u00e6gelser, men kan ogs\u00e5 modst\u00e5 tunge belastninger, hvilket sikrer effektiv drift og p\u00e5lidelighed af maskineriet under forskellige arbejdsforhold.<\/p>\n<p><img decoding=\"async\" src=\"https:\/\/www.hydraulic-cylinders.net\/wp-content\/uploads\/2025\/01\/songte-company-2.webp\"><\/p>\n<h2>Funktioner<\/h2>\n<ul>\n<li>H\u00f8jeffektiv transmission: Armcylinderen giver kraftig line\u00e6r bev\u00e6gelse og kraft, hvilket sikrer den mekaniske arms h\u00f8jeffektive ydeevne i forskellige operationer.<\/li>\n<li>Pr\u00e6cis kontrol: Gennem det hydrauliske system muligg\u00f8r armcylinderen pr\u00e6cis bev\u00e6gelseskontrol, hvilket g\u00f8r betjeningen af \u200b\u200b\u200b\u200btilkoblede v\u00e6rkt\u00f8jer mere fleksibel og pr\u00e6cis.<\/li>\n<li>St\u00e6rk holdbarhed: Armcylindre er typisk lavet af h\u00f8jstyrkematerialer, der giver fremragende modstandsdygtighed over for slid og korrosion, hvilket g\u00f8r dem velegnede til langvarig brug i barske milj\u00f8er.<\/li>\n<li>Multifunktionel tilpasningsevne: Disse cylindre kan anvendes i vid udstr\u00e6kning p\u00e5 forskellige typer maskiner s\u00e5som gravemaskiner, kraner og robotarme og tilpasses forskellige arbejdskrav.<\/li>\n<li>Nem vedligeholdelse: Armcylinderens design tager h\u00f8jde for nem vedligeholdelse og udskiftning, hvilket g\u00f8r regelm\u00e6ssige inspektioner og service mere bekvemt og reducerer udstyrets nedetid.<\/li>\n<\/ul>\n<p><img decoding=\"async\" src=\"https:\/\/www.hydraulic-cylinders.net\/wp-content\/uploads\/2025\/01\/songte-oil-pipes-and-spare-parts.webp\"><\/p>\n<h2>Applikationer<\/h2>\n<p>Armcylinderen finder sin anvendelse i forskellige brancher:<\/p>\n<ul>\n<li>Byggeteknik: I gravemaskiner og kraner styrer armcylinderen bev\u00e6gelsen af \u200b\u200bskovle eller bomme til jordarbejde, materialeh\u00e5ndtering og strukturel installation.<\/li>\n<li>Fremstillingsindustri: I automatiserede produktionslinjer bruges armcylinderen til bev\u00e6gelse af robotarme, hvilket muligg\u00f8r processer som montering, svejsning og materialeh\u00e5ndtering, hvorved produktionseffektiviteten og n\u00f8jagtigheden forbedres.<\/li>\n<li>Landbrugsmaskiner: I landbrugsudstyr s\u00e5som mejet\u00e6rskere og s\u00e5maskiner styrer armcylinderen bev\u00e6gelsen af \u200b\u200b\u200b\u200bbetjeningsarmene til opgaver som s\u00e5ning, g\u00f8dskning og h\u00f8st.<\/li>\n<li>Minedrift: I minedriftsudstyr styrer armcylinderen armbev\u00e6gelsen af \u200b\u200bminedriftsmaskineriet til malmudvinding og transport.<\/li>\n<li>Logistik og transport: I gaffeltrucks og h\u00e5ndteringsrobotter bruges armcylinderen til at styre l\u00f8ft og bev\u00e6gelse af gafler, hvilket letter materialeh\u00e5ndtering og stabling.<\/li>\n<\/ul>\n<h2>Designovervejelser og udv\u00e6lgelseskriterier<\/h2>\n<p>N\u00e5r det kommer til designet af armcylinderen, tages der flere faktorer i betragtning:<\/p>\n<ul>\n<li>B\u00e6reevne: Armcylinderen er designet til at modst\u00e5 den n\u00f8dvendige belastning og give p\u00e5lidelig ydeevne.<\/li>\n<li>T\u00e6tning: Forskellige t\u00e6tningskomponenter, s\u00e5som stempelt\u00e6tninger og stangt\u00e6tninger, bruges til at sikre korrekt t\u00e6tning. Disse t\u00e6tninger er lavet af slidst\u00e6rke materialer som polyurethan og nitrilgummi.<\/li>\n<li>Holdbarhed: Cylinderhuset og gevindenderne gennemg\u00e5r en fin behandling for at forbedre slidstyrken, hvilket sikrer langvarig ydeevne, selv under kr\u00e6vende forhold.<\/li>\n<li>Sikkerhed: Sikkerhedsfunktioner er indarbejdet i designet for at forhindre ulykker og sikre sikker drift af maskineriet.<\/li>\n<li>Vedligeholdelsesvenlighed: Armcylinderen er designet til nem vedligeholdelse og reparation, hvilket reducerer nedetid og forbedrer den samlede produktivitet.<\/li>\n<\/ul>\n<p><img decoding=\"async\" src=\"https:\/\/www.hydraulic-cylinders.net\/wp-content\/uploads\/2025\/01\/songte-cylinder-head-with-all-kinds-excavator-models.webp\"><\/p>\n<h2>T\u00e6tning og sm\u00f8ring<\/h2>\n<p>Armcylinderen anvender forskellige t\u00e6tningskomponenter, s\u00e5som stempelt\u00e6tninger og stangt\u00e6tninger, der er lavet af slidst\u00e6rke materialer som polyurethan og nitrilgummi. Cylinderhuset og gevindenderne er fint behandlet for at forbedre slidstyrken. Regelm\u00e6ssig sm\u00f8ring med hydraulikolie er n\u00f8dvendig for at sikre problemfri drift.<\/p>\n<h2>Regelm\u00e6ssig inspektion og forebyggende vedligeholdelsesforanstaltninger<\/h2>\n<p>For at sikre optimal ydeevne og levetid for armcylinderen b\u00f8r der udf\u00f8res regelm\u00e6ssige inspektioner og forebyggende vedligeholdelsesforanstaltninger:<\/p>\n<ul>\n<li>Unders\u00f8g for tegn p\u00e5 slid, l\u00e6kage eller skader.<\/li>\n<li>Reng\u00f8r og sm\u00f8r cylinderen som anbefalet af producenten.<\/li>\n<li>Sp\u00e6nd eventuelle l\u00f8se forbindelser eller fastg\u00f8relseselementer.<\/li>\n<li>Udskift slidte pakninger eller komponenter omg\u00e5ende.<\/li>\n<li>F\u00f8lg producentens retningslinjer for vedligeholdelsesintervaller og -procedurer.<\/li>\n<\/ul>\n<h2>Produktinstallationsvejledning<\/h2>\n<p>Korrekt installation af armcylinderen er afg\u00f8rende for optimal ydeevne og sikkerhed. F\u00f8lg disse trin:<\/p>\n<ol>\n<li>S\u00f8rg for, at maskinen er slukket, og at alt hydraulisk tryk er udl\u00f8st.<\/li>\n<li>Placer armcylinderen p\u00e5 det angivne monteringssted.<\/li>\n<li>Fastg\u00f8r cylinderen forsvarligt med passende bolte og beslag.<\/li>\n<li>Tilslut hydraulikslangerne, og s\u00f8rg for korrekt justering.<\/li>\n<li>Kontroller for eventuelle l\u00e6kager, og udf\u00f8r en test for at verificere funktionaliteten.<\/li>\n<\/ol>\n<p><img decoding=\"async\" src=\"https:\/\/www.hydraulic-cylinders.net\/wp-content\/uploads\/2025\/01\/songte-bushings-with-all-kinds-of-excavator-models.webp\"><\/p>\n<h2>Sikkerhedshensyn og milj\u00f8faktorer<\/h2>\n<p>N\u00e5r armcylinderen anvendes, er det vigtigt at prioritere sikkerhedsforanstaltninger. Sikkerhedsforanstaltninger b\u00f8r f\u00f8lges for at forhindre ulykker og sikre operat\u00f8rernes og det omkringliggende personales velbefindende. Derudover b\u00f8r milj\u00f8faktorer som temperatur, fugtighed og eksponering for \u00e6tsende stoffer tages i betragtning for at sikre cylinderens levetid.<\/p>\n<h2>Fejlfinding og almindelige problemer<\/h2>\n<p>I tilf\u00e6lde af problemer med armcylinderen kan f\u00f8lgende fejlfindingstrin hj\u00e6lpe med at diagnosticere og l\u00f8se problemerne:<\/p>\n<ul>\n<li>Problem 1: Cylinderen tr\u00e6kkes ikke korrekt ud eller ind.\n<ul>\n<li>Mulig l\u00f8sning: Kontroller hydraulikv\u00e6skeniveauer og -tryk; inspicer for blokeringer eller l\u00e6kager i det hydrauliske system.<\/li>\n<\/ul>\n<\/li>\n<li>Problem 2: For meget st\u00f8j eller vibrationer under drift.\n<ul>\n<li>Mulig l\u00f8sning: Unders\u00f8g for l\u00f8se forbindelser eller beskadigede komponenter; s\u00f8rg for korrekt justering og sikker montering.<\/li>\n<\/ul>\n<\/li>\n<li>Problem 3: Ut\u00e6t cylinderv\u00e6ske.\n<ul>\n<li>Mulig l\u00f8sning: Unders\u00f8g og udskift beskadigede pakninger eller komponenter; sp\u00e6nd eventuelle l\u00f8se forbindelser.<\/li>\n<\/ul>\n<\/li>\n<\/ul>\n<p>Ved at f\u00f8lge disse fejlfindingstips og tilbyde forebyggende foranstaltninger kan l\u00e6serne effektivt diagnosticere og l\u00f8se problemer, samtidig med at potentielle problemer minimeres.<\/p>\n<p><img decoding=\"async\" src=\"https:\/\/www.hydraulic-cylinders.net\/wp-content\/uploads\/2025\/01\/songte-chushion-collar.webp\"><\/p>\n<p>Husk at organisere artiklen logisk, bruge underoverskrifter for nem navigation, inkorporere relevante billeder eller diagrammer for at forbedre forst\u00e5elsen, og s\u00f8rg for, at indholdet er klart, pr\u00e6cist og egnet til l\u00e6sere med forskellige niveauer af teknisk viden.<\/p>\n<h2>Om vores virksomhed<\/h2>\n<p>Vi er en professionel producent af hydrauliske udskiftningscylindre og tilbyder en bred vifte af produkter. Vi er blevet en af \u200b\u200bde f\u00f8rende producenter og grossistdistribut\u00f8rer p\u00e5 det indenlandske og internationale marked. Vi opretholder princippet om fremragende kvalitet og forbedrer l\u00f8bende vores teknologiske kapaciteter og produktionseffektivitet gennem finjusterede fremstillingsprocesser. Ved at introducere avanceret digitalt produktionsudstyr og professionelle testsystemer optimerer vi vores produktionsplatform og forbedrer produktkvalitetskontrolprocesserne og fremviser st\u00e6rke innovationsevner. Vores m\u00e5l er at im\u00f8dekomme kundernes forskellige behov med effektivitet, pr\u00e6cision og produkter af h\u00f8j kvalitet.<\/p>\n<p><img decoding=\"async\" src=\"https:\/\/www.hydraulic-cylinders.net\/wp-content\/uploads\/2025\/01\/songte-company-4.webp\"><br \/>\n<img decoding=\"async\" src=\"https:\/\/www.hydraulic-cylinders.net\/wp-content\/uploads\/2025\/01\/songte-company-3.webp\"><\/p>\n<p>Vores virksomhed tilbyder:<\/p>\n<ul>\n<li>Professionalitet: Vi er eksperter inden for fremstilling af hydrauliske cylindre, hvilket sikrer produkter og tjenester af h\u00f8j kvalitet.<\/li>\n<li>Internationale certificeringer: Vores produkter opfylder internationale standarder og certificeringer, hvilket sikrer p\u00e5lidelighed og overholdelse af regler.<\/li>\n<li>Tilpasningstjenester: Vi tilbyder skr\u00e6ddersyede l\u00f8sninger, der opfylder specifikke krav og pr\u00e6ferencer.<\/li>\n<li>Avanceret produktionsudstyr: Vores produktionsfaciliteter er udstyret med det nyeste udstyr til effektiv og pr\u00e6cis produktion.<\/li>\n<li>Eftersalgsservice: Vi tilbyder omfattende eftersalgssupport, herunder vedligeholdelse, reparation og teknisk assistance.<\/li>\n<\/ul>\n<p>Ved at f\u00f8lge disse principper har vi etableret os som en betroet og p\u00e5lidelig partner inden for<\/p>","protected":false},"excerpt":{"rendered":"<p>Arm Cylinder for XCMG Middle Excavator XE235C Definition and Explanation The arm cylinder is a specially designed hydraulic cylinder that provides linear motion and power to the arm of various types of machinery such as excavators, cranes, and robotic arms. It plays a crucial role in hydraulic systems, allowing additional tools or attachments to move [&hellip;]<\/p>","protected":false},"featured_media":14763,"comment_status":"open","ping_status":"closed","template":"","meta":{"_et_pb_use_builder":"","_et_pb_old_content":"","_et_gb_content_width":""},"product_brand":[],"product_cat":[1497],"product_tag":[1498,1496],"class_list":{"0":"post-16403","1":"product","2":"type-product","3":"status-publish","4":"has-post-thumbnail","6":"product_cat-arm-cylinders","7":"product_tag-arm-cylinders","8":"product_tag-hydraulic-cylinders","10":"first","11":"instock","12":"shipping-taxable","13":"product-type-simple"},"amp_enabled":true,"_links":{"self":[{"href":"https:\/\/www.hydraulic-cylinders.net\/da\/wp-json\/wp\/v2\/product\/16403","targetHints":{"allow":["GET"]}}],"collection":[{"href":"https:\/\/www.hydraulic-cylinders.net\/da\/wp-json\/wp\/v2\/product"}],"about":[{"href":"https:\/\/www.hydraulic-cylinders.net\/da\/wp-json\/wp\/v2\/types\/product"}],"replies":[{"embeddable":true,"href":"https:\/\/www.hydraulic-cylinders.net\/da\/wp-json\/wp\/v2\/comments?post=16403"}],"wp:featuredmedia":[{"embeddable":true,"href":"https:\/\/www.hydraulic-cylinders.net\/da\/wp-json\/wp\/v2\/media\/14763"}],"wp:attachment":[{"href":"https:\/\/www.hydraulic-cylinders.net\/da\/wp-json\/wp\/v2\/media?parent=16403"}],"wp:term":[{"taxonomy":"product_brand","embeddable":true,"href":"https:\/\/www.hydraulic-cylinders.net\/da\/wp-json\/wp\/v2\/product_brand?post=16403"},{"taxonomy":"product_cat","embeddable":true,"href":"https:\/\/www.hydraulic-cylinders.net\/da\/wp-json\/wp\/v2\/product_cat?post=16403"},{"taxonomy":"product_tag","embeddable":true,"href":"https:\/\/www.hydraulic-cylinders.net\/da\/wp-json\/wp\/v2\/product_tag?post=16403"}],"curies":[{"name":"wp","href":"https:\/\/api.w.org\/{rel}","templated":true}]}}