{"id":16409,"date":"2025-01-20T09:13:16","date_gmt":"2025-01-20T09:13:16","guid":{"rendered":"https:\/\/www.hydraulic-cylinders.net\/product\/arm-cylinderfor-xcmg-large-excavator-xe370ca\/"},"modified":"2025-01-20T09:13:18","modified_gmt":"2025-01-20T09:13:18","slug":"arm-cylinderfor-xcmg-large-excavator-xe370ca","status":"publish","type":"product","link":"https:\/\/www.hydraulic-cylinders.net\/da\/vare\/arm-cylinderfor-xcmg-large-excavator-xe370ca\/","title":{"rendered":"Armcylinder til XCMG stor gravemaskine XE370CA"},"content":{"rendered":"<p>Armcylinder til XCMG stor gravemaskine XE370CA<\/p>\n<p>Armcylinderen er en specialdesignet hydraulisk cylinder, der prim\u00e6rt bruges til at give line\u00e6r bev\u00e6gelse og kraft til arme p\u00e5 forskellige typer maskiner s\u00e5som gravemaskiner, kraner og mekaniske arme. Armcylindre spiller en afg\u00f8rende rolle i hydrauliske systemer, da de g\u00f8r det muligt for yderligere v\u00e6rkt\u00f8j eller udstyr at bev\u00e6ge sig og styres effektivt. Disse cylindre giver ikke kun j\u00e6vn bev\u00e6gelse, men kan ogs\u00e5 modst\u00e5 tunge belastninger, hvilket sikrer effektiv drift og p\u00e5lidelighed af maskineriet under forskellige arbejdsforhold.<\/p>\n<p><img decoding=\"async\" src=\"https:\/\/www.hydraulic-cylinders.net\/wp-content\/uploads\/2025\/01\/songte-company-2.webp\" alt=\"Armcylinder\" \/><\/p>\n<p>Funktioner ved armcylinder:<\/p>\n<p>1. H\u00f8jeffektivt drev: Armcylindre giver kraftig line\u00e6r bev\u00e6gelse og kraft, hvilket sikrer h\u00f8j effektivitet i de mekaniske arme i forskellige operationer.<br \/>\n2. Pr\u00e6cis kontrol: Armcylindre kan opn\u00e5 pr\u00e6cis bev\u00e6gelseskontrol via hydrauliske systemer, hvilket g\u00f8r betjeningen af \u200b\u200bekstra v\u00e6rkt\u00f8jer mere fleksibel og pr\u00e6cis.<br \/>\n3. St\u00e6rk holdbarhed: Armcylindre er normalt lavet af h\u00f8jstyrkematerialer, som har god slidstyrke og korrosionsbestandighed, der er egnede til langvarig brug i barske milj\u00f8er.<br \/>\n4. Multifunktionel tilpasningsevne: Disse cylindre kan anvendes i vid udstr\u00e6kning p\u00e5 forskellige typer maskiner s\u00e5som gravemaskiner, kraner og mekaniske arme og tilpasser sig forskellige arbejdskrav.<br \/>\n5. Nem vedligeholdelse: Armcylindre er designet til nem vedligeholdelse og udskiftning og g\u00f8r regelm\u00e6ssig inspektion og vedligeholdelse mere bekvem, hvilket reducerer udstyrets nedetid.<\/p>\n<p>Vores produkt kan perfekt erstatte disse hydrauliske cylindre.<\/p>\n<p><img decoding=\"async\" src=\"https:\/\/www.hydraulic-cylinders.net\/wp-content\/uploads\/2025\/01\/songte-oil-pipes-and-spare-parts.webp\" alt=\"Reservedele\" \/><\/p>\n<p>Anvendelser af armcylinder:<\/p>\n<p>1. Byggearbejde: I gravemaskiner og kraner bruges armcylindre til at styre bev\u00e6gelsen af \u200b\u200bskovle eller bomme til jordarbejde, materialeh\u00e5ndtering og strukturel installation.<br \/>\n2. Fremstillingsindustri: I automatiserede produktionslinjer anvendes armcylindre til bev\u00e6gelse af mekaniske arme til montering, svejsning og h\u00e5ndteringsprocesser, hvilket forbedrer produktionseffektiviteten og n\u00f8jagtigheden.<br \/>\n3. Landbrugsmaskiner: I landbrugsmaskiner s\u00e5som mejet\u00e6rskere og plantemaskiner styrer armcylindre bev\u00e6gelsen af \u200b\u200b\u200b\u200bbetjeningsarmene og udf\u00f8rer opgaver som plantning, g\u00f8dning og h\u00f8st.<br \/>\n4. Minedrift: I minedriftsudstyr bruges armcylindre til at styre bev\u00e6gelsen af \u200b\u200bminedriftsarme til malmudvinding og -h\u00e5ndtering.<br \/>\n5. Logistik og transport: I gaffeltrucks og h\u00e5ndteringsrobotter bruges armcylindre til at styre l\u00f8ft og bev\u00e6gelse af gafler, hvilket muligg\u00f8r materialeh\u00e5ndtering og stabling.<\/p>\n<p>Designovervejelser og udv\u00e6lgelseskriterier:<\/p>\n<p>1. B\u00e6reevne: Armcylindre skal kunne modst\u00e5 den maksimale belastning, de vil blive udsat for under drift.<br \/>\n2. T\u00e6tningsevne: Armcylindre b\u00f8r v\u00e6re udstyret med forskellige t\u00e6tningskomponenter, s\u00e5som stempelt\u00e6tninger og stangt\u00e6tninger, lavet af slidst\u00e6rke materialer som polyurethan og nitrilgummi, hvilket sikrer fremragende t\u00e6tningsevne.<br \/>\n3. Holdbarhed: Armcylindre b\u00f8r fremstilles af materialer med h\u00f8j styrke og gennemg\u00e5 overfladebehandling for at forbedre slidstyrke og korrosionsbestandighed.<br \/>\n4. Sikkerhed: Armcylindre skal v\u00e6re konstrueret til at forhindre ulykker og sikre operat\u00f8rens sikkerhed under drift.<br \/>\n5. Vedligeholdelsesvenlighed: Armcylindre b\u00f8r v\u00e6re designet til nem vedligeholdelse og udskiftning, hvilket reducerer udstyrets nedetid og vedligeholdelsesomkostninger.<\/p>\n<p><img decoding=\"async\" src=\"https:\/\/www.hydraulic-cylinders.net\/wp-content\/uploads\/2025\/01\/songte-cylinder-head-with-all-kinds-excavator-models.webp\" alt=\"Topstykke\" \/><\/p>\n<p>T\u00e6tning og sm\u00f8ring af armcylinder:<\/p>\n<p>Armcylindre b\u00f8r v\u00e6re udstyret med forskellige t\u00e6tningskomponenter, s\u00e5som stempelt\u00e6tninger og stangt\u00e6tninger, lavet af slidst\u00e6rke materialer som polyurethan og nitrilgummi, hvilket sikrer fremragende t\u00e6tningsevne. Cylinderhuse og gevindflader b\u00f8r overfladebehandles for at forbedre slidstyrken. Armcylindre kr\u00e6ver regelm\u00e6ssig tils\u00e6tning af tilstr\u00e6kkelig hydraulikolie til sm\u00f8ring.<\/p>\n<p>Regelm\u00e6ssig inspektion og forebyggende vedligeholdelse:<\/p>\n<p>1. Kontroller armcylinderen for l\u00e6kager eller skader, og udskift de beskadigede dele rettidigt.<br \/>\n2. Regularly clean the arm cylinder and replace the hydraulic oil according to the manufacturer&#8217;s recommendations.<br \/>\n3. Kontroller hydraulikoliestanden, og fyld den op rettidigt.<br \/>\n4. Kontroller regelm\u00e6ssigt pakningerne, og udskift dem om n\u00f8dvendigt.<br \/>\n5. Kontroller regelm\u00e6ssigt cylinderhuset og stempelstangen for deformation eller beskadigelse, og udskift dem om n\u00f8dvendigt.<\/p>\n<p>Korrekt installationsvejledning:<\/p>\n<p>1. L\u00e6s producentens installationsvejledning omhyggeligt inden installation.<br \/>\n2. Kontroller armcylinderens kompatibilitet med det udstyr, der skal installeres, og s\u00f8rg for, at installationspositionen er korrekt.<br \/>\n3. Brug det korrekte v\u00e6rkt\u00f8j og udstyr til at montere armcylinderen, og s\u00f8rg for, at alle fastg\u00f8relsesbolte er sp\u00e6ndt til det angivne moment.<br \/>\n4. Efter installationen skal armcylinderen kontrolleres for l\u00e6kager, og der skal udf\u00f8res en testk\u00f8rsel for at sikre, at armcylinderen fungerer effektivt.<\/p>\n<p><img decoding=\"async\" src=\"https:\/\/www.hydraulic-cylinders.net\/wp-content\/uploads\/2025\/01\/songte-bushings-with-all-kinds-of-excavator-models.webp\" alt=\"B\u00f8sninger\" \/><\/p>\n<p>Sikkerhedshensyn og milj\u00f8faktorer:<\/p>\n<p>Sikkerhedsforanstaltninger er afg\u00f8rende ved betjening af armcylindre for at sikre operat\u00f8rens sikkerhed. Milj\u00f8faktorer som temperatur, fugtighed og st\u00f8v b\u00f8r ogs\u00e5 tages i betragtning for at sikre korrekt drift af armcylindrene.<\/p>\n<p>Almindelig fejldiagnose og fejlfinding:<\/p>\n<p>1. L\u00e6kage af hydraulikolie: Kontroller t\u00e6tningskomponenterne, og udskift dem om n\u00f8dvendigt.<br \/>\n2. Utilstr\u00e6kkelig effekt: Kontroller det hydrauliske system, og udskift de beskadigede dele.<br \/>\n3. Unormal st\u00f8j: Kontroller for mekanisk skade eller deformation, og udskift de beskadigede dele.<br \/>\n4. Langsom bev\u00e6gelse: Kontroller det hydrauliske system, og udskift de beskadigede dele.<br \/>\n5. Forkert betjening: Tjek betjeningsvejledningen og s\u00f8rg for korrekt betjening.<\/p>\n<p>Tips og l\u00f8sninger til fejlfinding:<\/p>\n<p>1. Kontroller t\u00e6tningskomponenterne for l\u00e6kage af hydraulikolie, og udskift dem om n\u00f8dvendigt.<br \/>\n2. Ved utilstr\u00e6kkelig effekt skal hydrauliksystemet kontrolleres, og de beskadigede dele skal udskiftes.<br \/>\n3. Ved unormal st\u00f8j skal du kontrollere for mekanisk skade eller deformation, og de beskadigede dele skal udskiftes.<br \/>\n4. Ved langsom bev\u00e6gelse skal hydrauliksystemet kontrolleres, og de beskadigede dele skal udskiftes.<br \/>\n5. Ved forkert betjening skal du kontrollere betjeningsvejledningen og sikre dig, at betjeningen fungerer korrekt.<\/p>\n<p><img decoding=\"async\" src=\"https:\/\/www.hydraulic-cylinders.net\/wp-content\/uploads\/2025\/01\/songte-chushion-collar.webp\" alt=\"Pudekrave\" \/><\/p>\n<p>We are a professional manufacturer of replacement hydraulic cylinders, with a wide range of products, and have become one of the leading hydraulic cylinder manufacturers and wholesale distributors in the domestic and international markets. We always adhere to the principle of excellent quality, rely on industrialized production management strategies in sophisticated manufacturing workshops, continuously improve our technical level and production efficiency. Through the introduction of high-end digital manufacturing equipment and professional testing systems, we continuously optimize the manufacturing platform, improve product quality control processes, and have strong innovation capabilities. Our goal is to satisfy customers&#8217; diverse needs with high efficiency, precision, and high-quality principles.<\/p>\n<p>Vores virksomhed tilbyder professionelle tjenester s\u00e5som tilpasning, produktionsudstyr og eftersalgsservice.<\/p>\n<p><img decoding=\"async\" src=\"https:\/\/www.hydraulic-cylinders.net\/wp-content\/uploads\/2025\/01\/songte-company-4.webp\" alt=\"Selskab\" \/><br \/>\n<img decoding=\"async\" src=\"https:\/\/www.hydraulic-cylinders.net\/wp-content\/uploads\/2025\/01\/songte-company-3.webp\" alt=\"Selskab\" \/><\/p>\n<p>Forfatter: lyl<\/p>","protected":false},"excerpt":{"rendered":"<p>Arm Cylinder for XCMG Large Excavator XE370CA Arm cylinder is a specially designed hydraulic cylinder that is primarily used to provide linear motion and power to arms of various types of machinery such as excavators, cranes, and mechanical arms. Arm cylinders play a crucial role in hydraulic systems, allowing additional tools or attachments to move [&hellip;]<\/p>","protected":false},"featured_media":14774,"comment_status":"open","ping_status":"closed","template":"","meta":{"_et_pb_use_builder":"","_et_pb_old_content":"","_et_gb_content_width":""},"product_brand":[],"product_cat":[1497],"product_tag":[1498,1496],"class_list":{"0":"post-16409","1":"product","2":"type-product","3":"status-publish","4":"has-post-thumbnail","6":"product_cat-arm-cylinders","7":"product_tag-arm-cylinders","8":"product_tag-hydraulic-cylinders","10":"first","11":"instock","12":"shipping-taxable","13":"product-type-simple"},"amp_enabled":true,"_links":{"self":[{"href":"https:\/\/www.hydraulic-cylinders.net\/da\/wp-json\/wp\/v2\/product\/16409","targetHints":{"allow":["GET"]}}],"collection":[{"href":"https:\/\/www.hydraulic-cylinders.net\/da\/wp-json\/wp\/v2\/product"}],"about":[{"href":"https:\/\/www.hydraulic-cylinders.net\/da\/wp-json\/wp\/v2\/types\/product"}],"replies":[{"embeddable":true,"href":"https:\/\/www.hydraulic-cylinders.net\/da\/wp-json\/wp\/v2\/comments?post=16409"}],"wp:featuredmedia":[{"embeddable":true,"href":"https:\/\/www.hydraulic-cylinders.net\/da\/wp-json\/wp\/v2\/media\/14774"}],"wp:attachment":[{"href":"https:\/\/www.hydraulic-cylinders.net\/da\/wp-json\/wp\/v2\/media?parent=16409"}],"wp:term":[{"taxonomy":"product_brand","embeddable":true,"href":"https:\/\/www.hydraulic-cylinders.net\/da\/wp-json\/wp\/v2\/product_brand?post=16409"},{"taxonomy":"product_cat","embeddable":true,"href":"https:\/\/www.hydraulic-cylinders.net\/da\/wp-json\/wp\/v2\/product_cat?post=16409"},{"taxonomy":"product_tag","embeddable":true,"href":"https:\/\/www.hydraulic-cylinders.net\/da\/wp-json\/wp\/v2\/product_tag?post=16409"}],"curies":[{"name":"wp","href":"https:\/\/api.w.org\/{rel}","templated":true}]}}