{"id":16414,"date":"2025-01-20T09:13:41","date_gmt":"2025-01-20T09:13:41","guid":{"rendered":"https:\/\/www.hydraulic-cylinders.net\/product\/arm-cylinderfor-xcmg-large-excavator-xe490ck\/"},"modified":"2025-01-20T09:13:43","modified_gmt":"2025-01-20T09:13:43","slug":"arm-cylinderfor-xcmg-large-excavator-xe490ck","status":"publish","type":"product","link":"https:\/\/www.hydraulic-cylinders.net\/da\/vare\/arm-cylinderfor-xcmg-large-excavator-xe490ck\/","title":{"rendered":"Armcylinder til XCMG stor gravemaskine XE490CK"},"content":{"rendered":"<h1>Armcylinder til XCMG stor gravemaskine XE490CK<\/h1>\n<h2>Produktdefinition<\/h2>\n<p>En armcylinder er en specialdesignet hydraulisk cylinder, der giver line\u00e6r bev\u00e6gelse og kraft til armen p\u00e5 forskellige maskiner, s\u00e5som gravemaskiner, kraner og mekaniske arme. Den spiller en afg\u00f8rende rolle i hydrauliske systemer, da den muligg\u00f8r effektiv bev\u00e6gelse og kontrol af ekstra v\u00e6rkt\u00f8j eller udstyr. Disse cylindre muligg\u00f8r ikke kun j\u00e6vn bev\u00e6gelse, men kan ogs\u00e5 modst\u00e5 tunge belastninger, hvilket sikrer effektiv drift og p\u00e5lidelighed af maskineriet under forskellige arbejdsforhold.<\/p>\n<p><img decoding=\"async\" src=\"https:\/\/www.hydraulic-cylinders.net\/wp-content\/uploads\/2025\/01\/songte-company-2.webp\"><\/p>\n<h2>Produktfunktioner<\/h2>\n<ul>\n<li><strong>H\u00f8jeffektiv transmission:<\/strong> Armcylinderen leverer kraftig line\u00e6r bev\u00e6gelse og kraft, hvilket sikrer den mekaniske arms h\u00f8jtydende egenskaber i forskellige operationer.<\/li>\n<li><strong>Pr\u00e6cis kontrol:<\/strong> Gennem det hydrauliske system opn\u00e5r armcylinderen pr\u00e6cis bev\u00e6gelseskontrol, hvilket muligg\u00f8r mere fleksibel og pr\u00e6cis betjening af de p\u00e5monterede v\u00e6rkt\u00f8jer.<\/li>\n<li><strong>Holdbarhed:<\/strong> Armcylindre er typisk lavet af h\u00f8jstyrkematerialer, der giver fremragende slid- og korrosionsbestandighed, hvilket g\u00f8r dem velegnede til langvarig brug i barske milj\u00f8er.<\/li>\n<li><strong>Multifunktionel tilpasningsevne:<\/strong> Disse cylindre kan anvendes i vid udstr\u00e6kning i forskellige maskiner s\u00e5som gravemaskiner, kraner og mekaniske arme, og tilpasser sig forskellige arbejdskrav.<\/li>\n<li><strong>Nem vedligeholdelse:<\/strong> Armcylindre er designet til nem vedligeholdelse og udskiftning og muligg\u00f8r bekvemme regelm\u00e6ssige inspektioner og vedligeholdelse, hvilket reducerer udstyrets nedetid.<\/li>\n<\/ul>\n<p><img decoding=\"async\" src=\"https:\/\/www.hydraulic-cylinders.net\/wp-content\/uploads\/2025\/01\/songte-oil-pipes-and-spare-parts.webp\"><\/p>\n<h2>Applikationsscenarier<\/h2>\n<p>Armcylindre finder anvendelse i forskellige brancher:<\/p>\n<h3>1. Byggeriteknik<\/h3>\n<p>I gravemaskiner og kraner styrer armcylindre bev\u00e6gelsen af \u200b\u200bskovle eller bomme, hvilket letter jordflytning, materialeh\u00e5ndtering og strukturel installation.<\/p>\n<h3>2. Produktion<\/h3>\n<p>I automatiserede produktionslinjer muligg\u00f8r armcylindre bev\u00e6gelsen af \u200b\u200bmekaniske arme, hvilket underst\u00f8tter processer som montering, svejsning og materialeh\u00e5ndtering, hvorved produktionseffektiviteten og pr\u00e6cisionen forbedres.<\/p>\n<h3>3. Landbrugsmaskiner<\/h3>\n<p>I landbrugsmaskiner s\u00e5som mejet\u00e6rskere og s\u00e5maskiner styrer armcylindre bev\u00e6gelsen af \u200b\u200b\u200b\u200bbetjeningsarmene og udf\u00f8rer opgaver som s\u00e5ning, g\u00f8dning og h\u00f8st.<\/p>\n<h3>4. Minedrift<\/h3>\n<p>I minedriftsudstyr regulerer armcylindre armbev\u00e6gelsen af \u200b\u200bminedriftsanordninger, hvilket letter malmudvinding og transport.<\/p>\n<h3>5. Logistik og transport<\/h3>\n<p>I gaffeltrucks og h\u00e5ndteringsrobotter styrer armcylindre l\u00f8ft og bev\u00e6gelse af gafler, hvilket muligg\u00f8r materialeh\u00e5ndtering og stabling.<\/p>\n<p><img decoding=\"async\" src=\"https:\/\/www.hydraulic-cylinders.net\/wp-content\/uploads\/2025\/01\/songte-cylinder-head-with-all-kinds-excavator-models.webp\"><\/p>\n<h2>Designovervejelser og udv\u00e6lgelseskriterier<\/h2>\n<p>Ved design af armcylindre b\u00f8r der tages hensyn til flere faktorer og udv\u00e6lgelseskriterier:<\/p>\n<h3>1. B\u00e6reevne<\/h3>\n<p>Armcylindre b\u00f8r v\u00e6re konstrueret til at modst\u00e5 de specifikke belastningskrav for det maskineri, de anvendes i, for at sikre sikker og effektiv drift.<\/p>\n<h3>2. Forsegling<\/h3>\n<p>Forskellige t\u00e6tningskomponenter, s\u00e5som stempelt\u00e6tninger og stangt\u00e6tninger, b\u00f8r anvendes. Disse t\u00e6tninger er typisk lavet af slidst\u00e6rke materialer som polyurethan og nitrilgummi. Derudover b\u00f8r cylinderhuset og gevindenderne gennemg\u00e5 en fin overfladebehandling for at forbedre slidstyrken. Regelm\u00e6ssig sm\u00f8ring med passende hydraulikolie er n\u00f8dvendig for korrekt t\u00e6tning og sm\u00f8ring.<\/p>\n<p><img decoding=\"async\" src=\"https:\/\/www.hydraulic-cylinders.net\/wp-content\/uploads\/2025\/01\/songte-chushion-collar.webp\"><\/p>\n<h3>3. Holdbarhed<\/h3>\n<p>Armcylindrene skal v\u00e6re konstrueret af materialer med h\u00f8j holdbarhed og korrosionsbestandighed for at modst\u00e5 barske driftsforhold.<\/p>\n<h3>4. Sikkerhed<\/h3>\n<p>Design af armcylindre med sikkerhedsfunktioner s\u00e5som trykaflastningsventiler og n\u00f8dstopknapper sikrer beskyttelse af b\u00e5de operat\u00f8rer og maskiner.<\/p>\n<h3>5. Vedligeholdelsesevne<\/h3>\n<p>Overvejelser for nem vedligeholdelse og reparation omfatter tilg\u00e6ngelige komponenter, tydelig dokumentation og tilg\u00e6ngeligheden af \u200b\u200breservedele for at minimere nedetid under rutinem\u00e6ssige inspektioner og reparationer.<\/p>\n<h2>Regelm\u00e6ssig inspektion og forebyggende vedligeholdelse<\/h2>\n<p>For at sikre optimal ydeevne og levetid for armcylindre b\u00f8r f\u00f8lgende forebyggende foranstaltninger tr\u00e6ffes:<\/p>\n<ul>\n<li>Inspicer regelm\u00e6ssigt cylinderen for tegn p\u00e5 skader, l\u00e6kage eller unormal slitage.<\/li>\n<li>Kontroller og udskift slidte pakninger og andre komponenter efter behov.<\/li>\n<li>S\u00f8rg for korrekt sm\u00f8ring med den anbefalede hydraulikolie.<\/li>\n<li>Inspicer og vedligehold tilh\u00f8rende hydrauliske ledninger og forbindelser.<\/li>\n<li>F\u00f8lg producentens anvisninger for vedligeholdelse og serviceintervaller.<\/li>\n<\/ul>\n<h2>Produktinstallationsvejledning<\/h2>\n<p>Korrekt installation af armcylindre er afg\u00f8rende for deres ydeevne og sikkerhed. F\u00f8lg disse trin:<\/p>\n<ol>\n<li>S\u00f8rg for, at maskineriet er slukket, og at alt hydraulisk tryk er udl\u00f8st.<\/li>\n<li>Placer forsigtigt armcylinderen p\u00e5 det angivne monteringssted.<\/li>\n<li>Tilslut cylinderens hydrauliske slanger sikkert til de relevante fittings.<\/li>\n<li>Kontroller for eventuelle l\u00e6kager, og s\u00f8rg for, at alle forbindelser er t\u00e6tte.<\/li>\n<li>Test armcylinderens funktion for at sikre korrekt funktion.<\/li>\n<\/ol>\n<p><img decoding=\"async\" src=\"https:\/\/www.hydraulic-cylinders.net\/wp-content\/uploads\/2025\/01\/songte-bushings-with-all-kinds-of-excavator-models.webp\"><\/p>\n<h2>Sikkerhedshensyn og milj\u00f8faktorer<\/h2>\n<p>N\u00e5r man arbejder med armcylindre, er det vigtigt at prioritere sikkerhedsforanstaltninger. Der b\u00f8r tr\u00e6ffes sikkerhedsforanstaltninger for at beskytte operat\u00f8rer, udstyr og milj\u00f8et. Overholdelse af sikkerhedsretningslinjer og -protokoller er afg\u00f8rende for at forhindre ulykker og opretholde et sikkert arbejdsmilj\u00f8.<\/p>\n<h2>Fejlfinding og almindelige problemer<\/h2>\n<p>Armcylindre kan st\u00f8de p\u00e5 forskellige fejl eller problemer. Her er nogle almindelige problemer og deres mulige l\u00f8sninger:<\/p>\n<ul>\n<li><strong>L\u00e6kage:<\/strong> Kontroller og udskift beskadigede pakninger eller forbindelser. S\u00f8rg for korrekt tilsp\u00e6nding og sm\u00f8ring.<\/li>\n<li><strong>Langsom eller ufuldst\u00e6ndig drift:<\/strong> Unders\u00f8g det hydrauliske system for blokeringer eller lave v\u00e6skeniveauer. Reng\u00f8r eller udskift tilstoppede filtre.<\/li>\n<li><strong>Overdreven st\u00f8j eller vibrationer:<\/strong> Kontroller for l\u00f8se forbindelser eller beskadigede komponenter. Sp\u00e6nd eller udskift efter behov.<\/li>\n<\/ul>\n<p>Regelm\u00e6ssig vedligeholdelse, hurtig fejlfinding og hurtig l\u00f8sning af problemer kan hj\u00e6lpe med at minimere nedetid og sikre optimal ydeevne af armcylindrene.<\/p>\n<p><img decoding=\"async\" src=\"https:\/\/www.hydraulic-cylinders.net\/wp-content\/uploads\/2025\/01\/songte-chushion-collar.webp\"><\/p>\n<h2>Om os<\/h2>\n<p>Vi er en professionel producent af hydrauliske udskiftningscylindre og tilbyder en bred vifte af produkter. Vi er blevet en af \u200b\u200bde f\u00f8rende producenter og engrosdistribut\u00f8rer af hydrauliske cylindre p\u00e5 b\u00e5de indenlandske og internationale markeder. Vores engagement i fremragende kvalitet bakkes op af vores branchestandardiserede produktionsv\u00e6rksted, der implementerer effektive produktionsstyringsstrategier for l\u00f8bende at forbedre vores teknologiske kapaciteter og produktionseffektivitet. Vores avancerede digitale produktionsudstyr og professionelle testsystemer g\u00f8r det muligt for os at optimere vores produktionsplatform og forbedre produktkvalitetskontrolprocesser, hvilket sikrer vores st\u00e6rke evne til at innovere. Vi sigter mod at im\u00f8dekomme vores kunders forskellige behov med principper om effektivitet, pr\u00e6cision og h\u00f8j kvalitet.<\/p>\n<p><img decoding=\"async\" src=\"https:\/\/www.hydraulic-cylinders.net\/wp-content\/uploads\/2025\/01\/songte-company-4.webp\"><br \/>\n<img decoding=\"async\" src=\"https:\/\/www.hydraulic-cylinders.net\/wp-content\/uploads\/2025\/01\/songte-company-3.webp\"><\/p>\n<p><em>Forfatter: lyl<\/em><\/p>","protected":false},"excerpt":{"rendered":"<p>Arm Cylinder For XCMG Large Excavator XE490CK Product Definition An arm cylinder is a specially designed hydraulic cylinder that provides linear motion and power to the arm of various machinery, such as excavators, cranes, and mechanical arms. It plays a crucial role in hydraulic systems, allowing for efficient movement and control of additional tools or [&hellip;]<\/p>","protected":false},"featured_media":14759,"comment_status":"open","ping_status":"closed","template":"","meta":{"_et_pb_use_builder":"","_et_pb_old_content":"","_et_gb_content_width":""},"product_brand":[],"product_cat":[1497],"product_tag":[1498,1496],"class_list":{"0":"post-16414","1":"product","2":"type-product","3":"status-publish","4":"has-post-thumbnail","6":"product_cat-arm-cylinders","7":"product_tag-arm-cylinders","8":"product_tag-hydraulic-cylinders","10":"first","11":"instock","12":"shipping-taxable","13":"product-type-simple"},"amp_enabled":true,"_links":{"self":[{"href":"https:\/\/www.hydraulic-cylinders.net\/da\/wp-json\/wp\/v2\/product\/16414","targetHints":{"allow":["GET"]}}],"collection":[{"href":"https:\/\/www.hydraulic-cylinders.net\/da\/wp-json\/wp\/v2\/product"}],"about":[{"href":"https:\/\/www.hydraulic-cylinders.net\/da\/wp-json\/wp\/v2\/types\/product"}],"replies":[{"embeddable":true,"href":"https:\/\/www.hydraulic-cylinders.net\/da\/wp-json\/wp\/v2\/comments?post=16414"}],"wp:featuredmedia":[{"embeddable":true,"href":"https:\/\/www.hydraulic-cylinders.net\/da\/wp-json\/wp\/v2\/media\/14759"}],"wp:attachment":[{"href":"https:\/\/www.hydraulic-cylinders.net\/da\/wp-json\/wp\/v2\/media?parent=16414"}],"wp:term":[{"taxonomy":"product_brand","embeddable":true,"href":"https:\/\/www.hydraulic-cylinders.net\/da\/wp-json\/wp\/v2\/product_brand?post=16414"},{"taxonomy":"product_cat","embeddable":true,"href":"https:\/\/www.hydraulic-cylinders.net\/da\/wp-json\/wp\/v2\/product_cat?post=16414"},{"taxonomy":"product_tag","embeddable":true,"href":"https:\/\/www.hydraulic-cylinders.net\/da\/wp-json\/wp\/v2\/product_tag?post=16414"}],"curies":[{"name":"wp","href":"https:\/\/api.w.org\/{rel}","templated":true}]}}