{"id":16417,"date":"2025-01-20T09:13:53","date_gmt":"2025-01-20T09:13:53","guid":{"rendered":"https:\/\/www.hydraulic-cylinders.net\/product\/arm-cylinderfor-xcmg-wheel-excavator-xe150w\/"},"modified":"2025-01-20T09:13:55","modified_gmt":"2025-01-20T09:13:55","slug":"arm-cylinderfor-xcmg-wheel-excavator-xe150w","status":"publish","type":"product","link":"https:\/\/www.hydraulic-cylinders.net\/da\/vare\/arm-cylinderfor-xcmg-wheel-excavator-xe150w\/","title":{"rendered":"Armcylinder til XCMG hjulgraver XE150W"},"content":{"rendered":"<h1>Armcylinder til XCMG hjulgraver XE150W<\/h1>\n<h2>Indledning<\/h2>\n<p>Armcylinderen er en specialdesignet hydraulisk cylinder, der giver line\u00e6r bev\u00e6gelse og kraft til armene p\u00e5 forskellige maskiner, s\u00e5som gravemaskiner, kraner og robotarme. Armcylinderen spiller en afg\u00f8rende rolle i hydrauliske systemer, da den muligg\u00f8r effektiv bev\u00e6gelse og kontrol af ekstra v\u00e6rkt\u00f8j eller udstyr. Disse cylindre sikrer ikke kun j\u00e6vn bev\u00e6gelse, men kan ogs\u00e5 modst\u00e5 tunge belastninger, hvilket sikrer effektiv drift og p\u00e5lidelighed af maskiner under forskellige arbejdsforhold.<\/p>\n<p><img decoding=\"async\" src=\"https:\/\/www.hydraulic-cylinders.net\/wp-content\/uploads\/2025\/01\/songte-company-2.webp\" alt=\"Armcylinderbillede\"><\/p>\n<h2>Funktioner<\/h2>\n<ul>\n<li>H\u00f8jeffektiv transmission: Armcylinderen giver kraftig line\u00e6r bev\u00e6gelse og kraft, hvilket sikrer h\u00f8j ydeevne under forskellige operationer.<\/li>\n<li>Pr\u00e6cis styring: Gennem det hydrauliske system muligg\u00f8r armcylinderen pr\u00e6cis bev\u00e6gelsesstyring, hvilket g\u00f8r betjeningen af \u200b\u200b\u200b\u200bmonterede v\u00e6rkt\u00f8jer mere fleksibel og pr\u00e6cis.<\/li>\n<li>St\u00e6rk holdbarhed: Armcylindre er typisk fremstillet af h\u00f8jstyrkematerialer, der tilbyder fremragende slid- og korrosionsbestandighed, hvilket g\u00f8r dem velegnede til langvarig brug i barske milj\u00f8er.<\/li>\n<li>Multifunktionel tilpasningsevne: Disse cylindre kan anvendes i vid udstr\u00e6kning p\u00e5 forskellige maskiner s\u00e5som gravemaskiner, kraner og robotarme og im\u00f8dekomme forskellige driftskrav.<\/li>\n<li>Nem vedligeholdelse: Designet med nem vedligeholdelse og udskiftning i tankerne, g\u00f8r regelm\u00e6ssige inspektioner og vedligeholdelse det nemt, hvilket reducerer udstyrets nedetid.<\/li>\n<\/ul>\n<p><img decoding=\"async\" src=\"https:\/\/www.hydraulic-cylinders.net\/wp-content\/uploads\/2025\/01\/songte-oil-pipes-and-spare-parts.webp\" alt=\"Produktbillede\"><\/p>\n<h2>Applikationer<\/h2>\n<p>Armcylinderen finder anvendelse i forskellige brancher:<\/p>\n<ul>\n<li>Byggeteknik: I gravemaskiner og kraner styrer armcylinderen bev\u00e6gelsen af \u200b\u200bskovle eller bomme, hvilket letter jordarbejde, materialeh\u00e5ndtering og strukturel installation.<\/li>\n<li>Produktionsindustri: I automatiserede produktionslinjer muligg\u00f8r armcylinderen bev\u00e6gelse af robotarme til montering, svejsning og h\u00e5ndteringsprocesser, hvilket forbedrer produktionseffektiviteten og pr\u00e6cisionen.<\/li>\n<li>Landbrugsmaskiner: I landbrugsudstyr s\u00e5som mejet\u00e6rskere og s\u00e5maskiner styrer armcylinderen bev\u00e6gelsen af \u200b\u200b\u200b\u200bbetjeningsarmene til opgaver som s\u00e5ning, g\u00f8dskning og h\u00f8st.<\/li>\n<li>Minedrift: I minedriftsudstyr styrer armcylinderen armbev\u00e6gelsen af \u200b\u200bminedriftsmaskineriet, hvilket letter malmudvinding og transport.<\/li>\n<li>Logistik og transport: I gaffeltrucks og h\u00e5ndteringsrobotter styrer armcylinderen l\u00f8ft og bev\u00e6gelse af gafler, hvilket muligg\u00f8r materialeh\u00e5ndtering og stabling.<\/li>\n<\/ul>\n<h2>Designovervejelser og udv\u00e6lgelseskriterier<\/h2>\n<p>N\u00e5r man overvejer design og valg af armcylindre, spiller flere n\u00f8glefaktorer ind:<\/p>\n<ul>\n<li>B\u00e6reevne: Armcylinderen skal kunne modst\u00e5 de tilsigtede belastningskrav.<\/li>\n<li>T\u00e6tningsegenskaber: Forskellige t\u00e6tningskomponenter s\u00e5som stempelt\u00e6tninger og stangt\u00e6tninger, lavet af slidst\u00e6rke materialer som polyurethan og nitrilgummi, sikrer effektiv t\u00e6tning.<\/li>\n<li>Holdbarhed: Cylinderhuset og den gevindsk\u00e5rne endeflade gennemg\u00e5r en omhyggelig behandling for at forbedre slidstyrken.<\/li>\n<li>Sikkerhed: Sikkerhedsaspekter s\u00e5som trykaflastningsventiler og n\u00f8dstopfunktioner b\u00f8r indarbejdes for at forhindre ulykker.<\/li>\n<li>Vedligeholdelsesevne: Regelm\u00e6ssig sm\u00f8ring med en passende m\u00e6ngde hydraulikolie og nem adgang til vedligeholdelsesopgaver b\u00f8r overvejes.<\/li>\n<\/ul>\n<p><img decoding=\"async\" src=\"https:\/\/www.hydraulic-cylinders.net\/wp-content\/uploads\/2025\/01\/songte-cylinder-head-with-all-kinds-excavator-models.webp\" alt=\"Produktbillede\"><\/p>\n<h2>T\u00e6tning og sm\u00f8ring<\/h2>\n<p>Armcylinderen anvender forskellige t\u00e6tninger, s\u00e5som stempelt\u00e6tninger og stangt\u00e6tninger, lavet af slidst\u00e6rke materialer som polyurethan og nitrilgummi. Cylinderhuset og gevindenden er fint behandlet for at forbedre slidstyrken. Regelm\u00e6ssig sm\u00f8ring med en passende m\u00e6ngde hydraulikolie er n\u00f8dvendig for at sikre problemfri drift.<\/p>\n<h2>Regelm\u00e6ssig inspektion og forebyggende vedligeholdelse<\/h2>\n<p>For at opretholde optimal ydeevne er regelm\u00e6ssige inspektioner og forebyggende vedligeholdelsesforanstaltninger afg\u00f8rende:<\/p>\n<ul>\n<li>Unders\u00f8g pakningerne for slid eller beskadigelse.<\/li>\n<li>Kontroller for l\u00e6kager i det hydrauliske system.<\/li>\n<li>Overv\u00e5g olieniveauer og -kvalitet.<\/li>\n<li>S\u00f8rg for korrekt justering og fastg\u00f8relse af komponenterne.<\/li>\n<li>Udf\u00f8r periodisk reng\u00f8ring og sm\u00f8ring.<\/li>\n<\/ul>\n<h2>Produktinstallationsvejledning<\/h2>\n<p>Korrekt installation af armcylinderen er afg\u00f8rende for optimal ydeevne. F\u00f8lg disse trin:<\/p>\n<ol>\n<li>S\u00f8rg for, at udstyret er slukket og i en sikker position.<\/li>\n<li>Fjern den gamle cylinder, hvis det er relevant.<\/li>\n<li>Unders\u00f8g den nye armcylinder for tegn p\u00e5 skader.<\/li>\n<li>Fastg\u00f8r cylinderen sikkert til de angivne monteringspunkter.<\/li>\n<li>Tilslut hydraulikledningerne, og s\u00f8rg for korrekt t\u00e6tning.<\/li>\n<li>Udf\u00f8r en grundig inspektion af installationen.<\/li>\n<li>T\u00e6nd udstyret, og test armcylinderens funktionalitet.<\/li>\n<\/ol>\n<p><img decoding=\"async\" src=\"https:\/\/www.hydraulic-cylinders.net\/wp-content\/uploads\/2025\/01\/songte-bushings-with-all-kinds-of-excavator-models.webp\" alt=\"Produktbillede\"><\/p>\n<h2>Sikkerhedshensyn og milj\u00f8faktorer<\/h2>\n<p>N\u00e5r armcylinderen anvendes, er sikkerhedsforanstaltninger af st\u00f8rste vigtighed. Overholdelse af sikkerhedsforanstaltninger sikrer forebyggelse af ulykker og beskyttelse af personale og maskiner.<\/p>\n<h2>Fejlfinding og almindelige problemer<\/h2>\n<p>Her er nogle almindelige problemer, der kan opst\u00e5 med armcylindre:<\/p>\n<ul>\n<li>Overdreven st\u00f8j under drift<\/li>\n<li>Unormale vibrationer<\/li>\n<li>Langsom eller rykvis bev\u00e6gelse<\/li>\n<li>L\u00e6kage af hydraulisk v\u00e6ske<\/li>\n<li>Utilstr\u00e6kkelig kraft eller kraft<\/li>\n<\/ul>\n<p>Hvis du st\u00f8der p\u00e5 problemer med armcylinderen, skal du f\u00f8lge disse fejlfindingstips og l\u00f8sninger:<\/p>\n<ul>\n<li>Kontroller for l\u00f8se forbindelser, og sp\u00e6nd dem om n\u00f8dvendigt.<\/li>\n<li>Unders\u00f8g pakningerne for slid eller beskadigelse, og udskift dem om n\u00f8dvendigt.<\/li>\n<li>S\u00f8rg for, at hydraulikv\u00e6skestanden er tilstr\u00e6kkelig og af den korrekte kvalitet.<\/li>\n<li>Reng\u00f8r og sm\u00f8r cylinderkomponenterne regelm\u00e6ssigt.<\/li>\n<li>Kontakt en professionel tekniker, hvis problemet forts\u00e6tter.<\/li>\n<\/ul>\n<p><img decoding=\"async\" src=\"https:\/\/www.hydraulic-cylinders.net\/wp-content\/uploads\/2025\/01\/songte-chushion-collar.webp\" alt=\"Produktbillede\"><\/p>\n<p>Husk at organisere artiklen logisk, bruge underoverskrifter for nem navigation, inkorporere relevante billeder eller diagrammer for at forbedre forst\u00e5elsen, og s\u00f8rg for, at indholdet er klart, pr\u00e6cist og egnet til l\u00e6sere med forskellige niveauer af teknisk viden.<\/p>\n<p><em>Forfatter: lyl<\/em><\/p>\n<h2>Om vores virksomhed<\/h2>\n<p>Vi er en professionel producent af hydrauliske udskiftningscylindre og tilbyder en bred vifte af produkter. Vi er blevet en af \u200b\u200bde f\u00f8rende producenter og grossister af hydrauliske cylindre p\u00e5 b\u00e5de indenlandske og internationale markeder. Med en forpligtelse til ekspertise forbedrer vi l\u00f8bende vores teknologiske ekspertise og produktionseffektivitet gennem raffinerede fremstillingsprocesser i vores topmoderne v\u00e6rksteder. Ved at introducere avanceret digitalt produktionsudstyr og professionelle testsystemer optimerer vi vores produktionsplatform og forbedrer vores produktkvalitetskontrolprocesser og viser st\u00e6rke innovationsevner. Vores m\u00e5l er at im\u00f8dekomme forskellige kundebehov med principper om effektivitet, pr\u00e6cision og h\u00f8j kvalitet.<\/p>\n<p><img decoding=\"async\" src=\"https:\/\/www.hydraulic-cylinders.net\/wp-content\/uploads\/2025\/01\/songte-company-4.webp\" alt=\"Virksomhedens image\"><br \/>\n<img decoding=\"async\" src=\"https:\/\/www.hydraulic-cylinders.net\/wp-content\/uploads\/2025\/01\/songte-company-3.webp\" alt=\"Virksomhedens image\"><\/p>\n<p>Derudover er vi stolte af vores professionalisme, internationale certificeringer, kundeservice, produktionsudstyr og eftersalgssupport.<\/p>","protected":false},"excerpt":{"rendered":"<p>Arm Cylinder For XCMG Wheel Excavator XE150W Introduction The arm cylinder is a specially designed hydraulic cylinder that provides linear motion and power to the arms of various machinery, such as excavators, cranes, and robotic arms. The arm cylinder plays a crucial role in hydraulic systems, enabling the effective movement and control of additional tools [&hellip;]<\/p>","protected":false},"featured_media":14779,"comment_status":"open","ping_status":"closed","template":"","meta":{"_et_pb_use_builder":"","_et_pb_old_content":"","_et_gb_content_width":""},"product_brand":[],"product_cat":[1497],"product_tag":[1498,1496],"class_list":{"0":"post-16417","1":"product","2":"type-product","3":"status-publish","4":"has-post-thumbnail","6":"product_cat-arm-cylinders","7":"product_tag-arm-cylinders","8":"product_tag-hydraulic-cylinders","10":"first","11":"instock","12":"shipping-taxable","13":"product-type-simple"},"amp_enabled":true,"_links":{"self":[{"href":"https:\/\/www.hydraulic-cylinders.net\/da\/wp-json\/wp\/v2\/product\/16417","targetHints":{"allow":["GET"]}}],"collection":[{"href":"https:\/\/www.hydraulic-cylinders.net\/da\/wp-json\/wp\/v2\/product"}],"about":[{"href":"https:\/\/www.hydraulic-cylinders.net\/da\/wp-json\/wp\/v2\/types\/product"}],"replies":[{"embeddable":true,"href":"https:\/\/www.hydraulic-cylinders.net\/da\/wp-json\/wp\/v2\/comments?post=16417"}],"wp:featuredmedia":[{"embeddable":true,"href":"https:\/\/www.hydraulic-cylinders.net\/da\/wp-json\/wp\/v2\/media\/14779"}],"wp:attachment":[{"href":"https:\/\/www.hydraulic-cylinders.net\/da\/wp-json\/wp\/v2\/media?parent=16417"}],"wp:term":[{"taxonomy":"product_brand","embeddable":true,"href":"https:\/\/www.hydraulic-cylinders.net\/da\/wp-json\/wp\/v2\/product_brand?post=16417"},{"taxonomy":"product_cat","embeddable":true,"href":"https:\/\/www.hydraulic-cylinders.net\/da\/wp-json\/wp\/v2\/product_cat?post=16417"},{"taxonomy":"product_tag","embeddable":true,"href":"https:\/\/www.hydraulic-cylinders.net\/da\/wp-json\/wp\/v2\/product_tag?post=16417"}],"curies":[{"name":"wp","href":"https:\/\/api.w.org\/{rel}","templated":true}]}}