{"id":1644,"date":"2023-10-10T06:05:51","date_gmt":"2023-10-10T06:05:51","guid":{"rendered":"https:\/\/hydraulic-cylinders.net\/?post_type=product&#038;p=1644"},"modified":"2025-04-11T02:55:30","modified_gmt":"2025-04-11T02:55:30","slug":"press-clamping-cylinder","status":"publish","type":"product","link":"https:\/\/www.hydraulic-cylinders.net\/da\/vare\/press-clamping-cylinder\/","title":{"rendered":"Pressesp\u00e6ndecylinder"},"content":{"rendered":"<h1 style=\"text-align: center;\"><strong>Pressesp\u00e6ndecylinder<\/strong><\/h1>\n<p><img loading=\"lazy\" decoding=\"async\" class=\"aligncenter wp-image-1645\" src=\"https:\/\/hydraulic-cylinders.net\/wp-content\/uploads\/2023\/10\/clamping-cylinder-1-1-300x300.webp\" alt=\"\" width=\"400\" height=\"400\" \/><\/p>\n<p>Pressesp\u00e6ndecylinderen er et banebrydende produkt, der leverer enest\u00e5ende ydeevne og p\u00e5lidelighed i forskellige industrielle applikationer. Med sine avancerede funktioner og robuste design tilbyder denne cylinder forbedret sp\u00e6ndekraft, pr\u00e6cis kontrol og forbedret produktivitet.<\/p>\n<p>Pressesp\u00e6ndecylinderen er revolutionerende inden for industrielle applikationer og tilbyder h\u00f8j sp\u00e6ndekraft, pr\u00e6cis kontrol og hurtig betjening. Med sine alsidige monteringsmuligheder og p\u00e5lidelige ydeevne forbedrer denne cylinder produktivitet, effektivitet og pr\u00e6cision i forskellige industrielle processer. Ved at f\u00f8lge de anbefalede brugsmetoder og vedligeholdelsespraksis kan du maksimere presesp\u00e6ndecylinderens levetid, p\u00e5lidelighed og sikkerhed i din industrielle ops\u00e6tning. V\u00e6lg denne cylinder for at frig\u00f8re det fulde potentiale af dine industrielle processer og hurtigt opn\u00e5 overlegne resultater.<\/p>\n<p>N\u00f8gleegenskaber for presseklemmecylinder:<\/p>\n<ol>\n<li>H\u00f8j klemkraft:<\/li>\n<\/ol>\n<ul>\n<li>Pressesp\u00e6ndecylinderen har en kraftig sp\u00e6ndekraft, der g\u00f8r det muligt at holde emner sikkert p\u00e5 plads under bearbejdning, svejsning eller montering.<\/li>\n<li>Med sin robuste konstruktion og optimerede design giver denne cylinder p\u00e5lidelig og ensartet klemkraft, hvilket sikrer stabilitet og pr\u00e6cision.<\/li>\n<\/ul>\n<ol start=\"2\">\n<li>Pr\u00e6cis kontrol:<\/li>\n<\/ol>\n<ul>\n<li>Denne cylinder har pr\u00e6cise styremekanismer, der g\u00f8r det muligt for operat\u00f8rer at justere klemkraften pr\u00e6cist.<\/li>\n<li>Evnen til at finjustere sp\u00e6ndekraften sikrer optimal greb uden at beskadige sarte emner, hvilket resulterer i overlegen kvalitet og reduceret efterarbejde.<\/li>\n<\/ul>\n<ol start=\"3\">\n<li>Hurtig betjening:<\/li>\n<\/ol>\n<ul>\n<li>Pressesp\u00e6ndecylinderen er konstrueret til hurtig fastsp\u00e6nding og frig\u00f8relse, hvilket minimerer nedetid og maksimerer produktiviteten.<\/li>\n<li>Dens effektive design og h\u00f8jhastighedsaktivering muligg\u00f8r hurtige emneskift, hvilket reducerer cyklustider og forbedrer den samlede effektivitet.<\/li>\n<\/ul>\n<ol start=\"4\">\n<li>Alsidige monteringsmuligheder:<\/li>\n<\/ol>\n<ul>\n<li>Denne cylinder tilbyder alsidige monteringsmuligheder, herunder flange-, fod- eller gevindmonteringer, hvilket giver fleksibilitet til problemfri integration i forskellige industrielle ops\u00e6tninger.<\/li>\n<li>De mange monteringsmuligheder muligg\u00f8r nem installation og integration med eksisterende maskiner eller tilpassede arbejdsstationer.<\/li>\n<\/ul>\n<h2><strong>Parameter for tryksp\u00e6ndecylinder:<\/strong><\/h2>\n<table border=\"1\" cellspacing=\"0\" cellpadding=\"0\">\n<tbody>\n<tr>\n<td>Produktnavn<\/td>\n<td>Hydraulisk presseklemmecylinder<\/td>\n<\/tr>\n<tr>\n<td>Funktioner:<\/td>\n<td>Sp\u00e6nd klemmehovedet, der holder st\u00e5lbarren eller -bj\u00e6lken<\/td>\n<\/tr>\n<tr>\n<td>Borediameter:<\/td>\n<td>125 mm ~ 700 mm<\/td>\n<\/tr>\n<tr>\n<td>Stangdiameter:<\/td>\n<td>80 mm ~ 520 mm<br \/>\nSlagl\u00e6ngde\u22641200 mm<\/td>\n<\/tr>\n<tr>\n<td>Trykkraft:<\/td>\n<td>Maksimum 9621 kN<br \/>\n(Cylinderdiameter 700 mm\/tryk 25 MPa)<\/td>\n<\/tr>\n<tr>\n<td>\u00a0Anvendelser af klemcylinder:<\/td>\n<td>Hydraulisk presse<\/td>\n<\/tr>\n<\/tbody>\n<\/table>\n<div><\/div>\n<div class=\"txtboxL\">Funktioner:<\/div>\n<div class=\"txtboxR\">Sp\u00e6nd klemmehovedet, der holder st\u00e5lbarren eller -bj\u00e6lken<\/div>\n<div class=\"txtboxL\">Specifikation:<\/div>\n<div class=\"txtboxR\">Borediameter: 125 mm ~ 700 mm<br \/>\nStangdiameter: 80 mm ~ 520 mm<br \/>\nSlagl\u00e6ngde\u22641200 mm<\/div>\n<div class=\"txtboxL\">Trykkraft:<\/div>\n<div class=\"txtboxR\">Maksimum 9621 kN<br \/>\n(Cylinderdiameter 700 mm\/tryk 25 MPa)<\/div>\n<h2><strong>Pressecylinderfabrik:<\/strong><\/h2>\n<p><img loading=\"lazy\" decoding=\"async\" class=\"alignnone wp-image-1619 size-full\" src=\"https:\/\/hydraulic-cylinders.net\/wp-content\/uploads\/2023\/10\/press-cylinder.webp\" alt=\"\" width=\"1418\" height=\"946\" srcset=\"https:\/\/hydraulic-cylinders.net\/wp-content\/uploads\/2023\/10\/press-cylinder.webp 1418w, https:\/\/hydraulic-cylinders.net\/wp-content\/uploads\/2023\/10\/press-cylinder-1280x854.webp 1280w, https:\/\/hydraulic-cylinders.net\/wp-content\/uploads\/2023\/10\/press-cylinder-980x654.webp 980w, https:\/\/hydraulic-cylinders.net\/wp-content\/uploads\/2023\/10\/press-cylinder-480x320.webp 480w\" sizes=\"(min-width: 0px) and (max-width: 480px) 480px, (min-width: 481px) and (max-width: 980px) 980px, (min-width: 981px) and (max-width: 1280px) 1280px, (min-width: 1281px) 1418px, 100vw\" \/><\/p>\n<h2><strong>Brugsmetode til presseklemmecylinder<\/strong><strong>:<\/strong><\/h2>\n<ol>\n<li><strong>Montering og installation:<\/strong><\/li>\n<\/ol>\n<ul>\n<li>Start med at v\u00e6lge den passende monteringsmulighed til din applikation, f.eks. flange, fod eller gevindhus.<\/li>\n<li>F\u00f8lg producentens anvisninger eller retningslinjer for at montere presseklemmecylinderen sikkert p\u00e5 den \u00f8nskede placering, og s\u00f8rg for korrekt justering og stabilitet.<\/li>\n<\/ul>\n<ol start=\"2\">\n<li><strong>Justering af klemkraft:<\/strong><\/li>\n<\/ol>\n<ul>\n<li>Afh\u00e6ngigt af kravene til din applikation skal du bruge de medf\u00f8lgende betjeningselementer eller justeringsmekanismer til at indstille den \u00f8nskede klemkraft.<\/li>\n<li>Overvej omhyggeligt emnets materiale, st\u00f8rrelse og bearbejdningskrav for at opn\u00e5 den optimale sp\u00e6ndekraft og de bedste resultater.<\/li>\n<\/ul>\n<ol start=\"3\">\n<li><strong>Emnefastsp\u00e6nding:<\/strong><\/li>\n<\/ol>\n<ul>\n<li>Placer emnet inden for pressesp\u00e6ndecylinderens sp\u00e6ndeomr\u00e5de.<\/li>\n<li>Aktiver cylinderen for at p\u00e5f\u00f8re klemkraften, hvilket sikrer et sikkert greb om emnet.<\/li>\n<li>Kontroller, at klemkraften er tilstr\u00e6kkelig til at holde emnet fast under den n\u00f8dvendige operation.<\/li>\n<\/ul>\n<h2><strong>Hvordan fjerner man en endekappe p\u00e5 den hydrauliske cylinder?<\/strong><\/h2>\n<div class=\"ChatMessage_chatMessage__xkgHx\" data-complete=\"true\">\n<div class=\"ChatMessage_botMessageHeader__8yA1R\">\n<div class=\"ChatMessage_headerWrapper__UeGSI\">\n<div class=\"ChatMessage_badge__ah1FU\">Det er en ligetil proces at fjerne ended\u00e6kslet p\u00e5 en hydraulisk cylinder, der kr\u00e6ver nogle vigtige v\u00e6rkt\u00f8jer og omhyggelig udf\u00f8relse. Her er en trinvis vejledning i, hvordan man fjerner ended\u00e6kslet p\u00e5 den hydrauliske cylinder:<\/div>\n<\/div>\n<\/div>\n<div class=\"ChatMessage_messageRow__DHlnq\">\n<div class=\"ChatMessage_messageWrapper__4Ugd6\">\n<div class=\"Message_row__ug_UU\">\n<div class=\"Message_botMessageBubble__aYctV\">\n<div class=\"Markdown_markdownContainer__Tz3HQ\">\n<ol>\n<li><strong>Sikkerhed f\u00f8rst:<\/strong> F\u00f8r der p\u00e5begyndes arbejde p\u00e5 den hydrauliske cylinder, skal det sikres, at systemet er trykl\u00f8st, og at al hydraulisk str\u00f8m er slukket. Dette vil forhindre uventet bev\u00e6gelse eller udledning af hydraulisk v\u00e6ske.<\/li>\n<li><strong>Saml v\u00e6rkt\u00f8jer:<\/strong> Du skal bruge passende v\u00e6rkt\u00f8j, herunder skruen\u00f8gler, topn\u00f8gles\u00e6t, en gummihammer og en br\u00e6kjern eller skruetr\u00e6kker.<\/li>\n<li><strong>Identific\u00e9r endekappen:<\/strong> Ended\u00e6kslet er typisk placeret i den ene ende af den hydrauliske cylinder og er fastgjort med bolte eller fastholdelsesringe.<\/li>\n<li><strong>Adgang til boltene:<\/strong> Hvis endekappen holdes p\u00e5 plads med bolte, skal du bruge den passende skruen\u00f8gle eller topn\u00f8gles\u00e6t til at l\u00f8sne og fjerne dem. Start med at l\u00f8sne boltene i et krydsm\u00f8nster for at sikre j\u00e6vn trykaflastning.<\/li>\n<li><strong>Fjern l\u00e5seringene:<\/strong> Ended\u00e6kslet kan nogle gange v\u00e6re fastgjort med l\u00e5seringe. Brug et br\u00e6kjern eller en skruetr\u00e6kker til forsigtigt at lirke l\u00e5seringene af, og s\u00f8rg for, at de ikke beskadiger cylinderen eller ended\u00e6kslet.<\/li>\n<li><strong>Tryk forsigtigt:<\/strong> N\u00e5r boltene eller fastholdelsesringene er fjernet, kan endekappen stadig v\u00e6re t\u00e6t forseglet p\u00e5 grund af hydraulisk tryk eller friktion. Brug en gummihammer til forsigtigt at banke rundt om endekappens omkreds. Dette hj\u00e6lper med at bryde eventuel kl\u00e6bemiddel eller forseglingsmateriale og l\u00f8sne endekappen.<\/li>\n<li><strong>Lirk endekappen af:<\/strong> N\u00e5r ended\u00e6kslet er l\u00f8snet, skal du bruge et br\u00e6kjern eller en skruetr\u00e6kker til forsigtigt at lirke ended\u00e6kslet af. Start i den ene kant og arbejd dig rundt, mens du trykker blidt og j\u00e6vnt for at undg\u00e5 at beskadige cylinderen eller ended\u00e6kslet. Bank let p\u00e5 br\u00e6kjernet med en gummihammer for at hj\u00e6lpe med at frig\u00f8re ended\u00e6kslet.<\/li>\n<li><strong>Inspicer og reng\u00f8r:<\/strong> N\u00e5r ended\u00e6kslet er fjernet, skal det kontrolleres for tegn p\u00e5 skader, slid eller l\u00e6kage. V\u00e6r opm\u00e6rksom p\u00e5 eventuelle t\u00e6tninger eller pakninger, der skal udskiftes. Reng\u00f8r ended\u00e6kslet og cylinderens monteringsflade grundigt for at sikre en korrekt genmonteringst\u00e6tning.<\/li>\n<\/ol>\n<\/div>\n<\/div>\n<\/div>\n<\/div>\n<\/div>\n<\/div>\n<h2><strong>Fabrikkens kapacitet og kapacitet:<\/strong><\/h2>\n<h3>(1) Samling<\/h3>\n<p>Vi har en f\u00f8rsteklasses uafh\u00e6ngig forsknings- og udviklingsplatform til montering. V\u00e6rkstedet for produktion af hydrauliske cylindre har fire halvautomatiske l\u00f8ftecylindermonteringslinjer og en automatisk vippecylindermonteringslinje med en designm\u00e6ssig \u00e5rlig produktionskapacitet p\u00e5 1 million enheder. Det specielle cylinderv\u00e6rksted er udstyret med forskellige specifikationer for et halvautomatisk reng\u00f8ringsmonteringssystem med en designm\u00e6ssig \u00e5rlig produktionskapacitet p\u00e5 200.000 og udstyret med ber\u00f8mt CNC-bearbejdningsudstyr, et bearbejdningscenter, et specialudstyr til h\u00f8jpr\u00e6cisionscylinderbearbejdning, en robotsvejsemaskine, en automatisk reng\u00f8ringsmaskine, en automatisk cylindermonteringsmaskine og en automatisk malingslinje. Eksisterende kritisk udstyr p\u00e5 mere end 300 s\u00e6t (s\u00e6t). Optimal allokering og effektiv udnyttelse af udstyrsressourcer sikrer produkternes n\u00f8jagtighedskrav og opfylder produkternes h\u00f8je kvalitetsbehov.<\/p>\n<p><img loading=\"lazy\" decoding=\"async\" class=\"alignnone wp-image-626\" src=\"https:\/\/hydraulic-cylinders.net\/wp-content\/uploads\/2023\/08\/hydraulic-cylinder-product-1-300x158.webp\" alt=\"\" width=\"495\" height=\"260\" srcset=\"https:\/\/hydraulic-cylinders.net\/wp-content\/uploads\/2023\/08\/hydraulic-cylinder-product-1-300x158.webp 495w, https:\/\/hydraulic-cylinders.net\/wp-content\/uploads\/2023\/08\/hydraulic-cylinder-product-1-480x252.webp 480w\" sizes=\"(min-width: 0px) and (max-width: 480px) 480px, (min-width: 481px) 495px, 100vw\" \/> <img loading=\"lazy\" decoding=\"async\" class=\"alignnone wp-image-627\" src=\"https:\/\/hydraulic-cylinders.net\/wp-content\/uploads\/2023\/08\/hydraulic-cylinder-product-2-300x189.webp\" alt=\"\" width=\"413\" height=\"260\" \/><\/p>\n<h3>(2) Maskinbearbejdning<\/h3>\n<p>Bearbejdningsv\u00e6rkstedet er udstyret med et specialfremstillet drejecenter til skr\u00e5 skinner, bearbejdningscenter, h\u00f8jhastigheds-honemaskine, svejserobot og andet relateret udstyr, der kan h\u00e5ndtere bearbejdning af cylinderr\u00f8r med en maksimal indre diameter p\u00e5 400 mm og en maksimal l\u00e6ngde p\u00e5 6 meter.<\/p>\n<p><img loading=\"lazy\" decoding=\"async\" class=\"alignnone wp-image-628 size-large\" src=\"https:\/\/hydraulic-cylinders.net\/wp-content\/uploads\/2023\/08\/hydraulic-cylinder-product-3-1024x391.webp\" alt=\"\" width=\"1024\" height=\"391\" srcset=\"https:\/\/hydraulic-cylinders.net\/wp-content\/uploads\/2023\/08\/hydraulic-cylinder-product-3-980x374.webp 980w, https:\/\/hydraulic-cylinders.net\/wp-content\/uploads\/2023\/08\/hydraulic-cylinder-product-3-480x183.webp 480w\" sizes=\"(min-width: 0px) and (max-width: 480px) 480px, (min-width: 481px) and (max-width: 980px) 980px, (min-width: 981px) 1024px, 100vw\" \/><\/p>\n<h3>(3) Svejsning<\/h3>\n<p><img loading=\"lazy\" decoding=\"async\" class=\"alignnone wp-image-629 size-large\" src=\"https:\/\/hydraulic-cylinders.net\/wp-content\/uploads\/2023\/08\/hydraulic-cylinder-product-4-1024x510.webp\" alt=\"\" width=\"1024\" height=\"510\" srcset=\"https:\/\/hydraulic-cylinders.net\/wp-content\/uploads\/2023\/08\/hydraulic-cylinder-product-4-980x488.webp 980w, https:\/\/hydraulic-cylinders.net\/wp-content\/uploads\/2023\/08\/hydraulic-cylinder-product-4-480x239.webp 480w\" sizes=\"(min-width: 0px) and (max-width: 480px) 480px, (min-width: 481px) and (max-width: 980px) 980px, (min-width: 981px) 1024px, 100vw\" \/><\/p>\n<h3>(4) Maling og overfladebehandling<\/h3>\n<p>Med sm\u00e5 og mellemstore cylindriske automatiske vandbaserede malingsbel\u00e6gningslinjer, for at opn\u00e5 automatisk robotp\u00e5fyldning og -afl\u00e6sning samt automatisk spr\u00f8jtning, er den designm\u00e6ssige kapacitet p\u00e5 4000 stykker pr. skift;<br \/>\nVi har ogs\u00e5 en halvautomatisk malingsproduktionslinje til store cylindre drevet af en kabelk\u00e6de med en designkapacitet p\u00e5 60 kasser pr. skift.<\/p>\n<p><img loading=\"lazy\" decoding=\"async\" class=\"alignnone wp-image-630\" src=\"https:\/\/hydraulic-cylinders.net\/wp-content\/uploads\/2023\/08\/hydraulic-cylinder-product-5-300x213.webp\" alt=\"\" width=\"366\" height=\"260\" \/> <img loading=\"lazy\" decoding=\"async\" class=\"alignnone wp-image-631\" src=\"https:\/\/hydraulic-cylinders.net\/wp-content\/uploads\/2023\/08\/hydraulic-cylinder-product-6-300x225.webp\" alt=\"\" width=\"347\" height=\"260\" \/><\/p>\n<h3>(5) Testning<\/h3>\n<p>Vi har f\u00f8rsteklasses inspektionsfaciliteter og testb\u00e6nke for at sikre, at cylinderens ydeevne opfylder kravene.<\/p>\n<p><img loading=\"lazy\" decoding=\"async\" class=\"alignnone wp-image-632\" src=\"https:\/\/hydraulic-cylinders.net\/wp-content\/uploads\/2023\/08\/hydraulic-cylinder-product-8-300x200.webp\" alt=\"\" width=\"389\" height=\"260\" \/><\/p>\n<p>&nbsp;<\/p>\n<p>&nbsp;<\/p>\n<p>Vi er en af \u200b\u200bde bedste producenter af hydrauliske cylindre. Vi kan tilbyde et omfattende udvalg af hydrauliske cylindre. Vi leverer ogs\u00e5 tilsvarende <a href=\"https:\/\/hzpt.com\/agricultural-pto-gearbox\/\" target=\"_blank\" rel=\"noopener\">landbrugsgearkasser<\/a>Vi har eksporteret vores produkter til kunder over hele verden og har opn\u00e5et et godt omd\u00f8mme p\u00e5 grund af vores overlegne produktkvalitet og eftersalgsservice. Vi byder kunder i ind- og udland velkommen til at kontakte os for at forhandle forretninger, udveksle information og <a href=\"https:\/\/www.hydraulic-cylinders.net\/da\/contact-us\/\">samarbejde med os<\/a>!<\/p>","protected":false},"excerpt":{"rendered":"<p>Press Clamping Cylinder The press clamping cylinder is a cutting-edge product that delivers exceptional performance and reliability in various industrial applications. With its advanced features and robust design, this cylinder offers enhanced clamping force, precise control, and improved productivity. The press clamping cylinder is a game-changer in industrial applications, offering high clamping force, precise control, [&hellip;]<\/p>","protected":false},"featured_media":1646,"comment_status":"open","ping_status":"closed","template":"","meta":{"_et_pb_use_builder":"","_et_pb_old_content":"","_et_gb_content_width":""},"product_brand":[],"product_cat":[1522,1549,1376],"product_tag":[1380],"class_list":{"0":"post-1644","1":"product","2":"type-product","3":"status-publish","4":"has-post-thumbnail","6":"product_cat-press-hydraulic-cylinders","7":"product_cat-single-acting-hydraulic-cylinder","8":"product_cat-hydraulic-cylinder","9":"product_tag-hydraulic-cylinder","11":"first","12":"instock","13":"shipping-taxable","14":"product-type-simple"},"amp_enabled":true,"_links":{"self":[{"href":"https:\/\/www.hydraulic-cylinders.net\/da\/wp-json\/wp\/v2\/product\/1644","targetHints":{"allow":["GET"]}}],"collection":[{"href":"https:\/\/www.hydraulic-cylinders.net\/da\/wp-json\/wp\/v2\/product"}],"about":[{"href":"https:\/\/www.hydraulic-cylinders.net\/da\/wp-json\/wp\/v2\/types\/product"}],"replies":[{"embeddable":true,"href":"https:\/\/www.hydraulic-cylinders.net\/da\/wp-json\/wp\/v2\/comments?post=1644"}],"wp:featuredmedia":[{"embeddable":true,"href":"https:\/\/www.hydraulic-cylinders.net\/da\/wp-json\/wp\/v2\/media\/1646"}],"wp:attachment":[{"href":"https:\/\/www.hydraulic-cylinders.net\/da\/wp-json\/wp\/v2\/media?parent=1644"}],"wp:term":[{"taxonomy":"product_brand","embeddable":true,"href":"https:\/\/www.hydraulic-cylinders.net\/da\/wp-json\/wp\/v2\/product_brand?post=1644"},{"taxonomy":"product_cat","embeddable":true,"href":"https:\/\/www.hydraulic-cylinders.net\/da\/wp-json\/wp\/v2\/product_cat?post=1644"},{"taxonomy":"product_tag","embeddable":true,"href":"https:\/\/www.hydraulic-cylinders.net\/da\/wp-json\/wp\/v2\/product_tag?post=1644"}],"curies":[{"name":"wp","href":"https:\/\/api.w.org\/{rel}","templated":true}]}}