{"id":16452,"date":"2025-01-21T05:26:20","date_gmt":"2025-01-21T05:26:20","guid":{"rendered":"https:\/\/www.hydraulic-cylinders.net\/product\/arm-cylinder-for-sunward-middle-excavator-swe21elr\/"},"modified":"2025-01-21T05:26:21","modified_gmt":"2025-01-21T05:26:21","slug":"arm-cylinder-for-sunward-middle-excavator-swe21elr","status":"publish","type":"product","link":"https:\/\/www.hydraulic-cylinders.net\/da\/vare\/arm-cylinder-for-sunward-middle-excavator-swe21elr\/","title":{"rendered":"Armcylinder til Sunward Middle Gravemaskine SWE21ELR"},"content":{"rendered":"<h1>Armcylinder til Sunward Middle Gravemaskine SWE21ELR<\/h1>\n<h2>Definition og forklaring<\/h2>\n<p>En armcylinder er en specialdesignet hydraulisk cylinder, der giver line\u00e6r bev\u00e6gelse og kraft til armen p\u00e5 forskellige typer maskiner, s\u00e5som gravemaskiner, kraner og robotarme. Armcylinderen spiller en afg\u00f8rende rolle i hydrauliske systemer, da den muligg\u00f8r effektiv bev\u00e6gelse og styring af ekstra v\u00e6rkt\u00f8j eller udstyr. Disse cylindre muligg\u00f8r ikke kun j\u00e6vne bev\u00e6gelser, men kan ogs\u00e5 modst\u00e5 tunge belastninger, hvilket sikrer effektiv drift og p\u00e5lidelighed af maskineriet under forskellige arbejdsforhold.<\/p>\n<p><img decoding=\"async\" src=\"https:\/\/www.hydraulic-cylinders.net\/wp-content\/uploads\/2025\/01\/songte-company-2.webp\" alt=\"Armcylinderbillede\"><\/p>\n<h2>Funktioner<\/h2>\n<ul>\n<li><strong>H\u00f8jeffektiv transmission:<\/strong> Armcylinderen giver kraftig line\u00e6r bev\u00e6gelse og kraft, hvilket sikrer maskinarmens h\u00f8je ydeevne. <\/li>\n<li><strong>Pr\u00e6cis kontrol:<\/strong> Gennem det hydrauliske system opn\u00e5r armcylinderen pr\u00e6cis bev\u00e6gelseskontrol, hvilket g\u00f8r betjeningen af \u200b\u200b\u200b\u200bredskaber mere fleksibel og pr\u00e6cis.<\/li>\n<li><strong>Holdbarhed:<\/strong> Armcylindre er typisk lavet af h\u00f8jstyrkematerialer, der tilbyder fremragende slid- og korrosionsbestandighed, hvilket g\u00f8r dem velegnede til langvarig brug i barske milj\u00f8er.<\/li>\n<li><strong>Multifunktionel tilpasningsevne:<\/strong> Disse cylindre kan anvendes i vid udstr\u00e6kning p\u00e5 forskellige typer maskiner, s\u00e5som gravemaskiner, kraner og robotarme, og tilpasses forskellige arbejdskrav.<\/li>\n<li><strong>Nem vedligeholdelse:<\/strong> Designet med nem vedligeholdelse og udskiftning i tankerne, bliver regelm\u00e6ssige inspektioner og vedligeholdelse mere bekvemme, hvilket reducerer udstyrets nedetid.<\/li>\n<\/ul>\n<p><img decoding=\"async\" src=\"https:\/\/www.hydraulic-cylinders.net\/wp-content\/uploads\/2025\/01\/songte-oil-pipes-and-spare-parts.webp\" alt=\"Billede af hydraulisk cylinder\"><\/p>\n<h2>Applikationer<\/h2>\n<p>Armcylinderen finder sine anvendelser i forskellige brancher:<\/p>\n<h3>1. Byggeriteknik<\/h3>\n<p>I gravemaskiner og kraner styrer armcylinderen bev\u00e6gelsen af \u200b\u200bskovle eller bomme til jordarbejde, materialeh\u00e5ndtering og strukturel installation.<\/p>\n<h3>2. Produktion<\/h3>\n<p>I automatiserede produktionslinjer muligg\u00f8r armcylinderen bev\u00e6gelse af robotarme til montering, svejsning og materialeh\u00e5ndteringsprocesser, hvilket forbedrer produktionseffektiviteten og n\u00f8jagtigheden.<\/p>\n<h3>3. Landbrugsmaskiner<\/h3>\n<p>I landbrugsudstyr s\u00e5som mejet\u00e6rskere og s\u00e5maskiner styrer armcylinderen bev\u00e6gelsen af \u200b\u200b\u200b\u200bbetjeningsarmene og udf\u00f8rer opgaver som s\u00e5ning, g\u00f8dning og h\u00f8st.<\/p>\n<h3>4. Minedrift<\/h3>\n<p>I minedriftsudstyr styrer armcylinderen armens bev\u00e6gelse til minedrift og transport af malm.<\/p>\n<h3>5. Logistik og transport<\/h3>\n<p>I gaffeltrucks og h\u00e5ndteringsrobotter styrer armcylinderen l\u00f8ft og bev\u00e6gelse af gafler, hvilket letter materialeh\u00e5ndtering og stablingsoperationer.<\/p>\n<p><img decoding=\"async\" src=\"https:\/\/www.hydraulic-cylinders.net\/wp-content\/uploads\/2025\/01\/songte-chushion-collar.webp\" alt=\"Billede af hydraulisk cylinder\"><\/p>\n<h2>Designovervejelser og udv\u00e6lgelseskriterier<\/h2>\n<p>Ved design af armcylindre b\u00f8r flere n\u00f8glefaktorer og udv\u00e6lgelseskriterier tages i betragtning:<\/p>\n<ul>\n<li><strong>B\u00e6reevne:<\/strong> Armcylinderen skal kunne modst\u00e5 de specificerede belastningskrav.<\/li>\n<li><strong>Forseglingsevne:<\/strong> Der b\u00f8r anvendes forskellige t\u00e6tningskomponenter, s\u00e5som stempelt\u00e6tninger og stangt\u00e6tninger. Disse t\u00e6tninger er lavet af slidst\u00e6rke materialer som polyurethan og nitrilgummi.<\/li>\n<li><strong>Holdbarhed:<\/strong> Cylinderhuset og gevindenderne b\u00f8r gennemg\u00e5 en finbehandling for at forbedre slidstyrken.<\/li>\n<li><strong>Sikkerhed:<\/strong> Sikkerhedsfunktioner b\u00f8r indarbejdes i designet for at forhindre ulykker og sikre operat\u00f8rens beskyttelse.<\/li>\n<li><strong>Vedligeholdelsesevne:<\/strong> Regelm\u00e6ssig sm\u00f8ring med den passende m\u00e6ngde hydraulikolie er n\u00f8dvendig for at sikre problemfri drift og lang levetid.<\/li>\n<\/ul>\n<p><img decoding=\"async\" src=\"https:\/\/www.hydraulic-cylinders.net\/wp-content\/uploads\/2025\/01\/songte-cylinder-head-with-all-kinds-excavator-models.webp\" alt=\"Billede af hydraulisk cylinder\"><\/p>\n<h2>Inspektion og forebyggende vedligeholdelse<\/h2>\n<p>For at opretholde optimal ydeevne og forl\u00e6nge levetiden for armcylindre b\u00f8r f\u00f8lgende foranstaltninger tr\u00e6ffes:<\/p>\n<ul>\n<li>Inspicer regelm\u00e6ssigt cylinderhuset, stangen og pakningerne for tegn p\u00e5 slid eller skader.<\/li>\n<li>Kontroller hydraulikv\u00e6skens niveau og kvalitet, og s\u00f8rg for, at den opfylder producentens specifikationer.<\/li>\n<li>Inspicer og reng\u00f8r hydraulikfilteret for at forhindre, at der tr\u00e6nger forurenende stoffer ind i systemet.<\/li>\n<li>Sp\u00e6nd eventuelle l\u00f8se forbindelser og fittings.<\/li>\n<li>F\u00f8lg producentens anbefalede vedligeholdelsesplan og procedurer.<\/li>\n<\/ul>\n<h2>Produktinstallationsvejledning<\/h2>\n<p>Korrekt installation af armcylinderen er afg\u00f8rende for dens ydeevne og levetid. F\u00f8lg disse retningslinjer:<\/p>\n<ul>\n<li>S\u00f8rg for, at maskineriet er slukket, og at det hydrauliske system er trykaflastet.<\/li>\n<li>Unders\u00f8g monteringsfladerne p\u00e5 b\u00e5de cylinderen og maskinarmen for eventuelle skader eller snavs.<\/li>\n<li>Juster cylinder- og armmonteringspunkterne n\u00f8jagtigt, og pas p\u00e5 ikke at krydsgevindf\u00f8re nogen forbindelser.<\/li>\n<li>Sp\u00e6nd alle bolte og beslag til producentens angivne momentv\u00e6rdier.<\/li>\n<li>Tilslut de hydrauliske slanger og fittings forsvarligt.<\/li>\n<li>Test armcylinderens funktion for at sikre korrekt funktion.<\/li>\n<\/ul>\n<p><img decoding=\"async\" src=\"https:\/\/www.hydraulic-cylinders.net\/wp-content\/uploads\/2025\/01\/songte-bushings-with-all-kinds-of-excavator-models.webp\" alt=\"Billede af hydraulisk cylinder\"><\/p>\n<h2>Sikkerhedshensyn og milj\u00f8faktorer<\/h2>\n<p>N\u00e5r man arbejder med armcylindre, er det af st\u00f8rste vigtighed at overholde sikkerhedsforanstaltningerne. Sikkerhedsforanstaltninger minimerer risici og sikrer beskyttelsen af \u200b\u200bpersonale og udstyr.<\/p>\n<p><strong>Fejldiagnose og almindelige problemer<\/strong><\/p>\n<p>Armcylindre kan st\u00f8de p\u00e5 forskellige fejl eller almindelige problemer. Her er nogle eksempler:<\/p>\n<ul>\n<li>L\u00e6kage af hydraulisk v\u00e6ske<\/li>\n<li>Tab af kraft eller svag armbev\u00e6gelse<\/li>\n<li>Overdreven st\u00f8j under drift<\/li>\n<li>Inkonsekvent eller rykvis armbev\u00e6gelse<\/li>\n<li>Manglende evne til at holde positionen<\/li>\n<\/ul>\n<p>For hvert problem er det vigtigt at give tips til fejlfinding og l\u00f8sninger for at hj\u00e6lpe l\u00e6serne med effektivt at diagnosticere og l\u00f8se problemer. Derudover kan forebyggende foranstaltninger foresl\u00e5s for at minimere potentielle problemer.<\/p>\n<p><img decoding=\"async\" src=\"https:\/\/www.hydraulic-cylinders.net\/wp-content\/uploads\/2025\/01\/songte-chushion-collar.webp\" alt=\"Billede af hydraulisk cylinder\"><\/p>\n<h2>Om os<\/h2>\n<p>Vi er en professionel producent af hydrauliske udskiftningscylindre og tilbyder en bred vifte af produkter. Vi er blevet en af \u200b\u200bde f\u00f8rende producenter og grossistdistribut\u00f8rer af hydrauliske cylindre p\u00e5 b\u00e5de indenlandske og internationale markeder. Vi opretholder princippet om fremragende kvalitet og forbedrer l\u00f8bende vores teknologiske kapaciteter og produktionseffektivitet gennem implementering af industrialiserede produktionsstyringsstrategier i vores sofistikerede produktionsv\u00e6rksted. Ved at introducere avanceret digitalt produktionsudstyr og professionelle testsystemer optimerer vi vores produktionsplatform og forfiner vores produktkvalitetskontrolprocesser, hvilket g\u00f8r det muligt for os at innovere og im\u00f8dekomme vores kunders forskellige behov. Med fokus p\u00e5 effektivitet, pr\u00e6cision og h\u00f8j kvalitet sigter vi mod at levere exceptionelle produkter og tjenester.<\/p>\n<p><img decoding=\"async\" src=\"https:\/\/www.hydraulic-cylinders.net\/wp-content\/uploads\/2025\/01\/songte-company-4.webp\" alt=\"Virksomhedens image\"><br \/>\n<img decoding=\"async\" src=\"https:\/\/www.hydraulic-cylinders.net\/wp-content\/uploads\/2025\/01\/songte-company-3.webp\" alt=\"Virksomhedens image\"><\/p>\n<p><em>Forfatter: lyl<\/em><\/p>","protected":false},"excerpt":{"rendered":"<p>Arm Cylinder For Sunward Middle Excavator SWE21ELR Definition and Explanation An arm cylinder is a specially designed hydraulic cylinder that provides linear motion and power for the arm of various types of machinery, such as excavators, cranes, and robotic arms. The arm cylinder plays a crucial role in hydraulic systems, allowing for the efficient movement [&hellip;]<\/p>","protected":false},"featured_media":14770,"comment_status":"open","ping_status":"closed","template":"","meta":{"_et_pb_use_builder":"","_et_pb_old_content":"","_et_gb_content_width":""},"product_brand":[],"product_cat":[1497],"product_tag":[1498,1496],"class_list":{"0":"post-16452","1":"product","2":"type-product","3":"status-publish","4":"has-post-thumbnail","6":"product_cat-arm-cylinders","7":"product_tag-arm-cylinders","8":"product_tag-hydraulic-cylinders","10":"first","11":"instock","12":"shipping-taxable","13":"product-type-simple"},"amp_enabled":true,"_links":{"self":[{"href":"https:\/\/www.hydraulic-cylinders.net\/da\/wp-json\/wp\/v2\/product\/16452","targetHints":{"allow":["GET"]}}],"collection":[{"href":"https:\/\/www.hydraulic-cylinders.net\/da\/wp-json\/wp\/v2\/product"}],"about":[{"href":"https:\/\/www.hydraulic-cylinders.net\/da\/wp-json\/wp\/v2\/types\/product"}],"replies":[{"embeddable":true,"href":"https:\/\/www.hydraulic-cylinders.net\/da\/wp-json\/wp\/v2\/comments?post=16452"}],"wp:featuredmedia":[{"embeddable":true,"href":"https:\/\/www.hydraulic-cylinders.net\/da\/wp-json\/wp\/v2\/media\/14770"}],"wp:attachment":[{"href":"https:\/\/www.hydraulic-cylinders.net\/da\/wp-json\/wp\/v2\/media?parent=16452"}],"wp:term":[{"taxonomy":"product_brand","embeddable":true,"href":"https:\/\/www.hydraulic-cylinders.net\/da\/wp-json\/wp\/v2\/product_brand?post=16452"},{"taxonomy":"product_cat","embeddable":true,"href":"https:\/\/www.hydraulic-cylinders.net\/da\/wp-json\/wp\/v2\/product_cat?post=16452"},{"taxonomy":"product_tag","embeddable":true,"href":"https:\/\/www.hydraulic-cylinders.net\/da\/wp-json\/wp\/v2\/product_tag?post=16452"}],"curies":[{"name":"wp","href":"https:\/\/api.w.org\/{rel}","templated":true}]}}