{"id":16466,"date":"2025-01-21T05:27:19","date_gmt":"2025-01-21T05:27:19","guid":{"rendered":"https:\/\/www.hydraulic-cylinders.net\/product\/arm-cylinder-for-lishide-small-excavator-sc130-8\/"},"modified":"2025-01-21T05:27:20","modified_gmt":"2025-01-21T05:27:20","slug":"arm-cylinder-for-lishide-small-excavator-sc130-8","status":"publish","type":"product","link":"https:\/\/www.hydraulic-cylinders.net\/da\/vare\/arm-cylinder-for-lishide-small-excavator-sc130-8\/","title":{"rendered":"Armcylinder til Lishide lille gravemaskine SC130.8"},"content":{"rendered":"<h1>Armcylinder til Lishide lille gravemaskine SC130.8<\/h1>\n<h2>Indledning<\/h2>\n<p>Armcylinderen er en specialdesignet hydraulisk cylinder, der giver line\u00e6r bev\u00e6gelse og kraft til armen p\u00e5 forskellige typer maskiner, s\u00e5som gravemaskiner, kraner og robotarme. Den spiller en afg\u00f8rende rolle i hydrauliske systemer, da den muligg\u00f8r effektiv bev\u00e6gelse og kontrol af ekstra v\u00e6rkt\u00f8j eller udstyr. Disse cylindre sikrer ikke kun j\u00e6vn bev\u00e6gelse, men kan ogs\u00e5 modst\u00e5 tunge belastninger, hvilket sikrer effektiv drift og p\u00e5lidelighed af maskineriet under forskellige arbejdsforhold.<\/p>\n<p><img decoding=\"async\" src=\"https:\/\/www.hydraulic-cylinders.net\/wp-content\/uploads\/2025\/01\/songte-company-2.webp\" alt=\"Armcylinderbillede\"><\/p>\n<h2>Funktioner<\/h2>\n<ul>\n<li>H\u00f8jeffektiv kraftoverf\u00f8rsel: Armcylinderen giver kraftig line\u00e6r bev\u00e6gelse og kraft, hvilket sikrer h\u00f8j ydeevne i forskellige operationer.<\/li>\n<li>Pr\u00e6cis kontrol: Gennem det hydrauliske system muligg\u00f8r armcylinderen pr\u00e6cis bev\u00e6gelseskontrol, hvilket g\u00f8r betjeningen af \u200b\u200bekstra v\u00e6rkt\u00f8jer mere fleksibel og pr\u00e6cis.<\/li>\n<li>St\u00e6rk holdbarhed: Armcylindre er typisk fremstillet af h\u00f8jstyrkematerialer, der tilbyder fremragende slid- og korrosionsbestandighed, hvilket g\u00f8r dem velegnede til langvarig brug i barske milj\u00f8er.<\/li>\n<li>Multifunktionel tilpasningsevne: Disse cylindre kan anvendes i vid udstr\u00e6kning i forskellige maskiner, s\u00e5som gravemaskiner, kraner og robotarme, og tilpasser sig forskellige driftskrav.<\/li>\n<li>Nem vedligeholdelse: Designhensynene til nem vedligeholdelse og udskiftning g\u00f8r regelm\u00e6ssige inspektioner og vedligeholdelse mere bekvemme, hvilket reducerer udstyrets nedetid.<\/li>\n<\/ul>\n<p><img decoding=\"async\" src=\"https:\/\/www.hydraulic-cylinders.net\/wp-content\/uploads\/2025\/01\/songte-oil-pipes-and-spare-parts.webp\" alt=\"Produktbillede\"><\/p>\n<h2>Applikationer<\/h2>\n<p>Armcylindre finder anvendelse i forskellige brancher:<\/p>\n<ul>\n<li>Byggeteknik: I gravemaskiner og kraner styrer armcylinderen bev\u00e6gelsen af \u200b\u200b\u200b\u200bskovlen eller bommen, hvilket letter jordarbejde, materialeh\u00e5ndtering og strukturel installation.<\/li>\n<li>Fremstillingsindustri: I automatiserede produktionslinjer bruges armcylinderen til bev\u00e6gelse af robotarme, hvilket muligg\u00f8r montering, svejsning og materialeh\u00e5ndteringsprocesser, hvorved produktionseffektiviteten og n\u00f8jagtigheden forbedres.<\/li>\n<li>Landbrugsmaskiner: I landbrugsudstyr s\u00e5som mejet\u00e6rskere og s\u00e5maskiner styrer armcylindre bev\u00e6gelsen af \u200b\u200b\u200b\u200bbetjeningsarmene og udf\u00f8rer opgaver som s\u00e5ning, g\u00f8dning og h\u00f8st.<\/li>\n<li>Minedrift: I minedriftsudstyr bruges armcylindre til at styre armbev\u00e6gelsen af \u200b\u200bminedriftsudstyr, hvilket letter malmudvinding og transport.<\/li>\n<li>Logistik og transport: I gaffeltrucks og h\u00e5ndteringsrobotter styrer armcylindre l\u00f8ft og bev\u00e6gelse af gafler, hvilket muligg\u00f8r materialeh\u00e5ndtering og stabling.<\/li>\n<\/ul>\n<h2>Designovervejelser og udv\u00e6lgelseskriterier<\/h2>\n<p>N\u00e5r det kommer til designhensyn og udv\u00e6lgelseskriterier for armcylindre, skal f\u00f8lgende punkter tages i betragtning:<\/p>\n<ul>\n<li>B\u00e6reevne: Armcylindre skal v\u00e6re konstrueret til at modst\u00e5 de specifikke belastningskrav fra maskineriet og anvendelsen.<\/li>\n<li>T\u00e6tning: Der anvendes forskellige t\u00e6tningskomponenter s\u00e5som stempelt\u00e6tninger og stangt\u00e6tninger, typisk lavet af slidst\u00e6rke materialer som polyurethan og nitrilgummi, hvilket sikrer effektiv t\u00e6tningsevne.<\/li>\n<li>Holdbarhed: Cylinderhuset og gevindenderne gennemg\u00e5r omhyggelige overfladebehandlinger for at forbedre slidstyrken og forl\u00e6nge levetiden.<\/li>\n<li>Sikkerhed: Sikkerhedsfunktioner b\u00f8r indarbejdes i designet for at forhindre ulykker og sikre operat\u00f8rbeskyttelse.<\/li>\n<li>Vedligeholdelse: Nemme vedligeholdelses- og reparationsovervejelser hj\u00e6lper med at minimere nedetid og sikre armcylinderens levetid.<\/li>\n<\/ul>\n<p><img decoding=\"async\" src=\"https:\/\/www.hydraulic-cylinders.net\/wp-content\/uploads\/2025\/01\/songte-cylinder-head-with-all-kinds-excavator-models.webp\" alt=\"Produktdesignbillede\"><\/p>\n<h2>T\u00e6tning og sm\u00f8ring<\/h2>\n<p>For at sikre korrekt t\u00e6tning og sm\u00f8ring af armcylinderen:<\/p>\n<ul>\n<li>Der anvendes forskellige t\u00e6tningskomponenter, s\u00e5som stempelt\u00e6tninger og stangt\u00e6tninger, lavet af slidst\u00e6rke materialer som polyurethan og nitrilgummi.<\/li>\n<li>Cylinderhuset og gevindenderne gennemg\u00e5r omhyggelige overfladebehandlinger for at forbedre slidstyrken.<\/li>\n<li>Regelm\u00e6ssig sm\u00f8ring med den passende m\u00e6ngde hydraulikolie er n\u00f8dvendig for at sikre j\u00e6vn drift og forhindre overdreven slitage.<\/li>\n<\/ul>\n<h2>Regelm\u00e6ssig inspektion og forebyggende vedligeholdelse<\/h2>\n<p>For optimal ydeevne b\u00f8r regelm\u00e6ssig inspektion og forebyggende vedligeholdelse f\u00f8lges:<\/p>\n<ul>\n<li>Unders\u00f8g armcylinderen for tegn p\u00e5 l\u00e6kage, skader eller unormal slitage.<\/li>\n<li>Reng\u00f8r og sm\u00f8r cylinderkomponenterne regelm\u00e6ssigt.<\/li>\n<li>Udskift slidte pakninger eller komponenter for at forhindre potentielle problemer og sikre p\u00e5lidelig drift.<\/li>\n<\/ul>\n<h2>Produktinstallationsvejledning<\/h2>\n<p>F\u00f8lg disse trin for korrekt produktinstallation:<\/p>\n<ol>\n<li>S\u00f8rg for, at maskineriet er slukket og sikkert.<\/li>\n<li>Identific\u00e9r den korrekte position til montering af armcylinderen.<\/li>\n<li>Fastg\u00f8r cylinderen sikkert til de angivne monteringspunkter med passende bolte eller fastg\u00f8relseselementer.<\/li>\n<li>Kontroller, at alle forbindelser er t\u00e6tte og korrekt forseglede.<\/li>\n<li>S\u00f8rg for, at armcylinderen er justeret i forhold til andre komponenter for at muligg\u00f8re problemfri drift.<\/li>\n<\/ol>\n<p><img decoding=\"async\" src=\"https:\/\/www.hydraulic-cylinders.net\/wp-content\/uploads\/2025\/01\/songte-bushings-with-all-kinds-of-excavator-models.webp\" alt=\"Billede af installationsvejledning\"><\/p>\n<h2>Sikkerhedshensyn og milj\u00f8faktorer<\/h2>\n<p>N\u00e5r armcylinderen bruges, er sikkerhedsforanstaltninger af st\u00f8rste vigtighed. Det er n\u00f8dvendigt at overveje:<\/p>\n<ul>\n<li>Passende sikkerhedsforanstaltninger, herunder sikkerhedsafsk\u00e6rmninger og n\u00f8dstopsystemer, for at beskytte operat\u00f8rer mod potentielle farer.<\/li>\n<li>Milj\u00f8faktorer som temperatur og luftfugtighed, der kan p\u00e5virke cylinderens ydeevne og levetid.<\/li>\n<\/ul>\n<h2>Fejldiagnose og almindelige problemer<\/h2>\n<p>Almindelige problemer og fejlfindingstips til armcylindre inkluderer:<\/p>\n<ul>\n<li>L\u00e6kage: Kontroller for beskadigede pakninger eller forbindelser, og udskift dem om n\u00f8dvendigt.<\/li>\n<li>D\u00e5rlig ydeevne: Unders\u00f8g for slidte komponenter eller utilstr\u00e6kkelig sm\u00f8ring, og ret i overensstemmelse hermed.<\/li>\n<li>For meget st\u00f8j: Kontroller for l\u00f8se forbindelser eller beskadigede dele, og udf\u00f8r n\u00f8dvendige reparationer eller udskiftninger.<\/li>\n<\/ul>\n<h2>Konklusion<\/h2>\n<p>Som en f\u00f8rende producent og engrosdistribut\u00f8r af hydrauliske udskiftningscylindre tilbyder vi en bred vifte af produkter. Vi prioriterer fremragende kvalitet og forbedrer l\u00f8bende vores teknologiske kapaciteter og produktionseffektivitet. Med vores avancerede digitale produktionsudstyr og professionelle testsystemer sikrer vi overlegen produktkvalitetskontrol og besidder st\u00e6rke innovationsevner. Vores m\u00e5l er at im\u00f8dekomme forskellige kundebehov med effektivitet, pr\u00e6cision og h\u00f8je kvalitetsstandarder.<\/p>\n<p><img decoding=\"async\" src=\"https:\/\/www.hydraulic-cylinders.net\/wp-content\/uploads\/2025\/01\/songte-company-4.webp\" alt=\"Virksomhedens image\"><br \/>\n<img decoding=\"async\" src=\"https:\/\/www.hydraulic-cylinders.net\/wp-content\/uploads\/2025\/01\/songte-company-3.webp\" alt=\"Virksomhedens image\"><\/p>\n<p>Forfatter: lyl.<\/p>","protected":false},"excerpt":{"rendered":"<p>Arm Cylinder For Lishide Small Excavator SC130.8 Introduction The arm cylinder is a specially designed hydraulic cylinder that provides linear motion and power to the arm of various types of machinery, such as excavators, cranes, and robotic arms. It plays a crucial role in hydraulic systems, enabling effective movement and control of additional tools or [&hellip;]<\/p>","protected":false},"featured_media":14786,"comment_status":"open","ping_status":"closed","template":"","meta":{"_et_pb_use_builder":"","_et_pb_old_content":"","_et_gb_content_width":""},"product_brand":[],"product_cat":[1497],"product_tag":[1498,1496],"class_list":{"0":"post-16466","1":"product","2":"type-product","3":"status-publish","4":"has-post-thumbnail","6":"product_cat-arm-cylinders","7":"product_tag-arm-cylinders","8":"product_tag-hydraulic-cylinders","10":"first","11":"instock","12":"shipping-taxable","13":"product-type-simple"},"amp_enabled":true,"_links":{"self":[{"href":"https:\/\/www.hydraulic-cylinders.net\/da\/wp-json\/wp\/v2\/product\/16466","targetHints":{"allow":["GET"]}}],"collection":[{"href":"https:\/\/www.hydraulic-cylinders.net\/da\/wp-json\/wp\/v2\/product"}],"about":[{"href":"https:\/\/www.hydraulic-cylinders.net\/da\/wp-json\/wp\/v2\/types\/product"}],"replies":[{"embeddable":true,"href":"https:\/\/www.hydraulic-cylinders.net\/da\/wp-json\/wp\/v2\/comments?post=16466"}],"wp:featuredmedia":[{"embeddable":true,"href":"https:\/\/www.hydraulic-cylinders.net\/da\/wp-json\/wp\/v2\/media\/14786"}],"wp:attachment":[{"href":"https:\/\/www.hydraulic-cylinders.net\/da\/wp-json\/wp\/v2\/media?parent=16466"}],"wp:term":[{"taxonomy":"product_brand","embeddable":true,"href":"https:\/\/www.hydraulic-cylinders.net\/da\/wp-json\/wp\/v2\/product_brand?post=16466"},{"taxonomy":"product_cat","embeddable":true,"href":"https:\/\/www.hydraulic-cylinders.net\/da\/wp-json\/wp\/v2\/product_cat?post=16466"},{"taxonomy":"product_tag","embeddable":true,"href":"https:\/\/www.hydraulic-cylinders.net\/da\/wp-json\/wp\/v2\/product_tag?post=16466"}],"curies":[{"name":"wp","href":"https:\/\/api.w.org\/{rel}","templated":true}]}}