{"id":1650,"date":"2023-10-10T06:53:30","date_gmt":"2023-10-10T06:53:30","guid":{"rendered":"https:\/\/hydraulic-cylinders.net\/?post_type=product&#038;p=1650"},"modified":"2025-04-11T03:46:23","modified_gmt":"2025-04-11T03:46:23","slug":"press-tilt-cylinder","status":"publish","type":"product","link":"https:\/\/www.hydraulic-cylinders.net\/da\/vare\/press-tilt-cylinder\/","title":{"rendered":"Tryk-tiltcylinder"},"content":{"rendered":"<h1 style=\"text-align: center;\"><strong>Tryk-tiltcylinder<\/strong><\/h1>\n<p><img loading=\"lazy\" decoding=\"async\" class=\"aligncenter wp-image-1651\" src=\"https:\/\/hydraulic-cylinders.net\/wp-content\/uploads\/2023\/10\/tilt-cylinder-1-300x300.webp\" alt=\"\" width=\"400\" height=\"400\" \/><\/p>\n<p>Pressekipcylinderen er et banebrydende produkt, der giver alsidig og pr\u00e6cis kipkontrol i forskellige industrielle applikationer. Med sine avancerede funktioner og robuste konstruktion tilbyder denne cylinder p\u00e5lidelige kipfunktioner, der muligg\u00f8r effektiv og pr\u00e6cis positionering af emner eller udstyr.<\/p>\n<p>Pressekipcylinderen er et v\u00e6rdifuldt v\u00e6rkt\u00f8j til at opn\u00e5 alsidig og pr\u00e6cis kipkontrol i industrielle applikationer. Med sit justerbare kipomr\u00e5de, robuste konstruktion og j\u00e6vne bev\u00e6gelsesmuligheder giver denne cylinder dig mulighed for at optimere positionering og justering af emner eller udstyr. Ved at f\u00f8lge de anbefalede brugsmetoder og vedligeholdelsespraksis kan du maksimere presekipcylinderens ydeevne, levetid og sikkerhed i din industrielle ops\u00e6tning. V\u00e6lg denne cylinder for at forbedre produktiviteten, fleksibiliteten og pr\u00e6cisionen i industrielle operationer.<\/p>\n<p>N\u00f8gleegenskaber for tryk-tiltcylinder:<\/p>\n<ol>\n<li>Justerbart h\u00e6ldningsomr\u00e5de:<\/li>\n<\/ol>\n<ul>\n<li>Pressekipcylinderen muligg\u00f8r en bred vifte af kipvinkler, hvilket giver fleksibilitet og tilpasningsevne til forskellige positioneringskrav til emner eller udstyr.<\/li>\n<li>Denne cylinders justerbare h\u00e6ldningsomr\u00e5de muligg\u00f8r pr\u00e6cis kontrol over h\u00e6ldningsvinklen, hvilket sikrer optimal justering og \u00f8nskede resultater.<\/li>\n<\/ul>\n<ol start=\"2\">\n<li>Robust konstruktion:<\/li>\n<\/ol>\n<ul>\n<li>Denne cylinder er bygget af holdbare materialer, der sikrer dens evne til at modst\u00e5 tunge belastninger og barske driftsforhold.<\/li>\n<li>Den robuste konstruktion af pressevippecylinderen garanterer lang levetid og p\u00e5lidelighed, hvilket g\u00f8r den velegnet til kr\u00e6vende industrielle milj\u00f8er.<\/li>\n<\/ul>\n<ol start=\"3\">\n<li>J\u00e6vn og pr\u00e6cis bev\u00e6gelse:<\/li>\n<\/ol>\n<ul>\n<li>Cylinderen har et pr\u00e6cisionskonstrueret hydraulisk system, der sikrer en j\u00e6vn og kontrolleret vippebev\u00e6gelse.<\/li>\n<li>Pressekipcylinderens pr\u00e6cise bev\u00e6gelsesmuligheder muligg\u00f8r pr\u00e6cis positionering og eliminerer rykvise eller pludselige bev\u00e6gelser, der kan kompromittere emnets integritet.<\/li>\n<\/ul>\n<ol start=\"4\">\n<li>Kompakt design:<\/li>\n<\/ol>\n<ul>\n<li>Pressekipcylinderen er designet til at v\u00e6re kompakt og pladsbesparende, samtidig med at den opretholder h\u00f8j ydeevne.<\/li>\n<li>Det kompakte design muligg\u00f8r nem integration i eksisterende industrielle systemer, hvilket sparer v\u00e6rdifuld gulvplads og str\u00f8mliner driften.<\/li>\n<\/ul>\n<h2><strong>Parameter for trykvippecylinder:<\/strong><\/h2>\n<table border=\"1\" cellspacing=\"0\" cellpadding=\"0\">\n<tbody>\n<tr>\n<td>Produktnavn<\/td>\n<td>Hydraulisk presse vippecylinder<\/td>\n<\/tr>\n<tr>\n<td>Funktioner:<\/td>\n<td>Indse l\u00f8ftningen af \u200b\u200bmanipulatorens klemmehoved<\/td>\n<\/tr>\n<tr>\n<td>Borediameter:<\/td>\n<td>\u00a0100 mm ~ 400 mm<\/td>\n<\/tr>\n<tr>\n<td>Stangdiameter:<\/td>\n<td>50 mm ~ 300 mm<br \/>\nSlagl\u00e6ngde\u22641500 mm<\/td>\n<\/tr>\n<tr>\n<td>Trykkraft:<\/td>\n<td>Maksimum 3141 kN<br \/>\n(Cylinderdiameter 400 mm\/tryk 25 MPa)<\/td>\n<\/tr>\n<tr>\n<td>Anvendelser af hydraulisk presse til vippecylinder:<\/td>\n<td>Hydraulisk presse<\/td>\n<\/tr>\n<\/tbody>\n<\/table>\n<div><\/div>\n<div>\n<div class=\"txtboxL\">\n<div class=\"txtboxL\">Funktioner:<\/div>\n<div class=\"txtboxR\">Indse l\u00f8ftningen af \u200b\u200bmanipulatorens klemmehoved<\/div>\n<div class=\"txtboxL\">Specifikation:<\/div>\n<div class=\"txtboxR\">Borediameter: 100 mm ~ 400 mm<br \/>\nStangdiameter: 50 mm ~ 300 mm<br \/>\nSlagl\u00e6ngde\u22641500 mm<\/div>\n<div class=\"txtboxL\">Trykkraft:<\/div>\n<div class=\"txtboxR\">Maksimum 3141 kN<br \/>\n(Cylinderdiameter 400 mm\/tryk 25 MPa)<\/div>\n<\/div>\n<\/div>\n<h2><strong>Pressecylinderfabrik:<\/strong><\/h2>\n<p><img loading=\"lazy\" decoding=\"async\" class=\"alignnone wp-image-1619 size-full\" src=\"https:\/\/hydraulic-cylinders.net\/wp-content\/uploads\/2023\/10\/press-cylinder.webp\" alt=\"\" width=\"1418\" height=\"946\" srcset=\"https:\/\/hydraulic-cylinders.net\/wp-content\/uploads\/2023\/10\/press-cylinder.webp 1418w, https:\/\/hydraulic-cylinders.net\/wp-content\/uploads\/2023\/10\/press-cylinder-1280x854.webp 1280w, https:\/\/hydraulic-cylinders.net\/wp-content\/uploads\/2023\/10\/press-cylinder-980x654.webp 980w, https:\/\/hydraulic-cylinders.net\/wp-content\/uploads\/2023\/10\/press-cylinder-480x320.webp 480w\" sizes=\"(min-width: 0px) and (max-width: 480px) 480px, (min-width: 481px) and (max-width: 980px) 980px, (min-width: 981px) and (max-width: 1280px) 1280px, (min-width: 1281px) 1418px, 100vw\" \/><\/p>\n<h2><strong>Brugsmetode til pressevippecylinder<\/strong><strong>:<\/strong><\/h2>\n<ol>\n<li><strong>Montering og tilslutning:<\/strong><\/li>\n<\/ol>\n<ul>\n<li>Identific\u00e9r de passende monteringspunkter p\u00e5 udstyret eller arbejdsfladen, hvor pressevippecylinderen skal installeres.<\/li>\n<li>Fastg\u00f8r cylinderen sikkert ved hj\u00e6lp af de medf\u00f8lgende monteringsbeslag eller -hardware, og s\u00f8rg for korrekt justering og stabilitet.<\/li>\n<li>Tilslut hydraulikledningerne i henhold til producentens anvisninger, og s\u00f8rg for korrekt v\u00e6skegennemstr\u00f8mning og undg\u00e5 l\u00e6kager.<\/li>\n<\/ul>\n<ol start=\"2\">\n<li><strong>Justering af h\u00e6ldningsvinklen:<\/strong><\/li>\n<\/ol>\n<ul>\n<li>Aktiver det hydrauliske system og styremekanismen for at justere vippevinklen p\u00e5 pressens vippecylinder.<\/li>\n<li>F\u00f8lg producentens anvisninger for at opn\u00e5 den \u00f8nskede h\u00e6ldningsvinkel, under hensyntagen til de specifikke krav til din applikation.<\/li>\n<li>Brug integrerede kontroller eller eksterne styresystemer til at finjustere h\u00e6ldningsvinklen for pr\u00e6cis positionering.<\/li>\n<\/ul>\n<ol start=\"3\">\n<li><strong>L\u00e5sning og sikring:<\/strong><\/li>\n<\/ol>\n<ul>\n<li>N\u00e5r den \u00f8nskede h\u00e6ldningsvinkel er opn\u00e5et, aktiveres l\u00e5semekanismen for at fastg\u00f8re pressevippecylinderen.<\/li>\n<li>L\u00e5semekanismen sikrer stabilitet og forhindrer utilsigtet bev\u00e6gelse eller \u00e6ndringer i h\u00e6ldningsvinklen under drift.<\/li>\n<\/ul>\n<h2><strong>Hvordan m\u00e5ler man en hydraulisk cylinder?<\/strong><\/h2>\n<p>N\u00f8jagtig m\u00e5ling af en hydraulisk cylinder er afg\u00f8rende til forskellige form\u00e5l, s\u00e5som udskiftning, reparation eller bestilling af en ny cylinder. Her er en trinvis vejledning i, hvordan man m\u00e5ler en hydraulisk cylinder:<\/p>\n<ol>\n<li><strong>Bestem cylindertypen:<\/strong><br \/>\nIdentific\u00e9r den type hydraulisk cylinder, du m\u00e5ler. Almindelige typer omfatter enkeltvirkende, dobbeltvirkende, teleskopiske og svejsede cylindre. Hver type kan have specifikke m\u00e5leovervejelser.<\/li>\n<li><strong>M\u00e5l borediameteren:<\/strong><br \/>\nBoringsdiameteren refererer til cylinderens indvendige diameter. F\u00f8lg disse trin for at m\u00e5le den:<\/p>\n<ul>\n<li>S\u00f8rg for, at cylinderen er helt trukket tilbage.<\/li>\n<li>M\u00e5l den indvendige diameter af cylinderl\u00f8bet med en skydel\u00e6re eller mikrometer. Placer m\u00e5lev\u00e6rkt\u00f8jet p\u00e5 modsatte sider af l\u00f8bet og noter m\u00e5lingen.<\/li>\n<\/ul>\n<\/li>\n<li><strong>M\u00e5l stangdiameteren:<\/strong><br \/>\nStangdiameteren refererer til stempelstangens diameter. S\u00e5dan m\u00e5les den:<\/p>\n<ul>\n<li>Tr\u00e6k cylinderen helt ud.<\/li>\n<li>M\u00e5l stangens diameter med en skydel\u00e6re eller mikrometer. Foretag m\u00e5lingen ved den synlige ende af stangen.<\/li>\n<\/ul>\n<\/li>\n<li><strong>Bestem slagl\u00e6ngden:<\/strong><br \/>\nSlagl\u00e6ngden er den afstand, stempelstangen kan tilbagel\u00e6gge i cylinderen. S\u00e5dan bestemmes slagl\u00e6ngden:<\/p>\n<ul>\n<li>Tr\u00e6k cylinderen helt ud.<\/li>\n<li>M\u00e5l afstanden fra den fuldt tilbagetrukne position til den fuldt udstrakte del af stempelstangen. Denne m\u00e5ling repr\u00e6senterer slagl\u00e6ngden.<\/li>\n<\/ul>\n<\/li>\n<li><strong>Bem\u00e6rk den lukkede l\u00e6ngde:<\/strong><br \/>\nDen lukkede l\u00e6ngde er cylinderens samlede l\u00e6ngde, n\u00e5r den er helt trukket tilbage. S\u00e5dan m\u00e5les den:<\/p>\n<ul>\n<li>S\u00f8rg for, at cylinderen er i helt tilbagetrukket position.<\/li>\n<li>M\u00e5l afstanden mellem cylinderens monteringspunkter eller endeforbindelser.<\/li>\n<\/ul>\n<\/li>\n<li><strong>Identific\u00e9r monteringsstile og dimensioner:<\/strong><br \/>\nV\u00e6r opm\u00e6rksom p\u00e5 cylinderens monteringsstile og dimensioner. Dette inkluderer typen af \u200b\u200bmonteringer (f.eks. flange, gaffelbolt, drejetap), afstanden mellem monteringshullerne og hullets diameter. M\u00e5l de passende dimensioner n\u00f8jagtigt med et m\u00e5leb\u00e5nd eller en skydel\u00e6re.<\/li>\n<li><strong>Overvej yderligere specifikationer:<\/strong><br \/>\nAfh\u00e6ngigt af dine krav kan du v\u00e6re n\u00f8dt til at m\u00e5le yderligere specifikationer, s\u00e5som den samlede l\u00e6ngde, n\u00e5r den er fuldt udstrakt, arbejdstrykket og typen af \u200b\u200b\u200b\u200bt\u00e6tninger, der anvendes.<\/li>\n<\/ol>\n<h2><strong>Fabrikkens kapacitet og kapacitet:<\/strong><\/h2>\n<h3>(1) Samling<\/h3>\n<p>Vi har en f\u00f8rsteklasses uafh\u00e6ngig forsknings- og udviklingsplatform til montering. V\u00e6rkstedet for produktion af hydrauliske cylindre har fire halvautomatiske l\u00f8ftecylindermonteringslinjer og en automatisk vippecylindermonteringslinje med en designm\u00e6ssig \u00e5rlig produktionskapacitet p\u00e5 1 million enheder. Det specielle cylinderv\u00e6rksted er udstyret med forskellige specifikationer for et halvautomatisk reng\u00f8ringsmonteringssystem med en designm\u00e6ssig \u00e5rlig produktionskapacitet p\u00e5 200.000 og udstyret med ber\u00f8mt CNC-bearbejdningsudstyr, et bearbejdningscenter, et specialudstyr til h\u00f8jpr\u00e6cisionscylinderbearbejdning, en robotsvejsemaskine, en automatisk reng\u00f8ringsmaskine, en automatisk cylindermonteringsmaskine og en automatisk malingslinje. Eksisterende kritisk udstyr p\u00e5 mere end 300 s\u00e6t (s\u00e6t). Optimal allokering og effektiv udnyttelse af udstyrsressourcer sikrer produkternes n\u00f8jagtighedskrav og opfylder produkternes h\u00f8je kvalitetsbehov.<\/p>\n<p><img loading=\"lazy\" decoding=\"async\" class=\"alignnone wp-image-626\" src=\"https:\/\/hydraulic-cylinders.net\/wp-content\/uploads\/2023\/08\/hydraulic-cylinder-product-1-300x158.webp\" alt=\"\" width=\"495\" height=\"260\" srcset=\"https:\/\/hydraulic-cylinders.net\/wp-content\/uploads\/2023\/08\/hydraulic-cylinder-product-1-300x158.webp 495w, https:\/\/hydraulic-cylinders.net\/wp-content\/uploads\/2023\/08\/hydraulic-cylinder-product-1-480x252.webp 480w\" sizes=\"(min-width: 0px) and (max-width: 480px) 480px, (min-width: 481px) 495px, 100vw\" \/> <img loading=\"lazy\" decoding=\"async\" class=\"alignnone wp-image-627\" src=\"https:\/\/hydraulic-cylinders.net\/wp-content\/uploads\/2023\/08\/hydraulic-cylinder-product-2-300x189.webp\" alt=\"\" width=\"413\" height=\"260\" \/><\/p>\n<h3>(2) Maskinbearbejdning<\/h3>\n<p>Bearbejdningsv\u00e6rkstedet er udstyret med et specialfremstillet drejecenter til skr\u00e5 skinner, bearbejdningscenter, h\u00f8jhastigheds-honemaskine, svejserobot og andet relateret udstyr, der kan h\u00e5ndtere bearbejdning af cylinderr\u00f8r med en maksimal indre diameter p\u00e5 400 mm og en maksimal l\u00e6ngde p\u00e5 6 meter.<\/p>\n<p><img loading=\"lazy\" decoding=\"async\" class=\"alignnone wp-image-628 size-large\" src=\"https:\/\/hydraulic-cylinders.net\/wp-content\/uploads\/2023\/08\/hydraulic-cylinder-product-3-1024x391.webp\" alt=\"\" width=\"1024\" height=\"391\" srcset=\"https:\/\/hydraulic-cylinders.net\/wp-content\/uploads\/2023\/08\/hydraulic-cylinder-product-3-980x374.webp 980w, https:\/\/hydraulic-cylinders.net\/wp-content\/uploads\/2023\/08\/hydraulic-cylinder-product-3-480x183.webp 480w\" sizes=\"(min-width: 0px) and (max-width: 480px) 480px, (min-width: 481px) and (max-width: 980px) 980px, (min-width: 981px) 1024px, 100vw\" \/><\/p>\n<h3>(3) Svejsning<\/h3>\n<p><img loading=\"lazy\" decoding=\"async\" class=\"alignnone wp-image-629 size-large\" src=\"https:\/\/hydraulic-cylinders.net\/wp-content\/uploads\/2023\/08\/hydraulic-cylinder-product-4-1024x510.webp\" alt=\"\" width=\"1024\" height=\"510\" srcset=\"https:\/\/hydraulic-cylinders.net\/wp-content\/uploads\/2023\/08\/hydraulic-cylinder-product-4-980x488.webp 980w, https:\/\/hydraulic-cylinders.net\/wp-content\/uploads\/2023\/08\/hydraulic-cylinder-product-4-480x239.webp 480w\" sizes=\"(min-width: 0px) and (max-width: 480px) 480px, (min-width: 481px) and (max-width: 980px) 980px, (min-width: 981px) 1024px, 100vw\" \/><\/p>\n<h3>(4) Maling og overfladebehandling<\/h3>\n<p>Med sm\u00e5 og mellemstore cylindriske automatiske vandbaserede malingsbel\u00e6gningslinjer, for at opn\u00e5 automatisk robotp\u00e5fyldning og -afl\u00e6sning samt automatisk spr\u00f8jtning, er den designm\u00e6ssige kapacitet p\u00e5 4000 stykker pr. skift;<br \/>\nVi har ogs\u00e5 en halvautomatisk malingsproduktionslinje til store cylindre drevet af en kabelk\u00e6de med en designkapacitet p\u00e5 60 kasser pr. skift.<\/p>\n<p><img loading=\"lazy\" decoding=\"async\" class=\"alignnone wp-image-630\" src=\"https:\/\/hydraulic-cylinders.net\/wp-content\/uploads\/2023\/08\/hydraulic-cylinder-product-5-300x213.webp\" alt=\"\" width=\"366\" height=\"260\" \/> <img loading=\"lazy\" decoding=\"async\" class=\"alignnone wp-image-631\" src=\"https:\/\/hydraulic-cylinders.net\/wp-content\/uploads\/2023\/08\/hydraulic-cylinder-product-6-300x225.webp\" alt=\"\" width=\"347\" height=\"260\" \/><\/p>\n<h3>(5) Testning<\/h3>\n<p>Vi har f\u00f8rsteklasses inspektionsfaciliteter og testb\u00e6nke for at sikre, at cylinderens ydeevne opfylder kravene.<\/p>\n<p><img loading=\"lazy\" decoding=\"async\" class=\"alignnone wp-image-632\" src=\"https:\/\/hydraulic-cylinders.net\/wp-content\/uploads\/2023\/08\/hydraulic-cylinder-product-8-300x200.webp\" alt=\"\" width=\"389\" height=\"260\" \/><\/p>\n<p>&nbsp;<\/p>\n<p>&nbsp;<\/p>\n<p>Vi er en af \u200b\u200bde bedste producenter af hydrauliske cylindre. Vi kan tilbyde et omfattende udvalg af hydrauliske cylindre. Vi leverer ogs\u00e5 tilsvarende <a href=\"https:\/\/hzpt.com\/agricultural-pto-gearbox\/\" target=\"_blank\" rel=\"noopener\">landbrugsgearkasser<\/a>Vi har eksporteret vores produkter til kunder over hele verden og har opn\u00e5et et godt omd\u00f8mme p\u00e5 grund af vores overlegne produktkvalitet og eftersalgsservice. Vi byder kunder i ind- og udland velkommen til at kontakte os for at forhandle forretninger, udveksle information og <a href=\"https:\/\/www.hydraulic-cylinders.net\/da\/contact-us\/\">samarbejde med os<\/a>!<\/p>","protected":false},"excerpt":{"rendered":"<p>Press Tilt Cylinder The press tilt cylinder is a cutting-edge product that provides versatile and precise tilt control in various industrial applications. With its advanced features and robust construction, this cylinder offers reliable tilting capabilities, enabling efficient and accurate positioning of workpieces or equipment. The press tilt cylinder is a valuable tool for achieving versatile [&hellip;]<\/p>","protected":false},"featured_media":1652,"comment_status":"open","ping_status":"closed","template":"","meta":{"_et_pb_use_builder":"","_et_pb_old_content":"","_et_gb_content_width":""},"product_brand":[],"product_cat":[1550,1522,1376],"product_tag":[1380],"class_list":{"0":"post-1650","1":"product","2":"type-product","3":"status-publish","4":"has-post-thumbnail","6":"product_cat-double-acting-hydraulic-cylinder","7":"product_cat-press-hydraulic-cylinders","8":"product_cat-hydraulic-cylinder","9":"product_tag-hydraulic-cylinder","11":"first","12":"instock","13":"shipping-taxable","14":"product-type-simple"},"amp_enabled":true,"_links":{"self":[{"href":"https:\/\/www.hydraulic-cylinders.net\/da\/wp-json\/wp\/v2\/product\/1650","targetHints":{"allow":["GET"]}}],"collection":[{"href":"https:\/\/www.hydraulic-cylinders.net\/da\/wp-json\/wp\/v2\/product"}],"about":[{"href":"https:\/\/www.hydraulic-cylinders.net\/da\/wp-json\/wp\/v2\/types\/product"}],"replies":[{"embeddable":true,"href":"https:\/\/www.hydraulic-cylinders.net\/da\/wp-json\/wp\/v2\/comments?post=1650"}],"wp:featuredmedia":[{"embeddable":true,"href":"https:\/\/www.hydraulic-cylinders.net\/da\/wp-json\/wp\/v2\/media\/1652"}],"wp:attachment":[{"href":"https:\/\/www.hydraulic-cylinders.net\/da\/wp-json\/wp\/v2\/media?parent=1650"}],"wp:term":[{"taxonomy":"product_brand","embeddable":true,"href":"https:\/\/www.hydraulic-cylinders.net\/da\/wp-json\/wp\/v2\/product_brand?post=1650"},{"taxonomy":"product_cat","embeddable":true,"href":"https:\/\/www.hydraulic-cylinders.net\/da\/wp-json\/wp\/v2\/product_cat?post=1650"},{"taxonomy":"product_tag","embeddable":true,"href":"https:\/\/www.hydraulic-cylinders.net\/da\/wp-json\/wp\/v2\/product_tag?post=1650"}],"curies":[{"name":"wp","href":"https:\/\/api.w.org\/{rel}","templated":true}]}}