{"id":16519,"date":"2025-01-21T05:31:09","date_gmt":"2025-01-21T05:31:09","guid":{"rendered":"https:\/\/www.hydraulic-cylinders.net\/product\/arm-cylinder-for-xgma-small-excavator-xg806\/"},"modified":"2025-01-21T05:31:11","modified_gmt":"2025-01-21T05:31:11","slug":"arm-cylinder-for-xgma-small-excavator-xg806","status":"publish","type":"product","link":"https:\/\/www.hydraulic-cylinders.net\/da\/vare\/arm-cylinder-for-xgma-small-excavator-xg806\/","title":{"rendered":"Armcylinder til XGMA lille gravemaskine XG806"},"content":{"rendered":"<p>Armcylinder til XGMA lille gravemaskine XG806<\/p>\n<h2>Indledning<\/h2>\n<h3>Definition og forklaring<\/h3>\n<p>En armcylinder er en specialdesignet hydraulisk cylinder, der giver line\u00e6r bev\u00e6gelse og kraft til armen p\u00e5 forskellige typer maskiner, s\u00e5som gravemaskiner, kraner og robotarme. Armcylinderen spiller en afg\u00f8rende rolle i det hydrauliske system og muligg\u00f8r effektiv bev\u00e6gelse og kontrol af p\u00e5monterede v\u00e6rkt\u00f8jer eller tilbeh\u00f8r. Disse cylindre giver ikke kun j\u00e6vn bev\u00e6gelse, men kan ogs\u00e5 modst\u00e5 tunge belastninger, hvilket sikrer effektiv drift og p\u00e5lidelighed af maskineriet under forskellige arbejdsforhold.<\/p>\n<p><img decoding=\"async\" src=\"https:\/\/www.hydraulic-cylinders.net\/wp-content\/uploads\/2025\/01\/songte-company-2.webp\"\/><\/p>\n<h2>Funktioner<\/h2>\n<ul>\n<li>H\u00f8jeffektiv transmission: Armcylinderen giver kraftig line\u00e6r bev\u00e6gelse og kraft, hvilket sikrer robotarmens h\u00f8je effektivitet i forskellige operationer.<\/li>\n<li>Pr\u00e6cis kontrol: Gennem det hydrauliske system kan armcylinderen opn\u00e5 pr\u00e6cis bev\u00e6gelseskontrol, hvilket g\u00f8r betjeningen af \u200b\u200b\u200b\u200bmonterede v\u00e6rkt\u00f8jer mere fleksibel og pr\u00e6cis.<\/li>\n<li>St\u00e6rk holdbarhed: Armcylindre er normalt lavet af h\u00f8jstyrkematerialer med god slid- og korrosionsbestandighed, der er egnede til langvarig brug i barske milj\u00f8er.<\/li>\n<li>Tilpasningsevne til flere anvendelser: Disse cylindre kan anvendes i vid udstr\u00e6kning i forskellige mekaniske udstyr, s\u00e5som gravemaskiner, kraner og robotarme, og tilpasser sig forskellige arbejdskrav.<\/li>\n<li>Nem vedligeholdelse: Designet tager h\u00f8jde for nem vedligeholdelse og udskiftning, hvilket g\u00f8r regelm\u00e6ssig inspektion og vedligeholdelse mere bekvem og reducerer udstyrets nedetid.<\/li>\n<\/ul>\n<p>Vi kan producere dette produkt, og vores produkt kan perfekt erstatte disse hydrauliske cylindre.<\/p>\n<p><img decoding=\"async\" src=\"https:\/\/www.hydraulic-cylinders.net\/wp-content\/uploads\/2025\/01\/songte-oil-pipes-and-spare-parts.webp\"\/><\/p>\n<h2>Applikationer<\/h2>\n<h3>Byggeri og ingeni\u00f8rarbejde<\/h3>\n<p>I gravemaskiner og kraner bruges armcylinderen til at styre skovlens eller bommens bev\u00e6gelse til jordarbejde, materialeh\u00e5ndtering og strukturel installation.<\/p>\n<h3>Fremstillingsindustri<\/h3>\n<p>I automatiserede produktionslinjer bruges armcylinderen til bev\u00e6gelse af robotarme, til montering, svejsning og h\u00e5ndteringsprocesser, hvilket forbedrer produktionseffektiviteten og n\u00f8jagtigheden.<\/p>\n<h3>Landbrugsmaskiner<\/h3>\n<p>I landbrugsmaskiner s\u00e5som mejet\u00e6rskere og plantemaskiner styrer armcylinderen bev\u00e6gelsen af \u200b\u200b\u200b\u200bden operative arm og udf\u00f8rer opgaver som plantning, g\u00f8dning og h\u00f8st.<\/p>\n<h3>Minedrift<\/h3>\n<p>I minedriftsudstyr bruges armcylinderen til at styre armbev\u00e6gelsen p\u00e5 minedriftsudstyr til minedrift og h\u00e5ndtering af malm.<\/p>\n<h3>Logistik og transport<\/h3>\n<p>I gaffeltrucks og h\u00e5ndteringsrobotter bruges armcylinderen til at styre l\u00f8ft og bev\u00e6gelse af gafler, hvilket muligg\u00f8r h\u00e5ndtering og stabling af materialer.<\/p>\n<p><img decoding=\"async\" src=\"https:\/\/www.hydraulic-cylinders.net\/wp-content\/uploads\/2025\/01\/songte-chushion-collar.webp\"\/><\/p>\n<h2>Designovervejelser og udv\u00e6lgelseskriterier<\/h2>\n<h3>Lastkapacitet<\/h3>\n<p>Armcylinderens lasteevne b\u00f8r overvejes n\u00f8je, da den direkte p\u00e5virker maskineriets ydeevne og sikkerhed.<\/p>\n<h3>Forsegling<\/h3>\n<p>Valg af passende t\u00e6tningsmaterialer er afg\u00f8rende for at forhindre l\u00e6kage af hydraulisk v\u00e6ske, hvilket kan beskadige udstyret og udg\u00f8re sikkerhedsrisici.<\/p>\n<h3>Holdbarhed<\/h3>\n<p>Armcylindre er normalt udsat for barske milj\u00f8er, s\u00e5 brugen af \u200b\u200bholdbare materialer og overfladebehandlinger er afg\u00f8rende for at sikre langsigtet p\u00e5lidelighed og ydeevne.<\/p>\n<h3>Sikkerhed<\/h3>\n<p>Design af armcylindere b\u00f8r omfatte sikkerhedsfunktioner s\u00e5som n\u00f8dstop, overbelastningsbeskyttelse og trykaflastningsventiler for at forhindre ulykker og skader p\u00e5 maskineriet.<\/p>\n<h3>Opretholdelse<\/h3>\n<p>Nem vedligeholdelse og reparation er vigtige overvejelser i designet af armcylindre for at reducere nedetid og \u00f8ge produktiviteten.<\/p>\n<p><img decoding=\"async\" src=\"https:\/\/www.hydraulic-cylinders.net\/wp-content\/uploads\/2025\/01\/songte-cylinder-head-with-all-kinds-excavator-models.webp\"\/><\/p>\n<h2>T\u00e6tning og sm\u00f8ring<\/h2>\n<p>Forskellige t\u00e6tningskomponenter, s\u00e5som stempelt\u00e6tninger og stangt\u00e6tninger, anvendes i armcylindre for at forhindre v\u00e6skel\u00e6kage og sikre p\u00e5lidelig ydeevne. Materialer som polyurethan og nitrilgummi anvendes almindeligvis til t\u00e6tningskomponenter p\u00e5 grund af deres slidstyrke. Cylinderhuset og gevindenden er fint forarbejdet for at forbedre slidstyrken. Regelm\u00e6ssig sm\u00f8ring med den passende m\u00e6ngde hydraulikolie er n\u00f8dvendig for korrekt sm\u00f8ring og vedligeholdelse af armcylinderen.<\/p>\n<h2>Inspektion og vedligeholdelse<\/h2>\n<ul>\n<li>Inspicer regelm\u00e6ssigt armcylinderen for tegn p\u00e5 slid, skader eller l\u00e6kager.<\/li>\n<li>Udskift slidte eller beskadigede dele med det samme for at forhindre yderligere skade p\u00e5 udstyret.<\/li>\n<li>Reng\u00f8r armcylinderen regelm\u00e6ssigt for at forhindre snavs eller affald i at tr\u00e6nge ind i det hydrauliske system.<\/li>\n<li>F\u00f8lg den anbefalede vedligeholdelsesplan for at sikre armcylinderens langsigtede p\u00e5lidelighed og ydeevne.<\/li>\n<\/ul>\n<p><img decoding=\"async\" src=\"https:\/\/www.hydraulic-cylinders.net\/wp-content\/uploads\/2025\/01\/songte-bushings-with-all-kinds-of-excavator-models.webp\"\/><\/p>\n<h2>Installationsvejledning<\/h2>\n<ul>\n<li>S\u00f8rg for, at det hydrauliske system er trykl\u00f8st, f\u00f8r armcylinderen monteres.<\/li>\n<li>Fastg\u00f8r armcylinderen til det relevante monteringsbeslag eller den relevante plade.<\/li>\n<li>Tilslut de hydrauliske slanger til indl\u00f8bs- og udl\u00f8bsportene p\u00e5 armcylinderen.<\/li>\n<li>Sp\u00e6nd alle forbindelser og fittings forsvarligt.<\/li>\n<li>Fyld hydrauliksystemet med den passende v\u00e6ske, og udluft systemet om n\u00f8dvendigt.<\/li>\n<\/ul>\n<h2>Sikkerhedshensyn og milj\u00f8faktorer<\/h2>\n<p>Der skal v\u00e6re passende sikkerhedsforanstaltninger s\u00e5som beskyttelsessk\u00e6rme, n\u00f8dstop og advarselsskilte p\u00e5 plads, n\u00e5r maskiner med armcylindre betjenes. Milj\u00f8faktorer som temperatur, fugtighed og vibrationer kan p\u00e5virke armcylindrenes ydeevne og p\u00e5lidelighed, s\u00e5 der b\u00f8r tr\u00e6ffes passende foranstaltninger for at beskytte udstyret og sikre effektiv drift.<\/p>\n<h2>Diagnose og fejlfinding<\/h2>\n<p>Almindelige problemer med armcylindre omfatter l\u00e6kage, langsom drift eller manglende evne til at forl\u00e6nge eller tr\u00e6kke armen tilbage. Disse problemer kan skyldes en r\u00e6kke faktorer, s\u00e5som slidte pakninger, beskadigede stempler eller lave v\u00e6skeniveauer. Fejlfindingstrin omfatter kontrol for l\u00e6kager, inspektion af hydraulikledninger og test af magnetventilen. De relevante vedligeholdelses- eller udskiftningstrin b\u00f8r tages for at l\u00f8se problemet.<\/p>\n<h2>Om os<\/h2>\n<p>Vi er en professionel producent af hydrauliske cylindre og er blevet en af \u200b\u200bde f\u00f8rende producenter og grossister af hydrauliske cylindre p\u00e5 det indenlandske og internationale marked. Vi overholder princippet om ekspertise og bruger industrialiserede produktionsstyringsstrategier i vores raffinerede produktionsv\u00e6rksteder for l\u00f8bende at forbedre vores teknologi og produktionseffektivitet. Med introduktionen af \u200b\u200bavanceret digitalt produktionsudstyr og professionelle testsystemer optimerer vi konstant produktionsplatformen, forbedrer produktkvalitetskontrolprocesserne og har st\u00e6rke innovationskapaciteter. Vores m\u00e5l er at im\u00f8dekomme vores kunders forskellige behov med en h\u00f8jeffektiv, pr\u00e6cis og h\u00f8jkvalitets tilgang.<\/p>\n<h3>Professionalitet<\/h3>\n<p>Vores team best\u00e5r af erfarne ingeni\u00f8rer og teknikere, der sikrer, at hver hydraulisk cylinder er designet og fremstillet til at opfylde de h\u00f8jeste standarder for kvalitet og p\u00e5lidelighed.<\/p>\n<h3>International certificering<\/h3>\n<p>Vores produkter har best\u00e5et internationale certificeringer som ISO9001, CE og ROHS, og vi f\u00f8lger n\u00f8je internationale kvalitetsstandarder i vores fremstillingsprocesser.<\/p>\n<h3>Tilpasningstjeneste<\/h3>\n<p>Vi tilbyder skr\u00e6ddersyede hydrauliske cylinderl\u00f8sninger, der opfylder vores kunders specifikke behov, herunder design, fremstilling og installation.<\/p>\n<h3>Produktionsudstyr<\/h3>\n<p>Vi bruger avanceret digitalt produktionsudstyr, herunder CNC-maskiner, drejeb\u00e6nke og fr\u00e6semaskiner, for at sikre pr\u00e6cisionen og effektiviteten i vores produktionsprocesser.<\/p>\n<h3>Eftersalgsservice<\/h3>\n<p>Vi tilbyder omfattende eftersalgsservice og teknisk support for at sikre vores produkters langsigtede ydeevne og p\u00e5lidelighed.<\/p>\n<p><img decoding=\"async\" src=\"https:\/\/www.hydraulic-cylinders.net\/wp-content\/uploads\/2025\/01\/songte-company-4.webp\"\/><br \/>\n<img decoding=\"async\" src=\"https:\/\/www.hydraulic-cylinders.net\/wp-content\/uploads\/2025\/01\/songte-company-3.webp\"\/><\/p>\n<p>Forfatter: lyl.<\/p>","protected":false},"excerpt":{"rendered":"<p>Arm Cylinder For XGMA Small Excavator XG806 Introduction Definition and Explanation An arm cylinder is a specially designed hydraulic cylinder that provides linear motion and power to the arm of various types of machinery, such as excavators, cranes, and robotic arms. The arm cylinder plays a crucial role in the hydraulic system, enabling the effective [&hellip;]<\/p>","protected":false},"featured_media":14777,"comment_status":"open","ping_status":"closed","template":"","meta":{"_et_pb_use_builder":"","_et_pb_old_content":"","_et_gb_content_width":""},"product_brand":[],"product_cat":[1497],"product_tag":[1498,1496],"class_list":{"0":"post-16519","1":"product","2":"type-product","3":"status-publish","4":"has-post-thumbnail","6":"product_cat-arm-cylinders","7":"product_tag-arm-cylinders","8":"product_tag-hydraulic-cylinders","10":"first","11":"instock","12":"shipping-taxable","13":"product-type-simple"},"amp_enabled":true,"_links":{"self":[{"href":"https:\/\/www.hydraulic-cylinders.net\/da\/wp-json\/wp\/v2\/product\/16519","targetHints":{"allow":["GET"]}}],"collection":[{"href":"https:\/\/www.hydraulic-cylinders.net\/da\/wp-json\/wp\/v2\/product"}],"about":[{"href":"https:\/\/www.hydraulic-cylinders.net\/da\/wp-json\/wp\/v2\/types\/product"}],"replies":[{"embeddable":true,"href":"https:\/\/www.hydraulic-cylinders.net\/da\/wp-json\/wp\/v2\/comments?post=16519"}],"wp:featuredmedia":[{"embeddable":true,"href":"https:\/\/www.hydraulic-cylinders.net\/da\/wp-json\/wp\/v2\/media\/14777"}],"wp:attachment":[{"href":"https:\/\/www.hydraulic-cylinders.net\/da\/wp-json\/wp\/v2\/media?parent=16519"}],"wp:term":[{"taxonomy":"product_brand","embeddable":true,"href":"https:\/\/www.hydraulic-cylinders.net\/da\/wp-json\/wp\/v2\/product_brand?post=16519"},{"taxonomy":"product_cat","embeddable":true,"href":"https:\/\/www.hydraulic-cylinders.net\/da\/wp-json\/wp\/v2\/product_cat?post=16519"},{"taxonomy":"product_tag","embeddable":true,"href":"https:\/\/www.hydraulic-cylinders.net\/da\/wp-json\/wp\/v2\/product_tag?post=16519"}],"curies":[{"name":"wp","href":"https:\/\/api.w.org\/{rel}","templated":true}]}}