{"id":16568,"date":"2025-01-21T05:34:33","date_gmt":"2025-01-21T05:34:33","guid":{"rendered":"https:\/\/www.hydraulic-cylinders.net\/product\/arm-cylinder-for-liebherr-large-excavator-r944cs\/"},"modified":"2025-01-21T05:34:35","modified_gmt":"2025-01-21T05:34:35","slug":"arm-cylinder-for-liebherr-large-excavator-r944cs","status":"publish","type":"product","link":"https:\/\/www.hydraulic-cylinders.net\/da\/vare\/arm-cylinder-for-liebherr-large-excavator-r944cs\/","title":{"rendered":"Armcylinder til Liebherr stor gravemaskine R944CS"},"content":{"rendered":"<h2>Armcylinder til Liebherr stor gravemaskine R944CS<\/h2>\n<p>Armcylinderen er en specialdesignet hydraulisk cylinder, der giver line\u00e6r bev\u00e6gelse og kraft til armen p\u00e5 forskellige maskiner, s\u00e5som gravemaskiner, kraner og robotarme. Armcylinderen spiller en afg\u00f8rende rolle i hydrauliske systemer, da den muligg\u00f8r effektiv bev\u00e6gelse og kontrol af p\u00e5monterede v\u00e6rkt\u00f8jer eller tilbeh\u00f8r. Disse cylindre muligg\u00f8r ikke kun j\u00e6vn bev\u00e6gelse, men kan ogs\u00e5 modst\u00e5 tunge belastninger, hvilket sikrer h\u00f8j driftseffektivitet og p\u00e5lidelighed under forskellige arbejdsforhold.<\/p>\n<p><img decoding=\"async\" src=\"https:\/\/www.hydraulic-cylinders.net\/wp-content\/uploads\/2025\/01\/songte-company-2.webp\" alt=\"Armcylinder\" \/><\/p>\n<h3>Funktioner:<\/h3>\n<ol>\n<li><strong>H\u00f8jeffektiv transmission:<\/strong> Armcylinderen giver kraftig line\u00e6r bev\u00e6gelse og kraft, hvilket sikrer en yderst effektiv ydeevne for den mekaniske arm i forskellige operationer.<\/li>\n<li><strong>Pr\u00e6cis kontrol:<\/strong> Gennem det hydrauliske system muligg\u00f8r armcylinderen pr\u00e6cis bev\u00e6gelseskontrol, hvilket g\u00f8r betjeningen af \u200b\u200b\u200b\u200btilkoblede v\u00e6rkt\u00f8jer mere fleksibel og pr\u00e6cis.<\/li>\n<li><strong>Holdbarhed:<\/strong> Armcylindre er typisk fremstillet af h\u00f8jstyrkematerialer, der tilbyder fremragende slid- og korrosionsbestandighed, hvilket g\u00f8r dem velegnede til langvarig brug i barske milj\u00f8er.<\/li>\n<li><strong>Alsidig tilpasningsevne:<\/strong> Disse cylindre kan anvendes i vid udstr\u00e6kning p\u00e5 forskellige maskiner s\u00e5som gravemaskiner, kraner og robotarme, og im\u00f8dekomme forskellige jobkrav.<\/li>\n<li><strong>Nem vedligeholdelse:<\/strong> Designet af armcylindre tager h\u00f8jde for nem vedligeholdelse og udskiftning, hvilket g\u00f8r regelm\u00e6ssige inspektioner og vedligeholdelse mere bekvemt og reducerer udstyrets nedetid.<\/li>\n<\/ol>\n<p><img decoding=\"async\" src=\"https:\/\/www.hydraulic-cylinders.net\/wp-content\/uploads\/2025\/01\/songte-oil-pipes-and-spare-parts.webp\" alt=\"Hydrauliske dele\" \/><\/p>\n<h3>Anvendelser:<\/h3>\n<ul>\n<li><strong>Byggeriteknik:<\/strong> I gravemaskiner og kraner styrer armcylindre bev\u00e6gelsen af \u200b\u200bskovle eller bomme til jordarbejde, materialeh\u00e5ndtering og strukturel installation.<\/li>\n<li><strong>Fremstilling:<\/strong> I automatiserede produktionslinjer bruges armcylindre til bev\u00e6gelse af robotarme i processer som montering, svejsning og materialeh\u00e5ndtering, hvilket forbedrer produktionseffektiviteten og n\u00f8jagtigheden.<\/li>\n<li><strong>Landbrugsmaskiner:<\/strong> Armcylindre styrer bev\u00e6gelsen af \u200b\u200b\u200b\u200bbetjeningsarme i landbrugsmaskiner s\u00e5som mejet\u00e6rskere og s\u00e5maskiner, og udf\u00f8rer opgaver som s\u00e5ning, g\u00f8dning og h\u00f8st.<\/li>\n<li><strong>Minedrift:<\/strong> I minedriftsudstyr styrer armcylindre armbev\u00e6gelsen til minedrift og materialeh\u00e5ndtering.<\/li>\n<li><strong>Logistik og transport:<\/strong> I gaffeltrucks og h\u00e5ndteringsrobotter styrer armcylindre l\u00f8ft og bev\u00e6gelse af gafler, hvilket muligg\u00f8r transport og stabling af materialer.<\/li>\n<\/ul>\n<h3>Designovervejelser og udv\u00e6lgelseskriterier:<\/h3>\n<ol>\n<li><strong>B\u00e6reevne:<\/strong> Armcylindre skal v\u00e6re konstrueret til at h\u00e5ndtere de specifikke belastningskrav i applikationen.<\/li>\n<li><strong>Forsegling:<\/strong> Der anvendes forskellige t\u00e6tningskomponenter s\u00e5som stempelt\u00e6tninger og stangt\u00e6tninger, typisk lavet af slidst\u00e6rke materialer som polyurethan og nitrilgummi.<\/li>\n<li><strong>Holdbarhed:<\/strong> Cylinderhuset og de gevindsk\u00e5rne endeflader gennemg\u00e5r en finbehandling for at forbedre slidstyrken.<\/li>\n<li><strong>Sikkerhed:<\/strong> Sikkerhedshensyn tages i betragtning under designprocessen for at sikre en p\u00e5lidelig drift af armcylinderen.<\/li>\n<li><strong>Vedligeholdelsesevne:<\/strong> Regelm\u00e6ssig sm\u00f8ring med passende hydraulikolie er n\u00f8dvendig for korrekt sm\u00f8ring og gnidningsl\u00f8s drift af armcylinderen.<\/li>\n<\/ol>\n<p><img decoding=\"async\" src=\"https:\/\/www.hydraulic-cylinders.net\/wp-content\/uploads\/2025\/01\/songte-cylinder-head-with-all-kinds-excavator-models.webp\" alt=\"Topstykke\" \/><\/p>\n<h3>Periodisk inspektion og forebyggende vedligeholdelse:<\/h3>\n<ul>\n<li>Kontroll\u00e9r regelm\u00e6ssigt for l\u00e6kager eller skader p\u00e5 cylinderen og dens komponenter.<\/li>\n<li>Inspicer og reng\u00f8r hydraulikoliefilteret for at sikre korrekt filtrering og forhindre kontaminering.<\/li>\n<li>Kontroller og vedligehold det korrekte hydrauliske v\u00e6skeniveau.<\/li>\n<li>Overv\u00e5g og juster cylinderens driftsparametre efter behov.<\/li>\n<li>F\u00f8lg producentens anbefalede vedligeholdelsesplan og retningslinjer.<\/li>\n<\/ul>\n<h3>Produktinstallationsvejledning:<\/h3>\n<ul>\n<li>S\u00f8rg for, at gravemaskinen er i en stabil position og slukket f\u00f8r installation.<\/li>\n<li>Juster omhyggeligt armcylinderen med monteringspunkterne p\u00e5 gravemaskinen.<\/li>\n<li>Fastg\u00f8r alle bolte og forbindelser forsvarligt i henhold til producentens specifikationer.<\/li>\n<li>Kontroll\u00e9r for l\u00e6kager eller unormale bev\u00e6gelser efter installationen.<\/li>\n<li>Udf\u00f8r en test for at kontrollere, at armcylinderen fungerer korrekt.<\/li>\n<\/ul>\n<p><img decoding=\"async\" src=\"https:\/\/www.hydraulic-cylinders.net\/wp-content\/uploads\/2025\/01\/songte-bushings-with-all-kinds-of-excavator-models.webp\" alt=\"B\u00f8sninger\" \/><\/p>\n<h3>Sikkerhedshensyn og milj\u00f8faktorer:<\/h3>\n<p>N\u00e5r man bruger armcylindre, er det afg\u00f8rende at prioritere sikkerhedsforanstaltninger for at forhindre ulykker og sikre operat\u00f8rens velbefindende. Implementering af korrekte sikkerhedsprotokoller, herunder tr\u00e6ning og regelm\u00e6ssige inspektioner, er afg\u00f8rende for at minimere risici.<\/p>\n<h3>Fejlfinding og almindelige problemer:<\/h3>\n<p>Almindelige problemer med armcylindre kan omfatte l\u00e6kage, utilstr\u00e6kkelig kraft eller unormale bev\u00e6gelser. For at diagnosticere og l\u00f8se disse problemer skal du overveje f\u00f8lgende:<\/p>\n<ul>\n<li>Kontroll\u00e9r for synlige l\u00e6kager, og inspicer t\u00e6tninger og forbindelser.<\/li>\n<li>Kontroller hydraulikv\u00e6skens niveau og kvalitet.<\/li>\n<li>S\u00f8rg for korrekt justering og indstillinger af armcylinderen.<\/li>\n<\/ul>\n<p>For specifikke fejlfinding og l\u00f8sningsmetoder henvises til producentens dokumentation, og der s\u00f8ges professionel hj\u00e6lp, hvis det er n\u00f8dvendigt.<\/p>\n<p><img decoding=\"async\" src=\"https:\/\/www.hydraulic-cylinders.net\/wp-content\/uploads\/2025\/01\/songte-chushion-collar.webp\" alt=\"Pudekrave\" \/><\/p>\n<p>Husk at organisere artiklen logisk, bruge underoverskrifter for nem navigation, inkorporere relevante billeder eller diagrammer for at forbedre forst\u00e5elsen, og sikre indholdets klarhed, pr\u00e6cision og egnethed til l\u00e6sere med forskellige niveauer af teknisk viden.<\/p>\n<p><em>Forfatter: lyl<\/em><\/p>\n<p><img decoding=\"async\" src=\"https:\/\/www.hydraulic-cylinders.net\/wp-content\/uploads\/2025\/01\/songte-company-4.webp\" alt=\"Selskab\" \/><br \/>\n<img decoding=\"async\" src=\"https:\/\/www.hydraulic-cylinders.net\/wp-content\/uploads\/2025\/01\/songte-company-3.webp\" alt=\"Selskab\" \/><\/p>","protected":false},"excerpt":{"rendered":"<p>Arm Cylinder For Liebherr Large Excavator R944CS The arm cylinder is a specially designed hydraulic cylinder that provides linear motion and power to the arm of various machinery, such as excavators, cranes, and robotic arms. The arm cylinder plays a crucial role in hydraulic systems, allowing for the efficient movement and control of attached tools [&hellip;]<\/p>","protected":false},"featured_media":14779,"comment_status":"open","ping_status":"closed","template":"","meta":{"_et_pb_use_builder":"","_et_pb_old_content":"","_et_gb_content_width":""},"product_brand":[],"product_cat":[1497],"product_tag":[1498,1496],"class_list":{"0":"post-16568","1":"product","2":"type-product","3":"status-publish","4":"has-post-thumbnail","6":"product_cat-arm-cylinders","7":"product_tag-arm-cylinders","8":"product_tag-hydraulic-cylinders","10":"first","11":"instock","12":"shipping-taxable","13":"product-type-simple"},"amp_enabled":true,"_links":{"self":[{"href":"https:\/\/www.hydraulic-cylinders.net\/da\/wp-json\/wp\/v2\/product\/16568","targetHints":{"allow":["GET"]}}],"collection":[{"href":"https:\/\/www.hydraulic-cylinders.net\/da\/wp-json\/wp\/v2\/product"}],"about":[{"href":"https:\/\/www.hydraulic-cylinders.net\/da\/wp-json\/wp\/v2\/types\/product"}],"replies":[{"embeddable":true,"href":"https:\/\/www.hydraulic-cylinders.net\/da\/wp-json\/wp\/v2\/comments?post=16568"}],"wp:featuredmedia":[{"embeddable":true,"href":"https:\/\/www.hydraulic-cylinders.net\/da\/wp-json\/wp\/v2\/media\/14779"}],"wp:attachment":[{"href":"https:\/\/www.hydraulic-cylinders.net\/da\/wp-json\/wp\/v2\/media?parent=16568"}],"wp:term":[{"taxonomy":"product_brand","embeddable":true,"href":"https:\/\/www.hydraulic-cylinders.net\/da\/wp-json\/wp\/v2\/product_brand?post=16568"},{"taxonomy":"product_cat","embeddable":true,"href":"https:\/\/www.hydraulic-cylinders.net\/da\/wp-json\/wp\/v2\/product_cat?post=16568"},{"taxonomy":"product_tag","embeddable":true,"href":"https:\/\/www.hydraulic-cylinders.net\/da\/wp-json\/wp\/v2\/product_tag?post=16568"}],"curies":[{"name":"wp","href":"https:\/\/api.w.org\/{rel}","templated":true}]}}