{"id":16595,"date":"2025-01-21T05:36:41","date_gmt":"2025-01-21T05:36:41","guid":{"rendered":"https:\/\/www.hydraulic-cylinders.net\/product\/arm-cylinder-for-jcm-small-excavator-908c\/"},"modified":"2025-01-21T05:36:43","modified_gmt":"2025-01-21T05:36:43","slug":"arm-cylinder-for-jcm-small-excavator-908c","status":"publish","type":"product","link":"https:\/\/www.hydraulic-cylinders.net\/da\/vare\/arm-cylinder-for-jcm-small-excavator-908c\/","title":{"rendered":"Armcylinder til JCM lille gravemaskine 908C"},"content":{"rendered":"<h1>Armcylinder til JCM lille gravemaskine 908C<\/h1>\n<h2>Definition og forklaring<\/h2>\n<p>Armcylinderen er en specialdesignet hydraulisk cylinder, der prim\u00e6rt bruges til at give line\u00e6r bev\u00e6gelse og kraft til armen p\u00e5 forskellige typer maskiner, s\u00e5som gravemaskiner, kraner og robotarme. Armcylinderen spiller en afg\u00f8rende rolle i hydrauliske systemer, da den muligg\u00f8r effektiv bev\u00e6gelse og kontrol af ekstra v\u00e6rkt\u00f8j eller udstyr. Disse cylindre giver ikke kun j\u00e6vn bev\u00e6gelse, men kan ogs\u00e5 modst\u00e5 tunge belastninger, hvilket sikrer h\u00f8j effektivitet og p\u00e5lidelighed af maskineriet under forskellige driftsforhold.<\/p>\n<p><img decoding=\"async\" src=\"https:\/\/www.hydraulic-cylinders.net\/wp-content\/uploads\/2025\/01\/songte-company-2.webp\"><\/p>\n<h2>Funktioner<\/h2>\n<ul>\n<li><strong>H\u00f8jeffektiv transmission:<\/strong> Armcylinderen giver kraftig line\u00e6r bev\u00e6gelse og kraft, hvilket sikrer den mekaniske arms h\u00f8je ydeevne i forskellige operationer.<\/li>\n<li><strong>Pr\u00e6cis kontrol:<\/strong> Gennem det hydrauliske system muligg\u00f8r armcylinderen pr\u00e6cis bev\u00e6gelseskontrol, hvilket g\u00f8r operationer med ekstra v\u00e6rkt\u00f8jer mere fleksible og pr\u00e6cise.<\/li>\n<li><strong>Holdbarhed:<\/strong> Armcylindre er typisk fremstillet af h\u00f8jstyrkematerialer, der tilbyder fremragende slidstyrke og korrosionsbestandighed, hvilket g\u00f8r dem velegnede til langvarig brug i barske milj\u00f8er.<\/li>\n<li><strong>Multifunktionel tilpasningsevne:<\/strong> Disse cylindre kan anvendes i vid udstr\u00e6kning p\u00e5 forskellige typer maskiner, s\u00e5som gravemaskiner, kraner og robotarme, og tilpasses forskellige arbejdskrav.<\/li>\n<li><strong>Nem vedligeholdelse:<\/strong> Armcylindrene er designet med nem vedligeholdelse og udskiftning i tankerne og muligg\u00f8r bekvemme regelm\u00e6ssige inspektioner og vedligeholdelse, hvilket reducerer udstyrets nedetid.<\/li>\n<\/ul>\n<p><img decoding=\"async\" src=\"https:\/\/www.hydraulic-cylinders.net\/wp-content\/uploads\/2025\/01\/songte-oil-pipes-and-spare-parts.webp\"><\/p>\n<h2>Applikationer<\/h2>\n<p>Armcylinderen finder anvendelse i forskellige brancher:<\/p>\n<ol>\n<li><strong>Byggeriteknik:<\/strong> I gravemaskiner og kraner styrer armcylinderen bev\u00e6gelsen af \u200b\u200bskovlen eller bommen, hvilket muligg\u00f8r jordflytning, materialeh\u00e5ndtering og strukturel installation.<\/li>\n<li><strong>Fremstillingsindustri:<\/strong> I automatiserede produktionslinjer bruges armcylinderen til bev\u00e6gelse af robotarme, hvilket muligg\u00f8r processer som montering, svejsning og materialeh\u00e5ndtering, hvorved produktionseffektiviteten og n\u00f8jagtigheden forbedres.<\/li>\n<li><strong>Landbrugsmaskiner:<\/strong> I landbrugsmaskiner som mejet\u00e6rskere og s\u00e5maskiner styrer armcylinderen bev\u00e6gelsen af \u200b\u200b\u200b\u200barmen og udf\u00f8rer opgaver som s\u00e5ning, g\u00f8dning og h\u00f8st.<\/li>\n<li><strong>Minedrift:<\/strong> I minedriftsudstyr bruges armcylinderen til at styre armbev\u00e6gelsen af \u200b\u200bminedriftsmaskineri, hvilket letter malmudvinding og transport.<\/li>\n<li><strong>Logistik og transport:<\/strong> I gaffeltrucks og h\u00e5ndteringsrobotter styrer armcylinderen l\u00f8ft og bev\u00e6gelse af gafler, hvilket muligg\u00f8r materialeh\u00e5ndtering og stabling.<\/li>\n<\/ol>\n<h2>Designovervejelser og udv\u00e6lgelseskriterier<\/h2>\n<p>N\u00e5r det kommer til designovervejelser og udv\u00e6lgelseskriterier for armcylindre, b\u00f8r flere n\u00f8glefaktorer tages i betragtning:<\/p>\n<ul>\n<li><strong>B\u00e6reevne:<\/strong> Armcylinderen skal kunne h\u00e5ndtere den n\u00f8dvendige belastning effektivt og sikkert.<\/li>\n<li><strong>Forsegling:<\/strong> Forskellige t\u00e6tningskomponenter, s\u00e5som stempelt\u00e6tninger og stangt\u00e6tninger, b\u00f8r v\u00e6lges omhyggeligt. Materialer som polyurethan og nitrilgummi med fremragende slidstyrke anvendes ofte.<\/li>\n<li><strong>Holdbarhed:<\/strong> Cylinderhuset og gevindenderne b\u00f8r gennemg\u00e5 en fin bearbejdning for at forbedre slidstyrken og sikre langvarig ydeevne.<\/li>\n<li><strong>Sikkerhed:<\/strong> Der b\u00f8r implementeres sikkerhedsforanstaltninger under designprocessen for at forhindre potentielle farer eller ulykker.<\/li>\n<li><strong>Vedligeholdelsesevne:<\/strong> Der b\u00f8r udf\u00f8res regelm\u00e6ssig sm\u00f8ring med egnet hydraulikolie, og designet skal muligg\u00f8re nem vedligeholdelse og reparation.<\/li>\n<\/ul>\n<p><img decoding=\"async\" src=\"https:\/\/www.hydraulic-cylinders.net\/wp-content\/uploads\/2025\/01\/songte-cylinder-head-with-all-kinds-excavator-models.webp\"><\/p>\n<h2>T\u00e6tning og sm\u00f8ring<\/h2>\n<p>Armcylinderen anvender forskellige t\u00e6tningskomponenter, s\u00e5som stempelt\u00e6tninger og stangt\u00e6tninger, som er lavet af slidst\u00e6rke materialer som polyurethan og nitrilgummi. Cylinderhuset og gevindenderne gennemg\u00e5r fin bearbejdning for at forbedre slidstyrken. Regelm\u00e6ssig sm\u00f8ring med passende hydraulikolie er n\u00f8dvendig for at sikre problemfri drift og sm\u00f8ring af cylinderkomponenterne.<\/p>\n<h2>Regelm\u00e6ssig inspektion og forebyggende vedligeholdelse<\/h2>\n<p>Regelm\u00e6ssige inspektioner og forebyggende vedligeholdelse er afg\u00f8rende for at sikre optimal ydeevne og levetid for armcylinderen. F\u00f8lgende foranstaltninger b\u00f8r tr\u00e6ffes:<\/p>\n<ul>\n<li>Unders\u00f8g cylinderen for tegn p\u00e5 l\u00e6kage, slid eller skader.<\/li>\n<li>Reng\u00f8r cylinderen og dens komponenter regelm\u00e6ssigt for at fjerne snavs og affald.<\/li>\n<li>Kontroller hydraulikolieniveauet og -kvaliteten, og fyld op eller udskift efter behov.<\/li>\n<li>Sp\u00e6nd eventuelle l\u00f8se forbindelser eller fittings.<\/li>\n<li>Udskift slidte pakninger eller komponenter med det samme.<\/li>\n<\/ul>\n<h2>Retningslinjer for produktinstallation<\/h2>\n<p>Korrekt installation af armcylinderen er afg\u00f8rende for dens optimale ydeevne. F\u00f8lg disse retningslinjer:<\/p>\n<ol>\n<li>S\u00f8rg for, at monteringsfladen er ren og fri for forurenende stoffer.<\/li>\n<li>Juster armcylinderen korrekt med monteringshullerne.<\/li>\n<li>Fastg\u00f8r cylinderen forsvarligt med passende bolte eller fastg\u00f8relseselementer.<\/li>\n<li>Kontroller for eventuelle sk\u00e6vheder eller interferenser under installationsprocessen.<\/li>\n<\/ol>\n<p><img decoding=\"async\" src=\"https:\/\/www.hydraulic-cylinders.net\/wp-content\/uploads\/2025\/01\/songte-bushings-with-all-kinds-of-excavator-models.webp\"><\/p>\n<h2>Sikkerhedshensyn og milj\u00f8faktorer<\/h2>\n<p>N\u00e5r man arbejder med armcylindre, er det vigtigt at prioritere sikkerhedsforanstaltninger. F\u00f8lgende sikkerhedsforanstaltninger er afg\u00f8rende:<\/p>\n<ul>\n<li>S\u00f8rg for korrekt tr\u00e6ning og certificering for operat\u00f8rer, der arbejder med maskiner udstyret med armcylindere.<\/li>\n<li>Implementer sikkerhedsprotokoller og retningslinjer for at forhindre ulykker eller skader under drift.<\/li>\n<li>Overhold relevante sikkerhedsforskrifter og standarder.<\/li>\n<\/ul>\n<h2>Fejldiagnose og almindelige problemer<\/h2>\n<p>Trods armcylindrenes p\u00e5lidelighed kan der opst\u00e5 visse fejl eller problemer. Almindelige problemer omfatter:<\/p>\n<ul>\n<li>L\u00e6kage af hydraulisk v\u00e6ske<\/li>\n<li>Nedsat eller uj\u00e6vn armbev\u00e6gelse<\/li>\n<li>Us\u00e6dvanlige lyde under drift<\/li>\n<li>Overdreven slitage p\u00e5 t\u00e6tninger eller komponenter<\/li>\n<li>Uresponsiv eller tr\u00e6g armbev\u00e6gelse<\/li>\n<\/ul>\n<p>For at diagnosticere og l\u00f8se disse problemer effektivt skal du f\u00f8lge disse fejlfindingstips:<\/p>\n<ul>\n<li>Inspicer og sp\u00e6nd alle hydrauliske forbindelser for at afhj\u00e6lpe eventuelle l\u00e6kageproblemer.<\/li>\n<li>Kontroller hydraulikv\u00e6skens niveau og kvalitet, og udskift den om n\u00f8dvendigt.<\/li>\n<li>Unders\u00f8g pakninger og komponenter for tegn p\u00e5 slid eller skader, og udskift dem efter behov.<\/li>\n<li>S\u00f8rg for korrekt sm\u00f8ring af alle bev\u00e6gelige dele.<\/li>\n<li>Hvis problemerne forts\u00e6tter, skal du kontakte en kvalificeret tekniker eller vores kundesupport for at f\u00e5 hj\u00e6lp.<\/li>\n<\/ul>\n<p><img decoding=\"async\" src=\"https:\/\/www.hydraulic-cylinders.net\/wp-content\/uploads\/2025\/01\/songte-chushion-collar.webp\"><\/p>\n<p>Husk at organisere artiklen logisk, bruge underoverskrifter for nem navigation, inkorporere relevante billeder eller diagrammer for at forbedre forst\u00e5elsen, og s\u00f8rg for, at indholdet er klart, pr\u00e6cist og egnet til l\u00e6sere med varierende niveauer af teknisk viden.<\/p>\n<p>Forfatter: lyl<\/p>\n<h2>Om vores virksomhed<\/h2>\n<p>Vi er en professionel producent af hydrauliske udskiftningscylindre. Med en bred vifte af produkter er vi blevet en af \u200b\u200bde f\u00f8rende producenter og engrosdistribut\u00f8rer af hydrauliske cylindre p\u00e5 det indenlandske og internationale marked. Vi opretholder princippet om fremragende kvalitet og forbedrer l\u00f8bende vores teknologiske kapaciteter og produktionseffektivitet gennem industrialiserede produktionsstyringsstrategier i vores sofistikerede produktionsv\u00e6rksted. Ved at introducere avanceret digitalt produktionsudstyr og professionelle testsystemer optimerer vi vores produktionsplatform og perfektionerer vores produktkvalitetskontrolprocesser og demonstrerer st\u00e6rke innovationsevner. Vores m\u00e5l er at im\u00f8dekomme kundernes forskellige behov med effektivitet, n\u00f8jagtighed og produkter af h\u00f8j kvalitet.<\/p>\n<p><img decoding=\"async\" src=\"https:\/\/www.hydraulic-cylinders.net\/wp-content\/uploads\/2025\/01\/songte-company-4.webp\"><br \/>\n<img","protected":false},"excerpt":{"rendered":"<p>Arm Cylinder for JCM Small Excavator 908C Definition and Explanation The arm cylinder is a specially designed hydraulic cylinder that is primarily used to provide linear motion and power to the arm of various types of machinery, such as excavators, cranes, and robotic arms. The arm cylinder plays a crucial role in hydraulic systems, enabling [&hellip;]<\/p>","protected":false},"featured_media":14759,"comment_status":"open","ping_status":"closed","template":"","meta":{"_et_pb_use_builder":"","_et_pb_old_content":"","_et_gb_content_width":""},"product_brand":[],"product_cat":[1497],"product_tag":[1498,1496],"class_list":{"0":"post-16595","1":"product","2":"type-product","3":"status-publish","4":"has-post-thumbnail","6":"product_cat-arm-cylinders","7":"product_tag-arm-cylinders","8":"product_tag-hydraulic-cylinders","10":"first","11":"instock","12":"shipping-taxable","13":"product-type-simple"},"amp_enabled":true,"_links":{"self":[{"href":"https:\/\/www.hydraulic-cylinders.net\/da\/wp-json\/wp\/v2\/product\/16595","targetHints":{"allow":["GET"]}}],"collection":[{"href":"https:\/\/www.hydraulic-cylinders.net\/da\/wp-json\/wp\/v2\/product"}],"about":[{"href":"https:\/\/www.hydraulic-cylinders.net\/da\/wp-json\/wp\/v2\/types\/product"}],"replies":[{"embeddable":true,"href":"https:\/\/www.hydraulic-cylinders.net\/da\/wp-json\/wp\/v2\/comments?post=16595"}],"wp:featuredmedia":[{"embeddable":true,"href":"https:\/\/www.hydraulic-cylinders.net\/da\/wp-json\/wp\/v2\/media\/14759"}],"wp:attachment":[{"href":"https:\/\/www.hydraulic-cylinders.net\/da\/wp-json\/wp\/v2\/media?parent=16595"}],"wp:term":[{"taxonomy":"product_brand","embeddable":true,"href":"https:\/\/www.hydraulic-cylinders.net\/da\/wp-json\/wp\/v2\/product_brand?post=16595"},{"taxonomy":"product_cat","embeddable":true,"href":"https:\/\/www.hydraulic-cylinders.net\/da\/wp-json\/wp\/v2\/product_cat?post=16595"},{"taxonomy":"product_tag","embeddable":true,"href":"https:\/\/www.hydraulic-cylinders.net\/da\/wp-json\/wp\/v2\/product_tag?post=16595"}],"curies":[{"name":"wp","href":"https:\/\/api.w.org\/{rel}","templated":true}]}}