{"id":16601,"date":"2025-01-21T05:37:04","date_gmt":"2025-01-21T05:37:04","guid":{"rendered":"https:\/\/www.hydraulic-cylinders.net\/product\/arm-cylinder-for-jcm-middle-excavator-922d\/"},"modified":"2025-01-21T05:37:06","modified_gmt":"2025-01-21T05:37:06","slug":"arm-cylinder-for-jcm-middle-excavator-922d","status":"publish","type":"product","link":"https:\/\/www.hydraulic-cylinders.net\/da\/vare\/arm-cylinder-for-jcm-middle-excavator-922d\/","title":{"rendered":"Armcylinder til JCM mellemgraver 922D"},"content":{"rendered":"<h1>Armcylinder til JCM mellemgraver 922D<\/h1>\n<h2>Indledning<\/h2>\n<h3>Definition<\/h3>\n<p>Armcylinderen er en specialiseret hydraulisk cylinder, der prim\u00e6rt bruges til at give line\u00e6r bev\u00e6gelse og kraft til armene p\u00e5 forskellige maskiner s\u00e5som gravemaskiner, kraner og robotarme. Armcylinderen spiller en afg\u00f8rende rolle i det hydrauliske system og muligg\u00f8r effektiv bev\u00e6gelse og kontrol af yderligere v\u00e6rkt\u00f8j eller udstyr. Disse cylindre giver ikke kun j\u00e6vn og effektiv bev\u00e6gelse, men kan ogs\u00e5 modst\u00e5 tunge belastninger, hvilket sikrer effektiv drift og p\u00e5lidelighed af maskineriet under forskellige driftsforhold.<\/p>\n<p><img decoding=\"async\" src=\"https:\/\/www.hydraulic-cylinders.net\/wp-content\/uploads\/2025\/01\/songte-company-2.webp\" alt=\"Billede af armcylinder\"><\/p>\n<h2>Funktioner<\/h2>\n<ul>\n<li>\n<h3>Effektiv kraftoverf\u00f8rsel<\/h3>\n<p>Armcylinderen giver kraftig line\u00e6r bev\u00e6gelse og kraft, hvilket sikrer robotarmens h\u00f8je ydeevne i forskellige operationer.<\/p>\n<\/li>\n<li>\n<h3>Pr\u00e6cis kontrol<\/h3>\n<p>Armcylinderen kan opn\u00e5 pr\u00e6cis bev\u00e6gelseskontrol via det hydrauliske system, hvilket g\u00f8r betjeningen af \u200b\u200bekstra v\u00e6rkt\u00f8jer mere fleksibel og pr\u00e6cis.<\/p>\n<\/li>\n<li>\n<h3>St\u00e6rk holdbarhed<\/h3>\n<p>Armcylinderen er normalt lavet af h\u00f8jstyrkematerialer og har god slid- og korrosionsbestandighed, egnet til langvarig brug i barske milj\u00f8er.<\/p>\n<\/li>\n<li>\n<h3>Multifunktionel tilpasningsevne<\/h3>\n<p>Disse cylindre kan anvendes i vid udstr\u00e6kning i forskellige maskiner, s\u00e5som gravemaskiner, kraner og robotarme, og kan tilpasses forskellige arbejdsbehov.<\/p>\n<\/li>\n<li>\n<h3>Nem vedligeholdelse<\/h3>\n<p>Designet tager h\u00f8jde for nem vedligeholdelse og udskiftning, hvilket g\u00f8r regelm\u00e6ssige inspektioner og vedligeholdelse mere bekvemt og reducerer udstyrets nedetid.<\/p>\n<\/li>\n<\/ul>\n<p>Vi kan producere dette produkt, og vores produkt kan perfekt erstatte disse hydrauliske cylindre.<\/p>\n<p><img decoding=\"async\" src=\"https:\/\/www.hydraulic-cylinders.net\/wp-content\/uploads\/2025\/01\/songte-oil-pipes-and-spare-parts.webp\" alt=\"Billede af reservedele til hydrauliske cylindere\"><\/p>\n<h2>Applikationer<\/h2>\n<ul>\n<li>\n<h3>Byggeri og ingeni\u00f8rarbejde<\/h3>\n<p>Armcylindre bruges til at styre bev\u00e6gelsen af \u200b\u200bskovle eller bomme i gravemaskiner og kraner, udf\u00f8re jordflytningsopgaver, materialeh\u00e5ndtering og strukturel installation.<\/p>\n<\/li>\n<li>\n<h3>Fremstillingsindustri<\/h3>\n<p>Armcylindre bruges til bev\u00e6gelse af robotarme i automatiserede produktionslinjer, udf\u00f8relse af monterings-, svejsnings- og h\u00e5ndteringsprocesser, hvilket forbedrer produktionseffektivitet og n\u00f8jagtighed.<\/p>\n<\/li>\n<li>\n<h3>Landbrugsmaskiner<\/h3>\n<p>Armcylindre styrer bev\u00e6gelsen af \u200b\u200b\u200b\u200bbetjeningsarme i landbrugsmaskiner s\u00e5som mejet\u00e6rskere og s\u00e5maskiner, og udf\u00f8rer opgaver som s\u00e5ning, g\u00f8dning og h\u00f8st.<\/p>\n<\/li>\n<li>\n<h3>Minedrift<\/h3>\n<p>Armcylindre bruges til at styre armbev\u00e6gelsen p\u00e5 minedriftsudstyr og udf\u00f8re minedrift og malmtransportopgaver.<\/p>\n<\/li>\n<li>\n<h3>Logistik og transport<\/h3>\n<p>Armcylindre bruges til at styre l\u00f8ft og bev\u00e6gelse af gafler i gaffeltrucks og h\u00e5ndteringsrobotter, hvilket muligg\u00f8r materialeh\u00e5ndtering og stabling.<\/p>\n<\/li>\n<\/ul>\n<h2>Designovervejelser og udv\u00e6lgelseskriterier<\/h2>\n<ul>\n<li>\n<h3>B\u00e6reevne<\/h3>\n<p>Armcylinderen skal have en passende b\u00e6reevne, som b\u00f8r bestemmes ud fra kravene til det maskinudstyr, som den er monteret p\u00e5.<\/p>\n<\/li>\n<li>\n<h3>Forsegling<\/h3>\n<p>Valget af stempel- og stangt\u00e6tningselementer er afg\u00f8rende for at sikre korrekt funktion og lang levetid for armcylinderen. Polyurethan- og nitrilgummimaterialer anvendes ofte p\u00e5 grund af deres fremragende slidstyrke og t\u00e6tningsevne.<\/p>\n<\/li>\n<li>\n<h3>Holdbarhed<\/h3>\n<p>Armcylinderen skal v\u00e6re lavet af h\u00f8jstyrkematerialer med god slid- og korrosionsbestandighed for at sikre langvarig brug i barske milj\u00f8er.<\/p>\n<\/li>\n<li>\n<h3>Sikkerhed<\/h3>\n<p>Armcylinderen skal v\u00e6re konstrueret til at forhindre ulykker, s\u00e5som overbelastningsbeskyttelsesanordninger og sikkerhedsventiler.<\/p>\n<\/li>\n<li>\n<h3>Vedligeholdelsesevne<\/h3>\n<p>Designet af armcylinderen b\u00f8r tage h\u00f8jde for nem vedligeholdelse og udskiftning for at reducere udstyrets nedetid. Brugen af \u200b\u200breservedele af h\u00f8j kvalitet kan ogs\u00e5 forl\u00e6nge cylinderens levetid.<\/p>\n<\/li>\n<\/ul>\n<p><img decoding=\"async\" src=\"https:\/\/www.hydraulic-cylinders.net\/wp-content\/uploads\/2025\/01\/songte-cylinder-head-with-all-kinds-excavator-models.webp\" alt=\"Billede af topstykke\"><\/p>\n<h2>T\u00e6tning og sm\u00f8ring<\/h2>\n<p>Armcylinderen bruger forskellige t\u00e6tningselementer, s\u00e5som stempelt\u00e6tningsringe og stangt\u00e6tningsringe, som er lavet af slidst\u00e6rke materialer som polyurethan og nitrilgummi. Cylinderhuset og gevindenden er pr\u00e6cist behandlet for at forbedre slidstyrken. Regelm\u00e6ssig tils\u00e6tning af passende hydraulikolie til sm\u00f8ring kan sikre cylinderens j\u00e6vne bev\u00e6gelse og forl\u00e6nge dens levetid.<\/p>\n<p><img decoding=\"async\" src=\"https:\/\/www.hydraulic-cylinders.net\/wp-content\/uploads\/2025\/01\/songte-chushion-collar.webp\" alt=\"Billede af cylinderkrave\"><\/p>\n<h2>Inspektion og vedligeholdelse<\/h2>\n<ul>\n<li>\n<h3>Regelm\u00e6ssig inspektion<\/h3>\n<p>Armcylinderen b\u00f8r inspiceres regelm\u00e6ssigt for at sikre korrekt funktion og for at opdage eventuelle defekter eller slitage i tide, hvilket kan forhindre ulykker og reducere vedligeholdelsesomkostninger.<\/p>\n<\/li>\n<li>\n<h3>Forebyggende vedligeholdelse<\/h3>\n<p>Forebyggende vedligeholdelse b\u00f8r udf\u00f8res regelm\u00e6ssigt for at udskifte slidte eller beskadigede dele i tide og sikre armcylinderens optimale ydeevne og levetid.<\/p>\n<\/li>\n<\/ul>\n<h2>Installationsvejledning<\/h2>\n<p>F\u00f8r installation skal armcylinderens egnethed til maskinudstyret og den korrekte installationsposition kontrolleres. Fjern beskyttelsesd\u00e6kslet, og p\u00e5f\u00f8r en passende m\u00e6ngde sm\u00f8reolie p\u00e5 stempelstangen og cylinderhuset. Installer cylinderen, og tilslut den til det hydrauliske system. Test langsomt armcylinderen for at sikre, at den fungerer korrekt.<\/p>\n<p><img decoding=\"async\" src=\"https:\/\/www.hydraulic-cylinders.net\/wp-content\/uploads\/2025\/01\/songte-bushings-with-all-kinds-of-excavator-models.webp\" alt=\"Billede af cylinderb\u00f8sning\"><\/p>\n<h2>Sikkerhedshensyn og milj\u00f8faktorer<\/h2>\n<p>Ved brug af armcylinderen skal der tr\u00e6ffes sikkerhedsforanstaltninger for at forhindre ulykker. Overbelastningsbeskyttelsesanordninger og sikkerhedsventiler kan installeres for at sikre sikker og p\u00e5lidelig drift. Milj\u00f8faktorer, s\u00e5som temperatur og fugtighed, b\u00f8r ogs\u00e5 tages i betragtning ved valg af armcylinder for at sikre optimal ydeevne og levetid.<\/p>\n<h2>Almindelige fejl og fejlfinding<\/h2>\n<ul>\n<li>\n<h3>Cylinderl\u00e6kage<\/h3>\n<p>Dette er en almindelig fejl for\u00e5rsaget af beskadigelse af t\u00e6tningselementerne. Udskift de beskadigede t\u00e6tninger i tide for at undg\u00e5 yderligere l\u00e6kage.<\/p>\n<\/li>\n<li>\n<h3>Cylinderb\u00f8jning<\/h3>\n<p>Denne fejl skyldes normalt for h\u00f8j belastning eller kollision. Kontroller belastningen og driftsforholdene, og udskift den beskadigede cylinder i tide.<\/p>\n<\/li>\n<li>\n<h3>Cylinderst\u00f8j<\/h3>\n<p>Denne fejl skyldes normalt luft i det hydrauliske system eller utilstr\u00e6kkelig sm\u00f8ring. Kontroller det hydrauliske system, og tils\u00e6t sm\u00f8reolie for at fjerne st\u00f8jen.<\/p>\n<\/li>\n<\/ul>\n<p>For at diagnosticere og l\u00f8se disse problemer effektivt skal du se producentens anvisninger eller kontakte en professionel tekniker.<\/p>\n<p><img decoding=\"async\" src=\"https:\/\/www.hydraulic-cylinders.net\/wp-content\/uploads\/2025\/01\/songte-company-4.webp\" alt=\"Virksomhedens image\"><br \/>\n<img decoding=\"async\" src=\"https:\/\/www.hydraulic-cylinders.net\/wp-content\/uploads\/2025\/01\/songte-company-3.webp\" alt=\"Virksomhedens image\"><\/p>\n<h2>Om os<\/h2>\n<p>Vi er en professionel producent af hydrauliske udskiftningscylindre med et bredt udvalg af produkter og er blevet en af \u200b\u200bde f\u00f8rende producenter og grossister af hydrauliske cylindre p\u00e5 det indenlandske og internationale marked. Vi overholder altid princippet om fremragende kvalitet, bygger p\u00e5 den industrialiserede produktionsstyringsstrategi fra raffineringsv\u00e6rkstedet og forbedrer konstant vores tekniske niveau og produktionseffektivitet. Ved at introducere avanceret digitalt produktionsudstyr og professionelle testsystemer optimerer vi produktionsplatformen og forbedrer produktkvalitetskontrolprocessen og besidder st\u00e6rke innovationskapaciteter. Vores m\u00e5l er at tilfredsstille kundernes forskellige behov med h\u00f8j effektivitet, pr\u00e6cision og h\u00f8j kvalitet.<\/p>\n<ul>\n<li>\n<h3>Professionalitet<\/h3>\n<p>Vi har professionelt teknisk personale og avanceret produktionsudstyr for at sikre kvaliteten og ydeevnen af \u200b\u200bvores produkter.<\/p>\n<\/li>\n<li>\n<h3>International certificering<\/h3>\n<p>Vores produkter har best\u00e5et internationale certificeringer som ISO9001, CE og SGS, hvilket sikrer deres kvalitet og p\u00e5lidelighed.<\/p>\n<\/li>\n<li>\n<h3>Tilpasset service<\/h3>\n<p>Vi tilbyder skr\u00e6ddersyede tjenester for at im\u00f8dekomme vores kunders forskellige behov.<\/p>\n<\/li>\n<li>\n<h3>Produktionsudstyr<\/h3>\n<p>Vi bruger avanceret digitalt produktionsudstyr for at sikre n\u00f8jagtigheden og effektiviteten af \u200b\u200bvores produkter.<\/p>\n<\/li>\n<li>\n<h3>Eftersalgsservice<\/h3>\n<p>Vi tilbyder omfattende eftersalgsservice, herunder teknisk support, levering af reservedele og vedligeholdelse.<\/p>\n<\/li>\n<\/ul>\n<p>Forfatter: lyl<\/p>","protected":false},"excerpt":{"rendered":"<p>Arm Cylinder For JCM Middle Excavator 922D Introduction Definition Arm cylinder is a specialized hydraulic cylinder that is mainly used to provide linear motion and power for the arms of various machinery such as excavators, cranes, and robotic arms. The arm cylinder plays a critical role in the hydraulic system, enabling the effective movement and [&hellip;]<\/p>","protected":false},"featured_media":14772,"comment_status":"open","ping_status":"closed","template":"","meta":{"_et_pb_use_builder":"","_et_pb_old_content":"","_et_gb_content_width":""},"product_brand":[],"product_cat":[1497],"product_tag":[1498,1496],"class_list":{"0":"post-16601","1":"product","2":"type-product","3":"status-publish","4":"has-post-thumbnail","6":"product_cat-arm-cylinders","7":"product_tag-arm-cylinders","8":"product_tag-hydraulic-cylinders","10":"first","11":"instock","12":"shipping-taxable","13":"product-type-simple"},"amp_enabled":true,"_links":{"self":[{"href":"https:\/\/www.hydraulic-cylinders.net\/da\/wp-json\/wp\/v2\/product\/16601","targetHints":{"allow":["GET"]}}],"collection":[{"href":"https:\/\/www.hydraulic-cylinders.net\/da\/wp-json\/wp\/v2\/product"}],"about":[{"href":"https:\/\/www.hydraulic-cylinders.net\/da\/wp-json\/wp\/v2\/types\/product"}],"replies":[{"embeddable":true,"href":"https:\/\/www.hydraulic-cylinders.net\/da\/wp-json\/wp\/v2\/comments?post=16601"}],"wp:featuredmedia":[{"embeddable":true,"href":"https:\/\/www.hydraulic-cylinders.net\/da\/wp-json\/wp\/v2\/media\/14772"}],"wp:attachment":[{"href":"https:\/\/www.hydraulic-cylinders.net\/da\/wp-json\/wp\/v2\/media?parent=16601"}],"wp:term":[{"taxonomy":"product_brand","embeddable":true,"href":"https:\/\/www.hydraulic-cylinders.net\/da\/wp-json\/wp\/v2\/product_brand?post=16601"},{"taxonomy":"product_cat","embeddable":true,"href":"https:\/\/www.hydraulic-cylinders.net\/da\/wp-json\/wp\/v2\/product_cat?post=16601"},{"taxonomy":"product_tag","embeddable":true,"href":"https:\/\/www.hydraulic-cylinders.net\/da\/wp-json\/wp\/v2\/product_tag?post=16601"}],"curies":[{"name":"wp","href":"https:\/\/api.w.org\/{rel}","templated":true}]}}