{"id":16621,"date":"2025-01-21T05:38:26","date_gmt":"2025-01-21T05:38:26","guid":{"rendered":"https:\/\/www.hydraulic-cylinders.net\/product\/arm-cylinder-for-bobcat-small-excavator-e35i\/"},"modified":"2025-01-21T05:38:32","modified_gmt":"2025-01-21T05:38:32","slug":"arm-cylinder-for-bobcat-small-excavator-e35i","status":"publish","type":"product","link":"https:\/\/www.hydraulic-cylinders.net\/da\/vare\/arm-cylinder-for-bobcat-small-excavator-e35i\/","title":{"rendered":"Armcylinder til Bobcat lille gravemaskine E35i"},"content":{"rendered":"<h1>Armcylinder til Bobcat lille gravemaskine E35i<\/h1>\n<h2>Indledning<\/h2>\n<h3>Definerende armcylinder<\/h3>\n<p>Armcylinderen er en specialiseret hydraulisk cylinder, der prim\u00e6rt bruges til at give line\u00e6r bev\u00e6gelse og kraft til armene p\u00e5 forskellige typer maskiner s\u00e5som gravemaskiner, kraner og robotarme. Armcylinderen spiller en afg\u00f8rende rolle i hydrauliske systemer, da den g\u00f8r det muligt for yderligere v\u00e6rkt\u00f8j eller udstyr at bev\u00e6ge sig og styres effektivt. Disse cylindre muligg\u00f8r ikke kun j\u00e6vne bev\u00e6gelser, men b\u00e6rer ogs\u00e5 tunge belastninger, hvilket sikrer effektiv drift og p\u00e5lidelighed af maskiner under forskellige driftsforhold.<\/p>\n<p><img decoding=\"async\" src=\"https:\/\/www.hydraulic-cylinders.net\/wp-content\/uploads\/2025\/01\/songte-company-2.webp\" alt=\"Armcylinderbillede\"><\/p>\n<h3>Funktioner ved armcylinder<\/h3>\n<ul>\n<li><strong>H\u00f8jeffektivt drev:<\/strong> Armcylinderen giver kraftig line\u00e6r bev\u00e6gelse og kraft, hvilket sikrer robotarmens h\u00f8jeffektive ydeevne under forskellige operationer.<\/li>\n<li><strong>Pr\u00e6cisionskontrol:<\/strong> Det hydrauliske system g\u00f8r det muligt for armcylinderen at opn\u00e5 pr\u00e6cis bev\u00e6gelseskontrol, hvilket g\u00f8r betjeningen af \u200b\u200bekstra v\u00e6rkt\u00f8jer mere fleksibel og pr\u00e6cis.<\/li>\n<li><strong>St\u00e6rk holdbarhed:<\/strong> Armcylindre er normalt lavet af h\u00f8jstyrkematerialer med god slidstyrke og korrosionsbestandighed, hvilket g\u00f8r dem velegnede til langvarig brug i barske milj\u00f8er.<\/li>\n<li><strong>Multifunktionel tilpasningsevne:<\/strong> Disse cylindre kan anvendes i vid udstr\u00e6kning i forskellige mekaniske udstyr s\u00e5som gravemaskiner, kraner og robotarme, og kan tilpasses forskellige arbejdskrav.<\/li>\n<li><strong>Nem vedligeholdelse:<\/strong> Designet af armcylinderen tager h\u00f8jde for nem vedligeholdelse og udskiftning, hvilket g\u00f8r regelm\u00e6ssige inspektioner og vedligeholdelse mere bekvemt og reducerer udstyrets nedetid.<\/li>\n<\/ul>\n<p>Vores produkter kan perfekt erstatte disse hydrauliske cylindre. Se vores brede udvalg af produkter og reservedele p\u00e5 <a href=\"https:\/\/www.hydraulic-cylinders.net\/wp-content\/uploads\/2025\/01\/songte-oil-pipes-and-spare-parts.webp\">https:\/\/www.hydraulic-cylinders.net\/<\/a><\/p>\n<h3>Anvendelser af armcylinder<\/h3>\n<p>Armcylinderen har forskellige anvendelser i forskellige brancher:<\/p>\n<ul>\n<li><strong>Byggeriteknik:<\/strong> I gravemaskiner og kraner bruges armcylinderen til at styre bev\u00e6gelsen af \u200b\u200b\u200b\u200bskovle eller bomme og udf\u00f8re jordarbejde, materialeh\u00e5ndtering og strukturel installation.<\/li>\n<li><strong>Fremstilling:<\/strong> I automatiserede produktionslinjer bruges armcylinderen til at bev\u00e6ge robotarme og udf\u00f8re monterings-, svejsnings- og h\u00e5ndteringsprocesser, hvilket \u00f8ger produktionseffektiviteten og n\u00f8jagtigheden.<\/li>\n<li><strong>Landbrugsmaskiner:<\/strong> I landbrugsmaskiner s\u00e5som mejet\u00e6rskere og s\u00e5maskiner styrer armcylinderen bev\u00e6gelsen af \u200b\u200b\u200b\u200barmen og udf\u00f8rer opgaver som plantning, g\u00f8dning og h\u00f8st.<\/li>\n<li><strong>Minedrift:<\/strong> I minedriftsudstyr bruges armcylinderen til at styre bev\u00e6gelsen af \u200b\u200bminedriftsudstyrets arm, udf\u00f8re malmudgravning og h\u00e5ndtering.<\/li>\n<li><strong>Logistik og transport:<\/strong> I gaffeltrucks og h\u00e5ndteringsrobotter bruges armcylinderen til at styre l\u00f8ft og bev\u00e6gelse af lastgafler, hvilket muligg\u00f8r materialeh\u00e5ndtering og stabling.<\/li>\n<\/ul>\n<h2>Designovervejelser og udv\u00e6lgelseskriterier<\/h2>\n<h3>B\u00e6reevne<\/h3>\n<p>Armcylinderen skal effektivt kunne b\u00e6re belastningen fra ekstra v\u00e6rkt\u00f8j eller tilbeh\u00f8r. Derfor er b\u00e6reevnen en kritisk designovervejelse for producenter af armcylindere.<\/p>\n<h3>Forsegling<\/h3>\n<p>Det hydrauliske system er afh\u00e6ngigt af korrekt t\u00e6tning af armcylinderen for at forhindre l\u00e6kage af hydraulikv\u00e6ske. Derfor bruger producenter t\u00e6tningskomponenter af h\u00f8j kvalitet, s\u00e5som stempelt\u00e6tninger og stangt\u00e6tninger, lavet af slidst\u00e6rke materialer som polyurethan og nitrilgummi, for at sikre effektiv t\u00e6tning.<\/p>\n<h3>Holdbarhed<\/h3>\n<p>Armcylinderen skal modst\u00e5 barske driftsforhold, herunder korrosion og slid, uden at dens ydeevne forringes. Derfor bruger producenter h\u00f8jstyrkematerialer s\u00e5som legeret st\u00e5l og h\u00e6rdet st\u00e5l for at sikre h\u00f8j holdbarhed.<\/p>\n<h3>Sikkerhed<\/h3>\n<p>Armcylindre skal designes med sikkerhed som h\u00f8jeste prioritet. Producenter sikrer, at armcylindrene opfylder branchens sikkerhedsstandarder og inkorporerer funktioner som trykaflastningsventiler og positionssensorer for at sikre sikker drift.<\/p>\n<h3>Opretholdelse<\/h3>\n<p>Producenter designer armcylindre til nem vedligeholdelse og reparation. Armcylinderens komponenter, s\u00e5som stang, stempel og pakninger, skal v\u00e6re lette at udskifte. Producenter leverer ogs\u00e5 detaljerede vedligeholdelses- og reparationsinstruktioner til deres produkter.<\/p>\n<p><img decoding=\"async\" src=\"https:\/\/www.hydraulic-cylinders.net\/wp-content\/uploads\/2025\/01\/songte-cylinder-head-with-all-kinds-excavator-models.webp\" alt=\"Billede af armcylinderdesign\"><\/p>\n<h2>T\u00e6tning og sm\u00f8ring<\/h2>\n<p>Producenter bruger forskellige t\u00e6tningskomponenter for at sikre effektiv t\u00e6tning af armcylindre. Komponenterne omfatter stempelt\u00e6tninger, stangt\u00e6tninger og viskerblade. Topstykket, stangen og t\u00e6tningsfladerne f\u00e5r en fin finish for at forbedre slidstyrken. Derudover er regelm\u00e6ssig sm\u00f8ring med hydraulikolie afg\u00f8rende for at sikre en problemfri drift af armcylinderen.<\/p>\n<h2>Forebyggende vedligeholdelse og fejlfinding<\/h2>\n<p>Forebyggende vedligeholdelse og fejlfinding af armcylindre er afg\u00f8rende for at sikre optimal ydeevne. Regelm\u00e6ssig vedligeholdelse omfatter kontrol for l\u00e6kager, slid og skader p\u00e5 cylinderen og dens komponenter. Fejlfinding involverer at identificere og h\u00e5ndtere problemer s\u00e5som l\u00e6kager, utilstr\u00e6kkelig str\u00f8m og skader p\u00e5 cylinderen. Producenter tilbyder fejlfindingstips og l\u00f8sninger for at hj\u00e6lpe kunder med at diagnosticere og l\u00f8se problemer effektivt.<\/p>\n<p><img decoding=\"async\" src=\"https:\/\/www.hydraulic-cylinders.net\/wp-content\/uploads\/2025\/01\/songte-chushion-collar.webp\" alt=\"Billede af vedligeholdelse af armcylinder\"><\/p>\n<h2>Installationsvejledning<\/h2>\n<p>Korrekt installation af armcylindre er afg\u00f8rende for at sikre optimal ydeevne. Installationen involverer fjernelse af den gamle cylinder, montering af den nye cylinder, tilslutning af hydraulikslangerne og test af cylinderens funktion. Producenterne leverer detaljerede installationsvejledninger for at sikre korrekt installation.<\/p>\n<p><img decoding=\"async\" src=\"https:\/\/www.hydraulic-cylinders.net\/wp-content\/uploads\/2025\/01\/songte-bushings-with-all-kinds-of-excavator-models.webp\" alt=\"Billede af montering af armcylinder\"><\/p>\n<h2>Sikkerheds- og milj\u00f8hensyn<\/h2>\n<p>Sikkerhed er en vigtig overvejelse ved design og brug af armcylindre. Brugere b\u00f8r sikre, at cylinderen bruges til det tilsigtede form\u00e5l og i et sikkert milj\u00f8. Milj\u00f8faktorer som temperatur og fugtighed kan ogs\u00e5 p\u00e5virke armcylindrenes ydeevne. Producenter designer deres produkter til at modst\u00e5 forskellige milj\u00f8faktorer og giver retningslinjer for sikker og effektiv brug.<\/p>\n<h2>Om vores virksomhed<\/h2>\n<p>Vi er en professionel producent af hydrauliske udskiftningscylindre og tilbyder en bred vifte af produkter, der har gjort os til en af \u200b\u200bde f\u00f8rende producenter og grossister af hydrauliske cylindre p\u00e5 det indenlandske og internationale marked. Vi opretholder altid princippet om fremragende kvalitet og bruger den industrielle produktionsstyringsstrategi fra finproduktionsv\u00e6rksteder til l\u00f8bende at forbedre vores teknologi og produktionseffektivitet. Vi har en st\u00e6rk innovationskapacitet og har introduceret avanceret digitalt produktionsudstyr og professionelle testsystemer for at optimere vores produktionsplatform og forbedre produktkvalitetskontrolprocesserne. Vores m\u00e5l er at im\u00f8dekomme vores kunders forskellige behov med principper for h\u00f8j effektivitet, pr\u00e6cision og h\u00f8j kvalitet.<\/p>\n<p>Vi tilbyder professionelle tjenester, internationale certificeringer, kundetilpassede tjenester, avanceret produktionsudstyr og fremragende eftersalgsservice. Bes\u00f8g vores hjemmeside p\u00e5 <a href=\"https:\/\/www.hydraulic-cylinders.net\/da\/\">https:\/\/www.hydraulic-cylinders.net\/<\/a><\/p>\n<p><img decoding=\"async\" src=\"https:\/\/www.hydraulic-cylinders.net\/wp-content\/uploads\/2025\/01\/songte-company-4.webp\" alt=\"Firmabillede 1\"><\/p>\n<p><img decoding=\"async\" src=\"https:\/\/www.hydraulic-cylinders.net\/wp-content\/uploads\/2025\/01\/songte-company-3.webp\" alt=\"Virksomhedsbillede 2\"><\/p>\n<p>Forfatter: lyl<\/p>","protected":false},"excerpt":{"rendered":"<p>Arm Cylinder For Bobcat Small Excavator E35i Introduction Defining Arm Cylinder The arm cylinder is a specialized hydraulic cylinder used primarily to provide linear motion and power to the arms of various types of machinery such as excavators, cranes, and robotic arms. The arm cylinder plays a crucial role in hydraulic systems, enabling additional tools [&hellip;]<\/p>","protected":false},"featured_media":14772,"comment_status":"open","ping_status":"closed","template":"","meta":{"_et_pb_use_builder":"","_et_pb_old_content":"","_et_gb_content_width":""},"product_brand":[],"product_cat":[1497],"product_tag":[1498,1496],"class_list":{"0":"post-16621","1":"product","2":"type-product","3":"status-publish","4":"has-post-thumbnail","6":"product_cat-arm-cylinders","7":"product_tag-arm-cylinders","8":"product_tag-hydraulic-cylinders","10":"first","11":"instock","12":"shipping-taxable","13":"product-type-simple"},"amp_enabled":true,"_links":{"self":[{"href":"https:\/\/www.hydraulic-cylinders.net\/da\/wp-json\/wp\/v2\/product\/16621","targetHints":{"allow":["GET"]}}],"collection":[{"href":"https:\/\/www.hydraulic-cylinders.net\/da\/wp-json\/wp\/v2\/product"}],"about":[{"href":"https:\/\/www.hydraulic-cylinders.net\/da\/wp-json\/wp\/v2\/types\/product"}],"replies":[{"embeddable":true,"href":"https:\/\/www.hydraulic-cylinders.net\/da\/wp-json\/wp\/v2\/comments?post=16621"}],"wp:featuredmedia":[{"embeddable":true,"href":"https:\/\/www.hydraulic-cylinders.net\/da\/wp-json\/wp\/v2\/media\/14772"}],"wp:attachment":[{"href":"https:\/\/www.hydraulic-cylinders.net\/da\/wp-json\/wp\/v2\/media?parent=16621"}],"wp:term":[{"taxonomy":"product_brand","embeddable":true,"href":"https:\/\/www.hydraulic-cylinders.net\/da\/wp-json\/wp\/v2\/product_brand?post=16621"},{"taxonomy":"product_cat","embeddable":true,"href":"https:\/\/www.hydraulic-cylinders.net\/da\/wp-json\/wp\/v2\/product_cat?post=16621"},{"taxonomy":"product_tag","embeddable":true,"href":"https:\/\/www.hydraulic-cylinders.net\/da\/wp-json\/wp\/v2\/product_tag?post=16621"}],"curies":[{"name":"wp","href":"https:\/\/api.w.org\/{rel}","templated":true}]}}