{"id":16628,"date":"2025-01-21T05:38:56","date_gmt":"2025-01-21T05:38:56","guid":{"rendered":"https:\/\/www.hydraulic-cylinders.net\/product\/arm-cylinder-for-der-der323-8\/"},"modified":"2025-01-21T05:38:58","modified_gmt":"2025-01-21T05:38:58","slug":"arm-cylinder-for-der-der323-8","status":"publish","type":"product","link":"https:\/\/www.hydraulic-cylinders.net\/da\/vare\/arm-cylinder-for-der-der323-8\/","title":{"rendered":"Armcylinder til DER DER323-8"},"content":{"rendered":"<h2>Armcylinder til DER DER323-8<\/h2>\n<h3>Indledning<\/h3>\n<p>En armcylinder er en specialdesignet hydraulisk cylinder, der prim\u00e6rt bruges til at give line\u00e6r bev\u00e6gelse og kraft til forskellige maskinarme, s\u00e5som gravemaskiner, kraner og robotarme. Armcylinderen spiller en afg\u00f8rende rolle i hydrauliske systemer, da den g\u00f8r det muligt for redskaber eller tilbeh\u00f8r at bev\u00e6ge sig og styres effektivt. Disse cylindre giver ikke kun j\u00e6vne bev\u00e6gelser, men kan ogs\u00e5 b\u00e6re tunge belastninger, hvilket sikrer effektiv drift og p\u00e5lidelighed af maskineriet under forskellige arbejdsforhold.<\/p>\n<p><img decoding=\"async\" src=\"https:\/\/www.hydraulic-cylinders.net\/wp-content\/uploads\/2025\/01\/songte-company-2.webp\" alt=\"Armcylinder\" \/><\/p>\n<h3>Funktioner<\/h3>\n<ul>\n<li><strong>Effektiv kraftoverf\u00f8rsel:<\/strong> Armcylindre kan give kraftig line\u00e6r bev\u00e6gelse og kraft, hvilket sikrer h\u00f8j effektivitet i driften.<\/li>\n<li><strong>Pr\u00e6cis kontrol:<\/strong> Gennem hydrauliske systemer kan armcylinderen opn\u00e5 pr\u00e6cis bev\u00e6gelseskontrol, hvilket g\u00f8r betjeningen af \u200b\u200b\u200b\u200bredskaber mere fleksibel og pr\u00e6cis.<\/li>\n<li><strong>Holdbarhed:<\/strong> Armcylindre er normalt lavet af h\u00f8jstyrkematerialer med god slid- og korrosionsbestandighed, der er egnede til langvarig brug i barske milj\u00f8er.<\/li>\n<li><strong>Multifunktionel tilpasningsevne:<\/strong> Disse cylindre kan anvendes i vid udstr\u00e6kning i forskellige mekaniske udstyr, s\u00e5som gravemaskiner, kraner og robotarme, og tilpasser sig forskellige arbejdskrav.<\/li>\n<li><strong>Nem vedligeholdelse:<\/strong> Designet tager h\u00f8jde for nem vedligeholdelse og udskiftning, hvilket g\u00f8r regelm\u00e6ssig inspektion og vedligeholdelse mere bekvem og reducerer udstyrets nedetid.<\/li>\n<\/ul>\n<p>Vi kan producere dette produkt, og vores produkt kan perfekt erstatte disse hydrauliske cylindre.<\/p>\n<p><img decoding=\"async\" src=\"https:\/\/www.hydraulic-cylinders.net\/wp-content\/uploads\/2025\/01\/songte-oil-pipes-and-spare-parts.webp\" alt=\"Reservedele\" \/><\/p>\n<h3>Applikationer<\/h3>\n<p>Armcylinderen bruges i vid udstr\u00e6kning i:<\/p>\n<ul>\n<li><strong>Byggeriteknik:<\/strong> I gravemaskiner og kraner bruges armcylinderen til at styre skovlens eller bommens bev\u00e6gelse, til at udf\u00f8re jordarbejde, materialeh\u00e5ndtering og strukturel installation.<\/li>\n<li><strong>Fremstilling:<\/strong> I automatiserede produktionslinjer bruges armcylinderen til bev\u00e6gelse af robotarme, udf\u00f8relse af monterings-, svejsnings- og h\u00e5ndteringsprocesser, hvilket forbedrer produktionseffektiviteten og n\u00f8jagtigheden.<\/li>\n<li><strong>Landbrugsmaskiner:<\/strong> I landbrugsmaskiner s\u00e5som mejet\u00e6rskere og plantemaskiner styrer armcylinderen bev\u00e6gelsen af \u200b\u200b\u200b\u200barmen og udf\u00f8rer opgaver som s\u00e5ning, g\u00f8dning og h\u00f8st.<\/li>\n<li><strong>Minedrift:<\/strong> I minedriftsudstyr bruges armcylinderen til at styre armens bev\u00e6gelse af minedriftsudstyr, s\u00e5som minedrift og transport af malm.<\/li>\n<li><strong>Logistik og transport:<\/strong> I gaffeltrucks og h\u00e5ndteringsrobotter bruges armcylinderen til at styre l\u00f8ft og flytning af gafler, hvilket muligg\u00f8r h\u00e5ndtering og stabling af materialer.<\/li>\n<\/ul>\n<h3>Designovervejelser og udv\u00e6lgelsesstandarder<\/h3>\n<p>Designhensynene ved armcylinderen omfatter:<\/p>\n<ul>\n<li><strong>B\u00e6reevne:<\/strong> Armcylinderen skal v\u00e6re konstrueret til at modst\u00e5 maskineriets forventede belastningskapacitet.<\/li>\n<li><strong>Forsegling:<\/strong> Forskellige t\u00e6tningselementer, s\u00e5som stempelt\u00e6tninger og stangt\u00e6tninger, b\u00f8r anvendes for at forhindre l\u00e6kage af hydraulikv\u00e6ske.<\/li>\n<li><strong>Holdbarhed:<\/strong> Cylinderhuset og gevindenden b\u00f8r finbearbejdes for at forbedre slidstyrken.<\/li>\n<li><strong>Sikkerhed:<\/strong> Sikkerhedsanordninger, s\u00e5som sikkerhedsventiler og bufferanordninger, b\u00f8r installeres for at forhindre ulykker.<\/li>\n<li><strong>Vedligeholdelsesevne:<\/strong> Designet b\u00f8r tage h\u00f8jde for nem vedligeholdelse og reparation, hvilket reducerer vedligeholdelsesomkostninger og nedetid.<\/li>\n<\/ul>\n<p><img decoding=\"async\" src=\"https:\/\/www.hydraulic-cylinders.net\/wp-content\/uploads\/2025\/01\/songte-cylinder-head-with-all-kinds-excavator-models.webp\" alt=\"Topstykke\" \/><\/p>\n<p>Armcylinderens t\u00e6tning og sm\u00f8ring omfatter:<\/p>\n<ul>\n<li>Forskellige t\u00e6tningselementer, s\u00e5som stempelt\u00e6tninger og stangt\u00e6tninger, bruges til at forhindre l\u00e6kage af hydraulikv\u00e6ske.<\/li>\n<li>T\u00e6tningselementer er lavet af slidst\u00e6rke materialer, s\u00e5som polyurethan og nitrilgummi.<\/li>\n<li>Cylinderhuset og gevindenden er fint forarbejdet for at forbedre slidstyrken.<\/li>\n<li>Tils\u00e6t regelm\u00e6ssigt en passende m\u00e6ngde hydraulikolie til sm\u00f8ring.<\/li>\n<\/ul>\n<h3>Vedligeholdelse og fejlfinding<\/h3>\n<p>Regelm\u00e6ssig inspektion og forebyggende vedligeholdelse b\u00f8r tr\u00e6ffes for at sikre armcylinderens stabile drift. Almindelige problemer og fejlfindingsmetoder omfatter:<\/p>\n<ul>\n<li><strong>L\u00e6kage:<\/strong> Kontroller om t\u00e6tningskomponenterne er beskadigede, og udskift dem i tide.<\/li>\n<li><strong>Unormal lyd:<\/strong> Kontroller cylinderens montering og fastg\u00f8relse, og juster hydrauliksystemets tryk til det normale omr\u00e5de.<\/li>\n<li><strong>Langsom bev\u00e6gelse:<\/strong> Kontroller om hydraulikoliestanden er normal, og om hydrauliksystemet er blokeret. Reng\u00f8r hydraulikolietanken, og udskift hydraulikolien.<\/li>\n<\/ul>\n<p>Forebyggende foranstaltninger omfatter:<\/p>\n<ul>\n<li>Regelm\u00e6ssig inspektion og vedligeholdelse for at forhindre, at mindre problemer bliver til st\u00f8rre problemer.<\/li>\n<li>Brug hydraulikolie af h\u00f8j kvalitet, og udskift den regelm\u00e6ssigt.<\/li>\n<li>F\u00f8lg installationsvejledningen og sikkerhedsforanstaltningerne n\u00f8je.<\/li>\n<\/ul>\n<p><img decoding=\"async\" src=\"https:\/\/www.hydraulic-cylinders.net\/wp-content\/uploads\/2025\/01\/songte-chushion-collar.webp\" alt=\"Krave\" \/><\/p>\n<h3>Om os<\/h3>\n<p>Vi er en professionel producent af hydrauliske udskiftningscylindre med en bred vifte af produkter. Vi er blevet en af \u200b\u200bde f\u00f8rende producenter og engroshandlere af hydrauliske cylindre p\u00e5 det indenlandske og udenlandske marked. Vi overholder altid princippet om fremragende kvalitet, idet vi er afh\u00e6ngige af den industrialiserede produktionsstyringsstrategi fra sofistikerede produktionsv\u00e6rksteder og l\u00f8bende forbedrer det tekniske niveau og produktionseffektiviteten.<\/p>\n<p>Ved at introducere avanceret digitalt produktionsudstyr og professionelle testsystemer optimerer vi l\u00f8bende produktionsplatformen, forbedrer produktkvalitetskontrolprocessen og har st\u00e6rke innovative kapaciteter. Vores m\u00e5l er at im\u00f8dekomme kundernes forskelligartede behov med principper om h\u00f8j effektivitet, pr\u00e6cision og h\u00f8j kvalitet.<\/p>\n<p>Vores virksomhed tilbyder professionel, internationalt certificeret, skr\u00e6ddersyet eftersalgsservice. Vi har avanceret produktionsudstyr og et komplet eftersalgsservicesystem for at give kunderne rettidig service af h\u00f8j kvalitet.<\/p>\n<p><img decoding=\"async\" src=\"https:\/\/www.hydraulic-cylinders.net\/wp-content\/uploads\/2025\/01\/songte-company-4.webp\" alt=\"Fabrik\" \/><br \/>\n<img decoding=\"async\" src=\"https:\/\/www.hydraulic-cylinders.net\/wp-content\/uploads\/2025\/01\/songte-company-3.webp\" alt=\"Certifikater\" \/><\/p>\n<p>Forfatter: lyl.<\/p>","protected":false},"excerpt":{"rendered":"<p>Arm Cylinder For DER DER323-8 Introduction An arm cylinder is a specially designed hydraulic cylinder primarily used to provide linear motion and power for various machinery arms, such as excavators, cranes, and robot arms. The arm cylinder plays a critical role in hydraulic systems, enabling attachments or accessories to move and control effectively. These cylinders [&hellip;]<\/p>","protected":false},"featured_media":14779,"comment_status":"open","ping_status":"closed","template":"","meta":{"_et_pb_use_builder":"","_et_pb_old_content":"","_et_gb_content_width":""},"product_brand":[],"product_cat":[1497],"product_tag":[1498,1496],"class_list":{"0":"post-16628","1":"product","2":"type-product","3":"status-publish","4":"has-post-thumbnail","6":"product_cat-arm-cylinders","7":"product_tag-arm-cylinders","8":"product_tag-hydraulic-cylinders","10":"first","11":"instock","12":"shipping-taxable","13":"product-type-simple"},"amp_enabled":true,"_links":{"self":[{"href":"https:\/\/www.hydraulic-cylinders.net\/da\/wp-json\/wp\/v2\/product\/16628","targetHints":{"allow":["GET"]}}],"collection":[{"href":"https:\/\/www.hydraulic-cylinders.net\/da\/wp-json\/wp\/v2\/product"}],"about":[{"href":"https:\/\/www.hydraulic-cylinders.net\/da\/wp-json\/wp\/v2\/types\/product"}],"replies":[{"embeddable":true,"href":"https:\/\/www.hydraulic-cylinders.net\/da\/wp-json\/wp\/v2\/comments?post=16628"}],"wp:featuredmedia":[{"embeddable":true,"href":"https:\/\/www.hydraulic-cylinders.net\/da\/wp-json\/wp\/v2\/media\/14779"}],"wp:attachment":[{"href":"https:\/\/www.hydraulic-cylinders.net\/da\/wp-json\/wp\/v2\/media?parent=16628"}],"wp:term":[{"taxonomy":"product_brand","embeddable":true,"href":"https:\/\/www.hydraulic-cylinders.net\/da\/wp-json\/wp\/v2\/product_brand?post=16628"},{"taxonomy":"product_cat","embeddable":true,"href":"https:\/\/www.hydraulic-cylinders.net\/da\/wp-json\/wp\/v2\/product_cat?post=16628"},{"taxonomy":"product_tag","embeddable":true,"href":"https:\/\/www.hydraulic-cylinders.net\/da\/wp-json\/wp\/v2\/product_tag?post=16628"}],"curies":[{"name":"wp","href":"https:\/\/api.w.org\/{rel}","templated":true}]}}