{"id":16632,"date":"2025-01-21T05:39:12","date_gmt":"2025-01-21T05:39:12","guid":{"rendered":"https:\/\/www.hydraulic-cylinders.net\/product\/arm-cylinder-for-kubota-small-excavator-u-161-3s\/"},"modified":"2025-01-21T05:39:14","modified_gmt":"2025-01-21T05:39:14","slug":"arm-cylinder-for-kubota-small-excavator-u-161-3s","status":"publish","type":"product","link":"https:\/\/www.hydraulic-cylinders.net\/da\/vare\/arm-cylinder-for-kubota-small-excavator-u-161-3s\/","title":{"rendered":"Armcylinder til Kubota lille gravemaskine U-161-3S"},"content":{"rendered":"<h2>Armcylinder til Kubota lille gravemaskine U-161-3S<\/h2>\n<p>Armcylinderen til Kubota Small Excavator U-161-3S er en hydraulisk cylinder, der er specielt designet til at give line\u00e6r bev\u00e6gelse og kraft til armen p\u00e5 forskellige typer maskiner, s\u00e5som gravemaskiner, kraner og robotarme. Armcylinderen spiller en afg\u00f8rende rolle i hydrauliske systemer, da den muligg\u00f8r effektiv bev\u00e6gelse og kontrol af ekstra v\u00e6rkt\u00f8j eller udstyr. Disse cylindre muligg\u00f8r ikke kun j\u00e6vn bev\u00e6gelse, men kan ogs\u00e5 modst\u00e5 tunge belastninger, hvilket sikrer effektiv drift og p\u00e5lidelighed af maskineriet under forskellige arbejdsforhold.<\/p>\n<p><img decoding=\"async\" src=\"https:\/\/www.hydraulic-cylinders.net\/wp-content\/uploads\/2025\/01\/songte-company-2.webp\" alt=\"Armcylinder\"><\/p>\n<h2>Funktioner ved armcylinderen<\/h2>\n<ul>\n<li>Meget effektiv transmission: Armcylinderen giver kraftig line\u00e6r bev\u00e6gelse og kraft, hvilket sikrer maskinarmens h\u00f8je ydeevne i forskellige operationer.<\/li>\n<li>Pr\u00e6cis kontrol: Gennem det hydrauliske system muligg\u00f8r armcylinderen pr\u00e6cis bev\u00e6gelseskontrol, hvilket g\u00f8r betjeningen af \u200b\u200bekstra v\u00e6rkt\u00f8jer mere fleksibel og pr\u00e6cis.<\/li>\n<li>St\u00e6rk holdbarhed: Armcylindre er typisk lavet af h\u00f8jstyrkematerialer, der tilbyder fremragende slid- og korrosionsbestandighed, hvilket g\u00f8r dem velegnede til langvarig brug i barske milj\u00f8er.<\/li>\n<li>Multifunktionel tilpasningsevne: Disse cylindre kan anvendes i vid udstr\u00e6kning i forskellige typer maskiner s\u00e5som gravemaskiner, kraner og robotarme og tilpasses forskellige arbejdskrav.<\/li>\n<li>Nem vedligeholdelse: Armcylinderen er designet med vedligeholdelse og udskiftning i tankerne og muligg\u00f8r bekvemme regelm\u00e6ssige inspektioner og vedligeholdelse, hvilket reducerer udstyrets nedetid.<\/li>\n<\/ul>\n<p><img decoding=\"async\" src=\"https:\/\/www.hydraulic-cylinders.net\/wp-content\/uploads\/2025\/01\/songte-oil-pipes-and-spare-parts.webp\" alt=\"Olier\u00f8r og reservedele\"><\/p>\n<h2>Anvendelser af armcylinder<\/h2>\n<p>Armcylinderen til Kubota lille gravemaskine U-161-3S finder sine anvendelser i forskellige brancher:<\/p>\n<ol>\n<li>Byggeteknik: I gravemaskiner og kraner styrer armcylinderen bev\u00e6gelsen af \u200b\u200b\u200b\u200bskovlen eller bommen, hvilket letter jordarbejde, materialeh\u00e5ndtering og strukturel installation.<\/li>\n<li>Fremstillingsindustri: I automatiserede produktionslinjer bruges armcylinderen til bev\u00e6gelse af robotarme, hvilket muligg\u00f8r processer som montering, svejsning og materialeh\u00e5ndtering, hvilket forbedrer produktionseffektiviteten og n\u00f8jagtigheden.<\/li>\n<li>Landbrugsmaskiner: I landbrugsudstyr s\u00e5som mejet\u00e6rskere og s\u00e5maskiner styrer armcylinderen bev\u00e6gelsen af \u200b\u200b\u200b\u200barmens bev\u00e6gelse til opgaver som s\u00e5ning, g\u00f8dskning og h\u00f8st.<\/li>\n<li>Minedrift: I minedriftsudstyr styrer armcylinderen armbev\u00e6gelsen af \u200b\u200bminedriftsmaskineriet, hvilket muligg\u00f8r malmudvinding og transport.<\/li>\n<li>Logistik og transport: I gaffeltrucks og h\u00e5ndteringsrobotter styrer armcylinderen l\u00f8ft og bev\u00e6gelse af gaflerne, hvilket letter transport og stabling af materialer.<\/li>\n<\/ol>\n<h2>Designovervejelser og udv\u00e6lgelseskriterier<\/h2>\n<p>N\u00e5r det kommer til designet af armcylinderen til Kubota lille gravemaskine U-161-3S, skal flere n\u00f8glefaktorer tages i betragtning:<\/p>\n<ul>\n<li>B\u00e6reevne: Cylinderen skal v\u00e6re konstrueret til at modst\u00e5 den tilsigtede belastning og driftskrav.<\/li>\n<li>T\u00e6tning: Forskellige t\u00e6tningskomponenter s\u00e5som stempelt\u00e6tninger og stangt\u00e6tninger bruges til at opretholde hydraulikv\u00e6skens integritet og forhindre l\u00e6kage.<\/li>\n<li>Holdbarhed: Cylinderhuset og gevindenderne gennemg\u00e5r en pr\u00e6cis behandling for at forbedre slidstyrken og den samlede holdbarhed.<\/li>\n<li>Sikkerhed: Sikkerhedsfunktioner, s\u00e5som trykaflastningsventiler, b\u00f8r indarbejdes for at sikre sikker drift og forhindre ulykker.<\/li>\n<li>Vedligeholdelsesvenlighed: Designet skal muligg\u00f8re nem vedligeholdelse og udskiftning af komponenter, hvilket reducerer nedetid.<\/li>\n<\/ul>\n<p><img decoding=\"async\" src=\"https:\/\/www.hydraulic-cylinders.net\/wp-content\/uploads\/2025\/01\/songte-cylinder-head-with-all-kinds-excavator-models.webp\" alt=\"Topstykke\"><\/p>\n<h2>T\u00e6tning og sm\u00f8ring<\/h2>\n<p>Armcylinderen til Kubota lille gravemaskine U-161-3S anvender forskellige t\u00e6tningselementer, s\u00e5som stempelt\u00e6tninger og stangt\u00e6tninger, lavet af slidst\u00e6rke materialer som polyurethan og nitrilgummi. Cylinderhuset og gevindenderne gennemg\u00e5r en omhyggelig behandling for at forbedre slidstyrken. Regelm\u00e6ssig sm\u00f8ring med den passende m\u00e6ngde hydraulikolie er n\u00f8dvendig for at sikre optimal ydeevne.<\/p>\n<h2>Regelm\u00e6ssig inspektion og forebyggende vedligeholdelse<\/h2>\n<p>For at opretholde armcylinderens ydeevne og levetid er regelm\u00e6ssige inspektioner og forebyggende vedligeholdelse afg\u00f8rende. F\u00f8lgende foranstaltninger b\u00f8r tr\u00e6ffes:<\/p>\n<ul>\n<li>Unders\u00f8g cylinderen for tegn p\u00e5 slid, skader eller l\u00e6kage.<\/li>\n<li>Reng\u00f8r og sm\u00f8r cylinderen regelm\u00e6ssigt i henhold til producentens anbefalinger.<\/li>\n<li>Sp\u00e6nd eventuelle l\u00f8se beslag eller forbindelser.<\/li>\n<li>Udskift slidte pakninger eller komponenter omg\u00e5ende.<\/li>\n<li>Hold det hydrauliske system rent og fri for forurenende stoffer.<\/li>\n<\/ul>\n<h2>Produktinstallationsvejledning<\/h2>\n<p>Korrekt installation af armcylinderen er afg\u00f8rende for optimal ydeevne og sikkerhed. F\u00f8lg disse trin:<\/p>\n<ol>\n<li>S\u00f8rg for, at gravemaskinen er slukket, og at det hydrauliske system er trykl\u00f8st.<\/li>\n<li>Fastg\u00f8r cylinderen sikkert til de angivne monteringspunkter p\u00e5 gravemaskinens bom og arm.<\/li>\n<li>Tilslut hydraulikledningerne til cylinderen, og s\u00f8rg for korrekt t\u00e6tning og forsegling.<\/li>\n<li>Dobbelttjek alle forbindelser og fittings for eventuelle l\u00e6kager.<\/li>\n<li>Test cylinderens funktion, f\u00f8r du genoptager normal brug af gravemaskinen.<\/li>\n<\/ol>\n<p><img decoding=\"async\" src=\"https:\/\/www.hydraulic-cylinders.net\/wp-content\/uploads\/2025\/01\/songte-bushings-with-all-kinds-of-excavator-models.webp\" alt=\"B\u00f8sninger\"><\/p>\n<h2>Sikkerhedshensyn og milj\u00f8faktorer<\/h2>\n<p>N\u00e5r armcylinderen til Kubota lille gravemaskine U-161-3S betjenes, er det afg\u00f8rende at overholde sikkerhedsforanstaltninger for at forhindre ulykker og sikre medarbejdernes velbefindende. Milj\u00f8faktorer s\u00e5som temperaturvariationer og eksponering for barske elementer b\u00f8r ogs\u00e5 tages i betragtning ved valg og vedligeholdelse af cylinderen.<\/p>\n<h2>Fejldiagnose og almindelige problemer<\/h2>\n<p>Trods deres holdbarhed kan armcylindre st\u00f8de p\u00e5 fejl eller almindelige problemer. Her er nogle mulige scenarier:<\/p>\n<ul>\n<li>Tab af kraft eller utilstr\u00e6kkelig kraft under armbev\u00e6gelse<\/li>\n<li>Overdreven l\u00e6kage af hydraulisk v\u00e6ske<\/li>\n<li>Rykkede eller uj\u00e6vne armbev\u00e6gelser<\/li>\n<li>Unormal st\u00f8j under drift<\/li>\n<li>Inkonsekvent armpositionering<\/li>\n<\/ul>\n<p>For at l\u00f8se disse problemer skal du overveje f\u00f8lgende fejlfinding og l\u00f8sninger:<\/p>\n<ul>\n<li>Kontroll\u00e9r for lave hydraulikv\u00e6skeniveauer, og p\u00e5fyld om n\u00f8dvendigt.<\/li>\n<li>Inspicer og udskift slidte pakninger eller beskadigede komponenter.<\/li>\n<li>Kontroll\u00e9r for blokeringer eller begr\u00e6nsninger i hydraulikledningerne.<\/li>\n<li>S\u00f8rg for korrekt justering og justering af cylinderen.<\/li>\n<li>Hvis problemet forts\u00e6tter, skal du kontakte en professionel for yderligere hj\u00e6lp.<\/li>\n<\/ul>\n<p><img decoding=\"async\" src=\"https:\/\/www.hydraulic-cylinders.net\/wp-content\/uploads\/2025\/01\/songte-chushion-collar.webp\" alt=\"Pudekrave\"><\/p>\n<p>Husk at organisere artiklen logisk med underoverskrifter for nem navigation. Indarbejde relevante billeder eller diagrammer for at forbedre forst\u00e5elsen, og s\u00f8rg for, at indholdet er klart, pr\u00e6cist og egnet til l\u00e6sere med varierende niveauer af teknisk viden.<\/p>\n<p>Forfatter: lyl<\/p>\n<h2>Om vores virksomhed<\/h2>\n<p>Som professionel producent med speciale i hydrauliske udskiftningscylindre tilbyder vi en bred vifte af produkter og er blevet en af \u200b\u200bde f\u00f8rende producenter og grossistdistribut\u00f8rer p\u00e5 det indenlandske og internationale marked. Vi opretholder princippet om ekspertise og bruger industrialiserede produktionsstyringsstrategier i vores fine produktionsv\u00e6rksteder for l\u00f8bende at forbedre vores tekniske niveau og produktionseffektivitet.<\/p>\n<p>Ved at introducere avanceret digitalt produktionsudstyr og professionelle testsystemer optimerer vi vores produktionsplatform, perfektionerer vores produktkvalitetskontrolproces og besidder st\u00e6rke innovationsevner. Vores m\u00e5l er at im\u00f8dekomme kundernes forskellige behov med effektivitet, pr\u00e6cision og produkter af h\u00f8j kvalitet.<\/p>\n<p><img decoding=\"async\" src=\"https:\/\/www.hydraulic-cylinders.net\/wp-content\/uploads\/2025\/01\/songte-company-4.webp\" alt=\"Virksomhedens image\"><\/p>\n<h2>Hvorfor v\u00e6lge vores virksomhed?<\/h2>\n<p>Her er nogle af de vigtigste grunde til at v\u00e6lge vores<\/p>","protected":false},"excerpt":{"rendered":"<p>Arm Cylinder For Kubota Small Excavator U-161-3S The Arm Cylinder for Kubota Small Excavator U-161-3S is a hydraulic cylinder specifically designed to provide linear motion and power to the arm of various types of machinery, such as excavators, cranes, and robotic arms. The arm cylinder plays a critical role in hydraulic systems, allowing for efficient [&hellip;]<\/p>","protected":false},"featured_media":14770,"comment_status":"open","ping_status":"closed","template":"","meta":{"_et_pb_use_builder":"","_et_pb_old_content":"","_et_gb_content_width":""},"product_brand":[],"product_cat":[1497],"product_tag":[1498,1496],"class_list":{"0":"post-16632","1":"product","2":"type-product","3":"status-publish","4":"has-post-thumbnail","6":"product_cat-arm-cylinders","7":"product_tag-arm-cylinders","8":"product_tag-hydraulic-cylinders","10":"first","11":"instock","12":"shipping-taxable","13":"product-type-simple"},"amp_enabled":true,"_links":{"self":[{"href":"https:\/\/www.hydraulic-cylinders.net\/da\/wp-json\/wp\/v2\/product\/16632","targetHints":{"allow":["GET"]}}],"collection":[{"href":"https:\/\/www.hydraulic-cylinders.net\/da\/wp-json\/wp\/v2\/product"}],"about":[{"href":"https:\/\/www.hydraulic-cylinders.net\/da\/wp-json\/wp\/v2\/types\/product"}],"replies":[{"embeddable":true,"href":"https:\/\/www.hydraulic-cylinders.net\/da\/wp-json\/wp\/v2\/comments?post=16632"}],"wp:featuredmedia":[{"embeddable":true,"href":"https:\/\/www.hydraulic-cylinders.net\/da\/wp-json\/wp\/v2\/media\/14770"}],"wp:attachment":[{"href":"https:\/\/www.hydraulic-cylinders.net\/da\/wp-json\/wp\/v2\/media?parent=16632"}],"wp:term":[{"taxonomy":"product_brand","embeddable":true,"href":"https:\/\/www.hydraulic-cylinders.net\/da\/wp-json\/wp\/v2\/product_brand?post=16632"},{"taxonomy":"product_cat","embeddable":true,"href":"https:\/\/www.hydraulic-cylinders.net\/da\/wp-json\/wp\/v2\/product_cat?post=16632"},{"taxonomy":"product_tag","embeddable":true,"href":"https:\/\/www.hydraulic-cylinders.net\/da\/wp-json\/wp\/v2\/product_tag?post=16632"}],"curies":[{"name":"wp","href":"https:\/\/api.w.org\/{rel}","templated":true}]}}