{"id":16702,"date":"2025-01-21T05:48:10","date_gmt":"2025-01-21T05:48:10","guid":{"rendered":"https:\/\/www.hydraulic-cylinders.net\/product\/arm-cylinder-for-jove-jv70-7\/"},"modified":"2025-01-21T05:48:12","modified_gmt":"2025-01-21T05:48:12","slug":"arm-cylinder-for-jove-jv70-7","status":"publish","type":"product","link":"https:\/\/www.hydraulic-cylinders.net\/da\/vare\/arm-cylinder-for-jove-jv70-7\/","title":{"rendered":"Armcylinder til Jove JV70-7"},"content":{"rendered":"<h2>Armcylinder til Jove JV70-7<\/h2>\n<p>En armcylinder er en specialdesignet hydraulisk cylinder, der prim\u00e6rt bruges til at give line\u00e6r bev\u00e6gelse og kraft til armene p\u00e5 forskellige typer maskiner, s\u00e5som gravemaskiner, kraner og mekaniske arme. Armcylinderen spiller en afg\u00f8rende rolle i hydrauliske systemer, da den g\u00f8r det muligt for p\u00e5monterede v\u00e6rkt\u00f8jer eller tilbeh\u00f8r at bev\u00e6ge sig og styres effektivt. Disse cylindre opn\u00e5r ikke kun j\u00e6vn bev\u00e6gelse, men kan ogs\u00e5 modst\u00e5 tunge belastninger, hvilket sikrer effektiv drift og p\u00e5lidelighed af maskineriet under forskellige arbejdsforhold.<\/p>\n<p><img decoding=\"async\" src=\"https:\/\/www.hydraulic-cylinders.net\/wp-content\/uploads\/2025\/01\/songte-company-2.webp\" alt=\"Armcylinderbillede\"><\/p>\n<h2>Funktioner<\/h2>\n<ul>\n<li>\n<h3>H\u00f8jeffektivt drev<\/h3>\n<p>  Armcylinderen giver st\u00e6rk line\u00e6r bev\u00e6gelse og kraft, hvilket sikrer h\u00f8j effektivitet i forskellige operationer.<\/li>\n<li>\n<h3>Pr\u00e6cis kontrol<\/h3>\n<p>  Gennem det hydrauliske system kan armcylinderen opn\u00e5 pr\u00e6cis bev\u00e6gelseskontrol, hvilket g\u00f8r betjeningen af \u200b\u200b\u200b\u200btilkoblede v\u00e6rkt\u00f8jer mere fleksibel og pr\u00e6cis.<\/li>\n<li>\n<h3>St\u00e6rk holdbarhed<\/h3>\n<p>  Armcylindre er typisk lavet af h\u00f8jstyrkematerialer, der har god slid- og korrosionsbestandighed, hvilket g\u00f8r dem velegnede til langvarig brug i barske milj\u00f8er.<\/li>\n<li>\n<h3>Multifunktionel tilpasningsevne<\/h3>\n<p>  Disse cylindre kan anvendes i vid udstr\u00e6kning i forskellige typer maskiner, s\u00e5som gravemaskiner, kraner og mekaniske arme, og opfylder forskellige arbejdskrav.<\/li>\n<li>\n<h3>Nem vedligeholdelse<\/h3>\n<p>  Disse armcylindre er designet til nem vedligeholdelse og udskiftning og g\u00f8r regelm\u00e6ssig inspektion og vedligeholdelse mere bekvem, hvilket reducerer udstyrets nedetid.<\/li>\n<\/ul>\n<p>Vi kan producere dette produkt, og vores produkt kan perfekt erstatte disse hydrauliske cylindre.<\/p>\n<p><img decoding=\"async\" src=\"https:\/\/www.hydraulic-cylinders.net\/wp-content\/uploads\/2025\/01\/songte-oil-pipes-and-spare-parts.webp\" alt=\"Billede af reservedele til armcylinder\"><\/p>\n<h2>Applikationer<\/h2>\n<ul>\n<li>\n<h3>Konstruktion<\/h3>\n<p>  I gravemaskiner og kraner bruges armcylindre til at styre bev\u00e6gelsen af \u200b\u200b\u200b\u200bskovlen eller bommen til jordarbejde, materialeh\u00e5ndtering og montering af strukturer.<\/li>\n<li>\n<h3>Produktion<\/h3>\n<p>  I automatiserede produktionslinjer bruges armcylindre til bev\u00e6gelse af mekaniske arme til montering, svejsning og h\u00e5ndtering, hvilket forbedrer produktionseffektiviteten og n\u00f8jagtigheden.<\/li>\n<li>\n<h3>Landbrugsmaskiner<\/h3>\n<p>  I landbrugsmaskiner s\u00e5som mejet\u00e6rskere og plantemaskiner styrer armcylindre bev\u00e6gelsen af \u200b\u200b\u200b\u200bden operative arm til opgaver som plantning, g\u00f8dning og h\u00f8st.<\/li>\n<li>\n<h3>Minedrift<\/h3>\n<p>  I minedriftsudstyr bruges armcylindre til at styre armbev\u00e6gelsen p\u00e5 minedriftsudstyr til malmudvinding og -h\u00e5ndtering.<\/li>\n<li>\n<h3>Logistik og transport<\/h3>\n<p>  I gaffeltrucks og h\u00e5ndteringsrobotter bruges armcylindre til at styre gaflernes l\u00f8ft og bev\u00e6gelse, hvilket muligg\u00f8r materialeh\u00e5ndtering og stabling.<\/li>\n<\/ul>\n<h2>Designovervejelser og udv\u00e6lgelseskriterier<\/h2>\n<ul>\n<li>\n<h3>B\u00e6reevne<\/h3>\n<p>  Armcylinderen skal have tilstr\u00e6kkelig b\u00e6reevne til at modst\u00e5 de belastninger, der p\u00e5f\u00f8res under drift.<\/li>\n<li>\n<h3>Forseglingsevne<\/h3>\n<p>  Armcylinderen skal have god t\u00e6tningsevne for at forhindre oliel\u00e6kage og opretholde korrekt tryk i det hydrauliske system.<\/li>\n<li>\n<h3>Holdbarhed<\/h3>\n<p>  Armcylinderen skal v\u00e6re lavet af materialer af h\u00f8j kvalitet med god slid- og korrosionsbestandighed, hvilket sikrer langvarig og p\u00e5lidelig drift.<\/li>\n<li>\n<h3>Sikkerhed<\/h3>\n<p>  Armcylinderen skal have sikkerhedsfunktioner s\u00e5som overbelastningsbeskyttelse, der sikrer sikker drift under forskellige arbejdsforhold.<\/li>\n<li>\n<h3>Vedligeholdelsesevne<\/h3>\n<p>  Armcylinderen b\u00f8r v\u00e6re designet til nem vedligeholdelse og udskiftning, hvilket reducerer udstyrets nedetid og vedligeholdelsesomkostninger.<\/li>\n<\/ul>\n<p><img decoding=\"async\" src=\"https:\/\/www.hydraulic-cylinders.net\/wp-content\/uploads\/2025\/01\/songte-cylinder-head-with-all-kinds-excavator-models.webp\" alt=\"Billede af armcylinderhoved\"><\/p>\n<h2>T\u00e6tning og sm\u00f8ring<\/h2>\n<p>Armcylinderen b\u00f8r anvende forskellige t\u00e6tningskomponenter s\u00e5som stempelt\u00e6tninger, stangt\u00e6tninger osv. T\u00e6tningskomponenterne b\u00f8r v\u00e6re lavet af slidst\u00e6rke materialer s\u00e5som polyurethan og nitrilgummi. Cylinderhuset og gevindenden b\u00f8r v\u00e6re fint bearbejdet for at forbedre slidstyrken. Regelm\u00e6ssig sm\u00f8ring og vedligeholdelse er n\u00f8dvendig, og en passende m\u00e6ngde hydraulikolie b\u00f8r tils\u00e6ttes for at sikre sm\u00f8ring.<\/p>\n<p><img decoding=\"async\" src=\"https:\/\/www.hydraulic-cylinders.net\/wp-content\/uploads\/2025\/01\/songte-chushion-collar.webp\" alt=\"Billede af armcylinderkrave\"><\/p>\n<h2>Vedligeholdelse og fejlfinding<\/h2>\n<p>Regelm\u00e6ssig inspektion og forebyggende vedligeholdelse er n\u00f8dvendig for at sikre korrekt drift af armcylinderen. Almindelige problemer med armcylindere omfatter oliel\u00e6kage, beskadigelse af pakninger og utilstr\u00e6kkeligt tryk. Fejlfindingstips og l\u00f8sninger kan findes i produktmanualen. For at minimere potentielle problemer anbefales det, at brugerne f\u00f8lger brugsanvisningen og udf\u00f8rer regelm\u00e6ssig vedligeholdelse.<\/p>\n<h2>Installationsvejledning<\/h2>\n<p>F\u00f8r installation skal det sikres, at armcylinderen opfylder maskinens krav og er installeret korrekt i henhold til specifikationerne i brugermanualen. Brug passende v\u00e6rkt\u00f8j og udstyr til installationen, og s\u00f8rg for, at alle forbindelser er korrekt sp\u00e6ndt. F\u00f8r drift skal det hydrauliske system kontrolleres for l\u00e6kager og korrekt tryk.<\/p>\n<p><img decoding=\"async\" src=\"https:\/\/www.hydraulic-cylinders.net\/wp-content\/uploads\/2025\/01\/songte-bushings-with-all-kinds-of-excavator-models.webp\" alt=\"Billede af armcylinderb\u00f8sninger\"><\/p>\n<h2>Om os<\/h2>\n<p>Vi er en professionel producent af hydrauliske udskiftningscylindre med en bred vifte af produkter og er blevet en af \u200b\u200bde f\u00f8rende producenter og grossister af hydrauliske cylindre p\u00e5 det indenlandske og internationale marked. Vi overholder altid princippet om fremragende kvalitet og bruger industrialiserede produktionsstyringsstrategier i vores sofistikerede produktionsv\u00e6rksted for l\u00f8bende at forbedre vores teknologiske niveau og produktionseffektivitet. Ved at introducere avanceret digitalt produktionsudstyr og professionelle testsystemer optimerer vi l\u00f8bende vores produktionsplatform, forbedrer vores produktkvalitetskontrolproces og har st\u00e6rke innovationskapaciteter. Vores m\u00e5l er at im\u00f8dekomme kundernes forskellige behov med h\u00f8j effektivitet, pr\u00e6cision og principper for h\u00f8j kvalitet.<\/p>\n<h2>Vores fordele<\/h2>\n<ul>\n<li>\n<h3>Professionalitet<\/h3>\n<p>  Vores team best\u00e5r af professionelle og erfarne eksperter i hydrauliske cylindre, der sikrer kvaliteten og ydeevnen af \u200b\u200bvores produkter.<\/li>\n<li>\n<h3>International certificering<\/h3>\n<p>  Vores produkter har opn\u00e5et ISO9001-certificering i henhold til det internationale kvalitetsstyringssystem, hvilket sikrer produktkvalitet og -sikkerhed.<\/li>\n<li>\n<h3>Tilpassede tjenester<\/h3>\n<p>  Vi kan tilbyde skr\u00e6ddersyede tjenester efter kundernes behov og levere skr\u00e6ddersyede hydrauliske cylinderl\u00f8sninger.<\/li>\n<li>\n<h3>Produktionsudstyr<\/h3>\n<p>  Vi bruger avanceret digitalt produktionsudstyr for at sikre produktpr\u00e6cision og kvalitet.<\/li>\n<li>\n<h3>Eftersalgsservice<\/h3>\n<p>  Vi tilbyder omfattende eftersalgsservice, herunder teknisk support, garanti og vedligeholdelse, hvilket sikrer kundetilfredshed.<\/li>\n<\/ul>\n<p><img decoding=\"async\" src=\"https:\/\/www.hydraulic-cylinders.net\/wp-content\/uploads\/2025\/01\/songte-company-4.webp\" alt=\"Firmabillede 1\"><br \/>\n<img decoding=\"async\" src=\"https:\/\/www.hydraulic-cylinders.net\/wp-content\/uploads\/2025\/01\/songte-company-3.webp\" alt=\"Virksomhedsbillede 2\"><\/p>\n<p>Forfatter: lyl<\/p>","protected":false},"excerpt":{"rendered":"<p>Arm Cylinder For Jove JV70-7 An arm cylinder is a specially designed hydraulic cylinder that is mainly used to provide linear movement and power to the arms of various types of machinery, such as excavators, cranes, and mechanical arms. The arm cylinder plays a critical role in hydraulic systems, enabling attached tools or accessories to [&hellip;]<\/p>","protected":false},"featured_media":14772,"comment_status":"open","ping_status":"closed","template":"","meta":{"_et_pb_use_builder":"","_et_pb_old_content":"","_et_gb_content_width":""},"product_brand":[],"product_cat":[1497],"product_tag":[1498,1496],"class_list":{"0":"post-16702","1":"product","2":"type-product","3":"status-publish","4":"has-post-thumbnail","6":"product_cat-arm-cylinders","7":"product_tag-arm-cylinders","8":"product_tag-hydraulic-cylinders","10":"first","11":"instock","12":"shipping-taxable","13":"product-type-simple"},"amp_enabled":true,"_links":{"self":[{"href":"https:\/\/www.hydraulic-cylinders.net\/da\/wp-json\/wp\/v2\/product\/16702","targetHints":{"allow":["GET"]}}],"collection":[{"href":"https:\/\/www.hydraulic-cylinders.net\/da\/wp-json\/wp\/v2\/product"}],"about":[{"href":"https:\/\/www.hydraulic-cylinders.net\/da\/wp-json\/wp\/v2\/types\/product"}],"replies":[{"embeddable":true,"href":"https:\/\/www.hydraulic-cylinders.net\/da\/wp-json\/wp\/v2\/comments?post=16702"}],"wp:featuredmedia":[{"embeddable":true,"href":"https:\/\/www.hydraulic-cylinders.net\/da\/wp-json\/wp\/v2\/media\/14772"}],"wp:attachment":[{"href":"https:\/\/www.hydraulic-cylinders.net\/da\/wp-json\/wp\/v2\/media?parent=16702"}],"wp:term":[{"taxonomy":"product_brand","embeddable":true,"href":"https:\/\/www.hydraulic-cylinders.net\/da\/wp-json\/wp\/v2\/product_brand?post=16702"},{"taxonomy":"product_cat","embeddable":true,"href":"https:\/\/www.hydraulic-cylinders.net\/da\/wp-json\/wp\/v2\/product_cat?post=16702"},{"taxonomy":"product_tag","embeddable":true,"href":"https:\/\/www.hydraulic-cylinders.net\/da\/wp-json\/wp\/v2\/product_tag?post=16702"}],"curies":[{"name":"wp","href":"https:\/\/api.w.org\/{rel}","templated":true}]}}