{"id":16723,"date":"2025-01-21T05:49:38","date_gmt":"2025-01-21T05:49:38","guid":{"rendered":"https:\/\/www.hydraulic-cylinders.net\/product\/arm-cylinder-for-carter-ct60-8a-8b\/"},"modified":"2025-01-21T05:49:40","modified_gmt":"2025-01-21T05:49:40","slug":"arm-cylinder-for-carter-ct60-8a-8b","status":"publish","type":"product","link":"https:\/\/www.hydraulic-cylinders.net\/da\/vare\/arm-cylinder-for-carter-ct60-8a-8b\/","title":{"rendered":"Armcylinder til Carter CT60-8A-8B"},"content":{"rendered":"<h2>Armcylinder til Carter CT60-8A-8B<\/h2>\n<p>Armcylinderen er en specialdesignet hydraulisk cylinder, der prim\u00e6rt bruges til at give line\u00e6r bev\u00e6gelse og kraft til armen p\u00e5 forskellige typer maskiner, s\u00e5som gravemaskiner, kraner og robotarme. Armcylinderen spiller en afg\u00f8rende rolle i hydrauliske systemer, da den muligg\u00f8r effektiv bev\u00e6gelse og kontrol af ekstra v\u00e6rkt\u00f8j eller udstyr. Disse cylindre opn\u00e5r ikke kun j\u00e6vn bev\u00e6gelse, men kan ogs\u00e5 modst\u00e5 tunge belastninger, hvilket sikrer effektiv drift og p\u00e5lidelighed af maskineriet under forskellige arbejdsforhold.<\/p>\n<p><img decoding=\"async\" src=\"https:\/\/www.hydraulic-cylinders.net\/wp-content\/uploads\/2025\/01\/songte-company-2.webp\" alt=\"Armcylinderbillede\"><\/p>\n<h2>Funktioner ved armcylinder til Carter CT60-8A-8B<\/h2>\n<ul>\n<li><strong>H\u00f8jeffektiv transmission:<\/strong> Armcylinderen giver kraftig line\u00e6r bev\u00e6gelse og kraft, hvilket sikrer robotarmens h\u00f8je ydeevne i forskellige operationer.<\/li>\n<li><strong>Pr\u00e6cis kontrol:<\/strong> Gennem det hydrauliske system muligg\u00f8r armcylinderen pr\u00e6cis bev\u00e6gelseskontrol, hvilket g\u00f8r betjeningen af \u200b\u200bekstra v\u00e6rkt\u00f8jer mere fleksibel og pr\u00e6cis.<\/li>\n<li><strong>Holdbarhed:<\/strong> Armcylindre er typisk fremstillet af h\u00f8jstyrkematerialer og har fremragende slid- og korrosionsbestandighed, hvilket g\u00f8r dem velegnede til langvarig brug i barske milj\u00f8er.<\/li>\n<li><strong>Multifunktionel tilpasningsevne:<\/strong> Disse cylindre kan anvendes i vid udstr\u00e6kning p\u00e5 forskellige typer maskiner, s\u00e5som gravemaskiner, kraner og robotarme, og im\u00f8dekomme forskellige arbejdskrav.<\/li>\n<li><strong>Nem vedligeholdelse:<\/strong> Designhensynene til nem vedligeholdelse og udskiftning g\u00f8r regelm\u00e6ssig inspektion og vedligeholdelse mere bekvem, hvilket reducerer udstyrets nedetid.<\/li>\n<\/ul>\n<p><img decoding=\"async\" src=\"https:\/\/www.hydraulic-cylinders.net\/wp-content\/uploads\/2025\/01\/songte-oil-pipes-and-spare-parts.webp\" alt=\"Billede af reservedele til armcylinder\"><\/p>\n<h2>Anvendelser af armcylinder til Carter CT60-8A-8B<\/h2>\n<p>Armcylinderen finder sine anvendelser i forskellige brancher:<\/p>\n<ol>\n<li><strong>Byggeriteknik:<\/strong> I gravemaskiner og kraner styrer armcylinderen bev\u00e6gelsen af \u200b\u200b\u200b\u200bskovlen eller bommen til jordflytning, materialeh\u00e5ndtering og strukturel installation.<\/li>\n<li><strong>Fremstilling:<\/strong> I automatiserede produktionslinjer bruges armcylinderen til bev\u00e6gelse af robotarme i monterings-, svejsnings- og materialeh\u00e5ndteringsprocesser, hvilket \u00f8ger produktionseffektiviteten og pr\u00e6cisionen.<\/li>\n<li><strong>Landbrugsmaskiner:<\/strong> I landbrugsudstyr s\u00e5som mejet\u00e6rskere og s\u00e5maskiner styrer armcylinderen bev\u00e6gelsen af \u200b\u200b\u200b\u200bbetjeningsarmene til opgaver som s\u00e5ning, g\u00f8dskning og h\u00f8st.<\/li>\n<li><strong>Minedrift:<\/strong> I minedriftsudstyr styrer armcylinderen armbev\u00e6gelsen af \u200b\u200bminedriftsmaskineri til malmudvinding og transport.<\/li>\n<li><strong>Logistik og transport:<\/strong> I gaffeltrucks og h\u00e5ndteringsrobotter styrer armcylinderen l\u00f8ft og bev\u00e6gelse af gafler, hvilket muligg\u00f8r materialeh\u00e5ndtering og stabling.<\/li>\n<\/ol>\n<h2>Designovervejelser og udv\u00e6lgelseskriterier<\/h2>\n<p>N\u00e5r det kommer til designovervejelser og udv\u00e6lgelseskriterier for armcylindre, b\u00f8r flere n\u00f8glefaktorer tages i betragtning:<\/p>\n<ol>\n<li><strong>B\u00e6reevne:<\/strong> Armcylinderen skal v\u00e6re konstrueret til at modst\u00e5 den tilsigtede belastning for at sikre sikker og p\u00e5lidelig drift.<\/li>\n<li><strong>Forsegling:<\/strong> Forskellige t\u00e6tningskomponenter, s\u00e5som stempelt\u00e6tninger og stangt\u00e6tninger, b\u00f8r anvendes. Disse t\u00e6tninger er lavet af slidst\u00e6rke materialer som polyurethan og nitrilgummi. Cylinderhuset og gevindenden b\u00f8r gennemg\u00e5 en finbehandling for at forbedre slidstyrken.<\/li>\n<li><strong>Holdbarhed:<\/strong> Armcylinderen skal v\u00e6re konstrueret af materialer af h\u00f8j kvalitet, der udviser fremragende holdbarhed, hvilket sikrer en lang levetid, selv i kr\u00e6vende milj\u00f8er.<\/li>\n<li><strong>Sikkerhed:<\/strong> Sikkerhedsfunktioner b\u00f8r indarbejdes i designet for at forhindre ulykker og sikre operat\u00f8rens beskyttelse under drift.<\/li>\n<li><strong>Vedligeholdelsesevne:<\/strong> Designet b\u00f8r tage h\u00f8jde for nem vedligeholdelse og reparation, hvilket muligg\u00f8r bekvemme regelm\u00e6ssige inspektioner og minimerer nedetid.<\/li>\n<\/ol>\n<p><img decoding=\"async\" src=\"https:\/\/www.hydraulic-cylinders.net\/wp-content\/uploads\/2025\/01\/songte-cylinder-head-with-all-kinds-excavator-models.webp\" alt=\"Billede af armcylinderkomponenter\"><\/p>\n<h2>T\u00e6tning og sm\u00f8ring<\/h2>\n<p>Armcylinderen anvender forskellige t\u00e6tningskomponenter for at sikre korrekt drift:<\/p>\n<ul>\n<li>Stempelpakninger, stangpakninger osv., lavet af slidst\u00e6rke materialer som polyurethan og nitrilgummi.<\/li>\n<li>Cylinderhuset og den gevindsk\u00e5rne endeflade gennemg\u00e5r en fin behandling for at forbedre slidstyrken.<\/li>\n<li>Regelm\u00e6ssig sm\u00f8ring med den passende m\u00e6ngde hydraulikolie er n\u00f8dvendig for at sikre problemfri drift.<\/li>\n<\/ul>\n<h2>Regelm\u00e6ssig inspektion og forebyggende vedligeholdelse<\/h2>\n<p>Regelm\u00e6ssig inspektion og forebyggende vedligeholdelse er med til at sikre optimal ydeevne og levetid for armcylinderen:<\/p>\n<ul>\n<li>Unders\u00f8g cylinderen for tegn p\u00e5 skader, l\u00e6kage eller slid.<\/li>\n<li>Kontroller pakningens tilstand, og udskift den om n\u00f8dvendigt.<\/li>\n<li>Overv\u00e5g og vedligehold det korrekte niveau og kvalitet af hydraulikv\u00e6sken.<\/li>\n<li>Sp\u00e6nd eventuelle l\u00f8se forbindelser.<\/li>\n<li>F\u00f8lg producentens retningslinjer for vedligeholdelsesintervaller og -procedurer.<\/li>\n<\/ul>\n<h2>Produktinstallationsvejledning<\/h2>\n<p>Korrekt installation af armcylinderen er afg\u00f8rende for dens effektive funktion:<\/p>\n<ul>\n<li>S\u00f8rg for, at monteringsfladen er ren og fri for snavs.<\/li>\n<li>F\u00f8lg de medf\u00f8lgende installationsvejledninger n\u00f8je.<\/li>\n<li>Sp\u00e6nd alle fastg\u00f8relseselementer til de anbefalede momentspecifikationer.<\/li>\n<li>Kontroller for eventuelle sk\u00e6vheder eller interferenser under installationsprocessen.<\/li>\n<\/ul>\n<p><img decoding=\"async\" src=\"https:\/\/www.hydraulic-cylinders.net\/wp-content\/uploads\/2025\/01\/songte-bushings-with-all-kinds-of-excavator-models.webp\" alt=\"Billede af armcylinderb\u00f8sninger\"><\/p>\n<h2>Sikkerhedshensyn og milj\u00f8faktorer<\/h2>\n<p>N\u00e5r man bruger armcylindre, er det afg\u00f8rende at prioritere sikkerhedsforanstaltninger:<\/p>\n<ul>\n<li>F\u00f8lg alle sikkerhedsretningslinjer og -forskrifter fra producenten.<\/li>\n<li>S\u00f8rg for korrekt tr\u00e6ning og certificering af operat\u00f8rer.<\/li>\n<li>Inspicer regelm\u00e6ssigt maskineriet og tilh\u00f8rende komponenter for eventuelle sikkerhedsrisici.<\/li>\n<li>Overhold milj\u00f8forskrifterne, og bortskaf alt affald eller v\u00e6sker p\u00e5 korrekt vis.<\/li>\n<\/ul>\n<h2>Fejlfinding og almindelige problemer<\/h2>\n<p>Nogle almindelige problemer og fejlfindingstips til armcylindre inkluderer:<\/p>\n<ul>\n<li>Hvis cylinderen l\u00e6kker, skal du kontrollere pakningerne og udskifte dem om n\u00f8dvendigt.<\/li>\n<li>Hvis cylinderen ikke bev\u00e6ger sig j\u00e6vnt, skal du kontrollere for eventuelle blokeringer eller forkert justering.<\/li>\n<li>Hvis cylinderen ikke yder tilstr\u00e6kkelig kraft, skal du kontrollere hydraulikv\u00e6skens tryk og flowhastighed.<\/li>\n<li>Hvis cylinderen st\u00f8jer for meget, skal den kontrolleres for l\u00f8se beslag eller beskadigede komponenter.<\/li>\n<\/ul>\n<p><img decoding=\"async\" src=\"https:\/\/www.hydraulic-cylinders.net\/wp-content\/uploads\/2025\/01\/songte-chushion-collar.webp\" alt=\"Billede af armcylinderkrave\"><\/p>\n<p>Husk at organisere artiklen logisk, bruge underoverskrifter for nem navigation, inkorporere relevante billeder eller diagrammer for forbedret forst\u00e5else, og s\u00f8rg for klart og pr\u00e6cist indhold, der er egnet til l\u00e6sere med varierende niveauer af teknisk viden.<\/p>\n<h2>Om vores virksomhed<\/h2>\n<p>Vi er en professionel producent af hydrauliske udskiftningscylindre og tilbyder en bred vifte af produkter. Vi er blevet en af \u200b\u200bde f\u00f8rende producenter og grossistdistribut\u00f8rer af hydrauliske cylindre p\u00e5 b\u00e5de indenlandske og internationale markeder. Vi opretholder altid princippet om fremragende kvalitet og forbedrer l\u00f8bende vores tekniske kapaciteter og produktionseffektivitet gennem industrialiseret produktionsstyring i vores sofistikerede produktionsv\u00e6rksted. Ved at introducere avanceret digitalt produktionsudstyr og professionelle testsystemer optimerer vi vores produktionsplatform og forbedrer vores produktkvalitetskontrolproces og fremviser st\u00e6rke innovationsevner. Vores m\u00e5l er at im\u00f8dekomme vores kunders forskellige behov med effektivitet, pr\u00e6cision og produkter af h\u00f8j kvalitet.<\/p>\n<p><img decoding=\"async\" src=\"https:\/\/www.hydraulic-cylinders.net\/wp-content\/uploads\/2025\/01\/songte-company-4.webp\" alt=\"Virksomhedens image\"><br \/>\n<img decoding=\"async\" src=\"https:\/\/www.hydraulic-cylinders.net\/wp-content\/uploads\/2025\/01\/songte-company-3.webp\" alt=\"Virksomhedens image\"><\/p>\n<p><em>Forfatter: lyl<\/em><\/p>","protected":false},"excerpt":{"rendered":"<p>Arm Cylinder For Carter CT60-8A-8B The arm cylinder is a specially designed hydraulic cylinder that is primarily used to provide linear motion and power to the arm of various types of machinery, such as excavators, cranes, and robotic arms. The arm cylinder plays a crucial role in hydraulic systems, enabling the effective movement and control [&hellip;]<\/p>","protected":false},"featured_media":14770,"comment_status":"open","ping_status":"closed","template":"","meta":{"_et_pb_use_builder":"","_et_pb_old_content":"","_et_gb_content_width":""},"product_brand":[],"product_cat":[1497],"product_tag":[1498,1496],"class_list":{"0":"post-16723","1":"product","2":"type-product","3":"status-publish","4":"has-post-thumbnail","6":"product_cat-arm-cylinders","7":"product_tag-arm-cylinders","8":"product_tag-hydraulic-cylinders","10":"first","11":"instock","12":"shipping-taxable","13":"product-type-simple"},"amp_enabled":true,"_links":{"self":[{"href":"https:\/\/www.hydraulic-cylinders.net\/da\/wp-json\/wp\/v2\/product\/16723","targetHints":{"allow":["GET"]}}],"collection":[{"href":"https:\/\/www.hydraulic-cylinders.net\/da\/wp-json\/wp\/v2\/product"}],"about":[{"href":"https:\/\/www.hydraulic-cylinders.net\/da\/wp-json\/wp\/v2\/types\/product"}],"replies":[{"embeddable":true,"href":"https:\/\/www.hydraulic-cylinders.net\/da\/wp-json\/wp\/v2\/comments?post=16723"}],"wp:featuredmedia":[{"embeddable":true,"href":"https:\/\/www.hydraulic-cylinders.net\/da\/wp-json\/wp\/v2\/media\/14770"}],"wp:attachment":[{"href":"https:\/\/www.hydraulic-cylinders.net\/da\/wp-json\/wp\/v2\/media?parent=16723"}],"wp:term":[{"taxonomy":"product_brand","embeddable":true,"href":"https:\/\/www.hydraulic-cylinders.net\/da\/wp-json\/wp\/v2\/product_brand?post=16723"},{"taxonomy":"product_cat","embeddable":true,"href":"https:\/\/www.hydraulic-cylinders.net\/da\/wp-json\/wp\/v2\/product_cat?post=16723"},{"taxonomy":"product_tag","embeddable":true,"href":"https:\/\/www.hydraulic-cylinders.net\/da\/wp-json\/wp\/v2\/product_tag?post=16723"}],"curies":[{"name":"wp","href":"https:\/\/api.w.org\/{rel}","templated":true}]}}