{"id":16756,"date":"2025-01-21T05:52:04","date_gmt":"2025-01-21T05:52:04","guid":{"rendered":"https:\/\/www.hydraulic-cylinders.net\/product\/arm-cylinder-for-nante-nt20\/"},"modified":"2025-01-21T05:52:06","modified_gmt":"2025-01-21T05:52:06","slug":"arm-cylinder-for-nante-nt20","status":"publish","type":"product","link":"https:\/\/www.hydraulic-cylinders.net\/da\/vare\/arm-cylinder-for-nante-nt20\/","title":{"rendered":"Armcylinder til Nante NT20"},"content":{"rendered":"<h2>Armcylinder til Nante NT20<\/h2>\n<p>Armcylinderen er en specialdesignet hydraulisk cylinder, der bruges til at give line\u00e6r bev\u00e6gelse og kraft til armene p\u00e5 forskellige typer maskiner s\u00e5som gravemaskiner, kraner og manipulatorer. Armcylinderen spiller en afg\u00f8rende rolle i det hydrauliske system, da den g\u00f8r det muligt for yderligere v\u00e6rkt\u00f8j eller udstyr at bev\u00e6ge sig og styres effektivt. Disse cylindre giver ikke kun j\u00e6vn bev\u00e6gelse, men kan ogs\u00e5 modst\u00e5 tunge belastninger, hvilket sikrer effektiv drift og p\u00e5lidelighed af maskinen under forskellige driftsforhold.<\/p>\n<p><img loading=\"lazy\" decoding=\"async\" src=\"https:\/\/www.hydraulic-cylinders.net\/wp-content\/uploads\/2025\/01\/songte-company-2.webp\" alt=\"Armcylinder til Nante NT20\" width=\"600\" height=\"400\"><\/p>\n<h2>Produktfunktioner<\/h2>\n<ul>\n<li>\n<h3>Effektiv kraftoverf\u00f8rsel<\/h3>\n<p>Armcylinderen kan give kraftig line\u00e6r bev\u00e6gelse og kraft, hvilket sikrer manipulatorens h\u00f8je ydeevne i forskellige operationer.<\/p>\n<\/li>\n<li>\n<h3>Pr\u00e6cis kontrol<\/h3>\n<p>Gennem det hydrauliske system kan armcylinderen opn\u00e5 pr\u00e6cis bev\u00e6gelseskontrol, hvilket g\u00f8r betjeningen af \u200b\u200bekstra v\u00e6rkt\u00f8jer mere fleksibel og pr\u00e6cis.<\/p>\n<\/li>\n<li>\n<h3>Holdbarhed<\/h3>\n<p>Armcylinderen er normalt lavet af h\u00f8jstyrkematerialer med god slidstyrke og korrosionsbestandighed, egnet til langvarig brug i barske milj\u00f8er.<\/p>\n<\/li>\n<li>\n<h3>Multifunktionel tilpasningsevne<\/h3>\n<p>Disse cylindre kan anvendes i vid udstr\u00e6kning i forskellige mekaniske udstyr, s\u00e5som gravemaskiner, kraner og manipulatorer, for at tilpasse sig forskellige arbejdskrav.<\/p>\n<\/li>\n<li>\n<h3>Nem vedligeholdelse<\/h3>\n<p>Designet tager h\u00f8jde for nem vedligeholdelse og udskiftning, hvilket g\u00f8r regelm\u00e6ssig inspektion og vedligeholdelse mere bekvem og reducerer udstyrets nedetid.<\/p>\n<\/li>\n<\/ul>\n<p>Vi kan fremstille dette produkt, og vores produkter kan perfekt erstatte disse hydrauliske cylindre.<\/p>\n<p><img loading=\"lazy\" decoding=\"async\" src=\"https:\/\/www.hydraulic-cylinders.net\/wp-content\/uploads\/2025\/01\/songte-oil-pipes-and-spare-parts.webp\" alt=\"Reservedele til hydrauliske cylindere\" width=\"600\" height=\"400\"><\/p>\n<h2>Applikationer<\/h2>\n<ul>\n<li>\n<h3>Byggeri og ingeni\u00f8rarbejde<\/h3>\n<p>I gravemaskiner og kraner bruges armcylindre til at styre bev\u00e6gelsen af \u200b\u200bskovle eller bomme til jordflytning, materialeh\u00e5ndtering og strukturel installation.<\/p>\n<\/li>\n<li>\n<h3>Produktion<\/h3>\n<p>I automatiserede produktionslinjer bruges armcylindre til bev\u00e6gelse af manipulatorer, s\u00e5som montering, svejsning og materialeh\u00e5ndtering, for at forbedre produktionseffektiviteten og n\u00f8jagtigheden.<\/p>\n<\/li>\n<li>\n<h3>Landbrugsmaskiner<\/h3>\n<p>I landbrugsmaskiner s\u00e5som mejet\u00e6rskere og plantemaskiner styrer armcylindre bev\u00e6gelsen af \u200b\u200b\u200b\u200bbetjeningsarmene for at udf\u00f8re opgaver som s\u00e5ning, g\u00f8dning og h\u00f8st.<\/p>\n<\/li>\n<li>\n<h3>Minedrift<\/h3>\n<p>I minedriftsudstyr bruges armcylindre til at styre armbev\u00e6gelsen p\u00e5 minedriftsudstyr til minedrift og transport af malm.<\/p>\n<\/li>\n<li>\n<h3>Logistik og transport<\/h3>\n<p>I gaffeltrucks og h\u00e5ndteringsrobotter bruges armcylindre til at styre l\u00f8ft og bev\u00e6gelse af gafler til materialeh\u00e5ndtering og stabling.<\/p>\n<\/li>\n<\/ul>\n<h2>Designovervejelser og udv\u00e6lgelseskriterier<\/h2>\n<ul>\n<li>\n<h3>B\u00e6reevne<\/h3>\n<p>Armcylinderens b\u00e6reevne er en vigtig faktor i dens design. Den skal kunne modst\u00e5 den maksimale belastning, den kan blive udsat for under drift.<\/p>\n<\/li>\n<li>\n<h3>Forsegling<\/h3>\n<p>Armcylinderen kr\u00e6ver et godt t\u00e6tningsdesign for at forhindre oliel\u00e6kage og sikre effektiv drift.<\/p>\n<\/li>\n<li>\n<h3>Holdbarhed<\/h3>\n<p>Armcylinderen skal v\u00e6re lavet af h\u00f8jstyrkematerialer med god slidstyrke og korrosionsbestandighed for at sikre langvarig brug i barske milj\u00f8er.<\/p>\n<\/li>\n<li>\n<h3>Sikkerhed<\/h3>\n<p>Designet af armcylinderen b\u00f8r tage h\u00f8jde for sikkerhedshensyn, s\u00e5som at forhindre ulykker for\u00e5rsaget af overbelastning eller l\u00e6kage.<\/p>\n<\/li>\n<li>\n<h3>Opretholdelse<\/h3>\n<p>Designet b\u00f8r tage h\u00f8jde for nem vedligeholdelse og udskiftning, hvilket g\u00f8r det mere bekvemt med regelm\u00e6ssig inspektion og vedligeholdelse og reducerer nedetid for udstyret.<\/p>\n<\/li>\n<\/ul>\n<p><img loading=\"lazy\" decoding=\"async\" src=\"https:\/\/www.hydraulic-cylinders.net\/wp-content\/uploads\/2025\/01\/songte-cylinder-head-with-all-kinds-excavator-models.webp\" alt=\"Hydraulisk cylinderhoved\" width=\"600\" height=\"400\"><\/p>\n<h2>T\u00e6tning og sm\u00f8ring<\/h2>\n<p>Armcylinderen bruger forskellige t\u00e6tningskomponenter, s\u00e5som stempelt\u00e6tninger og stangt\u00e6tninger, som er lavet af slidst\u00e6rke materialer som polyurethan og nitrilgummi. Cylinderboringen og gevindendefladerne er fint forarbejdet for at forbedre slidstyrken. Armcylinderen kr\u00e6ver regelm\u00e6ssig tils\u00e6tning af passende hydraulikolie til sm\u00f8ring.<\/p>\n<p><img loading=\"lazy\" decoding=\"async\" src=\"https:\/\/www.hydraulic-cylinders.net\/wp-content\/uploads\/2025\/01\/songte-chushion-collar.webp\" alt=\"Hydraulisk cylinderpudekrave\" width=\"600\" height=\"400\"><\/p>\n<h2>Vedligeholdelse og reparation<\/h2>\n<ul>\n<li>\n<h3>Regelm\u00e6ssig inspektion<\/h3>\n<p>Armcylinderen skal inspiceres regelm\u00e6ssigt for slid og skader, is\u00e6r for t\u00e6tninger og lejeflader.<\/p>\n<\/li>\n<li>\n<h3>Forebyggende vedligeholdelse<\/h3>\n<p>Vedligeholdelse af armcylindre b\u00f8r udf\u00f8res regelm\u00e6ssigt for at udskifte slidte dele og forhindre potentielle problemer.<\/p>\n<\/li>\n<li>\n<h3>Fejlfinding<\/h3>\n<p>Almindelige problemer med armcylindre omfatter oliel\u00e6kage, utilstr\u00e6kkeligt tryk og langsom bev\u00e6gelse. \u00c5rsagen til problemet skal identificeres og l\u00f8ses rettidigt for at undg\u00e5 yderligere skade p\u00e5 udstyret.<\/p>\n<\/li>\n<\/ul>\n<p>Regelm\u00e6ssig vedligeholdelse og reparation af armcylinderen kan sikre udstyrets effektiv og p\u00e5lidelige drift og reducere nedetid.<\/p>\n<h2>Installationsvejledning<\/h2>\n<p>Installation af armcylinderen kr\u00e6ver professionelle f\u00e6rdigheder og v\u00e6rkt\u00f8j. Det anbefales at f\u00f8lge instruktionerne i udstyrets manual og bruge passende l\u00f8fteudstyr for at undg\u00e5 ulykker. F\u00f8lgende trin kan tages som reference:<\/p>\n<ol>\n<li>Fjern den gamle armcylinder, og reng\u00f8r installationsfladen.<\/li>\n<li>Installer den nye armcylinder, og tilslut det hydrauliske system.<\/li>\n<li>Kontroller armcylinderens position og justering, og juster om n\u00f8dvendigt.<\/li>\n<li>Test armcylinderens funktion for at sikre, at den fungerer korrekt.<\/li>\n<\/ol>\n<p><img loading=\"lazy\" decoding=\"async\" src=\"https:\/\/www.hydraulic-cylinders.net\/wp-content\/uploads\/2025\/01\/songte-bushings-with-all-kinds-of-excavator-models.webp\" alt=\"Hydrauliske cylinderb\u00f8sninger\" width=\"600\" height=\"400\"><\/p>\n<h2>Sikkerhedshensyn og milj\u00f8faktorer<\/h2>\n<p>N\u00e5r armcylinderen bruges, skal der tr\u00e6ffes sikkerhedsforanstaltninger for at forhindre ulykker for\u00e5rsaget af overbelastning, oliel\u00e6kage eller andre problemer. Milj\u00f8faktorer som temperatur, fugtighed og st\u00f8v kan ogs\u00e5 p\u00e5virke armcylinderens ydeevne og b\u00f8r tages i betragtning under design og brug af udstyret.<\/p>\n<h2>Fejlfinding og almindelige problemer<\/h2>\n<ul>\n<li>\n<h3>Oliel\u00e6kage<\/h3>\n<p>\u00c5rsagen til oliel\u00e6kage kan v\u00e6re en beskadiget stempel- eller stangt\u00e6tning, en l\u00f8s samling eller en slidt cylinderboring. Problemet skal identificeres og l\u00f8ses rettidigt for at undg\u00e5 yderligere skader p\u00e5 udstyret.<\/p>\n<\/li>\n<li>\n<h3>Utilstr\u00e6kkeligt tryk<\/h3>\n<p>\u00c5rsagen til utilstr\u00e6kkeligt tryk kan v\u00e6re en beskadiget pumpe eller ventil, et tilstoppet filter eller slidte pakninger. Problemet skal identificeres og l\u00f8ses rettidigt for at undg\u00e5 yderligere skader p\u00e5 udstyret.<\/p>\n<\/li>\n<li>\n<h3>Langsom bev\u00e6gelse<\/h3>\n<p>\u00c5rsagen til langsom bev\u00e6gelse kan v\u00e6re utilstr\u00e6kkelig hydraulikolieforsyning, beskadigede pakninger eller lejer eller tilstoppet ventil. Problemet skal identificeres og l\u00f8ses rettidigt for at undg\u00e5 yderligere skade p\u00e5 udstyret.<\/p>\n<\/li>\n<\/ul>\n<p>Forebyggende foranstaltninger som regelm\u00e6ssig vedligeholdelse og reparation kan reducere forekomsten af \u200b\u200bdisse almindelige problemer.<\/p>\n<h2>Om os<\/h2>\n<p>Vi er en professionel producent af hydrauliske udskiftningscylindre med et bredt udvalg af produkter. Vi er blevet en af \u200b\u200bde f\u00f8rende producenter og grossistdistribut\u00f8rer af hydrauliske cylindre p\u00e5 det indenlandske og internationale marked. Vi opretholder altid princippet om fremragende kvalitet og bruger den industrielle produktionsstyringsstrategi fra det raffinerede produktionsv\u00e6rksted til l\u00f8bende at forbedre vores tekniske niveau og produktionseffektivitet. Ved at introducere avanceret digitalt produktionsudstyr og professionelle testsystemer optimerer vi l\u00f8bende vores produktionsplatform, perfektionerer vores produktkvalitetskontrolproces og har en st\u00e6rk innovationsevne. Vores m\u00e5l er at im\u00f8dekomme kundernes forskellige behov med principperne om h\u00f8j effektivitet, pr\u00e6cision og h\u00f8j kvalitet.<\/p>\n<p><img loading=\"lazy\" decoding=\"async\" src=\"https:\/\/www.hydraulic-cylinders.net\/wp-content\/uploads\/2025\/01\/songte-company-4.webp\" alt=\"Songte Company\" width=\"600\" height=\"400\"><br \/>\n<img loading=\"lazy\" decoding=\"async\" src=\"https:\/\/www.hydraulic-cylinders.net\/wp-content\/uploads\/2025\/01\/songte-company-3.webp\" alt=\"Songte Company\" width=\"600\" height=\"400\"><\/p>\n<p>Vi tilbyder professionelle tjenester med internationale certificeringer, skr\u00e6ddersyede tjenester, avanceret produktionsudstyr og eftersalgsservice. <\/p>\n<p>Forfatter: lyl<\/p>","protected":false},"excerpt":{"rendered":"<p>Arm Cylinder For Nante NT20 The arm cylinder is a specially designed hydraulic cylinder used to provide linear motion and power to the arms of various types of machinery such as excavators, cranes, and manipulators. The arm cylinder plays a crucial role in the hydraulic system, enabling additional tools or attachments to move and be [&hellip;]<\/p>","protected":false},"featured_media":14759,"comment_status":"open","ping_status":"closed","template":"","meta":{"_et_pb_use_builder":"","_et_pb_old_content":"","_et_gb_content_width":""},"product_brand":[],"product_cat":[1497],"product_tag":[1498,1496],"class_list":{"0":"post-16756","1":"product","2":"type-product","3":"status-publish","4":"has-post-thumbnail","6":"product_cat-arm-cylinders","7":"product_tag-arm-cylinders","8":"product_tag-hydraulic-cylinders","10":"first","11":"instock","12":"shipping-taxable","13":"product-type-simple"},"amp_enabled":true,"_links":{"self":[{"href":"https:\/\/www.hydraulic-cylinders.net\/da\/wp-json\/wp\/v2\/product\/16756","targetHints":{"allow":["GET"]}}],"collection":[{"href":"https:\/\/www.hydraulic-cylinders.net\/da\/wp-json\/wp\/v2\/product"}],"about":[{"href":"https:\/\/www.hydraulic-cylinders.net\/da\/wp-json\/wp\/v2\/types\/product"}],"replies":[{"embeddable":true,"href":"https:\/\/www.hydraulic-cylinders.net\/da\/wp-json\/wp\/v2\/comments?post=16756"}],"wp:featuredmedia":[{"embeddable":true,"href":"https:\/\/www.hydraulic-cylinders.net\/da\/wp-json\/wp\/v2\/media\/14759"}],"wp:attachment":[{"href":"https:\/\/www.hydraulic-cylinders.net\/da\/wp-json\/wp\/v2\/media?parent=16756"}],"wp:term":[{"taxonomy":"product_brand","embeddable":true,"href":"https:\/\/www.hydraulic-cylinders.net\/da\/wp-json\/wp\/v2\/product_brand?post=16756"},{"taxonomy":"product_cat","embeddable":true,"href":"https:\/\/www.hydraulic-cylinders.net\/da\/wp-json\/wp\/v2\/product_cat?post=16756"},{"taxonomy":"product_tag","embeddable":true,"href":"https:\/\/www.hydraulic-cylinders.net\/da\/wp-json\/wp\/v2\/product_tag?post=16756"}],"curies":[{"name":"wp","href":"https:\/\/api.w.org\/{rel}","templated":true}]}}