{"id":1677,"date":"2023-10-11T05:47:57","date_gmt":"2023-10-11T05:47:57","guid":{"rendered":"https:\/\/hydraulic-cylinders.net\/?post_type=product&#038;p=1677"},"modified":"2025-04-11T03:46:12","modified_gmt":"2025-04-11T03:46:12","slug":"press-front-side-shift-cylinder","status":"publish","type":"product","link":"https:\/\/www.hydraulic-cylinders.net\/da\/vare\/press-front-side-shift-cylinder\/","title":{"rendered":"Tryk p\u00e5 forreste sideskiftcylinder"},"content":{"rendered":"<h1 style=\"text-align: center;\"><strong>Tryk p\u00e5 forreste sideskiftcylinder<\/strong><\/h1>\n<p><img loading=\"lazy\" decoding=\"async\" class=\"wp-image-1683 aligncenter\" src=\"https:\/\/hydraulic-cylinders.net\/wp-content\/uploads\/2023\/10\/front-side-shift-cylinder-1-2-300x300.webp\" alt=\"\" width=\"400\" height=\"400\" \/><\/p>\n<p>Pressens forreste sideforskydningscylinder er et innovativt v\u00e6rkt\u00f8j designet til at \u00f8ge pr\u00e6cisionen og effektiviteten af \u200b\u200bpresseoperationer. Denne avancerede cylinder er specielt konstrueret til at lette forskydningen af \u200b\u200bemner under presning, hvilket sikrer pr\u00e6cis justering og reducerer ops\u00e6tningstiden.<\/p>\n<p>Pressens forreste sideforskydningscylinder er revolutionerende inden for presseoperationer. Med sin forreste sideforskydningskapacitet, pr\u00e6cise justering, justerbare skifteomr\u00e5de og hurtige respons giver denne cylinder operat\u00f8rerne mulighed for at opn\u00e5 pr\u00e6cise og effektive presseresultater. Ved at f\u00f8lge de anbefalede brugsmetoder og vedligeholdelsespraksis kan du maksimere ydeevnen, levetiden og sikkerheden af \u200b\u200bpressens forreste sideforskydningscylinder i dine presseapplikationer. Forbedr dine pressefunktioner og oplev overlegen justering og effektivitet med denne banebrydende cylinder.<\/p>\n<p>N\u00f8gleegenskaber for tryk p\u00e5 forsideskiftcylinderen:<\/p>\n<ol>\n<li>Mulighed for forskydning foran:\n<ul>\n<li>Pressens forreste sideforskydningscylinder er konstrueret til at muligg\u00f8re pr\u00e6cis forskydning af emner under presseoperationer.<\/li>\n<li>Det g\u00f8r det muligt for operat\u00f8rer nemt at justere emnets position, hvilket sikrer optimal justering og reducerer behovet for manuelle justeringer.<\/li>\n<\/ul>\n<\/li>\n<li>Pr\u00e6cis justering:\n<ul>\n<li>Denne cylinder sikrer pr\u00e6cis justering af emnet, hvilket minimerer risikoen for forkert justering og forbedrer den samlede pr\u00e6cision.<\/li>\n<li>Den pr\u00e6cise justering, der opn\u00e5s af pressens forreste sideforskydningscylinder, resulterer i forbedret produktkvalitet og reduceret kassationsrate.<\/li>\n<\/ul>\n<\/li>\n<li>Justerbart gearskifteomr\u00e5de:\n<ul>\n<li>Cylinderen tilbyder et justerbart gearskifteomr\u00e5de, der giver f\u00f8reren mulighed for at tilpasse omfanget af forskiftningen baseret p\u00e5 de specifikke krav i hver applikation.<\/li>\n<li>Fleksibiliteten til at justere forskydningsomr\u00e5det sikrer kompatibilitet med forskellige emnest\u00f8rrelser, former og pressebehov.<\/li>\n<\/ul>\n<\/li>\n<li>Hurtig og responsiv:\n<ul>\n<li>Pressens forreste sideskiftcylinder kan prale af en hurtig og responsiv skiftemekanisme, der sikrer hurtige justeringer under presning.<\/li>\n<li>Den hurtige skiftefunktion reducerer den samlede cyklustid og maksimerer produktivitet og genneml\u00f8b i presningsapplikationer.<\/li>\n<\/ul>\n<\/li>\n<\/ol>\n<h2><strong>Parameter for tryk p\u00e5 forsideskiftcylinder:<\/strong><\/h2>\n<table border=\"1\" cellspacing=\"0\" cellpadding=\"0\">\n<tbody>\n<tr>\n<td>Produktnavn<\/td>\n<td>Hydraulisk presse forreste sideskiftcylinder<\/td>\n<\/tr>\n<tr>\n<td>Funktioner:<\/td>\n<td>Flyt emnet eller r\u00e5emnet vandret<\/td>\n<\/tr>\n<tr>\n<td>Stempel:<\/td>\n<td>80 mm ~ 240 mm<br \/>\nSlagl\u00e6ngde\u2264300 mm<\/td>\n<\/tr>\n<tr>\n<td>Trykkraft:<\/td>\n<td>Maksimum 1130 kN<br \/>\n(Stempel 240 mm\/tryk 25 MPa)<\/td>\n<\/tr>\n<tr>\n<td>Anvendelser af forskiftercylinder:<\/td>\n<td>Hydraulisk presse<\/td>\n<\/tr>\n<\/tbody>\n<\/table>\n<div><\/div>\n<div>\n<div class=\"txtboxL\">\n<div class=\"txtboxL\">Funktioner:<\/div>\n<div class=\"txtboxR\">Flyt emnet eller r\u00e5emnet vandret<\/div>\n<div class=\"txtboxL\">Specifikation:<\/div>\n<div class=\"txtboxR\">Stempel: 80 mm ~ 240 mm<br \/>\nSlagl\u00e6ngde\u2264300 mm<\/div>\n<div class=\"txtboxL\">Trykkraft:<\/div>\n<div class=\"txtboxR\">Maksimum 1130 kN<br \/>\n(Stempel 240 mm\/tryk 25 MPa)<\/div>\n<\/div>\n<\/div>\n<h2><strong>Pressecylinderfabrik:<\/strong><\/h2>\n<p><img loading=\"lazy\" decoding=\"async\" class=\"alignnone wp-image-1619 size-full\" src=\"https:\/\/hydraulic-cylinders.net\/wp-content\/uploads\/2023\/10\/press-cylinder.webp\" alt=\"\" width=\"1418\" height=\"946\" srcset=\"https:\/\/hydraulic-cylinders.net\/wp-content\/uploads\/2023\/10\/press-cylinder.webp 1418w, https:\/\/hydraulic-cylinders.net\/wp-content\/uploads\/2023\/10\/press-cylinder-1280x854.webp 1280w, https:\/\/hydraulic-cylinders.net\/wp-content\/uploads\/2023\/10\/press-cylinder-980x654.webp 980w, https:\/\/hydraulic-cylinders.net\/wp-content\/uploads\/2023\/10\/press-cylinder-480x320.webp 480w\" sizes=\"(min-width: 0px) and (max-width: 480px) 480px, (min-width: 481px) and (max-width: 980px) 980px, (min-width: 981px) and (max-width: 1280px) 1280px, (min-width: 1281px) 1418px, 100vw\" \/><\/p>\n<h2><strong>Brugsmetode til tryk p\u00e5 forsiden af \u200b\u200b\u200b\u200bskiftecylinderen<\/strong><strong>:<\/strong><\/h2>\n<ol>\n<li><strong>Installation:<\/strong>\n<ul>\n<li>Monter pressens forreste sideskiftcylinder sikkert p\u00e5 det \u00f8nskede sted, og s\u00f8rg for korrekt justering med presseudstyret.<\/li>\n<li>Tilslut hydraulikledningerne i henhold til producentens anvisninger, og s\u00f8rg for korrekt v\u00e6skegennemstr\u00f8mning, og undg\u00e5 l\u00e6kager.<\/li>\n<\/ul>\n<\/li>\n<li><strong>Justering af gearskift:<\/strong>\n<ul>\n<li>G\u00f8r dig bekendt med den gearjusteringsmekanisme, der f\u00f8lger med cylinderen.<\/li>\n<li>Typisk kan justeringer foretages ved hj\u00e6lp af kontrolknapper, h\u00e5ndhjul eller digitale kontroller.<\/li>\n<li>F\u00f8lg producentens retningslinjer for at foretage pr\u00e6cise justeringer af forsiden baseret p\u00e5 emnets dimensioner og justeringskrav.<\/li>\n<\/ul>\n<\/li>\n<li><strong>Emnejustering og forskydning:<\/strong>\n<ul>\n<li>Placer emnet p\u00e5 presselejen, og s\u00f8rg for den indledende justering med cylinderen.<\/li>\n<li>Aktiver cylinderen for at aktivere forskydningsmekanismen og justere emnet j\u00e6vnt til den \u00f8nskede forreste sideposition.<\/li>\n<li>Verific\u00e9r justeringen visuelt eller med m\u00e5lev\u00e6rkt\u00f8jer for at sikre n\u00f8jagtig forskydning foran.<\/li>\n<\/ul>\n<\/li>\n<li><strong>Trykfunktion:<\/strong>\n<ul>\n<li>N\u00e5r emnet er korrekt justeret og forskudt, forts\u00e6t med presningen i henhold til dine standardprocedurer.<\/li>\n<li>Pressens forreste sideskiftcylinder vil opretholde emnets justering og stabilitet gennem hele presseprocessen og sikre ensartede resultater.<\/li>\n<\/ul>\n<\/li>\n<\/ol>\n<h2><strong>Hvordan renoverer man en hydraulisk cylinder?<\/strong><\/h2>\n<p>Genopbygning af en hydraulisk cylinder involverer adskillelse af cylinderen, inspektion og udskiftning af slidte eller beskadigede komponenter og genmontering af cylinderen for at genoprette funktionaliteten. Her er en trinvis vejledning i, hvordan man genopbygger en hydraulisk cylinder:<\/p>\n<p>Bem\u00e6rk: Genopbygning af en hydraulisk cylinder kan v\u00e6re komplekst og kr\u00e6ver mekanisk viden og erfaring. Hvis du er usikker eller mangler den n\u00f8dvendige ekspertise, anbefales det at s\u00f8ge hj\u00e6lp fra en professionel hydrauliktekniker.<\/p>\n<ol>\n<li><strong>Sikkerhedsforanstaltninger:<\/strong>\n<ul>\n<li>S\u00f8rg for, at trykket i det hydrauliske system er aflastet ved at slukke for str\u00f8mkilden og udl\u00f8se eventuelt ophobet tryk.<\/li>\n<li>Brug passende sikkerhedsudstyr, s\u00e5som handsker og sikkerhedsbriller, for at beskytte dig selv mod potentielle l\u00e6kager eller st\u00e6nk af hydraulikv\u00e6ske.<\/li>\n<\/ul>\n<\/li>\n<li><strong>Afmontering af cylinder:<\/strong>\n<ul>\n<li>Frakobl hydraulikledningerne fra cylinderen. Brug passende skruen\u00f8gler eller v\u00e6rkt\u00f8j til at l\u00f8sne og frakoble fittingerne.<\/li>\n<li>Underst\u00f8t cylinderens v\u00e6gt ved hj\u00e6lp af en talje eller egnet l\u00f8fteudstyr.<\/li>\n<li>Fjern alle monteringsbeslag eller hardware, der fastg\u00f8r cylinderen til udstyret.<\/li>\n<\/ul>\n<\/li>\n<li><strong>Demontering:<\/strong>\n<ul>\n<li>Placer cylinderen p\u00e5 en ren arbejdsb\u00e6nk eller overflade.<\/li>\n<li>Fjern forsigtigt cylinderens ended\u00e6ksler med passende v\u00e6rkt\u00f8j, s\u00e5som en skruen\u00f8gle eller et topn\u00f8gles\u00e6t. V\u00e6r forsigtig med ikke at beskadige cylinderen eller dens komponenter under denne proces.<\/li>\n<li>N\u00e5r endeh\u00e6tterne er fjernet, skubbes stempel- og stangenheden ud af cylindercylinderen.<\/li>\n<li>Unders\u00f8g og dokumenter r\u00e6kkef\u00f8lgen og retningen af \u200b\u200bkomponenterne, n\u00e5r du adskiller dem. Dette vil v\u00e6re en hj\u00e6lp under genmonteringen.<\/li>\n<\/ul>\n<\/li>\n<li><strong>Komponentinspektion:<\/strong>\n<ul>\n<li>Unders\u00f8g grundigt alle komponenter for tegn p\u00e5 slid, skader eller korrosion. V\u00e6r meget opm\u00e6rksom p\u00e5 stempel, stang, pakninger, lejer og alle andre indvendige dele.<\/li>\n<li>M\u00e5l kritiske dimensioner, s\u00e5som stempeldiameter, stangdiameter og t\u00e6tningsrilledimensioner. Sammenlign disse m\u00e5l med producentens specifikationer for at afg\u00f8re, om nogen komponenter skal udskiftes.<\/li>\n<\/ul>\n<\/li>\n<li><strong>Udskiftning af komponenter:<\/strong>\n<ul>\n<li>Udskift alle slidte, beskadigede eller komponenter, der ikke overholder specifikationerne. S\u00f8rg for, at reservedelene er kompatible med det specifikke m\u00e6rke og model af den hydrauliske cylinder.<\/li>\n<li>Almindelige komponenter, der ofte skal udskiftes, omfatter pakninger, O-ringe, lejer, stempelringe og slidb\u00e5nd.<\/li>\n<li>Sm\u00f8r nye pakninger og O-ringe med hydraulikv\u00e6ske eller et kompatibelt sm\u00f8remiddel f\u00f8r montering.<\/li>\n<\/ul>\n<\/li>\n<li><strong>Genmontering:<\/strong>\n<ul>\n<li>Begynd samlingen ved forsigtigt at s\u00e6tte stempel- og stangenheden tilbage i cylinderl\u00f8bet.<\/li>\n<li>Monter nye t\u00e6tninger og O-ringe i deres respektive riller, og s\u00f8rg for korrekt justering og orientering.<\/li>\n<li>P\u00e5f\u00f8r et tyndt lag hydraulikv\u00e6ske eller monteringssm\u00f8remiddel p\u00e5 pakningerne og andre bev\u00e6gelige dele, n\u00e5r du samler cylinderen igen.<\/li>\n<li>F\u00f8lg den omvendte r\u00e6kkef\u00f8lge af demonteringen for at genmontere ended\u00e6kslerne, og s\u00f8rg for, at alle bolte eller fastg\u00f8relseselementer er korrekt sp\u00e6ndt i henhold til producentens specifikationer.<\/li>\n<\/ul>\n<\/li>\n<li><strong>Test og installation:<\/strong>\n<ul>\n<li>N\u00e5r cylinderen er samlet igen, er det vigtigt at teste dens funktionalitet, f\u00f8r den geninstalleres i udstyret.<\/li>\n<li>Tilslut de hydrauliske ledninger, og tryks\u00e6t systemet igen i henhold til producentens anvisninger.<\/li>\n<li>K\u00f8r cylinderen flere gange for at kontrollere for j\u00e6vn drift, korrekt t\u00e6tning og eventuelle l\u00e6kager.<\/li>\n<li>Hvis cylinderen fungerer korrekt under testen, skal den geninstalleres i udstyret, og det skal sikres, at de hydrauliske ledninger er korrekt justeret og tilsluttet.<\/li>\n<\/ul>\n<\/li>\n<\/ol>\n<h2><strong>Fabrikkens kapacitet og kapacitet:<\/strong><\/h2>\n<h3>(1) Samling<\/h3>\n<p>Vi har en f\u00f8rsteklasses uafh\u00e6ngig forsknings- og udviklingsplatform til montering. V\u00e6rkstedet for produktion af hydrauliske cylindre har fire halvautomatiske l\u00f8ftecylindermonteringslinjer og en automatisk vippecylindermonteringslinje med en designm\u00e6ssig \u00e5rlig produktionskapacitet p\u00e5 1 million enheder. Det specielle cylinderv\u00e6rksted er udstyret med forskellige specifikationer for et halvautomatisk reng\u00f8ringsmonteringssystem med en designm\u00e6ssig \u00e5rlig produktionskapacitet p\u00e5 200.000 og udstyret med ber\u00f8mt CNC-bearbejdningsudstyr, et bearbejdningscenter, et specialudstyr til h\u00f8jpr\u00e6cisionscylinderbearbejdning, en robotsvejsemaskine, en automatisk reng\u00f8ringsmaskine, en automatisk cylindermonteringsmaskine og en automatisk malingslinje. Eksisterende kritisk udstyr p\u00e5 mere end 300 s\u00e6t (s\u00e6t). Optimal allokering og effektiv udnyttelse af udstyrsressourcer sikrer produkternes n\u00f8jagtighedskrav og opfylder produkternes h\u00f8je kvalitetsbehov.<\/p>\n<p><img loading=\"lazy\" decoding=\"async\" class=\"alignnone wp-image-626\" src=\"https:\/\/hydraulic-cylinders.net\/wp-content\/uploads\/2023\/08\/hydraulic-cylinder-product-1-300x158.webp\" alt=\"\" width=\"495\" height=\"260\" srcset=\"https:\/\/hydraulic-cylinders.net\/wp-content\/uploads\/2023\/08\/hydraulic-cylinder-product-1-300x158.webp 495w, https:\/\/hydraulic-cylinders.net\/wp-content\/uploads\/2023\/08\/hydraulic-cylinder-product-1-480x252.webp 480w\" sizes=\"(min-width: 0px) and (max-width: 480px) 480px, (min-width: 481px) 495px, 100vw\" \/> <img loading=\"lazy\" decoding=\"async\" class=\"alignnone wp-image-627\" src=\"https:\/\/hydraulic-cylinders.net\/wp-content\/uploads\/2023\/08\/hydraulic-cylinder-product-2-300x189.webp\" alt=\"\" width=\"413\" height=\"260\" \/><\/p>\n<h3>(2) Maskinbearbejdning<\/h3>\n<p>Bearbejdningsv\u00e6rkstedet er udstyret med et specialfremstillet drejecenter til skr\u00e5 skinner, bearbejdningscenter, h\u00f8jhastigheds-honemaskine, svejserobot og andet relateret udstyr, der kan h\u00e5ndtere bearbejdning af cylinderr\u00f8r med en maksimal indre diameter p\u00e5 400 mm og en maksimal l\u00e6ngde p\u00e5 6 meter.<\/p>\n<p><img loading=\"lazy\" decoding=\"async\" class=\"alignnone wp-image-628 size-large\" src=\"https:\/\/hydraulic-cylinders.net\/wp-content\/uploads\/2023\/08\/hydraulic-cylinder-product-3-1024x391.webp\" alt=\"\" width=\"1024\" height=\"391\" srcset=\"https:\/\/hydraulic-cylinders.net\/wp-content\/uploads\/2023\/08\/hydraulic-cylinder-product-3-980x374.webp 980w, https:\/\/hydraulic-cylinders.net\/wp-content\/uploads\/2023\/08\/hydraulic-cylinder-product-3-480x183.webp 480w\" sizes=\"(min-width: 0px) and (max-width: 480px) 480px, (min-width: 481px) and (max-width: 980px) 980px, (min-width: 981px) 1024px, 100vw\" \/><\/p>\n<h3>(3) Svejsning<\/h3>\n<p><img loading=\"lazy\" decoding=\"async\" class=\"alignnone wp-image-629 size-large\" src=\"https:\/\/hydraulic-cylinders.net\/wp-content\/uploads\/2023\/08\/hydraulic-cylinder-product-4-1024x510.webp\" alt=\"\" width=\"1024\" height=\"510\" srcset=\"https:\/\/hydraulic-cylinders.net\/wp-content\/uploads\/2023\/08\/hydraulic-cylinder-product-4-980x488.webp 980w, https:\/\/hydraulic-cylinders.net\/wp-content\/uploads\/2023\/08\/hydraulic-cylinder-product-4-480x239.webp 480w\" sizes=\"(min-width: 0px) and (max-width: 480px) 480px, (min-width: 481px) and (max-width: 980px) 980px, (min-width: 981px) 1024px, 100vw\" \/><\/p>\n<h3>(4) Maling og overfladebehandling<\/h3>\n<p>Med sm\u00e5 og mellemstore cylindriske automatiske vandbaserede malingsbel\u00e6gningslinjer, for at opn\u00e5 automatisk robotp\u00e5fyldning og -afl\u00e6sning samt automatisk spr\u00f8jtning, er den designm\u00e6ssige kapacitet p\u00e5 4000 stykker pr. skift;<br \/>\nVi har ogs\u00e5 en halvautomatisk malingsproduktionslinje til store cylindre drevet af en kabelk\u00e6de med en designkapacitet p\u00e5 60 kasser pr. skift.<\/p>\n<p><img loading=\"lazy\" decoding=\"async\" class=\"alignnone wp-image-630\" src=\"https:\/\/hydraulic-cylinders.net\/wp-content\/uploads\/2023\/08\/hydraulic-cylinder-product-5-300x213.webp\" alt=\"\" width=\"366\" height=\"260\" \/> <img loading=\"lazy\" decoding=\"async\" class=\"alignnone wp-image-631\" src=\"https:\/\/hydraulic-cylinders.net\/wp-content\/uploads\/2023\/08\/hydraulic-cylinder-product-6-300x225.webp\" alt=\"\" width=\"347\" height=\"260\" \/><\/p>\n<h3>(5) Testning<\/h3>\n<p>Vi har f\u00f8rsteklasses inspektionsfaciliteter og testb\u00e6nke for at sikre, at cylinderens ydeevne opfylder kravene.<\/p>\n<p><img loading=\"lazy\" decoding=\"async\" class=\"alignnone wp-image-632\" src=\"https:\/\/hydraulic-cylinders.net\/wp-content\/uploads\/2023\/08\/hydraulic-cylinder-product-8-300x200.webp\" alt=\"\" width=\"389\" height=\"260\" \/><\/p>\n<p>&nbsp;<\/p>\n<p>&nbsp;<\/p>\n<p>Vi er en af \u200b\u200bde bedste producenter af hydrauliske cylindre. Vi kan tilbyde et omfattende udvalg af hydrauliske cylindre. Vi leverer ogs\u00e5 tilsvarende <a href=\"https:\/\/hzpt.com\/agricultural-pto-gearbox\/\" target=\"_blank\" rel=\"noopener\">landbrugsgearkasser<\/a>Vi har eksporteret vores produkter til kunder over hele verden og har opn\u00e5et et godt omd\u00f8mme p\u00e5 grund af vores overlegne produktkvalitet og eftersalgsservice. Vi byder kunder i ind- og udland velkommen til at kontakte os for at forhandle forretninger, udveksle information og <a href=\"https:\/\/www.hydraulic-cylinders.net\/da\/contact-us\/\">samarbejde med os<\/a>!<\/p>","protected":false},"excerpt":{"rendered":"<p>Press Front Side Shift Cylinder The press front side shift cylinder is an innovative tool designed to elevate the precision and efficiency of pressing operations. This advanced cylinder is specifically engineered to facilitate the front side shifting of workpieces during pressing, ensuring accurate alignment and reducing setup time. The press front side shift cylinder is [&hellip;]<\/p>","protected":false},"featured_media":1678,"comment_status":"open","ping_status":"closed","template":"","meta":{"_et_pb_use_builder":"","_et_pb_old_content":"","_et_gb_content_width":""},"product_brand":[],"product_cat":[1550,1522,1376],"product_tag":[1380],"class_list":{"0":"post-1677","1":"product","2":"type-product","3":"status-publish","4":"has-post-thumbnail","6":"product_cat-double-acting-hydraulic-cylinder","7":"product_cat-press-hydraulic-cylinders","8":"product_cat-hydraulic-cylinder","9":"product_tag-hydraulic-cylinder","11":"first","12":"instock","13":"shipping-taxable","14":"product-type-simple"},"amp_enabled":true,"_links":{"self":[{"href":"https:\/\/www.hydraulic-cylinders.net\/da\/wp-json\/wp\/v2\/product\/1677","targetHints":{"allow":["GET"]}}],"collection":[{"href":"https:\/\/www.hydraulic-cylinders.net\/da\/wp-json\/wp\/v2\/product"}],"about":[{"href":"https:\/\/www.hydraulic-cylinders.net\/da\/wp-json\/wp\/v2\/types\/product"}],"replies":[{"embeddable":true,"href":"https:\/\/www.hydraulic-cylinders.net\/da\/wp-json\/wp\/v2\/comments?post=1677"}],"wp:featuredmedia":[{"embeddable":true,"href":"https:\/\/www.hydraulic-cylinders.net\/da\/wp-json\/wp\/v2\/media\/1678"}],"wp:attachment":[{"href":"https:\/\/www.hydraulic-cylinders.net\/da\/wp-json\/wp\/v2\/media?parent=1677"}],"wp:term":[{"taxonomy":"product_brand","embeddable":true,"href":"https:\/\/www.hydraulic-cylinders.net\/da\/wp-json\/wp\/v2\/product_brand?post=1677"},{"taxonomy":"product_cat","embeddable":true,"href":"https:\/\/www.hydraulic-cylinders.net\/da\/wp-json\/wp\/v2\/product_cat?post=1677"},{"taxonomy":"product_tag","embeddable":true,"href":"https:\/\/www.hydraulic-cylinders.net\/da\/wp-json\/wp\/v2\/product_tag?post=1677"}],"curies":[{"name":"wp","href":"https:\/\/api.w.org\/{rel}","templated":true}]}}