{"id":16784,"date":"2025-01-21T05:54:06","date_gmt":"2025-01-21T05:54:06","guid":{"rendered":"https:\/\/www.hydraulic-cylinders.net\/product\/arm-cylinder-for-yuchai-yc35-8\/"},"modified":"2025-01-21T05:54:08","modified_gmt":"2025-01-21T05:54:08","slug":"arm-cylinder-for-yuchai-yc35-8","status":"publish","type":"product","link":"https:\/\/www.hydraulic-cylinders.net\/da\/vare\/arm-cylinder-for-yuchai-yc35-8\/","title":{"rendered":"Armcylinder til Yuchai YC35-8"},"content":{"rendered":"<h2>Armcylinder til Yuchai YC35-8<\/h2>\n<p><img decoding=\"async\" src=\"https:\/\/www.hydraulic-cylinders.net\/wp-content\/uploads\/2025\/01\/songte-company-2.webp\"><\/p>\n<h3>Definition og forklaring<\/h3>\n<p>Armcylinderen er en hydraulisk cylinder, der er specielt designet til at give line\u00e6r bev\u00e6gelse og kraft til armen p\u00e5 forskellige typer maskiner, s\u00e5som gravemaskiner, kraner og robotarme. Armcylinderen spiller en afg\u00f8rende rolle i hydrauliske systemer, da den muligg\u00f8r effektiv bev\u00e6gelse og styring af redskaber og tilbeh\u00f8r. Disse cylindre sikrer ikke kun j\u00e6vn bev\u00e6gelse, men kan ogs\u00e5 modst\u00e5 tunge belastninger, hvilket sikrer effektiv drift og p\u00e5lidelighed af maskiner under forskellige arbejdsforhold.<\/p>\n<h3>Funktioner<\/h3>\n<ul>\n<li><strong>H\u00f8jeffektiv transmission:<\/strong> Armcylinderen giver kraftig line\u00e6r bev\u00e6gelse og kraft, hvilket sikrer robotarmens h\u00f8je ydeevne i forskellige operationer.<\/li>\n<li><strong>Pr\u00e6cis kontrol:<\/strong> Gennem det hydrauliske system muligg\u00f8r armcylinderen pr\u00e6cis bev\u00e6gelseskontrol, hvilket g\u00f8r betjeningen af \u200b\u200bredskaberne mere fleksibel og pr\u00e6cis.<\/li>\n<li><strong>St\u00e6rk holdbarhed:<\/strong> Armcylindre er typisk lavet af h\u00f8jstyrkematerialer, der tilbyder fremragende slidstyrke og korrosionsbestandighed, hvilket g\u00f8r dem velegnede til langvarig brug i barske milj\u00f8er.<\/li>\n<li><strong>Multifunktionel tilpasningsevne:<\/strong> Disse cylindre kan anvendes i vid udstr\u00e6kning p\u00e5 forskellige maskiner s\u00e5som gravemaskiner, kraner og robotarme og tilpasses forskellige jobkrav.<\/li>\n<li><strong>Nem vedligeholdelse:<\/strong> Armcylindrene er designet til nem vedligeholdelse og udskiftning og letter regelm\u00e6ssige inspektioner og vedligeholdelse, hvilket reducerer udstyrets nedetid.<\/li>\n<\/ul>\n<p><img decoding=\"async\" src=\"https:\/\/www.hydraulic-cylinders.net\/wp-content\/uploads\/2025\/01\/songte-oil-pipes-and-spare-parts.webp\"><\/p>\n<h3>Applikationer<\/h3>\n<p>Armcylinderne finder anvendelse i forskellige brancher:<\/p>\n<ul>\n<li><strong>Byggeriteknik:<\/strong> I gravemaskiner og kraner styrer armcylindrene bev\u00e6gelsen af \u200b\u200bskovle eller bomme, hvilket muligg\u00f8r jordarbejde, materialeh\u00e5ndtering og strukturel installation.<\/li>\n<li><strong>Fremstilling:<\/strong> I automatiserede produktionslinjer letter armcylindrene bev\u00e6gelsen af \u200b\u200brobotarme, udf\u00f8rer monterings-, svejsnings- og h\u00e5ndteringsprocesser, hvilket forbedrer produktionseffektiviteten og pr\u00e6cisionen.<\/li>\n<li><strong>Landbrugsmaskiner:<\/strong> I landbrugsmaskiner som mejet\u00e6rskere og s\u00e5maskiner styrer armcylindrene bev\u00e6gelsen af \u200b\u200b\u200b\u200bbetjeningsarmene og udf\u00f8rer opgaver som plantning, g\u00f8dning og h\u00f8st.<\/li>\n<li><strong>Minedrift:<\/strong> I minedriftsudstyr styrer armcylindrene bev\u00e6gelsen af \u200b\u200bminedriftsudstyrets arme, hvilket muligg\u00f8r udvinding og transport af malm.<\/li>\n<li><strong>Logistik og transport:<\/strong> I gaffeltrucks og h\u00e5ndteringsrobotter styrer armcylindrene l\u00f8ft og bev\u00e6gelse af gafler, hvilket letter materialeh\u00e5ndtering og stabling.<\/li>\n<\/ul>\n<h3>Designovervejelser og udv\u00e6lgelseskriterier<\/h3>\n<p><img decoding=\"async\" src=\"https:\/\/www.hydraulic-cylinders.net\/wp-content\/uploads\/2025\/01\/songte-cylinder-head-with-all-kinds-excavator-models.webp\"><\/p>\n<p>Ved design af armcylindre er flere vigtige overvejelser og udv\u00e6lgelseskriterier afg\u00f8rende:<\/p>\n<ul>\n<li><strong>B\u00e6reevne:<\/strong> Armcylindre skal v\u00e6re konstrueret til at modst\u00e5 den n\u00f8dvendige belastningskapacitet, hvilket sikrer sikker og effektiv drift.<\/li>\n<li><strong>Forseglingsevne:<\/strong> Forskellige t\u00e6tningskomponenter som stempelt\u00e6tninger og stangt\u00e6tninger b\u00f8r anvendes, idet der anvendes slidst\u00e6rke materialer s\u00e5som polyurethan og nitrilgummi. Cylinderhuset og gevindfladerne b\u00f8r gennemg\u00e5 en pr\u00e6cis behandling for at forbedre slidstyrken.<\/li>\n<li><strong>Holdbarhed:<\/strong> Armcylindre b\u00f8r v\u00e6re konstrueret af materialer af h\u00f8j kvalitet for at sikre holdbarhed og modstandsdygtighed over for slid, korrosion og andre barske milj\u00f8faktorer.<\/li>\n<li><strong>Sikkerhed:<\/strong> Sikkerhedsfunktioner b\u00f8r indarbejdes i designet, s\u00e5som trykaflastningsventiler og n\u00f8dstopmekanismer, for at forhindre ulykker og sikre operat\u00f8rens sikkerhed.<\/li>\n<li><strong>Vedligeholdelsesevne:<\/strong> Der b\u00f8r tages hensyn til nem vedligeholdelse og udskiftning af komponenter, hvilket muligg\u00f8r bekvemme regelm\u00e6ssige inspektioner og vedligeholdelse samt reduceret nedetid.<\/li>\n<\/ul>\n<h3>T\u00e6tning og sm\u00f8ring<\/h3>\n<p>Armcylindre anvender forskellige t\u00e6tningskomponenter, s\u00e5som stempelt\u00e6tninger og stangt\u00e6tninger, der er lavet af slidst\u00e6rke materialer som polyurethan og nitrilgummi. Cylinderhuset og gevindfladerne gennemg\u00e5r en pr\u00e6cis behandling for at forbedre slidstyrken. Regelm\u00e6ssig sm\u00f8ring med den passende m\u00e6ngde hydraulikolie er n\u00f8dvendig.<\/p>\n<h3>Regelm\u00e6ssig inspektion og forebyggende vedligeholdelse<\/h3>\n<p><img decoding=\"async\" src=\"https:\/\/www.hydraulic-cylinders.net\/wp-content\/uploads\/2025\/01\/songte-chushion-collar.webp\"><\/p>\n<p>For at sikre optimal ydeevne og levetid anbefales regelm\u00e6ssige inspektioner og forebyggende vedligeholdelsesforanstaltninger:<\/p>\n<ul>\n<li>Unders\u00f8g cylinderen og tilh\u00f8rende komponenter for tegn p\u00e5 slid, l\u00e6kager eller skader.<\/li>\n<li>Reng\u00f8r cylinderen og fjern eventuelle forurenende stoffer.<\/li>\n<li>Kontroller og p\u00e5fyld hydraulikolieniveauet efter behov.<\/li>\n<li>Sp\u00e6nd eventuelle l\u00f8se beslag eller forbindelser.<\/li>\n<li>Udskift slidte eller beskadigede pakninger og andre komponenter.<\/li>\n<\/ul>\n<h3>Produktinstallationsvejledning<\/h3>\n<p><img decoding=\"async\" src=\"https:\/\/www.hydraulic-cylinders.net\/wp-content\/uploads\/2025\/01\/songte-bushings-with-all-kinds-of-excavator-models.webp\"><\/p>\n<p>Korrekt installation af armcylinderen er afg\u00f8rende for optimal ydeevne. F\u00f8lg disse trin:<\/p>\n<ol>\n<li>Forbered monteringsomr\u00e5det, og s\u00f8rg for, at det er rent og fri for snavs.<\/li>\n<li>Juster cylinderen med monteringspunkterne, og fastg\u00f8r den med passende bolte eller fastg\u00f8relseselementer.<\/li>\n<li>Tilslut de hydrauliske slanger eller r\u00f8r til cylinderens indl\u00f8bs- og udl\u00f8bsporte.<\/li>\n<li>Kontroller for eventuelle l\u00e6kager, og s\u00f8rg for, at alle forbindelser er t\u00e6tte og sikre.<\/li>\n<li>Test cylinderens funktionalitet ved at betjene maskinens betjeningselementer.<\/li>\n<\/ol>\n<h3>Sikkerhedshensyn og milj\u00f8faktorer<\/h3>\n<p>Brugen af \u200b\u200bpassende sikkerhedsforanstaltninger er afg\u00f8rende, n\u00e5r man arbejder med armcylindre, for at forhindre ulykker og sikre operat\u00f8rens sikkerhed. Overvejelser omfatter:<\/p>\n<ul>\n<li>S\u00f8rg for korrekt tr\u00e6ning og instruktioner til operat\u00f8rer i sikker brug af maskiner udstyret med armcylindre.<\/li>\n<li>Brug sikkerhedsafsk\u00e6rmninger eller skjolde for at beskytte operat\u00f8rer mod potentielle farer.<\/li>\n<li>Udf\u00f8r regelm\u00e6ssige inspektioner for at identificere og h\u00e5ndtere sikkerhedsproblemer hurtigt.<\/li>\n<li>Overhold g\u00e6ldende sikkerhedsforskrifter og retningslinjer.<\/li>\n<\/ul>\n<h3>Fejlfinding og almindelige problemer<\/h3>\n<p><img decoding=\"async\" src=\"https:\/\/www.hydraulic-cylinders.net\/wp-content\/uploads\/2025\/01\/songte-chushion-collar.webp\"><\/p>\n<p>N\u00e5r du fejls\u00f8ger armcylindre, skal du overveje f\u00f8lgende almindelige problemer:<\/p>\n<ul>\n<li>Ut\u00e6tte pakninger eller forbindelser<\/li>\n<li>Utilstr\u00e6kkelig eller uj\u00e6vn bev\u00e6gelse<\/li>\n<li>Overdreven st\u00f8j eller vibrationer<\/li>\n<li>Tab af magt eller styrke<\/li>\n<\/ul>\n<p>For at l\u00f8se disse problemer:<\/p>\n<ul>\n<li>Unders\u00f8g og udskift eventuelle beskadigede eller slidte pakninger eller forbindelser.<\/li>\n<li>Kontroller for eventuelle forhindringer eller sk\u00e6vheder, der kan hindre en j\u00e6vn bev\u00e6gelse.<\/li>\n<li>S\u00f8rg for korrekt hydraulisk v\u00e6skeniveau og -flow.<\/li>\n<li>Se producentens retningslinjer, eller s\u00f8g professionel hj\u00e6lp, hvis det er n\u00f8dvendigt.<\/li>\n<\/ul>\n<p><img decoding=\"async\" src=\"https:\/\/www.hydraulic-cylinders.net\/wp-content\/uploads\/2025\/01\/songte-chushion-collar.webp\"><\/p>\n<p><strong>Forfatter: lyl<\/strong><\/p>\n<p>Vores virksomhed er en f\u00f8rende producent og grossist af hydrauliske cylindre, der specialiserer sig i at levere udskiftningscylindre af h\u00f8j kvalitet. Vi tilbyder en bred vifte af produkter og er blevet en betroet leverand\u00f8r p\u00e5 b\u00e5de indenlandske og internationale markeder. Med fokus p\u00e5 ekspertise forbedrer vi l\u00f8bende vores tekniske kapaciteter og produktionseffektivitet gennem avancerede produktionsfaciliteter og professionelle testsystemer. Vores m\u00e5l er at im\u00f8dekomme kundernes forskellige behov med principper om effektivitet, pr\u00e6cision og h\u00f8j kvalitet.<\/p>\n<p><img decoding=\"async\" src=\"https:\/\/www.hydraulic-cylinders.net\/wp-content\/uploads\/2025\/01\/songte-company-4.webp\"><img decoding=\"async\" src=\"https:\/\/www.hydraulic-cylinders.net\/wp-content\/uploads\/2025\/01\/songte-company-3.webp\"><\/p>\n<p>Vi er stolte af vores professionalisme, internationale<\/p>","protected":false},"excerpt":{"rendered":"<p>Arm Cylinder For Yuchai YC35-8 Definition and Explanation The arm cylinder is a hydraulic cylinder specially designed to provide linear motion and power to the arm of various types of machinery, such as excavators, cranes, and robotic arms. The arm cylinder plays a crucial role in hydraulic systems, enabling the efficient movement and control of [&hellip;]<\/p>","protected":false},"featured_media":14766,"comment_status":"open","ping_status":"closed","template":"","meta":{"_et_pb_use_builder":"","_et_pb_old_content":"","_et_gb_content_width":""},"product_brand":[],"product_cat":[1497],"product_tag":[1498,1496],"class_list":{"0":"post-16784","1":"product","2":"type-product","3":"status-publish","4":"has-post-thumbnail","6":"product_cat-arm-cylinders","7":"product_tag-arm-cylinders","8":"product_tag-hydraulic-cylinders","10":"first","11":"instock","12":"shipping-taxable","13":"product-type-simple"},"amp_enabled":true,"_links":{"self":[{"href":"https:\/\/www.hydraulic-cylinders.net\/da\/wp-json\/wp\/v2\/product\/16784","targetHints":{"allow":["GET"]}}],"collection":[{"href":"https:\/\/www.hydraulic-cylinders.net\/da\/wp-json\/wp\/v2\/product"}],"about":[{"href":"https:\/\/www.hydraulic-cylinders.net\/da\/wp-json\/wp\/v2\/types\/product"}],"replies":[{"embeddable":true,"href":"https:\/\/www.hydraulic-cylinders.net\/da\/wp-json\/wp\/v2\/comments?post=16784"}],"wp:featuredmedia":[{"embeddable":true,"href":"https:\/\/www.hydraulic-cylinders.net\/da\/wp-json\/wp\/v2\/media\/14766"}],"wp:attachment":[{"href":"https:\/\/www.hydraulic-cylinders.net\/da\/wp-json\/wp\/v2\/media?parent=16784"}],"wp:term":[{"taxonomy":"product_brand","embeddable":true,"href":"https:\/\/www.hydraulic-cylinders.net\/da\/wp-json\/wp\/v2\/product_brand?post=16784"},{"taxonomy":"product_cat","embeddable":true,"href":"https:\/\/www.hydraulic-cylinders.net\/da\/wp-json\/wp\/v2\/product_cat?post=16784"},{"taxonomy":"product_tag","embeddable":true,"href":"https:\/\/www.hydraulic-cylinders.net\/da\/wp-json\/wp\/v2\/product_tag?post=16784"}],"curies":[{"name":"wp","href":"https:\/\/api.w.org\/{rel}","templated":true}]}}