{"id":16803,"date":"2025-01-21T05:55:31","date_gmt":"2025-01-21T05:55:31","guid":{"rendered":"https:\/\/www.hydraulic-cylinders.net\/product\/arm-cylinder-for-xinyuan-crawler-excavator-xy90\/"},"modified":"2025-01-21T05:55:34","modified_gmt":"2025-01-21T05:55:34","slug":"arm-cylinder-for-xinyuan-crawler-excavator-xy90","status":"publish","type":"product","link":"https:\/\/www.hydraulic-cylinders.net\/da\/vare\/arm-cylinder-for-xinyuan-crawler-excavator-xy90\/","title":{"rendered":"Armcylinder til Xinyuan b\u00e6ltegraver XY90"},"content":{"rendered":"<h1>Armcylinder til Xinyuan b\u00e6ltegraver XY90<\/h1>\n<h2>Indledning<\/h2>\n<p>Armcylinderen til Xinyuan b\u00e6ltegraver XY90 er en specialiseret hydraulisk cylinder designet til at give line\u00e6r bev\u00e6gelse og kraft til armen p\u00e5 forskellige typer maskiner, s\u00e5som gravemaskiner, kraner og robotarme. Armcylinderen spiller en afg\u00f8rende rolle i hydrauliske systemer, da den muligg\u00f8r effektiv bev\u00e6gelse og styring af yderligere v\u00e6rkt\u00f8j eller udstyr. Disse cylindre sikrer ikke kun j\u00e6vn bev\u00e6gelse, men kan ogs\u00e5 modst\u00e5 tunge belastninger, hvilket sikrer effektiv drift og p\u00e5lidelighed af maskiner under forskellige arbejdsforhold.<\/p>\n<p><img decoding=\"async\" src=\"https:\/\/www.hydraulic-cylinders.net\/wp-content\/uploads\/2025\/01\/songte-company-2.webp\" alt=\"Armcylinderbillede\"><\/p>\n<h2>Funktioner<\/h2>\n<ul>\n<li><strong>H\u00f8jeffektiv transmission:<\/strong> Armcylinderen giver kraftig line\u00e6r bev\u00e6gelse og kraft, hvilket sikrer den mekaniske arms h\u00f8je ydeevne i forskellige operationer.<\/li>\n<li><strong>Pr\u00e6cis kontrol:<\/strong> Gennem det hydrauliske system muligg\u00f8r armcylinderen pr\u00e6cis bev\u00e6gelseskontrol, hvilket g\u00f8r betjeningen af \u200b\u200bekstra v\u00e6rkt\u00f8jer mere fleksibel og pr\u00e6cis.<\/li>\n<li><strong>Holdbarhed:<\/strong> Armcylindre er typisk fremstillet af h\u00f8jstyrkematerialer, der tilbyder god slid- og korrosionsbestandighed, hvilket g\u00f8r dem velegnede til langvarig brug i barske milj\u00f8er.<\/li>\n<li><strong>Multifunktionel tilpasningsevne:<\/strong> Disse cylindre kan anvendes i vid udstr\u00e6kning p\u00e5 forskellige mekaniske udstyr, s\u00e5som gravemaskiner, kraner og robotarme, og tilpasses forskellige jobkrav.<\/li>\n<li><strong>Nem vedligeholdelse:<\/strong> Designet tager h\u00f8jde for nem vedligeholdelse og udskiftning, hvilket g\u00f8r regelm\u00e6ssige inspektioner og vedligeholdelse mere bekvemt og reducerer udstyrets nedetid.<\/li>\n<\/ul>\n<p><img decoding=\"async\" src=\"https:\/\/www.hydraulic-cylinders.net\/wp-content\/uploads\/2025\/01\/songte-oil-pipes-and-spare-parts.webp\" alt=\"Billede af hydraulisk cylinder\"><\/p>\n<h2>Applikationer<\/h2>\n<p>Armcylinderen til Xinyuan b\u00e6ltegraver XY90 finder sine anvendelser i forskellige brancher:<\/p>\n<h3>1. Byggeriteknik<\/h3>\n<p>I gravemaskiner og kraner styrer armcylinderen bev\u00e6gelsen af \u200b\u200bskovle eller bomme, hvilket letter jordarbejde, materialeh\u00e5ndtering og strukturel installation.<\/p>\n<h3>2. Produktion<\/h3>\n<p>I automatiserede produktionslinjer letter armcylinderen bev\u00e6gelsen af \u200b\u200brobotarme, hvilket muligg\u00f8r processer som montering, svejsning og materialeh\u00e5ndtering, hvorved produktionseffektiviteten og pr\u00e6cisionen forbedres.<\/p>\n<h3>3. Landbrugsmaskiner<\/h3>\n<p>I landbrugsmaskiner s\u00e5som mejet\u00e6rskere og plantemaskiner styrer armcylinderen bev\u00e6gelsen af \u200b\u200b\u200b\u200bbetjeningsarmene og udf\u00f8rer opgaver som s\u00e5ning, g\u00f8dning og h\u00f8st.<\/p>\n<h3>4. Minedrift<\/h3>\n<p>I minedriftsudstyr styrer armcylinderen armbev\u00e6gelsen af \u200b\u200bminedriftsmaskineriet, hvilket letter udvinding og transport af mineraler.<\/p>\n<h3>5. Logistik og transport<\/h3>\n<p>I gaffeltrucks og h\u00e5ndteringsrobotter styrer armcylinderen l\u00f8ft og bev\u00e6gelse af gafler, hvilket muligg\u00f8r h\u00e5ndtering og stabling af materialer.<\/p>\n<p><img decoding=\"async\" src=\"https:\/\/www.hydraulic-cylinders.net\/wp-content\/uploads\/2025\/01\/songte-cylinder-head-with-all-kinds-excavator-models.webp\" alt=\"Billede af komponenter til hydrauliske cylindere\"><\/p>\n<h2>Designovervejelser og udv\u00e6lgelseskriterier<\/h2>\n<p>N\u00e5r det kommer til design og valg af armcylindre, skal flere n\u00f8glefaktorer overvejes:<\/p>\n<h3>1. B\u00e6reevne<\/h3>\n<p>Armcylinderen skal v\u00e6re konstrueret til at h\u00e5ndtere de specifikke belastningskrav for det maskineri, den skal bruges i, for at sikre sikker og effektiv drift.<\/p>\n<h3>2. Forsegling<\/h3>\n<p>En r\u00e6kke t\u00e6tningskomponenter, s\u00e5som stempelpakninger og stangpakninger lavet af slidst\u00e6rke materialer som polyurethan og nitrilgummi, anvendes for at sikre effektiv t\u00e6tning. Cylinderhuset og gevindenderne gennemg\u00e5r en omhyggelig behandling for at forbedre slidstyrken. Regelm\u00e6ssig sm\u00f8ring med passende hydraulikolie er n\u00f8dvendig for problemfri drift.<\/p>\n<p><img decoding=\"async\" src=\"https:\/\/www.hydraulic-cylinders.net\/wp-content\/uploads\/2025\/01\/songte-chushion-collar.webp\" alt=\"Billede af hydraulisk cylindert\u00e6tning\"><\/p>\n<h3>3. Holdbarhed<\/h3>\n<p>Armcylindre er bygget med holdbarhed i tankerne og er konstrueret af materialer af h\u00f8j kvalitet, der tilbyder fremragende slidstyrke og korrosionsbestandighed, hvilket sikrer lang levetid og p\u00e5lidelighed i kr\u00e6vende arbejdsmilj\u00f8er.<\/p>\n<h3>4. Sikkerhed<\/h3>\n<p>Sikkerhedshensyn er afg\u00f8rende ved design af armcylindre. Foranstaltninger som trykaflastningsventiler og sikkerhedsl\u00e5se er indarbejdet for at forhindre ulykker og sikre operat\u00f8rens sikkerhed.<\/p>\n<h3>5. Vedligeholdelsesevne<\/h3>\n<p>Nem vedligeholdelse og reparation er vigtige overvejelser ved design af armcylindre. Tilg\u00e6ngelige komponenter og veldesignede vedligeholdelsesprocedurer letter regelm\u00e6ssige inspektioner, reparationer og udskiftninger, hvilket reducerer nedetid og \u00f8ger produktiviteten.<\/p>\n<p><img decoding=\"async\" src=\"https:\/\/www.hydraulic-cylinders.net\/wp-content\/uploads\/2025\/01\/songte-bushings-with-all-kinds-of-excavator-models.webp\" alt=\"Billede af hydrauliske cylinderb\u00f8sninger\"><\/p>\n<h2>Regelm\u00e6ssig inspektion og forebyggende vedligeholdelse<\/h2>\n<p>Regelm\u00e6ssige inspektioner og forebyggende vedligeholdelse er afg\u00f8rende for at sikre optimal ydeevne og levetid for armcylindrene. F\u00f8lgende foranstaltninger b\u00f8r tr\u00e6ffes:<\/p>\n<ul>\n<li>Unders\u00f8g cylinderhuset, stemplet og stangen for tegn p\u00e5 slid, skader eller l\u00e6kage.<\/li>\n<li>Kontroller og vedligehold passende hydraulikv\u00e6skeniveauer og renlighed.<\/li>\n<li>Inspicer og udskift slidte eller beskadigede pakninger og andre komponenter.<\/li>\n<li>S\u00f8rg for korrekt sm\u00f8ring af bev\u00e6gelige dele.<\/li>\n<li>F\u00f8lg producentens anvisninger for vedligeholdelsesintervaller og -procedurer.<\/li>\n<\/ul>\n<h2>Produktinstallationsvejledning<\/h2>\n<p>Korrekt installation af armcylinderen er afg\u00f8rende for dens optimale ydeevne. F\u00f8lg nedenst\u00e5ende trin:<\/p>\n<ol>\n<li>S\u00f8rg for, at maskineriet er slukket og i en stabil position.<\/li>\n<li>Fjern den gamle cylinder, hvis det er relevant.<\/li>\n<li>Fastg\u00f8r den nye armcylinder sikkert i henhold til producentens anvisninger.<\/li>\n<li>Kontroller alle forbindelser for t\u00e6thed.<\/li>\n<li>Test armcylinderens bev\u00e6gelse for at sikre problemfri drift.<\/li>\n<\/ol>\n<p><img decoding=\"async\" src=\"https:\/\/www.hydraulic-cylinders.net\/wp-content\/uploads\/2025\/01\/songte-company-4.webp\" alt=\"Virksomhedens image\"><br \/>\n<img decoding=\"async\" src=\"https:\/\/www.hydraulic-cylinders.net\/wp-content\/uploads\/2025\/01\/songte-company-3.webp\" alt=\"Virksomhedens image\"><\/p>\n<h2>Om os<\/h2>\n<p>Vi er en professionel producent af hydrauliske udskiftningscylindre og en af \u200b\u200bde f\u00f8rende producenter og grossistdistribut\u00f8rer p\u00e5 det indenlandske og internationale marked. Med en bred vifte af produkter overholder vi princippet om fremragende kvalitet.<\/p>\n<p>Vores strategi for industrialiserede produktionsstyring, underst\u00f8ttet af et sofistikeret produktionsv\u00e6rksted, forbedrer l\u00f8bende vores tekniske ekspertise og produktionseffektivitet. Ved at introducere avanceret digitalt produktionsudstyr og professionelle testsystemer optimerer vi vores produktionsplatform og forbedrer vores produktkvalitetskontrolprocesser, hvilket fremviser st\u00e6rke innovationsevner.<\/p>\n<p>Vores m\u00e5l er at im\u00f8dekomme vores kunders forskellige behov med principper om effektivitet, pr\u00e6cision og h\u00f8j kvalitet.<\/p>\n<p>Vi er stolte af vores professionalisme, internationale certificeringer, skr\u00e6ddersyede tjenester, avanceret produktionsudstyr og omfattende eftersalgsservice.<\/p>\n<p>Forfatter: lyl<\/p>","protected":false},"excerpt":{"rendered":"<p>Arm Cylinder For Xinyuan Crawler Excavator XY90 Introduction The Arm Cylinder for Xinyuan Crawler Excavator XY90 is a specialized hydraulic cylinder designed to provide linear motion and power to the arm of various kinds of machinery, such as excavators, cranes, and robotic arms. The arm cylinder plays a critical role in hydraulic systems, enabling the [&hellip;]<\/p>","protected":false},"featured_media":14770,"comment_status":"open","ping_status":"closed","template":"","meta":{"_et_pb_use_builder":"","_et_pb_old_content":"","_et_gb_content_width":""},"product_brand":[],"product_cat":[1497],"product_tag":[1498,1496],"class_list":{"0":"post-16803","1":"product","2":"type-product","3":"status-publish","4":"has-post-thumbnail","6":"product_cat-arm-cylinders","7":"product_tag-arm-cylinders","8":"product_tag-hydraulic-cylinders","10":"first","11":"instock","12":"shipping-taxable","13":"product-type-simple"},"amp_enabled":true,"_links":{"self":[{"href":"https:\/\/www.hydraulic-cylinders.net\/da\/wp-json\/wp\/v2\/product\/16803","targetHints":{"allow":["GET"]}}],"collection":[{"href":"https:\/\/www.hydraulic-cylinders.net\/da\/wp-json\/wp\/v2\/product"}],"about":[{"href":"https:\/\/www.hydraulic-cylinders.net\/da\/wp-json\/wp\/v2\/types\/product"}],"replies":[{"embeddable":true,"href":"https:\/\/www.hydraulic-cylinders.net\/da\/wp-json\/wp\/v2\/comments?post=16803"}],"wp:featuredmedia":[{"embeddable":true,"href":"https:\/\/www.hydraulic-cylinders.net\/da\/wp-json\/wp\/v2\/media\/14770"}],"wp:attachment":[{"href":"https:\/\/www.hydraulic-cylinders.net\/da\/wp-json\/wp\/v2\/media?parent=16803"}],"wp:term":[{"taxonomy":"product_brand","embeddable":true,"href":"https:\/\/www.hydraulic-cylinders.net\/da\/wp-json\/wp\/v2\/product_brand?post=16803"},{"taxonomy":"product_cat","embeddable":true,"href":"https:\/\/www.hydraulic-cylinders.net\/da\/wp-json\/wp\/v2\/product_cat?post=16803"},{"taxonomy":"product_tag","embeddable":true,"href":"https:\/\/www.hydraulic-cylinders.net\/da\/wp-json\/wp\/v2\/product_tag?post=16803"}],"curies":[{"name":"wp","href":"https:\/\/api.w.org\/{rel}","templated":true}]}}