{"id":1682,"date":"2023-10-11T06:14:39","date_gmt":"2023-10-11T06:14:39","guid":{"rendered":"https:\/\/hydraulic-cylinders.net\/?post_type=product&#038;p=1682"},"modified":"2025-04-11T03:46:09","modified_gmt":"2025-04-11T03:46:09","slug":"press-rear-side-shift-cylinder","status":"publish","type":"product","link":"https:\/\/www.hydraulic-cylinders.net\/da\/vare\/press-rear-side-shift-cylinder\/","title":{"rendered":"Tryk p\u00e5 bageste sideskiftcylinder"},"content":{"rendered":"<h1 style=\"text-align: center;\"><strong>Tryk p\u00e5 bageste sideskiftcylinder<\/strong><\/h1>\n<p><img loading=\"lazy\" decoding=\"async\" class=\"aligncenter wp-image-1684\" src=\"https:\/\/hydraulic-cylinders.net\/wp-content\/uploads\/2023\/10\/rear-side-shift-cylinder-1-300x300.webp\" alt=\"\" width=\"400\" height=\"400\" \/><\/p>\n<p>Pressens bagsideforskydningscylinder er et banebrydende v\u00e6rkt\u00f8j designet til at forbedre effektivitet og pr\u00e6cision i presseoperationer. Med sin innovative bagsideforskydningsfunktion muligg\u00f8r denne cylinder problemfri justering af emner under presning, hvilket sikrer pr\u00e6cis justering og reducerer ops\u00e6tningstiden.<\/p>\n<p>Den bageste sideforskydningscylinder til pressen er revolutionerende inden for presseoperationer. Med sin bagsideforskydningskapacitet, pr\u00e6cise justering, justerbare skifteomr\u00e5de og hurtige respons giver denne cylinder operat\u00f8rerne mulighed for at opn\u00e5 pr\u00e6cise og effektive presseresultater. Ved at f\u00f8lge de anbefalede brugsmetoder og vedligeholdelsespraksis kan du maksimere ydeevnen, levetiden og sikkerheden for den bageste sideforskydningscylinder til pressen i dine presseapplikationer. Forbedr dine pressefunktioner og oplev overlegen justering og effektivitet med denne avancerede cylinder.<\/p>\n<p>Karakteristika for n\u00f8glen til bagskiftcylinderen:<\/p>\n<ol>\n<li>Mulighed for at forskyde bagfra:\n<ul>\n<li>Pressens bageste sideforskydningscylinder er specielt konstrueret til at muligg\u00f8re pr\u00e6cis bagsideforskydning af emner under presseoperationer.<\/li>\n<li>Det giver operat\u00f8rerne mulighed for ubesv\u00e6ret at justere emnets position, hvilket sikrer optimal justering og minimerer behovet for manuelle justeringer.<\/li>\n<\/ul>\n<\/li>\n<li>Pr\u00e6cis justering:\n<ul>\n<li>Denne cylinder sikrer pr\u00e6cis justering af emnet, hvilket reducerer risikoen for forkert justering og forbedrer den samlede pr\u00e6cision.<\/li>\n<li>Den pr\u00e6cise justering, der opn\u00e5s af pressens bageste sideforskydningscylinder, resulterer i forbedret produktkvalitet og reduceret kassationsrate.<\/li>\n<\/ul>\n<\/li>\n<li>Justerbart gearskifteomr\u00e5de:\n<ul>\n<li>Cylinderen tilbyder et justerbart gearskifteomr\u00e5de, der giver f\u00f8reren mulighed for at tilpasse omfanget af bagskiftet baseret p\u00e5 specifikke applikationskrav.<\/li>\n<li>Fleksibiliteten til at justere forskydningsomr\u00e5det sikrer kompatibilitet med forskellige emnest\u00f8rrelser, former og pressebehov.<\/li>\n<\/ul>\n<\/li>\n<li>Hurtig og responsiv:\n<ul>\n<li>Pressens bageste sideskiftcylinder har en hurtig og responsiv skiftemekanisme, der muligg\u00f8r hurtige justeringer under presning.<\/li>\n<li>Den hurtige skiftefunktion reducerer den samlede cyklustid og maksimerer produktivitet og genneml\u00f8b i presningsapplikationer.<\/li>\n<\/ul>\n<\/li>\n<\/ol>\n<h2><strong>Parameter for tryk p\u00e5 bagsideskiftcylinder:<\/strong><\/h2>\n<table border=\"1\" cellspacing=\"0\" cellpadding=\"0\">\n<tbody>\n<tr>\n<td>Produktnavn<\/td>\n<td>Hydraulisk presse forreste sideskiftcylinder<\/td>\n<\/tr>\n<tr>\n<td>Funktioner:<\/td>\n<td>Flyt emnet eller r\u00e5emnet vandret<\/td>\n<\/tr>\n<tr>\n<td>Stempel:<\/td>\n<td>80 mm ~ 240 mm<br \/>\nSlagl\u00e6ngde\u2264300 mm<\/td>\n<\/tr>\n<tr>\n<td>Trykkraft:<\/td>\n<td>Maksimum 1130 kN<br \/>\n(Stempel 240 mm\/tryk 25 MPa)<\/td>\n<\/tr>\n<tr>\n<td>Anvendelser af forskiftercylinder:<\/td>\n<td>Hydraulisk presse<\/td>\n<\/tr>\n<\/tbody>\n<\/table>\n<div><\/div>\n<div>\n<div class=\"txtboxL\">\n<div class=\"txtboxL\">\n<div class=\"txtboxL\">Funktioner:<\/div>\n<div class=\"txtboxR\">Samarbejd om at realisere l\u00f8ftningen af \u200b\u200bmanipulatorens klemmehoved<\/div>\n<div class=\"txtboxL\">Specifikation:<\/div>\n<div class=\"txtboxR\">Stempel: 70 mm ~ 180 mm<br \/>\nSlagl\u00e6ngde\u2264300 mm<\/div>\n<div class=\"txtboxL\">Trykkraft:<\/div>\n<div class=\"txtboxR\">Maksimum 636 kN<br \/>\n(Stempel 180 mm\/tryk 25 MPa)<\/div>\n<\/div>\n<\/div>\n<\/div>\n<h2><strong>Pressecylinderfabrik:<\/strong><\/h2>\n<p><img loading=\"lazy\" decoding=\"async\" class=\"alignnone wp-image-1619 size-full\" src=\"https:\/\/hydraulic-cylinders.net\/wp-content\/uploads\/2023\/10\/press-cylinder.webp\" alt=\"\" width=\"1418\" height=\"946\" srcset=\"https:\/\/hydraulic-cylinders.net\/wp-content\/uploads\/2023\/10\/press-cylinder.webp 1418w, https:\/\/hydraulic-cylinders.net\/wp-content\/uploads\/2023\/10\/press-cylinder-1280x854.webp 1280w, https:\/\/hydraulic-cylinders.net\/wp-content\/uploads\/2023\/10\/press-cylinder-980x654.webp 980w, https:\/\/hydraulic-cylinders.net\/wp-content\/uploads\/2023\/10\/press-cylinder-480x320.webp 480w\" sizes=\"(min-width: 0px) and (max-width: 480px) 480px, (min-width: 481px) and (max-width: 980px) 980px, (min-width: 981px) and (max-width: 1280px) 1280px, (min-width: 1281px) 1418px, 100vw\" \/><\/p>\n<h2><strong>Brugsmetode til tryk p\u00e5 bagsideskiftcylinderen<\/strong><strong>:<\/strong><\/h2>\n<ul>\n<li><strong>Installation:<\/strong>\n<ul>\n<li>Monter pressens bageste sideforskydningscylinder sikkert p\u00e5 det \u00f8nskede sted, og s\u00f8rg for korrekt justering med presseudstyret.<\/li>\n<li>Tilslut hydraulikledningerne i henhold til producentens anvisninger, og s\u00f8rg for korrekt v\u00e6skegennemstr\u00f8mning, og undg\u00e5 l\u00e6kager.<\/li>\n<\/ul>\n<\/li>\n<li><strong>Justering af gearskift:<\/strong>\n<ul>\n<li>G\u00f8r dig bekendt med den gearjusteringsmekanisme, som cylinderen leverer.<\/li>\n<li>Typisk kan justeringer foretages ved hj\u00e6lp af kontrolknapper, h\u00e5ndhjul eller digitale kontroller.<\/li>\n<li>F\u00f8lg producentens retningslinjer for at foretage pr\u00e6cise justeringer af bagsiden af \u200b\u200bforskydningen baseret p\u00e5 emnets dimensioner og justeringskrav.<\/li>\n<\/ul>\n<\/li>\n<li><strong>Emnejustering og forskydning:<\/strong>\n<ul>\n<li>Placer emnet p\u00e5 presselejen, og s\u00f8rg for den indledende justering med cylinderen.<\/li>\n<li>Aktiver cylinderen for at aktivere forskydningsmekanismen og justere emnet j\u00e6vnt til den \u00f8nskede bageste sideposition.<\/li>\n<li>Verific\u00e9r justeringen visuelt eller med m\u00e5lev\u00e6rkt\u00f8jer for at sikre n\u00f8jagtig bagudg\u00e5ende gearskift.<\/li>\n<\/ul>\n<\/li>\n<li><strong>Trykfunktion:<\/strong>\n<ul>\n<li>N\u00e5r emnet er korrekt justeret og forskudt, skal du forts\u00e6tte med presningen i henhold til dine standardprocedurer.<\/li>\n<li>Pressens bageste sideforskydningscylinder vil opretholde emnets justering og stabilitet gennem hele presseprocessen og sikre ensartede resultater.<\/li>\n<\/ul>\n<\/li>\n<\/ul>\n<h2><strong>Hvordan finder man t\u00e6tningss\u00e6t til hydraulisk cylinder?<\/strong><\/h2>\n<p>At finde et t\u00e6tningss\u00e6t til en hydraulisk cylinder indeb\u00e6rer at identificere cylinderens m\u00e6rke og model, unders\u00f8ge velrenommerede leverand\u00f8rer eller producenter og finde det korrekte t\u00e6tningss\u00e6t baseret p\u00e5 cylinderens specifikationer. Her er en trinvis vejledning til, hvordan du finder et t\u00e6tningss\u00e6t til en hydraulisk cylinder:<\/p>\n<ol>\n<li><strong>Identific\u00e9r cylinderoplysningerne:<\/strong>\n<ul>\n<li>Bestem m\u00e6rke og model p\u00e5 den hydrauliske cylinder, som du har brug for et t\u00e6tningss\u00e6t til.<\/li>\n<li>Se efter eventuelle identifikationsm\u00e6rker, etiketter eller indgraverede oplysninger p\u00e5 selve cylinderen.<\/li>\n<li>Hvis du har dokumentationen eller varenummeret fra den originale udstyrsproducent (OEM), kan det v\u00e6re nyttigt i s\u00f8geprocessen.<\/li>\n<\/ul>\n<\/li>\n<li><strong>Unders\u00f8g velrenommerede leverand\u00f8rer:<\/strong>\n<ul>\n<li>Start med at unders\u00f8ge velrenommerede leverand\u00f8rer eller producenter af hydrauliske t\u00e6tninger.<\/li>\n<li>S\u00f8g efter leverand\u00f8rer, der specialiserer sig i hydrauliske t\u00e6tninger og har et bredt udvalg af produkter.<\/li>\n<li>Online s\u00f8gemaskiner, branchekataloger og fora for hydraulisk udstyr kan v\u00e6re v\u00e6rdifulde ressourcer til at finde velrenommerede leverand\u00f8rer.<\/li>\n<\/ul>\n<\/li>\n<li><strong>Kontakt cylinderproducenten eller OEM'en:<\/strong>\n<ul>\n<li>Hvis det er muligt, kontakt producenten af \u200b\u200bden hydrauliske cylinder eller den originale udstyrsproducent (OEM) for vejledning.<\/li>\n<li>Kontakt deres kundeserviceafdeling eller teknisk support for at forh\u00f8re dig om tilg\u00e6ngeligheden af \u200b\u200bt\u00e6tningss\u00e6t til din specifikke cylindermodel.<\/li>\n<li>Giv dem m\u00e6rke, model og andre relevante oplysninger om din cylinder for at hj\u00e6lpe dem med at identificere det korrekte t\u00e6tningss\u00e6t.<\/li>\n<\/ul>\n<\/li>\n<li><strong>Specifikationer for Gather-cylinderen:<\/strong>\n<ul>\n<li>Bestem de specifikke specifikationer for den hydrauliske cylinder, som du har brug for et t\u00e6tningss\u00e6t til.<\/li>\n<li>Not\u00e9r detaljer s\u00e5som cylinderboringens diameter, stangens diameter samt antallet og typerne af n\u00f8dvendige pakninger.<\/li>\n<li>M\u00e5l dimensionerne af de eksisterende t\u00e6tninger, hvis det er muligt, for at sikre n\u00f8jagtig identifikation og valg af t\u00e6tningss\u00e6ttet.<\/li>\n<\/ul>\n<\/li>\n<li><strong>S\u00f8g online leverand\u00f8rer af t\u00e6tninger:<\/strong>\n<ul>\n<li>Brug online t\u00e6tningsleverand\u00f8rers hjemmesider, og s\u00f8g efter t\u00e6tningss\u00e6t baseret p\u00e5 specifikationerne for din hydrauliske cylinder.<\/li>\n<li>Indtast cylinderens m\u00e6rke, model eller dimensioner i s\u00f8gefiltrene for at indsn\u00e6vre de tilg\u00e6ngelige muligheder.<\/li>\n<li>Unders\u00f8g produktbeskrivelserne, specifikationerne og kompatibilitetsoplysningerne fra leverand\u00f8rerne for at sikre et korrekt match.<\/li>\n<\/ul>\n<\/li>\n<li><strong>Bekr\u00e6ft kompatibilitet:<\/strong>\n<ul>\n<li>N\u00e5r du har identificeret et potentielt t\u00e6tningss\u00e6t, skal du kontrollere dets kompatibilitet med din hydrauliske cylinder.<\/li>\n<li>Sammenlign specifikationerne og dimensionerne for t\u00e6tningss\u00e6ttet med de oplysninger, der er indsamlet fra din cylinder.<\/li>\n<li>S\u00f8rg for, at t\u00e6tningss\u00e6ttet indeholder alle de n\u00f8dvendige t\u00e6tninger, der kr\u00e6ves til din cylinders specifikke konfiguration.<\/li>\n<\/ul>\n<\/li>\n<li><strong>Bestil og monter t\u00e6tningss\u00e6ttet:<\/strong>\n<ul>\n<li>Bestil t\u00e6tningss\u00e6ttet fra den valgte leverand\u00f8r eller producent.<\/li>\n<li>Angiv n\u00f8jagtige oplysninger, herunder cylinderspecifikationer og andre n\u00f8dvendige detaljer, for at sikre, at det korrekte t\u00e6tningss\u00e6t leveres.<\/li>\n<li>F\u00f8lg leverand\u00f8rens instruktioner for betaling, forsendelse og levering.<\/li>\n<li>N\u00e5r t\u00e6tningss\u00e6ttet ankommer, skal du n\u00f8je f\u00f8lge installationsvejledningen fra leverand\u00f8ren eller producenten for at udskifte t\u00e6tningerne i din hydrauliske cylinder.<\/li>\n<\/ul>\n<\/li>\n<\/ol>\n<h2><strong>Fabrikkens kapacitet og kapacitet:<\/strong><\/h2>\n<h3>(1) Samling<\/h3>\n<p>Vi har en f\u00f8rsteklasses uafh\u00e6ngig forsknings- og udviklingsplatform til montering. V\u00e6rkstedet for produktion af hydrauliske cylindre har fire halvautomatiske l\u00f8ftecylindermonteringslinjer og en automatisk vippecylindermonteringslinje med en designm\u00e6ssig \u00e5rlig produktionskapacitet p\u00e5 1 million enheder. Det specielle cylinderv\u00e6rksted er udstyret med forskellige specifikationer for et halvautomatisk reng\u00f8ringsmonteringssystem med en designm\u00e6ssig \u00e5rlig produktionskapacitet p\u00e5 200.000 og udstyret med ber\u00f8mt CNC-bearbejdningsudstyr, et bearbejdningscenter, et specialudstyr til h\u00f8jpr\u00e6cisionscylinderbearbejdning, en robotsvejsemaskine, en automatisk reng\u00f8ringsmaskine, en automatisk cylindermonteringsmaskine og en automatisk malingslinje. Eksisterende kritisk udstyr p\u00e5 mere end 300 s\u00e6t (s\u00e6t). Optimal allokering og effektiv udnyttelse af udstyrsressourcer sikrer produkternes n\u00f8jagtighedskrav og opfylder produkternes h\u00f8je kvalitetsbehov.<\/p>\n<p><img loading=\"lazy\" decoding=\"async\" class=\"alignnone wp-image-626\" src=\"https:\/\/hydraulic-cylinders.net\/wp-content\/uploads\/2023\/08\/hydraulic-cylinder-product-1-300x158.webp\" alt=\"\" width=\"495\" height=\"260\" srcset=\"https:\/\/hydraulic-cylinders.net\/wp-content\/uploads\/2023\/08\/hydraulic-cylinder-product-1-300x158.webp 495w, https:\/\/hydraulic-cylinders.net\/wp-content\/uploads\/2023\/08\/hydraulic-cylinder-product-1-480x252.webp 480w\" sizes=\"(min-width: 0px) and (max-width: 480px) 480px, (min-width: 481px) 495px, 100vw\" \/> <img loading=\"lazy\" decoding=\"async\" class=\"alignnone wp-image-627\" src=\"https:\/\/hydraulic-cylinders.net\/wp-content\/uploads\/2023\/08\/hydraulic-cylinder-product-2-300x189.webp\" alt=\"\" width=\"413\" height=\"260\" \/><\/p>\n<h3>(2) Maskinbearbejdning<\/h3>\n<p>Bearbejdningsv\u00e6rkstedet er udstyret med et specialfremstillet drejecenter til skr\u00e5 skinner, bearbejdningscenter, h\u00f8jhastigheds-honemaskine, svejserobot og andet relateret udstyr, der kan h\u00e5ndtere bearbejdning af cylinderr\u00f8r med en maksimal indre diameter p\u00e5 400 mm og en maksimal l\u00e6ngde p\u00e5 6 meter.<\/p>\n<p><img loading=\"lazy\" decoding=\"async\" class=\"alignnone wp-image-628 size-large\" src=\"https:\/\/hydraulic-cylinders.net\/wp-content\/uploads\/2023\/08\/hydraulic-cylinder-product-3-1024x391.webp\" alt=\"\" width=\"1024\" height=\"391\" srcset=\"https:\/\/hydraulic-cylinders.net\/wp-content\/uploads\/2023\/08\/hydraulic-cylinder-product-3-980x374.webp 980w, https:\/\/hydraulic-cylinders.net\/wp-content\/uploads\/2023\/08\/hydraulic-cylinder-product-3-480x183.webp 480w\" sizes=\"(min-width: 0px) and (max-width: 480px) 480px, (min-width: 481px) and (max-width: 980px) 980px, (min-width: 981px) 1024px, 100vw\" \/><\/p>\n<h3>(3) Svejsning<\/h3>\n<p><img loading=\"lazy\" decoding=\"async\" class=\"alignnone wp-image-629 size-large\" src=\"https:\/\/hydraulic-cylinders.net\/wp-content\/uploads\/2023\/08\/hydraulic-cylinder-product-4-1024x510.webp\" alt=\"\" width=\"1024\" height=\"510\" srcset=\"https:\/\/hydraulic-cylinders.net\/wp-content\/uploads\/2023\/08\/hydraulic-cylinder-product-4-980x488.webp 980w, https:\/\/hydraulic-cylinders.net\/wp-content\/uploads\/2023\/08\/hydraulic-cylinder-product-4-480x239.webp 480w\" sizes=\"(min-width: 0px) and (max-width: 480px) 480px, (min-width: 481px) and (max-width: 980px) 980px, (min-width: 981px) 1024px, 100vw\" \/><\/p>\n<h3>(4) Maling og overfladebehandling<\/h3>\n<p>Med sm\u00e5 og mellemstore cylindriske automatiske vandbaserede malingsbel\u00e6gningslinjer, for at opn\u00e5 automatisk robotp\u00e5fyldning og -afl\u00e6sning samt automatisk spr\u00f8jtning, er den designm\u00e6ssige kapacitet p\u00e5 4000 stykker pr. skift;<br \/>\nVi har ogs\u00e5 en halvautomatisk malingsproduktionslinje til store cylindre drevet af en kabelk\u00e6de med en designkapacitet p\u00e5 60 kasser pr. skift.<\/p>\n<p><img loading=\"lazy\" decoding=\"async\" class=\"alignnone wp-image-630\" src=\"https:\/\/hydraulic-cylinders.net\/wp-content\/uploads\/2023\/08\/hydraulic-cylinder-product-5-300x213.webp\" alt=\"\" width=\"366\" height=\"260\" \/> <img loading=\"lazy\" decoding=\"async\" class=\"alignnone wp-image-631\" src=\"https:\/\/hydraulic-cylinders.net\/wp-content\/uploads\/2023\/08\/hydraulic-cylinder-product-6-300x225.webp\" alt=\"\" width=\"347\" height=\"260\" \/><\/p>\n<h3>(5) Testning<\/h3>\n<p>Vi har f\u00f8rsteklasses inspektionsfaciliteter og testb\u00e6nke for at sikre, at cylinderens ydeevne opfylder kravene.<\/p>\n<p><img loading=\"lazy\" decoding=\"async\" class=\"alignnone wp-image-632\" src=\"https:\/\/hydraulic-cylinders.net\/wp-content\/uploads\/2023\/08\/hydraulic-cylinder-product-8-300x200.webp\" alt=\"\" width=\"389\" height=\"260\" \/><\/p>\n<p>&nbsp;<\/p>\n<p>&nbsp;<\/p>\n<p>Vi er en af \u200b\u200bde bedste producenter af hydrauliske cylindre. Vi kan tilbyde et omfattende udvalg af hydrauliske cylindre. Vi leverer ogs\u00e5 tilsvarende <a href=\"https:\/\/hzpt.com\/agricultural-pto-gearbox\/\" target=\"_blank\" rel=\"noopener\">landbrugsgearkasser<\/a>Vi har eksporteret vores produkter til kunder over hele verden og har opn\u00e5et et godt omd\u00f8mme p\u00e5 grund af vores overlegne produktkvalitet og eftersalgsservice. Vi byder kunder i ind- og udland velkommen til at kontakte os for at forhandle forretninger, udveksle information og <a href=\"https:\/\/www.hydraulic-cylinders.net\/da\/contact-us\/\">samarbejde med os<\/a>!<\/p>","protected":false},"excerpt":{"rendered":"<p>Press Rear Side Shift Cylinder The press rear side shift cylinder is a cutting-edge tool designed to enhance efficiency and precision in pressing operations. With its innovative rear side shifting capability, this cylinder allows for seamless adjustment of workpieces during pressing, ensuring accurate alignment and reducing setup time. The press rear side shift cylinder is [&hellip;]<\/p>","protected":false},"featured_media":1685,"comment_status":"open","ping_status":"closed","template":"","meta":{"_et_pb_use_builder":"","_et_pb_old_content":"","_et_gb_content_width":""},"product_brand":[],"product_cat":[1550,1522,1376],"product_tag":[1380],"class_list":{"0":"post-1682","1":"product","2":"type-product","3":"status-publish","4":"has-post-thumbnail","6":"product_cat-double-acting-hydraulic-cylinder","7":"product_cat-press-hydraulic-cylinders","8":"product_cat-hydraulic-cylinder","9":"product_tag-hydraulic-cylinder","11":"first","12":"instock","13":"shipping-taxable","14":"product-type-simple"},"amp_enabled":true,"_links":{"self":[{"href":"https:\/\/www.hydraulic-cylinders.net\/da\/wp-json\/wp\/v2\/product\/1682","targetHints":{"allow":["GET"]}}],"collection":[{"href":"https:\/\/www.hydraulic-cylinders.net\/da\/wp-json\/wp\/v2\/product"}],"about":[{"href":"https:\/\/www.hydraulic-cylinders.net\/da\/wp-json\/wp\/v2\/types\/product"}],"replies":[{"embeddable":true,"href":"https:\/\/www.hydraulic-cylinders.net\/da\/wp-json\/wp\/v2\/comments?post=1682"}],"wp:featuredmedia":[{"embeddable":true,"href":"https:\/\/www.hydraulic-cylinders.net\/da\/wp-json\/wp\/v2\/media\/1685"}],"wp:attachment":[{"href":"https:\/\/www.hydraulic-cylinders.net\/da\/wp-json\/wp\/v2\/media?parent=1682"}],"wp:term":[{"taxonomy":"product_brand","embeddable":true,"href":"https:\/\/www.hydraulic-cylinders.net\/da\/wp-json\/wp\/v2\/product_brand?post=1682"},{"taxonomy":"product_cat","embeddable":true,"href":"https:\/\/www.hydraulic-cylinders.net\/da\/wp-json\/wp\/v2\/product_cat?post=1682"},{"taxonomy":"product_tag","embeddable":true,"href":"https:\/\/www.hydraulic-cylinders.net\/da\/wp-json\/wp\/v2\/product_tag?post=1682"}],"curies":[{"name":"wp","href":"https:\/\/api.w.org\/{rel}","templated":true}]}}