{"id":16841,"date":"2025-01-21T05:58:26","date_gmt":"2025-01-21T05:58:26","guid":{"rendered":"https:\/\/www.hydraulic-cylinders.net\/product\/arm-cylinder-for-aotai-at80e-9\/"},"modified":"2025-01-21T05:58:30","modified_gmt":"2025-01-21T05:58:30","slug":"arm-cylinder-for-aotai-at80e-9","status":"publish","type":"product","link":"https:\/\/www.hydraulic-cylinders.net\/da\/vare\/arm-cylinder-for-aotai-at80e-9\/","title":{"rendered":"Armcylinder til Aotai AT80E-9"},"content":{"rendered":"<h1>Armcylinder til Aotai AT80E-9<\/h1>\n<h2>Definition og forklaring<\/h2>\n<p>En armcylinder er en specialdesignet hydraulisk cylinder, der giver line\u00e6r bev\u00e6gelse og kraft til armene p\u00e5 forskellige maskiner, s\u00e5som gravemaskiner, kraner og robotarme. Den spiller en afg\u00f8rende rolle i hydrauliske systemer, da den muligg\u00f8r effektiv bev\u00e6gelse og kontrol af ekstra v\u00e6rkt\u00f8j eller udstyr. Disse cylindre muligg\u00f8r ikke kun j\u00e6vn bev\u00e6gelse, men kan ogs\u00e5 modst\u00e5 tunge belastninger, hvilket sikrer effektiv drift og p\u00e5lidelighed af maskineriet under forskellige arbejdsforhold.<\/p>\n<p><img decoding=\"async\" src=\"https:\/\/www.hydraulic-cylinders.net\/wp-content\/uploads\/2025\/01\/songte-company-2.webp\"><\/p>\n<h2>Funktioner<\/h2>\n<ul>\n<li><strong>H\u00f8jeffektiv transmission:<\/strong> Armcylinderen giver kraftig line\u00e6r bev\u00e6gelse og kraft, hvilket sikrer den mekaniske arms h\u00f8je ydeevne i forskellige operationer.<\/li>\n<li><strong>Pr\u00e6cis kontrol:<\/strong> Gennem det hydrauliske system muligg\u00f8r armcylinderen pr\u00e6cis bev\u00e6gelseskontrol, hvilket g\u00f8r betjeningen af \u200b\u200b\u200b\u200btilkoblede v\u00e6rkt\u00f8jer mere fleksibel og pr\u00e6cis.<\/li>\n<li><strong>Holdbarhed:<\/strong> Armcylindre er typisk lavet af h\u00f8jstyrkematerialer, der tilbyder fremragende slid- og korrosionsbestandighed og er velegnede til langvarig brug i barske milj\u00f8er.<\/li>\n<li><strong>Multifunktionel tilpasningsevne:<\/strong> Disse cylindre kan anvendes i vid udstr\u00e6kning i forskellige maskiner, s\u00e5som gravemaskiner, kraner og robotarme, og tilpasses forskellige jobkrav.<\/li>\n<li><strong>Nem vedligeholdelse:<\/strong> Designet af armcylinderen tager h\u00f8jde for nem vedligeholdelse og udskiftning, hvilket g\u00f8r regelm\u00e6ssige inspektioner og service mere bekvemt og reducerer udstyrets nedetid.<\/li>\n<\/ul>\n<p><img decoding=\"async\" src=\"https:\/\/www.hydraulic-cylinders.net\/wp-content\/uploads\/2025\/01\/songte-oil-pipes-and-spare-parts.webp\"><\/p>\n<h2>Applikationer<\/h2>\n<p><em>1. Byggeriteknik:<\/em> I gravemaskiner og kraner styrer armcylinderen bev\u00e6gelsen af \u200b\u200bskovle eller bomme til jordarbejde, materialeh\u00e5ndtering og strukturel installation.<\/p>\n<p><em>2. Fremstillingsindustri:<\/em> I automatiserede produktionslinjer bruges armcylinderen til bev\u00e6gelse af robotarme, udf\u00f8relse af montering, svejsning og materialeh\u00e5ndteringsprocesser for at forbedre effektivitet og pr\u00e6cision.<\/p>\n<p><em>3. Landbrugsmaskiner:<\/em> I landbrugsudstyr s\u00e5som mejet\u00e6rskere og s\u00e5maskiner styrer armcylinderen bev\u00e6gelsen af \u200b\u200b\u200b\u200bbetjeningsarmene til opgaver som s\u00e5ning, g\u00f8dskning og h\u00f8st.<\/p>\n<p><em>4. Minedrift:<\/em> I minedriftsudstyr bruges armcylinderen til at styre armbev\u00e6gelsen af \u200b\u200bminedriftsmaskineri, hvilket letter malmudvinding og transport.<\/p>\n<p><em>5. Logistik og transport:<\/em> I gaffeltrucks og h\u00e5ndteringsrobotter styrer armcylinderen l\u00f8ft og bev\u00e6gelse af gafler, hvilket muligg\u00f8r materialeh\u00e5ndtering og stabling.<\/p>\n<h2>Designovervejelser og udv\u00e6lgelseskriterier<\/h2>\n<ul>\n<li><strong>B\u00e6reevne:<\/strong> Diskussion af armcylinderens evne til at modst\u00e5 forskellige belastninger.<\/li>\n<li><strong>Forsegling:<\/strong> Forklaring af forskellige t\u00e6tningskomponenter, s\u00e5som stempelt\u00e6tninger og stangt\u00e6tninger, lavet af slidst\u00e6rke materialer som polyurethan og nitrilgummi.<\/li>\n<li><strong>Holdbarhed:<\/strong> Beskrivelse af den fine overfladebehandling af cylinderhuset og gevindenderne for at forbedre slidstyrken.<\/li>\n<li><strong>Sikkerhed:<\/strong> Diskussion af sikkerhedshensyn i designet med fremh\u00e6velse af vigtigheden af \u200b\u200bsikkerhedsforanstaltninger ved brug af armcylinderen.<\/li>\n<li><strong>Opretholdelse:<\/strong> Forklaring af kravene til regelm\u00e6ssig sm\u00f8ring og den nemme vedligeholdelse af armcylinderen.<\/li>\n<\/ul>\n<p><img decoding=\"async\" src=\"https:\/\/www.hydraulic-cylinders.net\/wp-content\/uploads\/2025\/01\/songte-cylinder-head-with-all-kinds-excavator-models.webp\"><\/p>\n<h2>Diagnose af fejl og almindelige problemer<\/h2>\n<p>Problemer, der kan opst\u00e5 med armcylinderen, sammen med fejlfindingstips og l\u00f8sninger, der hj\u00e6lper l\u00e6serne med effektivt at diagnosticere og l\u00f8se problemer. Derudover foresl\u00e5s forebyggende foranstaltninger for at minimere potentielle problemer.<\/p>\n<p><img decoding=\"async\" src=\"https:\/\/www.hydraulic-cylinders.net\/wp-content\/uploads\/2025\/01\/songte-chushion-collar.webp\"><\/p>\n<h2>Produktinstallationsvejledning<\/h2>\n<p>En omfattende vejledning i korrekt montering af armcylinderen, der sikrer korrekt funktion og sikkerhed.<\/p>\n<p><img decoding=\"async\" src=\"https:\/\/www.hydraulic-cylinders.net\/wp-content\/uploads\/2025\/01\/songte-bushings-with-all-kinds-of-excavator-models.webp\"><\/p>\n<h2>Sikkerhedshensyn og milj\u00f8faktorer<\/h2>\n<p>En udforskning af sikkerhedsforanstaltninger og vigtigheden af \u200b\u200bat tage hensyn til milj\u00f8faktorer ved brug af armcylinderen.<\/p>\n<h2>Om os<\/h2>\n<p>Vi er en professionel producent af hydrauliske udskiftningscylindre og tilbyder en bred vifte af produkter. Vi er blevet en af \u200b\u200bde f\u00f8rende producenter og grossistdistribut\u00f8rer af hydrauliske cylindre p\u00e5 det indenlandske og internationale marked. Vores engagement i fremragende kvalitet underst\u00f8ttes af strategier for industriel produktionsstyring i vores avancerede produktionsv\u00e6rksted. Vi forbedrer l\u00f8bende vores tekniske ekspertise og produktionseffektivitet gennem introduktion af avanceret digitalt produktionsudstyr og professionelle testsystemer. Med et st\u00e6rkt fokus p\u00e5 innovation sigter vi mod at im\u00f8dekomme vores kunders forskellige behov med principper om effektivitet, pr\u00e6cision og h\u00f8j kvalitet.<\/p>\n<p><img decoding=\"async\" src=\"https:\/\/www.hydraulic-cylinders.net\/wp-content\/uploads\/2025\/01\/songte-company-4.webp\"><br \/>\n<img decoding=\"async\" src=\"https:\/\/www.hydraulic-cylinders.net\/wp-content\/uploads\/2025\/01\/songte-company-3.webp\"><\/p>\n<p><em>Forfatter: lyl<\/em><\/p>","protected":false},"excerpt":{"rendered":"<p>Arm Cylinder For Aotai AT80E-9 Definition and Explanation An arm cylinder is a specially designed hydraulic cylinder that provides linear motion and power to the arms of various machinery, such as excavators, cranes, and robotic arms. It plays a crucial role in hydraulic systems, allowing for the effective movement and control of additional tools or [&hellip;]<\/p>","protected":false},"featured_media":14774,"comment_status":"open","ping_status":"closed","template":"","meta":{"_et_pb_use_builder":"","_et_pb_old_content":"","_et_gb_content_width":""},"product_brand":[],"product_cat":[1497],"product_tag":[1498,1496],"class_list":{"0":"post-16841","1":"product","2":"type-product","3":"status-publish","4":"has-post-thumbnail","6":"product_cat-arm-cylinders","7":"product_tag-arm-cylinders","8":"product_tag-hydraulic-cylinders","10":"first","11":"instock","12":"shipping-taxable","13":"product-type-simple"},"amp_enabled":true,"_links":{"self":[{"href":"https:\/\/www.hydraulic-cylinders.net\/da\/wp-json\/wp\/v2\/product\/16841","targetHints":{"allow":["GET"]}}],"collection":[{"href":"https:\/\/www.hydraulic-cylinders.net\/da\/wp-json\/wp\/v2\/product"}],"about":[{"href":"https:\/\/www.hydraulic-cylinders.net\/da\/wp-json\/wp\/v2\/types\/product"}],"replies":[{"embeddable":true,"href":"https:\/\/www.hydraulic-cylinders.net\/da\/wp-json\/wp\/v2\/comments?post=16841"}],"wp:featuredmedia":[{"embeddable":true,"href":"https:\/\/www.hydraulic-cylinders.net\/da\/wp-json\/wp\/v2\/media\/14774"}],"wp:attachment":[{"href":"https:\/\/www.hydraulic-cylinders.net\/da\/wp-json\/wp\/v2\/media?parent=16841"}],"wp:term":[{"taxonomy":"product_brand","embeddable":true,"href":"https:\/\/www.hydraulic-cylinders.net\/da\/wp-json\/wp\/v2\/product_brand?post=16841"},{"taxonomy":"product_cat","embeddable":true,"href":"https:\/\/www.hydraulic-cylinders.net\/da\/wp-json\/wp\/v2\/product_cat?post=16841"},{"taxonomy":"product_tag","embeddable":true,"href":"https:\/\/www.hydraulic-cylinders.net\/da\/wp-json\/wp\/v2\/product_tag?post=16841"}],"curies":[{"name":"wp","href":"https:\/\/api.w.org\/{rel}","templated":true}]}}