{"id":16858,"date":"2025-01-21T06:08:30","date_gmt":"2025-01-21T06:08:30","guid":{"rendered":"https:\/\/www.hydraulic-cylinders.net\/product\/arm-cylinder-for-bonny-ce1000-7\/"},"modified":"2025-01-21T06:08:32","modified_gmt":"2025-01-21T06:08:32","slug":"arm-cylinder-for-bonny-ce1000-7","status":"publish","type":"product","link":"https:\/\/www.hydraulic-cylinders.net\/da\/vare\/arm-cylinder-for-bonny-ce1000-7\/","title":{"rendered":"Armcylinder til Bonny CE1000-7"},"content":{"rendered":"<h1>Armcylinder til Bonny CE1000-7<\/h1>\n<h2>Produktoversigt<\/h2>\n<p>Armcylinderen er en specialiseret hydraulisk cylinder, der er designet til at give line\u00e6r bev\u00e6gelse og kraft til arme p\u00e5 forskellige maskiner s\u00e5som gravemaskiner, kraner og mekaniske arme. Den spiller en afg\u00f8rende rolle i hydrauliske systemer, da den muligg\u00f8r effektiv bev\u00e6gelse og kontrol af redskaber og tilbeh\u00f8r. Disse cylindre giver ikke kun j\u00e6vn bev\u00e6gelse, men kan ogs\u00e5 modst\u00e5 tunge belastninger, hvilket sikrer effektiv drift og p\u00e5lidelighed af maskineriet under forskellige driftsforhold.<\/p>\n<p><img decoding=\"async\" src=\"https:\/\/www.hydraulic-cylinders.net\/wp-content\/uploads\/2025\/01\/songte-company-2.webp\" alt=\"Armcylinderbillede\" \/><\/p>\n<h2>Produktfunktioner<\/h2>\n<ul>\n<li>\n<h3>H\u00f8jeffektiv transmission<\/h3>\n<p>Armcylinderen giver st\u00e6rk line\u00e6r bev\u00e6gelse og kraft, hvilket sikrer h\u00f8j effektivitet i forskellige operationer af den mekaniske arm.<\/p>\n<\/li>\n<li>\n<h3>Pr\u00e6cisionskontrol<\/h3>\n<p>Gennem det hydrauliske system kan armcylinderen opn\u00e5 pr\u00e6cis bev\u00e6gelseskontrol, hvilket g\u00f8r betjeningen af \u200b\u200b\u200b\u200bredskabet mere fleksibel og pr\u00e6cis.<\/p>\n<\/li>\n<li>\n<h3>St\u00e6rk holdbarhed<\/h3>\n<p>Armcylinderen er normalt lavet af h\u00f8jstyrkematerialer, som har god slidstyrke og korrosionsbestandighed, egnet til langvarig brug i barske milj\u00f8er.<\/p>\n<\/li>\n<li>\n<h3>Multifunktionel tilpasningsevne<\/h3>\n<p>Disse cylindre kan anvendes i vid udstr\u00e6kning i forskellige mekaniske udstyr s\u00e5som gravemaskiner, kraner og mekaniske arme, og tilpasser sig forskellige arbejdsbehov.<\/p>\n<\/li>\n<li>\n<h3>Nem vedligeholdelse<\/h3>\n<p>Der tages hensyn til designm\u00e6ssige foranstaltninger for at lette vedligeholdelse og udskiftning, hvilket g\u00f8r regelm\u00e6ssig inspektion og vedligeholdelse mere bekvem og reducerer nedetid p\u00e5 udstyret.<\/p>\n<\/li>\n<\/ul>\n<p>Vi kan producere dette produkt, og det kan perfekt erstatte disse hydrauliske cylindre.<\/p>\n<p><img decoding=\"async\" src=\"https:\/\/www.hydraulic-cylinders.net\/wp-content\/uploads\/2025\/01\/songte-oil-pipes-and-spare-parts.webp\" alt=\"Billede af hydrauliske cylinderdele\" \/><\/p>\n<h2>Applikationer<\/h2>\n<p>Armcylinderen bruges i vid udstr\u00e6kning i forskellige brancher, s\u00e5som:<\/p>\n<ul>\n<li>\n<h3>Byggeri og ingeni\u00f8rarbejde<\/h3>\n<p>Anvendes i gravemaskiner og kraner til at styre bev\u00e6gelsen af \u200b\u200b\u200b\u200bskovlen eller bommen, udf\u00f8re jordarbejde, materialeh\u00e5ndtering og montering af strukturer.<\/p>\n<\/li>\n<li>\n<h3>Fremstillingsindustri<\/h3>\n<p>Anvendes i automatiserede produktionslinjer til at styre bev\u00e6gelsen af \u200b\u200bmekaniske arme, udf\u00f8re monterings-, svejsnings- og h\u00e5ndteringsprocesser, hvilket forbedrer produktionseffektivitet og n\u00f8jagtighed.<\/p>\n<\/li>\n<li>\n<h3>Landbrugsmaskiner<\/h3>\n<p>Anvendes i landbrugsmaskiner s\u00e5som mejet\u00e6rskere og plantemaskiner til at styre bev\u00e6gelsen af \u200b\u200b\u200b\u200barmens bev\u00e6gelse og udf\u00f8re opgaver som plantning, g\u00f8dskning og h\u00f8st.<\/p>\n<\/li>\n<li>\n<h3>Minedrift<\/h3>\n<p>Bruges i minedriftsudstyr til at styre bev\u00e6gelsen af \u200b\u200bminedriftsudstyrets arm, udf\u00f8re malmminedrift og transport.<\/p>\n<\/li>\n<li>\n<h3>Logistik og transport<\/h3>\n<p>Anvendes i gaffeltrucks og h\u00e5ndteringsrobotter til at styre l\u00f8ft og bev\u00e6gelse af gaflerne, hvilket muligg\u00f8r materialeh\u00e5ndtering og stabling.<\/p>\n<\/li>\n<\/ul>\n<h2>Designovervejelser og udv\u00e6lgelseskriterier<\/h2>\n<p>Designovervejelser for armcylindre omfatter b\u00e6reevne, t\u00e6tning, holdbarhed, sikkerhed og vedligeholdelsesvenlighed.<\/p>\n<ul>\n<li>\n<h3>B\u00e6reevne<\/h3>\n<p>Armcylinderens b\u00e6reevne skal kunne modst\u00e5 den maksimale belastning fra den mekaniske arm under drift.<\/p>\n<\/li>\n<li>\n<h3>Forsegling<\/h3>\n<p>Armcylinderen bruger forskellige t\u00e6tningselementer s\u00e5som stempelt\u00e6tninger, stangt\u00e6tninger osv., som er lavet af slidst\u00e6rke materialer som polyurethan og nitrilgummi, og cylinderhuset og gevindsk\u00e5rne endeflader er fint forarbejdet for at forbedre slidstyrken.<\/p>\n<\/li>\n<li>\n<h3>Holdbarhed<\/h3>\n<p>Armcylinderen b\u00f8r fremstilles af h\u00f8jstyrkematerialer for at forbedre slidstyrken, korrosionsbestandigheden og sikre langvarig brug i barske milj\u00f8er.<\/p>\n<\/li>\n<li>\n<h3>Sikkerhed<\/h3>\n<p>Armcylinderen skal v\u00e6re udstyret med sikkerhedsventiler og andre beskyttelsesanordninger for at forhindre overbelastning og sikre sikker drift.<\/p>\n<\/li>\n<li>\n<h3>Vedligeholdelsesevne<\/h3>\n<p>Armcylinderens design skal v\u00e6re nemt at vedligeholde og udskifte, hvilket g\u00f8r regelm\u00e6ssig inspektion og vedligeholdelse mere bekvem og reducerer udstyrets nedetid.<\/p>\n<\/li>\n<\/ul>\n<p><img decoding=\"async\" src=\"https:\/\/www.hydraulic-cylinders.net\/wp-content\/uploads\/2025\/01\/songte-cylinder-head-with-all-kinds-excavator-models.webp\" alt=\"Billede af topstykke\" \/><\/p>\n<h2>T\u00e6tning og sm\u00f8ring<\/h2>\n<p>Armcylinderen bruger forskellige t\u00e6tningselementer s\u00e5som stempelt\u00e6tninger, stangt\u00e6tninger osv., som er lavet af slidst\u00e6rke materialer som polyurethan og nitrilgummi. Cylinderhuset og gevindfladerne er fint forarbejdet for at forbedre slidstyrken. Det er n\u00f8dvendigt regelm\u00e6ssigt at tils\u00e6tte passende hydraulikolie til sm\u00f8ring.<\/p>\n<h2>Periodisk inspektion og forebyggende vedligeholdelsesforanstaltninger<\/h2>\n<ul>\n<li>\n<p>Kontroller regelm\u00e6ssigt armcylinderens t\u00e6tningsevne og slidtilstanden p\u00e5 stempelstangen og cylinderforingen.<\/p>\n<\/li>\n<li>\n<p>Reng\u00f8r armcylinderen regelm\u00e6ssigt og fjern urenheder og aflejringer s\u00e5som st\u00f8v og oliepletter.<\/p>\n<\/li>\n<li>\n<p>Kontroller det hydrauliske systems arbejdstryk, og juster det til det passende omr\u00e5de.<\/p>\n<\/li>\n<li>\n<p>Udskift alle slidte eller beskadigede dele rettidigt.<\/p>\n<\/li>\n<\/ul>\n<h2>Installationsvejledning<\/h2>\n<p>F\u00f8r installation er det n\u00f8dvendigt at reng\u00f8re det hydrauliske system og kontrollere n\u00f8jagtigheden af \u200b\u200bcylinder, pakning og stempelstang. V\u00e6r opm\u00e6rksom p\u00e5 cylinderens retning og position under installationen. Start det hydrauliske system, og kontroller cylinderens ydeevne og l\u00e6kage.<\/p>\n<p><img decoding=\"async\" src=\"https:\/\/www.hydraulic-cylinders.net\/wp-content\/uploads\/2025\/01\/songte-bushings-with-all-kinds-of-excavator-models.webp\" alt=\"B\u00f8sninger Billede\" \/><\/p>\n<h2>Sikkerhedshensyn og milj\u00f8faktorer<\/h2>\n<p>N\u00e5r armcylinderen anvendes, er det n\u00f8dvendigt n\u00f8je at f\u00f8lge driftsprocedurerne og sikkerhedsinstruktionerne for at forhindre ulykker. S\u00f8rg for, at det hydrauliske system har tilstr\u00e6kkeligt tryk og flow, og at hydraulikolien er ren og fri for urenheder. V\u00e6r opm\u00e6rksom p\u00e5 milj\u00f8faktorer som temperatur og fugtighed, og undg\u00e5 brug i ekstreme milj\u00f8er.<\/p>\n<h2>Fejlfinding og almindelige problemer<\/h2>\n<ul>\n<li>\n<p>Unormal st\u00f8j: Kontroller om cylinderen er beskadiget, om hydraulikolien er ren, og om trykket er normalt.<\/p>\n<\/li>\n<li>\n<p>Langsom bev\u00e6gelse: Kontroller om hydraulikolien er for tyktflydende eller snavset, og om trykket er normalt.<\/p>\n<\/li>\n<li>\n<p>L\u00e6kage: Kontroller cylinderens t\u00e6tningsevne og om hydraulikolien er ren.<\/p>\n<\/li>\n<li>\n<p>Utilstr\u00e6kkelig udgangskraft: Kontroller om det hydrauliske system har tilstr\u00e6kkeligt tryk og flow.<\/p>\n<\/li>\n<\/ul>\n<p>Ved fejlfinding er det n\u00f8dvendigt at f\u00f8lge producentens anvisninger og bruge passende v\u00e6rkt\u00f8j og metoder. Som forebyggende foranstaltninger er det n\u00f8dvendigt regelm\u00e6ssigt at kontrollere og vedligeholde armcylinderen og hydrauliksystemet samt at udskifte slidte eller beskadigede dele rettidigt.<\/p>\n<p><img decoding=\"async\" src=\"https:\/\/www.hydraulic-cylinders.net\/wp-content\/uploads\/2025\/01\/songte-chushion-collar.webp\" alt=\"Billede af pudekrave\" \/><\/p>\n<h2>Om os<\/h2>\n<p>Vi er en professionel producent af hydrauliske udskiftningscylindre med en bred vifte af produkter. Vi er blevet en af \u200b\u200bde f\u00f8rende producenter og grossister af hydrauliske cylindre p\u00e5 det indenlandske og internationale marked. Vi overholder altid princippet om fremragende kvalitet, idet vi er afh\u00e6ngige af den industrialiserede produktionsstyringsstrategi fra det raffinerede produktionsv\u00e6rksted og l\u00f8bende forbedrer vores teknologiske niveau og produktionseffektivitet. Gennem introduktionen af \u200b\u200bavanceret digitalt produktionsudstyr og professionelle testsystemer optimerer vi produktionsplatformen, forbedrer produktkvalitetskontrolprocessen og har st\u00e6rke innovative kapaciteter. Vores m\u00e5l er at im\u00f8dekomme kundernes forskellige behov med principper for h\u00f8j effektivitet, pr\u00e6cision og h\u00f8j kvalitet.<\/p>\n<p><img decoding=\"async\" src=\"https:\/\/www.hydraulic-cylinders.net\/wp-content\/uploads\/2025\/01\/songte-company-4.webp\" alt=\"Virksomhedens image\" \/><\/p>\n<h2>Vores specialiteter<\/h2>\n<ul>\n<li>\n<p>Professionalitet: Vi har et team af professionelle med stor erfaring inden for produktion og vedligeholdelse af hydrauliske cylindre, der tilbyder kunderne professionelle og effektive tjenester.<\/p>\n<\/li>\n<li>\n<p>International certificering: Vores produkter har best\u00e5et ISO9001 international kvalitetsstyringssystemcertificering og CE-certificering, hvilket sikrer produktkvalitet og -sikkerhed.<\/p>\n<\/li>\n<li>\n<p>Tilpasningstjenester: Vi tilbyder tilpassede tjenester efter kundens behov, herunder cylinderst\u00f8rrelse, stempelstangl\u00e6ngde og andre specifikationer.<\/p>\n<\/li>\n<li>\n<p>Produktionsudstyr: Vi har avanceret produktionsudstyr s\u00e5som CNC-drejeb\u00e6nke, pr\u00e6cisionsfr\u00e6semaskiner og h\u00f8jpr\u00e6cisionsslibemaskiner.<\/p>\n<\/li>\n<li>\n<p>Eftersalgsservice: Vi tilbyder omfattende eftersalgsservice s\u00e5som installationsvejledning, vedligeholdelse og reparation for at sikre kundetilfredshed.<\/p>\n<\/li>\n<\/ul>\n<p><img decoding=\"async\" src=\"https:\/\/www.hydraulic-cylinders.net\/wp-content\/uploads\/2025\/01\/songte-company-3.webp\" alt=\"Virksomhedens image\" \/><\/p>\n<p>Forfatter: lyl.<\/p>","protected":false},"excerpt":{"rendered":"<p>Arm Cylinder For Bonny CE1000-7 Product Overview The arm cylinder is a specialized hydraulic cylinder designed to provide linear motion and power to arms of various machinery such as excavators, cranes, and mechanical arms. It plays a crucial role in hydraulic systems, enabling the effective movement and control of attachments and accessories. These cylinders not [&hellip;]<\/p>","protected":false},"featured_media":14786,"comment_status":"open","ping_status":"closed","template":"","meta":{"_et_pb_use_builder":"","_et_pb_old_content":"","_et_gb_content_width":""},"product_brand":[],"product_cat":[1497],"product_tag":[1498,1496],"class_list":{"0":"post-16858","1":"product","2":"type-product","3":"status-publish","4":"has-post-thumbnail","6":"product_cat-arm-cylinders","7":"product_tag-arm-cylinders","8":"product_tag-hydraulic-cylinders","10":"first","11":"instock","12":"shipping-taxable","13":"product-type-simple"},"amp_enabled":true,"_links":{"self":[{"href":"https:\/\/www.hydraulic-cylinders.net\/da\/wp-json\/wp\/v2\/product\/16858","targetHints":{"allow":["GET"]}}],"collection":[{"href":"https:\/\/www.hydraulic-cylinders.net\/da\/wp-json\/wp\/v2\/product"}],"about":[{"href":"https:\/\/www.hydraulic-cylinders.net\/da\/wp-json\/wp\/v2\/types\/product"}],"replies":[{"embeddable":true,"href":"https:\/\/www.hydraulic-cylinders.net\/da\/wp-json\/wp\/v2\/comments?post=16858"}],"wp:featuredmedia":[{"embeddable":true,"href":"https:\/\/www.hydraulic-cylinders.net\/da\/wp-json\/wp\/v2\/media\/14786"}],"wp:attachment":[{"href":"https:\/\/www.hydraulic-cylinders.net\/da\/wp-json\/wp\/v2\/media?parent=16858"}],"wp:term":[{"taxonomy":"product_brand","embeddable":true,"href":"https:\/\/www.hydraulic-cylinders.net\/da\/wp-json\/wp\/v2\/product_brand?post=16858"},{"taxonomy":"product_cat","embeddable":true,"href":"https:\/\/www.hydraulic-cylinders.net\/da\/wp-json\/wp\/v2\/product_cat?post=16858"},{"taxonomy":"product_tag","embeddable":true,"href":"https:\/\/www.hydraulic-cylinders.net\/da\/wp-json\/wp\/v2\/product_tag?post=16858"}],"curies":[{"name":"wp","href":"https:\/\/api.w.org\/{rel}","templated":true}]}}