{"id":1686,"date":"2023-10-11T06:24:34","date_gmt":"2023-10-11T06:24:34","guid":{"rendered":"https:\/\/hydraulic-cylinders.net\/?post_type=product&#038;p=1686"},"modified":"2025-04-11T02:55:27","modified_gmt":"2025-04-11T02:55:27","slug":"filter-press-cylinder","status":"publish","type":"product","link":"https:\/\/www.hydraulic-cylinders.net\/da\/vare\/filter-press-cylinder\/","title":{"rendered":"Filterpressecylinder"},"content":{"rendered":"<h1 style=\"text-align: center;\"><strong>Filterpressecylinder<\/strong><\/h1>\n<p><img loading=\"lazy\" decoding=\"async\" class=\"wp-image-1687 aligncenter\" src=\"https:\/\/hydraulic-cylinders.net\/wp-content\/uploads\/2023\/10\/filter-press-cylinder-2-300x300.webp\" alt=\"\" width=\"400\" height=\"400\" \/><\/p>\n<p>Filterpressecylinderen er et yderst effektivt v\u00e6rkt\u00f8j designet til at optimere filtreringseffektivitet og -ydeevne i forskellige industrielle anvendelser. Med sin robuste konstruktion og avancerede funktioner er denne cylinder afg\u00f8rende for at adskille faste stoffer fra v\u00e6sker og dermed sikre overlegne filtreringsresultater.<\/p>\n<p>Filterpressecylinderen er afg\u00f8rende for at opn\u00e5 effektiv og h\u00f8jtydende filtrering. Med sin holdbare konstruktion, effektive filtreringskapacitet, alsidige kompatibilitet og tilpasningsmuligheder leverer denne cylinder exceptionelle resultater i forskellige industrielle anvendelser. Ved at f\u00f8lge de anbefalede brugsmetoder og vedligeholdelsespraksis kan du maksimere filterpressecylinderens ydeevne, levetid og p\u00e5lidelighed i dine filtreringsprocesser. Denne avancerede og p\u00e5lidelige cylinder vil \u00f8ge din filtreringseffektivitet og opn\u00e5 overlegne resultater.<\/p>\n<p>Filterpresse Cylinder N\u00f8gleegenskaber:<\/p>\n<ol>\n<li>H\u00f8jkvalitetskonstruktion:\n<ul>\n<li>Filterpressecylinderen er omhyggeligt fremstillet af materialer af h\u00f8j kvalitet, hvilket sikrer holdbarhed og lang levetid.<\/li>\n<li>Dens robuste konstruktion g\u00f8r den i stand til at modst\u00e5 de kr\u00e6vende forhold i forbindelse med filtrering og leverer p\u00e5lidelig ydeevne.<\/li>\n<\/ul>\n<\/li>\n<li>Effektiv filtrering:\n<ul>\n<li>Denne cylinder er konstrueret til at give effektiv og pr\u00e6cis filtrering ved effektivt at adskille faste stoffer fra v\u00e6sker.<\/li>\n<li>Filterpressecylinderen optimerer filtreringen og producerer renere filtrat af h\u00f8jere kvalitet.<\/li>\n<\/ul>\n<\/li>\n<li>Alsidig kompatibilitet:\n<ul>\n<li>Cylinderen er designet til at v\u00e6re kompatibel med forskellige filterpressesystemer, hvilket g\u00f8r den tilpasningsdygtig til forskellige industrielle filtreringsops\u00e6tninger.<\/li>\n<li>Dens alsidighed muligg\u00f8r problemfri integration i eksisterende filtreringsprocesser, hvilket forbedrer den samlede effektivitet.<\/li>\n<\/ul>\n<\/li>\n<li>Tilpassede muligheder:\n<ul>\n<li>Filterpressecylinderen tilbyder brugerdefinerede muligheder for at im\u00f8dekomme specifikke filtreringskrav.<\/li>\n<li>Tilpas cylinderens specifikationer, s\u00e5som st\u00f8rrelse, filtreringskapacitet og trykklassificering, for at im\u00f8dekomme de unikke behov i din filtreringsapplikation.<\/li>\n<\/ul>\n<\/li>\n<\/ol>\n<h2><strong>Parameter for filterpressecylinder:<\/strong><\/h2>\n<table border=\"1\" cellspacing=\"0\" cellpadding=\"0\">\n<tbody>\n<tr>\n<td>Produktnavn<\/td>\n<td>Hydraulisk cylinder til filterpresse<\/td>\n<\/tr>\n<tr>\n<td>Funktioner:<\/td>\n<td>Giv tryk\/tryk p\u00e5 trykpladen for at komprimere\/tr\u00e6ktryk for at komprimere trykpladen<\/td>\n<\/tr>\n<tr>\n<td>Borediameter:<\/td>\n<td>160 mm ~ 580 mm<\/td>\n<\/tr>\n<tr>\n<td>Stangdiameter:<\/td>\n<td>110 mm\uff5e410 mm<br \/>\nSlagl\u00e6ngde \u22642600 mm<\/td>\n<\/tr>\n<tr>\n<td>Trykkraft:<\/td>\n<td>Maksimum 11889 KN<br \/>\n(Cylinderdiameter 580 mm\/tryk 45 MPa)<\/td>\n<\/tr>\n<tr>\n<td>Anvendelser af filterpressecylinder:<\/td>\n<td>Filterpresse<\/td>\n<\/tr>\n<\/tbody>\n<\/table>\n<div><\/div>\n<div class=\"txtboxR\">\n<div class=\"txtboxL\">Funktioner:<\/div>\n<div class=\"txtboxR\">Giv tryk\/tryk p\u00e5 trykpladen for at komprimere\/tr\u00e6ktryk for at komprimere trykpladen<\/div>\n<div class=\"txtboxL\">Specifikation:<\/div>\n<div class=\"txtboxR\">Borediameter: 160 mm ~ 580 mm<br \/>\nStangdiameter: 110 mm ~ 410 mm<br \/>\nSlagl\u00e6ngde \u22642600 mm<\/div>\n<div class=\"txtboxL\">Trykkraft:<\/div>\n<div class=\"txtboxR\">Maksimum 11889 KN<br \/>\n(Cylinderdiameter 580 mm\/tryk 45 MPa)<\/div>\n<\/div>\n<h2><strong>Pressecylinderfabrik:<\/strong><\/h2>\n<p><img loading=\"lazy\" decoding=\"async\" class=\"alignnone wp-image-1619 size-full\" src=\"https:\/\/hydraulic-cylinders.net\/wp-content\/uploads\/2023\/10\/press-cylinder.webp\" alt=\"\" width=\"1418\" height=\"946\" srcset=\"https:\/\/hydraulic-cylinders.net\/wp-content\/uploads\/2023\/10\/press-cylinder.webp 1418w, https:\/\/hydraulic-cylinders.net\/wp-content\/uploads\/2023\/10\/press-cylinder-1280x854.webp 1280w, https:\/\/hydraulic-cylinders.net\/wp-content\/uploads\/2023\/10\/press-cylinder-980x654.webp 980w, https:\/\/hydraulic-cylinders.net\/wp-content\/uploads\/2023\/10\/press-cylinder-480x320.webp 480w\" sizes=\"(min-width: 0px) and (max-width: 480px) 480px, (min-width: 481px) and (max-width: 980px) 980px, (min-width: 981px) and (max-width: 1280px) 1280px, (min-width: 1281px) 1418px, 100vw\" \/><\/p>\n<h2><strong>Brugsmetode for filterpressecylinder<\/strong><strong>:<\/strong><\/h2>\n<ul>\n<li><strong>Installation:<\/strong>\n<ul>\n<li>Start med at sikre, at filterpressesystemet er korrekt konfigureret og klar til installation.<\/li>\n<li>Placer forsigtigt filterpressecylinderen inden for det angivne monteringsomr\u00e5de p\u00e5 filterpressens ramme.<\/li>\n<li>Fastg\u00f8r cylinderen forsvarligt med passende bolte eller klemmer, hvilket sikrer en stabil og p\u00e5lidelig forbindelse.<\/li>\n<\/ul>\n<\/li>\n<li><strong>Tilslutning og forsegling:<\/strong>\n<ul>\n<li>Tilslut filterpressecylinderen til filterpressemaskinens hydrauliske system.<\/li>\n<li>Kontroller, at alle hydrauliske forbindelser er sikre og l\u00e6kagefri.<\/li>\n<li>Forsegl cylinderen korrekt for at forhindre bypass eller l\u00e6kage under filtrering.<\/li>\n<\/ul>\n<\/li>\n<li><strong>Justering af filtreringsparametre:<\/strong>\n<ul>\n<li>G\u00f8r dig bekendt med de filtreringsparametre, der kr\u00e6ves til din specifikke anvendelse.<\/li>\n<li>Juster filtreringsparametrene, s\u00e5som tryk, temperatur og varighed, i henhold til filtreringsprocessens krav.<\/li>\n<li>S\u00f8rg for, at filterpressecylinderen kan h\u00e5ndtere de specificerede parametre uden at g\u00e5 p\u00e5 kompromis med integriteten.<\/li>\n<\/ul>\n<\/li>\n<li><strong>Start af filtrering:<\/strong>\n<ul>\n<li>Aktiver filterpressemaskinen for at starte filtreringsprocessen.<\/li>\n<li>Filterpressecylinderen vil p\u00e5f\u00f8re tryk p\u00e5 filterpladerne, hvilket fremmer separationen af \u200b\u200bfaste stoffer fra v\u00e6sken.<\/li>\n<li>Overv\u00e5g filtreringsprocessen n\u00f8je for at sikre optimal ydeevne, og juster parametrene efter behov.<\/li>\n<\/ul>\n<\/li>\n<\/ul>\n<h2><strong>Hvordan ompakker man en hydraulisk cylinder?<\/strong><\/h2>\n<p>Ompakning af en hydraulisk cylinder indeb\u00e6rer udskiftning af t\u00e6tningerne i cylinderen for at genoprette dens ydeevne og forhindre l\u00e6kage. Her er en trinvis vejledning i, hvordan man ompakker en hydraulisk cylinder:<\/p>\n<ol>\n<li><strong>Saml n\u00f8dvendige v\u00e6rkt\u00f8jer og materialer:<\/strong>\n<ul>\n<li>Sikkerhedsbriller og handsker<\/li>\n<li>Skruen\u00f8gler eller topn\u00f8gles\u00e6t<\/li>\n<li>Pakningss\u00e6t (inklusive nye pakninger og O-ringe)<\/li>\n<li>Reng\u00f8ringsmiddel eller hydraulikolie<\/li>\n<li>Klude eller h\u00e5ndkl\u00e6der<\/li>\n<\/ul>\n<\/li>\n<li><strong>Forbered arbejdsomr\u00e5det:<\/strong>\n<ul>\n<li>S\u00f8rg for at du har et rent og godt oplyst arbejdsomr\u00e5de til at skille hydraulikcylinderen ad og samle den igen.<\/li>\n<li>L\u00e6g et beskyttende lag ned for at opsamle eventuelle spild eller snavs.<\/li>\n<\/ul>\n<\/li>\n<li><strong>Frig\u00f8r hydraulisk tryk:<\/strong>\n<ul>\n<li>Sluk for hydrauliksystemet, og aflast trykket i cylinderen ved at aktivere reguleringsventilen eller fjerne hydraulikslangen.<\/li>\n<li>Aktiver eventuelle sikkerhedsl\u00e5se eller -blokke for at forhindre utilsigtet bev\u00e6gelse af cylinderen under ompakningsprocessen.<\/li>\n<\/ul>\n<\/li>\n<li><strong>Fjern cylinderen:<\/strong>\n<ul>\n<li>Afmonter den hydrauliske cylinder fra udstyret eller maskineriet ved hj\u00e6lp af passende skruen\u00f8gler eller et topn\u00f8gles\u00e6t.<\/li>\n<li>V\u00e6r opm\u00e6rksom p\u00e5 cylinderens retning og position for at sikre korrekt geninstallation.<\/li>\n<\/ul>\n<\/li>\n<li><strong>Afmonter cylinderen:<\/strong>\n<ul>\n<li>Fjern forsigtigt cylinderens ended\u00e6ksler eller fastholdelsesbolte for at f\u00e5 adgang til stemplet og pakningerne.<\/li>\n<li>V\u00e6r opm\u00e6rksom p\u00e5 r\u00e6kkef\u00f8lgen og placeringen af \u200b\u200bkomponenterne, n\u00e5r du adskiller cylinderen.<\/li>\n<\/ul>\n<\/li>\n<li><strong>Reng\u00f8r cylinderen:<\/strong>\n<ul>\n<li>Reng\u00f8r alle cylinderkomponenter med et reng\u00f8ringsmiddel eller hydraulikolie, inklusive stempel, cylinderboring og ended\u00e6ksler.<\/li>\n<li>T\u00f8r snavs, rester eller gammelt sm\u00f8remiddel af overfladerne med klude eller h\u00e5ndkl\u00e6der.<\/li>\n<\/ul>\n<\/li>\n<li><strong>Fjern gamle pakninger:<\/strong>\n<ul>\n<li>Identific\u00e9r de pakninger, der skal udskiftes, og fjern dem forsigtigt fra stemplet og cylinderboringen.<\/li>\n<li>Brug en pakningsspids eller en lille skruetr\u00e6kker til forsigtigt at lirke pakningerne ud, og pas p\u00e5 ikke at beskadige cylinder- eller stempeloverfladerne.<\/li>\n<\/ul>\n<\/li>\n<li><strong>Installer nye pakninger:<\/strong>\n<ul>\n<li>Tag de nye pakninger fra pakningss\u00e6ttet, og sm\u00f8r dem med et tyndt lag hydraulikolie.<\/li>\n<li>S\u00e6t forsigtigt de nye pakninger ind i deres riller p\u00e5 stemplet og cylinderboringen.<\/li>\n<li>S\u00f8rg for, at pakningerne sidder korrekt og er justeret.<\/li>\n<\/ul>\n<\/li>\n<li><strong>Saml cylinderen igen:<\/strong>\n<ul>\n<li>Saml cylinderen igen i omvendt r\u00e6kkef\u00f8lge af adskillelsen, og f\u00f8lg producentens anvisninger, hvis tilg\u00e6ngelige.<\/li>\n<li>Sp\u00e6nd fastholdelsesboltene eller endekapperne forsvarligt, og s\u00f8rg for korrekt justering og momentspecifikationer.<\/li>\n<\/ul>\n<\/li>\n<li><strong>Test og tjek for l\u00e6kager:<\/strong><\/li>\n<\/ol>\n<ul>\n<li>Tilslut den hydrauliske cylinder til udstyret eller maskinen igen.<\/li>\n<li>Tryk langsomt det hydrauliske system op, og aktiver cylinderen for at kontrollere for l\u00e6kager eller unormal drift.<\/li>\n<li>Unders\u00f8g alle forbindelser og t\u00e6tninger for tegn p\u00e5 l\u00e6kage.<\/li>\n<\/ul>\n<ol start=\"11\">\n<li><strong>Genintegrer cylinderen:<\/strong>\n<ul>\n<li>N\u00e5r du har bekr\u00e6ftet, at den ompakkede cylinder fungerer korrekt og uden l\u00e6kager, skal du geninstallere den i udstyret eller maskinen.<\/li>\n<li>S\u00f8rg for, at cylinderen er korrekt justeret og forsvarligt fastgjort.<\/li>\n<\/ul>\n<\/li>\n<\/ol>\n<h2><strong>Fabrikkens kapacitet og kapacitet:<\/strong><\/h2>\n<h3>(1) Samling<\/h3>\n<p>Vi har en f\u00f8rsteklasses uafh\u00e6ngig forsknings- og udviklingsplatform til montering. V\u00e6rkstedet for produktion af hydrauliske cylindre har fire halvautomatiske l\u00f8ftecylindermonteringslinjer og en automatisk vippecylindermonteringslinje med en designm\u00e6ssig \u00e5rlig produktionskapacitet p\u00e5 1 million enheder. Det specielle cylinderv\u00e6rksted er udstyret med forskellige specifikationer for et halvautomatisk reng\u00f8ringsmonteringssystem med en designm\u00e6ssig \u00e5rlig produktionskapacitet p\u00e5 200.000 og udstyret med ber\u00f8mt CNC-bearbejdningsudstyr, et bearbejdningscenter, et specialudstyr til h\u00f8jpr\u00e6cisionscylinderbearbejdning, en robotsvejsemaskine, en automatisk reng\u00f8ringsmaskine, en automatisk cylindermonteringsmaskine og en automatisk malingslinje. Eksisterende kritisk udstyr p\u00e5 mere end 300 s\u00e6t (s\u00e6t). Optimal allokering og effektiv udnyttelse af udstyrsressourcer sikrer produkternes n\u00f8jagtighedskrav og opfylder produkternes h\u00f8je kvalitetsbehov.<\/p>\n<p><img loading=\"lazy\" decoding=\"async\" class=\"alignnone wp-image-626\" src=\"https:\/\/hydraulic-cylinders.net\/wp-content\/uploads\/2023\/08\/hydraulic-cylinder-product-1-300x158.webp\" alt=\"\" width=\"495\" height=\"260\" srcset=\"https:\/\/hydraulic-cylinders.net\/wp-content\/uploads\/2023\/08\/hydraulic-cylinder-product-1-300x158.webp 495w, https:\/\/hydraulic-cylinders.net\/wp-content\/uploads\/2023\/08\/hydraulic-cylinder-product-1-480x252.webp 480w\" sizes=\"(min-width: 0px) and (max-width: 480px) 480px, (min-width: 481px) 495px, 100vw\" \/> <img loading=\"lazy\" decoding=\"async\" class=\"alignnone wp-image-627\" src=\"https:\/\/hydraulic-cylinders.net\/wp-content\/uploads\/2023\/08\/hydraulic-cylinder-product-2-300x189.webp\" alt=\"\" width=\"413\" height=\"260\" \/><\/p>\n<h3>(2) Maskinbearbejdning<\/h3>\n<p>Bearbejdningsv\u00e6rkstedet er udstyret med et specialfremstillet drejecenter til skr\u00e5 skinner, bearbejdningscenter, h\u00f8jhastigheds-honemaskine, svejserobot og andet relateret udstyr, der kan h\u00e5ndtere bearbejdning af cylinderr\u00f8r med en maksimal indre diameter p\u00e5 400 mm og en maksimal l\u00e6ngde p\u00e5 6 meter.<\/p>\n<p><img loading=\"lazy\" decoding=\"async\" class=\"alignnone wp-image-628 size-large\" src=\"https:\/\/hydraulic-cylinders.net\/wp-content\/uploads\/2023\/08\/hydraulic-cylinder-product-3-1024x391.webp\" alt=\"\" width=\"1024\" height=\"391\" srcset=\"https:\/\/hydraulic-cylinders.net\/wp-content\/uploads\/2023\/08\/hydraulic-cylinder-product-3-980x374.webp 980w, https:\/\/hydraulic-cylinders.net\/wp-content\/uploads\/2023\/08\/hydraulic-cylinder-product-3-480x183.webp 480w\" sizes=\"(min-width: 0px) and (max-width: 480px) 480px, (min-width: 481px) and (max-width: 980px) 980px, (min-width: 981px) 1024px, 100vw\" \/><\/p>\n<h3>(3) Svejsning<\/h3>\n<p><img loading=\"lazy\" decoding=\"async\" class=\"alignnone wp-image-629 size-large\" src=\"https:\/\/hydraulic-cylinders.net\/wp-content\/uploads\/2023\/08\/hydraulic-cylinder-product-4-1024x510.webp\" alt=\"\" width=\"1024\" height=\"510\" srcset=\"https:\/\/hydraulic-cylinders.net\/wp-content\/uploads\/2023\/08\/hydraulic-cylinder-product-4-980x488.webp 980w, https:\/\/hydraulic-cylinders.net\/wp-content\/uploads\/2023\/08\/hydraulic-cylinder-product-4-480x239.webp 480w\" sizes=\"(min-width: 0px) and (max-width: 480px) 480px, (min-width: 481px) and (max-width: 980px) 980px, (min-width: 981px) 1024px, 100vw\" \/><\/p>\n<h3>(4) Maling og overfladebehandling<\/h3>\n<p>Med sm\u00e5 og mellemstore cylindriske automatiske vandbaserede malingsbel\u00e6gningslinjer, for at opn\u00e5 automatisk robotp\u00e5fyldning og -afl\u00e6sning samt automatisk spr\u00f8jtning, er den designm\u00e6ssige kapacitet p\u00e5 4000 stykker pr. skift;<br \/>\nVi har ogs\u00e5 en halvautomatisk malingsproduktionslinje til store cylindre drevet af en kabelk\u00e6de med en designkapacitet p\u00e5 60 kasser pr. skift.<\/p>\n<p><img loading=\"lazy\" decoding=\"async\" class=\"alignnone wp-image-630\" src=\"https:\/\/hydraulic-cylinders.net\/wp-content\/uploads\/2023\/08\/hydraulic-cylinder-product-5-300x213.webp\" alt=\"\" width=\"366\" height=\"260\" \/> <img loading=\"lazy\" decoding=\"async\" class=\"alignnone wp-image-631\" src=\"https:\/\/hydraulic-cylinders.net\/wp-content\/uploads\/2023\/08\/hydraulic-cylinder-product-6-300x225.webp\" alt=\"\" width=\"347\" height=\"260\" \/><\/p>\n<h3>(5) Testning<\/h3>\n<p>Vi har f\u00f8rsteklasses inspektionsfaciliteter og testb\u00e6nke for at sikre, at cylinderens ydeevne opfylder kravene.<\/p>\n<p><img loading=\"lazy\" decoding=\"async\" class=\"alignnone wp-image-632\" src=\"https:\/\/hydraulic-cylinders.net\/wp-content\/uploads\/2023\/08\/hydraulic-cylinder-product-8-300x200.webp\" alt=\"\" width=\"389\" height=\"260\" \/><\/p>\n<p>&nbsp;<\/p>\n<p>&nbsp;<\/p>\n<p>Vi er en af \u200b\u200bde bedste producenter af hydrauliske cylindre. Vi kan tilbyde et omfattende udvalg af hydrauliske cylindre. Vi leverer ogs\u00e5 tilsvarende <a href=\"https:\/\/hzpt.com\/agricultural-pto-gearbox\/\" target=\"_blank\" rel=\"noopener\">landbrugsgearkasser<\/a>Vi har eksporteret vores produkter til kunder over hele verden og har opn\u00e5et et godt omd\u00f8mme p\u00e5 grund af vores overlegne produktkvalitet og eftersalgsservice. Vi byder kunder i ind- og udland velkommen til at kontakte os for at forhandle forretninger, udveksle information og <a href=\"https:\/\/www.hydraulic-cylinders.net\/da\/contact-us\/\">samarbejde med os<\/a>!<\/p>","protected":false},"excerpt":{"rendered":"<p>Filter Press Cylinder The filter press cylinder is a highly effective tool designed to optimize filtration efficiency and performance in various industrial applications. With its robust construction and advanced features, this cylinder is crucial in separating solids from liquids, ensuring superior filtration outcomes. The filter press cylinder is vital to achieving efficient and high-performance filtration. [&hellip;]<\/p>","protected":false},"featured_media":1688,"comment_status":"open","ping_status":"closed","template":"","meta":{"_et_pb_use_builder":"","_et_pb_old_content":"","_et_gb_content_width":""},"product_brand":[],"product_cat":[1522,1549,1376],"product_tag":[1380],"class_list":{"0":"post-1686","1":"product","2":"type-product","3":"status-publish","4":"has-post-thumbnail","6":"product_cat-press-hydraulic-cylinders","7":"product_cat-single-acting-hydraulic-cylinder","8":"product_cat-hydraulic-cylinder","9":"product_tag-hydraulic-cylinder","11":"first","12":"instock","13":"shipping-taxable","14":"product-type-simple"},"amp_enabled":true,"_links":{"self":[{"href":"https:\/\/www.hydraulic-cylinders.net\/da\/wp-json\/wp\/v2\/product\/1686","targetHints":{"allow":["GET"]}}],"collection":[{"href":"https:\/\/www.hydraulic-cylinders.net\/da\/wp-json\/wp\/v2\/product"}],"about":[{"href":"https:\/\/www.hydraulic-cylinders.net\/da\/wp-json\/wp\/v2\/types\/product"}],"replies":[{"embeddable":true,"href":"https:\/\/www.hydraulic-cylinders.net\/da\/wp-json\/wp\/v2\/comments?post=1686"}],"wp:featuredmedia":[{"embeddable":true,"href":"https:\/\/www.hydraulic-cylinders.net\/da\/wp-json\/wp\/v2\/media\/1688"}],"wp:attachment":[{"href":"https:\/\/www.hydraulic-cylinders.net\/da\/wp-json\/wp\/v2\/media?parent=1686"}],"wp:term":[{"taxonomy":"product_brand","embeddable":true,"href":"https:\/\/www.hydraulic-cylinders.net\/da\/wp-json\/wp\/v2\/product_brand?post=1686"},{"taxonomy":"product_cat","embeddable":true,"href":"https:\/\/www.hydraulic-cylinders.net\/da\/wp-json\/wp\/v2\/product_cat?post=1686"},{"taxonomy":"product_tag","embeddable":true,"href":"https:\/\/www.hydraulic-cylinders.net\/da\/wp-json\/wp\/v2\/product_tag?post=1686"}],"curies":[{"name":"wp","href":"https:\/\/api.w.org\/{rel}","templated":true}]}}