{"id":16867,"date":"2025-01-21T06:09:11","date_gmt":"2025-01-21T06:09:11","guid":{"rendered":"https:\/\/www.hydraulic-cylinders.net\/product\/arm-cylinder-for-bonny-wzy42-7\/"},"modified":"2025-01-21T06:09:13","modified_gmt":"2025-01-21T06:09:13","slug":"arm-cylinder-for-bonny-wzy42-7","status":"publish","type":"product","link":"https:\/\/www.hydraulic-cylinders.net\/da\/vare\/arm-cylinder-for-bonny-wzy42-7\/","title":{"rendered":"Armcylinder til Bonny WZY42-7"},"content":{"rendered":"<h1>Armcylinder til Bonny WZY42-7<\/h1>\n<h2>Indledning<\/h2>\n<p>Armcylinderen er en specialdesignet hydraulisk cylinder, der giver line\u00e6r bev\u00e6gelse og kraft til armen p\u00e5 forskellige typer maskiner s\u00e5som gravemaskiner, kraner og robotarme. Den spiller en afg\u00f8rende rolle i hydrauliske systemer, da den muligg\u00f8r effektiv bev\u00e6gelse og kontrol af ekstra v\u00e6rkt\u00f8j eller udstyr. Disse cylindre muligg\u00f8r ikke kun j\u00e6vn bev\u00e6gelse, men kan ogs\u00e5 modst\u00e5 tunge belastninger, hvilket sikrer h\u00f8j driftseffektivitet og p\u00e5lidelighed af maskineriet under forskellige arbejdsforhold.<\/p>\n<p><img decoding=\"async\" src=\"https:\/\/www.hydraulic-cylinders.net\/wp-content\/uploads\/2025\/01\/songte-company-2.webp\" alt=\"Armcylinderbillede\"><\/p>\n<h2>Funktioner<\/h2>\n<ul>\n<li>H\u00f8jeffektiv transmission: Armcylinderen giver kraftig line\u00e6r bev\u00e6gelse og kraft, hvilket sikrer den mekaniske arms h\u00f8jtydende egenskaber i forskellige operationer.<\/li>\n<li>Pr\u00e6cis styring: Gennem det hydrauliske system muligg\u00f8r armcylinderen pr\u00e6cis bev\u00e6gelsesstyring, hvilket g\u00f8r betjeningen af \u200b\u200b\u200b\u200bmonterede v\u00e6rkt\u00f8jer mere fleksibel og pr\u00e6cis.<\/li>\n<li>St\u00e6rk holdbarhed: Armcylindre er typisk lavet af h\u00f8jstyrkematerialer og har fremragende slid- og korrosionsbestandighed, hvilket g\u00f8r dem velegnede til langvarig brug i barske milj\u00f8er.<\/li>\n<li>Multifunktionel tilpasningsevne: Disse cylindre kan anvendes i vid udstr\u00e6kning p\u00e5 forskellige mekaniske udstyr s\u00e5som gravemaskiner, kraner og robotarme og tilpasses forskellige jobkrav.<\/li>\n<li>Nem vedligeholdelse: Armcylindrene er designet med nem vedligeholdelse og udskiftning i tankerne og muligg\u00f8r bekvemme periodiske inspektioner og vedligeholdelse, hvilket reducerer udstyrets nedetid.<\/li>\n<\/ul>\n<p><img decoding=\"async\" src=\"https:\/\/www.hydraulic-cylinders.net\/wp-content\/uploads\/2025\/01\/songte-oil-pipes-and-spare-parts.webp\" alt=\"Produktbillede\"><\/p>\n<h2>Applikationer<\/h2>\n<p>Armcylinderen finder anvendelse i forskellige brancher:<\/p>\n<ul>\n<li>Byggeteknik: I gravemaskiner og kraner bruges armcylinderen til at styre skovlens eller bommens bev\u00e6gelse, hvilket letter jordarbejde, materialeh\u00e5ndtering og strukturel installation.<\/li>\n<li>Produktionsindustri: I automatiserede produktionslinjer muligg\u00f8r armcylinderen bev\u00e6gelse af robotarme til montering, svejsning og materialeh\u00e5ndteringsprocesser, hvilket forbedrer produktionseffektiviteten og pr\u00e6cisionen.<\/li>\n<li>Landbrugsmaskiner: I landbrugsudstyr s\u00e5som mejet\u00e6rskere og plantemaskiner styrer armcylinderen bev\u00e6gelsen af \u200b\u200b\u200b\u200bbetjeningsarmene til opgaver som s\u00e5ning, g\u00f8dning og h\u00f8st.<\/li>\n<li>Minedrift: I minedriftsudstyr styrer armcylinderen armbev\u00e6gelsen af \u200b\u200bminedriftsmaskineriet til malmudvinding og transport.<\/li>\n<li>Logistik og transport: I gaffeltrucks og h\u00e5ndteringsrobotter regulerer armcylinderen l\u00f8ft og bev\u00e6gelse af gafler, hvilket muligg\u00f8r materialeh\u00e5ndtering og stabling.<\/li>\n<\/ul>\n<h2>Designovervejelser og udv\u00e6lgelseskriterier<\/h2>\n<p>N\u00e5r det kommer til design af armcylindre, tages der hensyn til flere n\u00f8glefaktorer:<\/p>\n<ul>\n<li>B\u00e6reevne<\/li>\n<li>Forseglingsevne<\/li>\n<li>Holdbarhed<\/li>\n<li>Sikkerhed<\/li>\n<li>Vedligeholdelsesevne<\/li>\n<\/ul>\n<p><img decoding=\"async\" src=\"https:\/\/www.hydraulic-cylinders.net\/wp-content\/uploads\/2025\/01\/songte-cylinder-head-with-all-kinds-excavator-models.webp\" alt=\"Produktbillede\"><\/p>\n<h2>T\u00e6tning og sm\u00f8ring<\/h2>\n<p>For at sikre optimal ydeevne anvender armcylindre forskellige t\u00e6tningskomponenter s\u00e5som stempelt\u00e6tninger og stangt\u00e6tninger fremstillet af slidst\u00e6rke materialer som polyurethan og nitrilgummi. Cylinderhuset og gevindenden gennemg\u00e5r en omhyggelig behandling for at forbedre slidstyrken. Regelm\u00e6ssig sm\u00f8ring med hydraulikolie er n\u00f8dvendig for korrekt sm\u00f8ring.<\/p>\n<h2>Regelm\u00e6ssig inspektion og forebyggende vedligeholdelse<\/h2>\n<p>Regelm\u00e6ssig inspektion og forebyggende vedligeholdelse er afg\u00f8rende for armcylindrenes levetid og optimale funktion. Nogle anbefalede foranstaltninger omfatter:<\/p>\n<ul>\n<li>Kontrol for tegn p\u00e5 l\u00e6kage<\/li>\n<li>Verifikation af korrekt justering og positionering<\/li>\n<li>Stramning af l\u00f8se forbindelser<\/li>\n<li>Periodisk udskiftning af pakninger og t\u00e6tninger<\/li>\n<li>Overv\u00e5gning af hydraulikv\u00e6skeniveauer og -kvalitet<\/li>\n<\/ul>\n<h2>Produktinstallationsvejledning<\/h2>\n<p>Korrekt installation af armcylindre er afg\u00f8rende for deres effektive funktion. Her er nogle generelle retningslinjer:<\/p>\n<ul>\n<li>S\u00f8rg for korrekt justering og placering af cylinderen<\/li>\n<li>Fastg\u00f8r alle forbindelser sikkert<\/li>\n<li>P\u00e5f\u00f8r passende moment p\u00e5 gevindforbindelserne<\/li>\n<li>Bekr\u00e6ft, at det hydrauliske system er korrekt tilsluttet og tryksat<\/li>\n<\/ul>\n<p><img decoding=\"async\" src=\"https:\/\/www.hydraulic-cylinders.net\/wp-content\/uploads\/2025\/01\/songte-bushings-with-all-kinds-of-excavator-models.webp\" alt=\"Produktbillede\"><\/p>\n<h2>Sikkerhedshensyn og milj\u00f8faktorer<\/h2>\n<p>N\u00e5r man bruger armcylindre, er sikkerhedsforanstaltninger af st\u00f8rste vigtighed. Overholdelse af sikkerhedsprotokoller sikrer beskyttelse af personale og udstyr. Det er vigtigt at tage hensyn til milj\u00f8faktorer som temperatur, fugtighed og driftsforhold for at garantere optimal ydeevne og levetid.<\/p>\n<h2>Fejldiagnose og almindelige problemer<\/h2>\n<p>Almindelige problemer, der kan opst\u00e5 med armcylindre, omfatter:<\/p>\n<ul>\n<li>L\u00e6kage fra pakninger eller forbindelser<\/li>\n<li>Utilstr\u00e6kkelig eller uregelm\u00e6ssig bev\u00e6gelse<\/li>\n<li>Unormal st\u00f8j under drift<\/li>\n<li>Manglende evne til at holde laster<\/li>\n<li>Inkonsekvent eller ustabil bev\u00e6gelse<\/li>\n<\/ul>\n<p>For at l\u00f8se disse problemer skal du overveje f\u00f8lgende fejlfinding og l\u00f8sninger:<\/p>\n<ul>\n<li>Inspicer og udskift defekte pakninger eller forbindelser<\/li>\n<li>Kontroller og juster hydraulisk tryk og flow<\/li>\n<li>Sm\u00f8r bev\u00e6gelige dele<\/li>\n<li>Inspicer og reparer eventuelle beskadigede komponenter<\/li>\n<li>Kontakt professionelle teknikere ved komplekse problemer<\/li>\n<\/ul>\n<p><img decoding=\"async\" src=\"https:\/\/www.hydraulic-cylinders.net\/wp-content\/uploads\/2025\/01\/songte-chushion-collar.webp\" alt=\"Produktbillede\"><\/p>\n<p>Husk at organisere artiklen logisk, bruge underoverskrifter for nem navigation, inkorporere relevante billeder eller diagrammer for bedre forst\u00e5else, og s\u00f8rg for, at indholdet er klart, pr\u00e6cist og egnet til l\u00e6sere med forskellige tekniske vidensniveauer.<\/p>\n<h2>Om os<\/h2>\n<p>Vi er en professionel producent af hydrauliske udskiftningscylindre og tilbyder en bred vifte af produkter. Vi er blevet en af \u200b\u200bde f\u00f8rende producenter og engrosdistribut\u00f8rer af hydrauliske cylindre p\u00e5 b\u00e5de indenlandske og internationale markeder. Ved at overholde principperne om ekspertise og med udgangspunkt i den industrialiserede produktionsstyringsstrategi i vores sofistikerede produktionsv\u00e6rksted forbedrer vi l\u00f8bende vores tekniske kapaciteter og produktionseffektivitet.<\/p>\n<p>Ved at introducere avanceret digitalt produktionsudstyr og professionelle testsystemer optimerer vi vores produktionsplatform og forbedrer vores produktkvalitetskontrolprocesser. Vi besidder st\u00e6rke innovationsevner. Vores m\u00e5l er at im\u00f8dekomme kundernes forskellige behov med principper om effektivitet, pr\u00e6cision og h\u00f8j kvalitet.<\/p>\n<p><img decoding=\"async\" src=\"https:\/\/www.hydraulic-cylinders.net\/wp-content\/uploads\/2025\/01\/songte-company-4.webp\" alt=\"Virksomhedens image\"><br \/>\n<img decoding=\"async\" src=\"https:\/\/www.hydraulic-cylinders.net\/wp-content\/uploads\/2025\/01\/songte-company-3.webp\" alt=\"Virksomhedens image\"><\/p>\n<p><em>Forfatter: lyl<\/em><\/p>","protected":false},"excerpt":{"rendered":"<p>Arm Cylinder For Bonny WZY42-7 Introduction The arm cylinder is a specially designed hydraulic cylinder that provides linear motion and power to the arm of various types of machinery such as excavators, cranes, and robotic arms. It plays a crucial role in hydraulic systems, allowing for efficient movement and control of additional tools or attachments. [&hellip;]<\/p>","protected":false},"featured_media":14759,"comment_status":"open","ping_status":"closed","template":"","meta":{"_et_pb_use_builder":"","_et_pb_old_content":"","_et_gb_content_width":""},"product_brand":[],"product_cat":[1497],"product_tag":[1498,1496],"class_list":{"0":"post-16867","1":"product","2":"type-product","3":"status-publish","4":"has-post-thumbnail","6":"product_cat-arm-cylinders","7":"product_tag-arm-cylinders","8":"product_tag-hydraulic-cylinders","10":"first","11":"instock","12":"shipping-taxable","13":"product-type-simple"},"amp_enabled":true,"_links":{"self":[{"href":"https:\/\/www.hydraulic-cylinders.net\/da\/wp-json\/wp\/v2\/product\/16867","targetHints":{"allow":["GET"]}}],"collection":[{"href":"https:\/\/www.hydraulic-cylinders.net\/da\/wp-json\/wp\/v2\/product"}],"about":[{"href":"https:\/\/www.hydraulic-cylinders.net\/da\/wp-json\/wp\/v2\/types\/product"}],"replies":[{"embeddable":true,"href":"https:\/\/www.hydraulic-cylinders.net\/da\/wp-json\/wp\/v2\/comments?post=16867"}],"wp:featuredmedia":[{"embeddable":true,"href":"https:\/\/www.hydraulic-cylinders.net\/da\/wp-json\/wp\/v2\/media\/14759"}],"wp:attachment":[{"href":"https:\/\/www.hydraulic-cylinders.net\/da\/wp-json\/wp\/v2\/media?parent=16867"}],"wp:term":[{"taxonomy":"product_brand","embeddable":true,"href":"https:\/\/www.hydraulic-cylinders.net\/da\/wp-json\/wp\/v2\/product_brand?post=16867"},{"taxonomy":"product_cat","embeddable":true,"href":"https:\/\/www.hydraulic-cylinders.net\/da\/wp-json\/wp\/v2\/product_cat?post=16867"},{"taxonomy":"product_tag","embeddable":true,"href":"https:\/\/www.hydraulic-cylinders.net\/da\/wp-json\/wp\/v2\/product_tag?post=16867"}],"curies":[{"name":"wp","href":"https:\/\/api.w.org\/{rel}","templated":true}]}}