{"id":16868,"date":"2025-01-21T06:09:15","date_gmt":"2025-01-21T06:09:15","guid":{"rendered":"https:\/\/www.hydraulic-cylinders.net\/product\/arm-cylinder-for-bonny-ctd460-6\/"},"modified":"2025-01-21T06:09:17","modified_gmt":"2025-01-21T06:09:17","slug":"arm-cylinder-for-bonny-ctd460-6","status":"publish","type":"product","link":"https:\/\/www.hydraulic-cylinders.net\/da\/vare\/arm-cylinder-for-bonny-ctd460-6\/","title":{"rendered":"Armcylinder til Bonny CTD460-6"},"content":{"rendered":"<h1>Armcylinder til Bonny CTD460-6<\/h1>\n<h2>Indledning<\/h2>\n<p>En armcylinder er en specialiseret hydraulisk cylinder, der prim\u00e6rt bruges til at give line\u00e6r bev\u00e6gelse og kraft til armene p\u00e5 forskellige typer maskiner s\u00e5som gravemaskiner, kraner og robotarme. Armcylinderen spiller en afg\u00f8rende rolle i hydrauliske systemer, da den muligg\u00f8r effektiv bev\u00e6gelse og kontrol af p\u00e5monterede v\u00e6rkt\u00f8jer eller tilbeh\u00f8r. Disse cylindre giver ikke kun j\u00e6vn bev\u00e6gelse, men kan ogs\u00e5 modst\u00e5 tunge belastninger, hvilket sikrer effektiv drift og p\u00e5lidelighed af maskineriet under forskellige arbejdsforhold.<\/p>\n<p><img decoding=\"async\" src=\"https:\/\/www.hydraulic-cylinders.net\/wp-content\/uploads\/2025\/01\/songte-company-2.webp\"><\/p>\n<h2>Funktioner<\/h2>\n<ul>\n<li>\n<h3>Effektiv kraftoverf\u00f8rsel:<\/h3>\n<p> Armcylinderen giver st\u00e6rk line\u00e6r bev\u00e6gelse og kraft, hvilket sikrer maskineriets h\u00f8je effektivitet.<\/li>\n<li>\n<h3>Pr\u00e6cis kontrol:<\/h3>\n<p> Gennem det hydrauliske system kan armcylinderen opn\u00e5 pr\u00e6cis bev\u00e6gelseskontrol, hvilket g\u00f8r betjeningen af \u200b\u200b\u200b\u200btilkoblede v\u00e6rkt\u00f8jer mere fleksibel og pr\u00e6cis.<\/li>\n<li>\n<h3>H\u00f8j holdbarhed:<\/h3>\n<p> Armcylindre er normalt lavet af h\u00f8jstyrkematerialer, der har god slid- og korrosionsbestandighed, hvilket g\u00f8r dem velegnede til langvarig brug i barske milj\u00f8er.<\/li>\n<li>\n<h3>Multifunktionel tilpasningsevne:<\/h3>\n<p> Disse cylindre kan anvendes i vid udstr\u00e6kning i forskellige typer maskiner s\u00e5som gravemaskiner, kraner og robotarme, og kan tilpasses forskellige arbejdskrav.<\/li>\n<li>\n<h3>Nem vedligeholdelse:<\/h3>\n<p> Designet tager h\u00f8jde for nem vedligeholdelse og udskiftning, hvilket g\u00f8r regelm\u00e6ssig inspektion og vedligeholdelse mere bekvem og reducerer udstyrets nedetid.<\/li>\n<\/ul>\n<p>Vi kan producere dette produkt, og vores produkter kan perfekt erstatte disse hydrauliske cylindre.<\/p>\n<p><img decoding=\"async\" src=\"https:\/\/www.hydraulic-cylinders.net\/wp-content\/uploads\/2025\/01\/songte-oil-pipes-and-spare-parts.webp\"><\/p>\n<h2>Applikationer<\/h2>\n<p>Armcylindre anvendes i forskellige industrier og applikationer, herunder:<\/p>\n<ul>\n<li>\n<h3>Konstruktion:<\/h3>\n<p> I gravemaskiner og kraner bruges armcylindre til at styre bev\u00e6gelsen af \u200b\u200b\u200b\u200bskovl eller bomme til jordflytning, materialeh\u00e5ndtering og strukturel installation.<\/li>\n<li>\n<h3>Fremstilling:<\/h3>\n<p> I automatiserede produktionslinjer bruges armcylindre til bev\u00e6gelse af robotarme til montering, svejsning og h\u00e5ndteringsprocesser, hvilket forbedrer produktionseffektiviteten og pr\u00e6cisionen.<\/li>\n<li>\n<h3>Landbrugsmaskiner:<\/h3>\n<p> I landbrugsmaskiner s\u00e5som mejet\u00e6rskere og plantemaskiner styrer armcylindre bev\u00e6gelsen af \u200b\u200b\u200b\u200bbetjeningsarmene og udf\u00f8rer opgaver som s\u00e5ning, g\u00f8dning og h\u00f8st.<\/li>\n<li>\n<h3>Minedrift:<\/h3>\n<p> I minedriftsudstyr bruges armcylindre til at styre armbev\u00e6gelsen p\u00e5 minedriftsudstyr til malmudvinding og -h\u00e5ndtering.<\/li>\n<li>\n<h3>Logistik og transport:<\/h3>\n<p> I gaffeltrucks og h\u00e5ndteringsrobotter bruges armcylindre til at styre l\u00f8ft og bev\u00e6gelse af gafler, hvilket muligg\u00f8r materialeh\u00e5ndtering og stabling.<\/li>\n<\/ul>\n<h2>Designovervejelser og udv\u00e6lgelseskriterier<\/h2>\n<p>Armcylinderens design tager h\u00f8jde for n\u00f8glefaktorer som b\u00e6reevne, t\u00e6tning, holdbarhed, sikkerhed og vedligeholdelsesvenlighed. <\/p>\n<ul>\n<li>\n<h3>B\u00e6reevne:<\/h3>\n<p> Armcylinderen skal kunne h\u00e5ndtere de belastninger, den uds\u00e6ttes for under drift, hvilket sikrer, at den fungerer gnidningsl\u00f8st og effektivt.<\/li>\n<li>\n<h3>Forsegling:<\/h3>\n<p> Cylinderen skal v\u00e6re effektivt forseglet for at forhindre l\u00e6kage af hydraulisk v\u00e6ske og kontaminering fra eksterne affaldsstoffer.<\/li>\n<li>\n<h3>Holdbarhed:<\/h3>\n<p> Armcylinderen skal v\u00e6re lavet af materialer af h\u00f8j kvalitet, der kan modst\u00e5 det barske driftsmilj\u00f8.<\/li>\n<li>\n<h3>Sikkerhed:<\/h3>\n<p> Armcylinderen skal v\u00e6re konstrueret til at forhindre ulykker og skader p\u00e5 personale og maskiner.<\/li>\n<li>\n<h3>Vedligeholdelsesevne:<\/h3>\n<p> Designet skal tage h\u00f8jde for nem vedligeholdelse og udskiftning, reducere nedetid og maksimere produktiviteten.<\/li>\n<\/ul>\n<p><img decoding=\"async\" src=\"https:\/\/www.hydraulic-cylinders.net\/wp-content\/uploads\/2025\/01\/songte-cylinder-head-with-all-kinds-excavator-models.webp\"><\/p>\n<h2>T\u00e6tning og sm\u00f8ring<\/h2>\n<p>I armcylindre anvendes forskellige t\u00e6tningskomponenter, s\u00e5som stempelt\u00e6tninger og stangt\u00e6tninger, fremstillet af slidst\u00e6rke materialer som polyurethan og nitrilgummi. Cylinderhuset og gevindfladerne er fint forarbejdet for at forbedre slidstyrken. Regelm\u00e6ssig vedligeholdelse omfatter tils\u00e6tning af en passende m\u00e6ngde hydraulikolie til sm\u00f8ring.<\/p>\n<h2>Forebyggende vedligeholdelse og fejlfinding<\/h2>\n<p>Regelm\u00e6ssig inspektion og forebyggende vedligeholdelse er afg\u00f8rende for at sikre en problemfri drift af armcylinderen. Almindelige problemer s\u00e5som l\u00e6kage af hydraulisk v\u00e6ske, cylinderdrift og reduceret effektivitet kan diagnosticeres og l\u00f8ses ved hj\u00e6lp af passende fejlfindingsmetoder. Foranstaltninger til at forhindre potentielle problemer omfatter at holde cylinderen ren, sikre korrekt installation og fastg\u00f8relse samt overholdelse af anbefalede vedligeholdelsesplaner.<\/p>\n<p><img decoding=\"async\" src=\"https:\/\/www.hydraulic-cylinders.net\/wp-content\/uploads\/2025\/01\/songte-chushion-collar.webp\"><\/p>\n<h2>Installationsvejledning<\/h2>\n<p>For korrekt installation af armcylinderen skal producentens anvisninger f\u00f8lges, og relevante sikkerhedsforanstaltninger skal overholdes. Kontroller udstyrets kompatibilitet, og s\u00f8rg for, at alle fastg\u00f8relsespunkter er sikre og i god stand. Udf\u00f8r en funktionstest f\u00f8r brug for at sikre, at cylinderen fungerer korrekt.<\/p>\n<h2>Om os<\/h2>\n<p>Vi er en professionel producent af hydrauliske udskiftningscylindre med en bred vifte af produkter og en af \u200b\u200bde f\u00f8rende producenter og grossister af hydrauliske cylindre p\u00e5 det indenlandske og internationale marked. Vi opretholder altid princippet om ekspertise og bruger industrialiserede produktionsstyringsstrategier i fint fremstillede v\u00e6rksteder for l\u00f8bende at forbedre vores tekniske niveau og produktionseffektivitet. Ved at introducere avanceret digitalt produktionsudstyr og professionelle testsystemer optimerer vi produktionsplatformen og forbedrer produktkvalitetskontrolprocessen og besidder st\u00e6rke innovationskapaciteter. Vores m\u00e5l er at im\u00f8dekomme kundernes diversificerede behov med effektivitet, n\u00f8jagtighed og h\u00f8j kvalitet.<\/p>\n<ul>\n<li>\n<h3>Professionalitet:<\/h3>\n<p> Vi har et team af erfarne og professionelle ingeni\u00f8rer og teknikere, der specialiserer sig i design, fremstilling og kvalitetskontrol af hydrauliske cylindre.<\/li>\n<li>\n<h3>International certificering:<\/h3>\n<p> Vores produkter har best\u00e5et forskellige nationale og internationale kvalitetscertificeringer s\u00e5som ISO9001:2015, CE og SGS.<\/li>\n<li>\n<h3>Tilpasningstjenester:<\/h3>\n<p> Vi tilbyder skr\u00e6ddersyede tjenester for at im\u00f8dekomme kundernes specifikke krav.<\/li>\n<li>\n<h3>Produktionsudstyr:<\/h3>\n<p> Vi bruger avanceret og h\u00f8jtydende digitalt produktionsudstyr s\u00e5som CNC-drejeb\u00e6nke og bearbejdningscentre for at sikre h\u00f8j pr\u00e6cision og ensartethed i vores produkter.<\/li>\n<li>\n<h3>Eftersalgsservice:<\/h3>\n<p> Vi tilbyder omfattende og professionel eftersalgsservice, s\u00e5som teknisk support, produktvedligeholdelse og garanti.<\/li>\n<\/ul>\n<p><img decoding=\"async\" src=\"https:\/\/www.hydraulic-cylinders.net\/wp-content\/uploads\/2025\/01\/songte-company-4.webp\"><\/p>\n<p><img decoding=\"async\" src=\"https:\/\/www.hydraulic-cylinders.net\/wp-content\/uploads\/2025\/01\/songte-company-3.webp\"><\/p>\n<footer>Forfatter: lyl.<\/footer>","protected":false},"excerpt":{"rendered":"<p>Arm Cylinder For Bonny CTD460-6 Introduction An arm cylinder is a specialized hydraulic cylinder that is primarily used to provide linear motion and power to the arms of various types of machinery such as excavators, cranes, and robotic arms. The arm cylinder plays a critical role in hydraulic systems, allowing for effective movement and control [&hellip;]<\/p>","protected":false},"featured_media":14786,"comment_status":"open","ping_status":"closed","template":"","meta":{"_et_pb_use_builder":"","_et_pb_old_content":"","_et_gb_content_width":""},"product_brand":[],"product_cat":[1497],"product_tag":[1498,1496],"class_list":{"0":"post-16868","1":"product","2":"type-product","3":"status-publish","4":"has-post-thumbnail","6":"product_cat-arm-cylinders","7":"product_tag-arm-cylinders","8":"product_tag-hydraulic-cylinders","10":"first","11":"instock","12":"shipping-taxable","13":"product-type-simple"},"amp_enabled":true,"_links":{"self":[{"href":"https:\/\/www.hydraulic-cylinders.net\/da\/wp-json\/wp\/v2\/product\/16868","targetHints":{"allow":["GET"]}}],"collection":[{"href":"https:\/\/www.hydraulic-cylinders.net\/da\/wp-json\/wp\/v2\/product"}],"about":[{"href":"https:\/\/www.hydraulic-cylinders.net\/da\/wp-json\/wp\/v2\/types\/product"}],"replies":[{"embeddable":true,"href":"https:\/\/www.hydraulic-cylinders.net\/da\/wp-json\/wp\/v2\/comments?post=16868"}],"wp:featuredmedia":[{"embeddable":true,"href":"https:\/\/www.hydraulic-cylinders.net\/da\/wp-json\/wp\/v2\/media\/14786"}],"wp:attachment":[{"href":"https:\/\/www.hydraulic-cylinders.net\/da\/wp-json\/wp\/v2\/media?parent=16868"}],"wp:term":[{"taxonomy":"product_brand","embeddable":true,"href":"https:\/\/www.hydraulic-cylinders.net\/da\/wp-json\/wp\/v2\/product_brand?post=16868"},{"taxonomy":"product_cat","embeddable":true,"href":"https:\/\/www.hydraulic-cylinders.net\/da\/wp-json\/wp\/v2\/product_cat?post=16868"},{"taxonomy":"product_tag","embeddable":true,"href":"https:\/\/www.hydraulic-cylinders.net\/da\/wp-json\/wp\/v2\/product_tag?post=16868"}],"curies":[{"name":"wp","href":"https:\/\/api.w.org\/{rel}","templated":true}]}}