{"id":16886,"date":"2025-01-21T06:10:32","date_gmt":"2025-01-21T06:10:32","guid":{"rendered":"https:\/\/www.hydraulic-cylinders.net\/product\/arm-cylinder-for-baoding-wy80-6\/"},"modified":"2025-01-21T06:10:34","modified_gmt":"2025-01-21T06:10:34","slug":"arm-cylinder-for-baoding-wy80-6","status":"publish","type":"product","link":"https:\/\/www.hydraulic-cylinders.net\/da\/vare\/arm-cylinder-for-baoding-wy80-6\/","title":{"rendered":"Armcylinder til Baoding WY80-6"},"content":{"rendered":"<h1>Armcylinder til Baoding WY80-6<\/h1>\n<h2>Indledning<\/h2>\n<p>Armcylinderen til Baoding WY80-6 er en specialiseret hydraulisk cylinder designet til at give line\u00e6r bev\u00e6gelse og kraft til armen p\u00e5 forskellige typer maskiner, s\u00e5som gravemaskiner, kraner og robotarme. Armcylinderen spiller en afg\u00f8rende rolle i hydrauliske systemer, da den muligg\u00f8r effektiv bev\u00e6gelse og styring af yderligere v\u00e6rkt\u00f8j eller udstyr. Disse cylindre opn\u00e5r ikke kun j\u00e6vn bev\u00e6gelse, men kan ogs\u00e5 modst\u00e5 tunge belastninger, hvilket sikrer effektiv drift og p\u00e5lidelighed af maskineriet under forskellige arbejdsforhold.<\/p>\n<p><img decoding=\"async\" src=\"https:\/\/www.hydraulic-cylinders.net\/wp-content\/uploads\/2025\/01\/songte-company-2.webp\" alt=\"Armcylinderbillede\"><\/p>\n<h2>Funktioner<\/h2>\n<ul>\n<li>\n<h3>H\u00f8jeffektiv transmission<\/h3>\n<p>Armcylinderen giver kraftig line\u00e6r bev\u00e6gelse og kraft, hvilket sikrer robotarmens h\u00f8je ydeevne i forskellige operationer.<\/p>\n<\/li>\n<li>\n<h3>Pr\u00e6cis kontrol<\/h3>\n<p>Gennem det hydrauliske system muligg\u00f8r armcylinderen pr\u00e6cis bev\u00e6gelseskontrol, hvilket g\u00f8r betjeningen af \u200b\u200b\u200b\u200btilkoblede v\u00e6rkt\u00f8jer mere fleksibel og pr\u00e6cis.<\/p>\n<\/li>\n<li>\n<h3>Holdbarhed<\/h3>\n<p>Armcylinderen er typisk fremstillet af h\u00f8jstyrkematerialer, der tilbyder fremragende slidstyrke og korrosionsbestandighed og er egnet til langvarig brug i barske milj\u00f8er.<\/p>\n<\/li>\n<li>\n<h3>Alsidig tilpasningsevne<\/h3>\n<p>Disse cylindre kan anvendes i vid udstr\u00e6kning i forskellige mekaniske maskiner, s\u00e5som gravemaskiner, kraner og robotarme, for at im\u00f8dekomme forskellige arbejdskrav.<\/p>\n<\/li>\n<li>\n<h3>Nem vedligeholdelse<\/h3>\n<p>Armcylinderen er designet med nem vedligeholdelse og udskiftning i tankerne og muligg\u00f8r bekvemme regelm\u00e6ssige inspektioner og vedligeholdelse, hvilket reducerer udstyrets nedetid.<\/p>\n<\/li>\n<\/ul>\n<p><img decoding=\"async\" src=\"https:\/\/www.hydraulic-cylinders.net\/wp-content\/uploads\/2025\/01\/songte-oil-pipes-and-spare-parts.webp\" alt=\"Billede af hydraulisk cylinder\"><\/p>\n<h2>Applikationer<\/h2>\n<p>Armcylinderen til Baoding WY80-6 finder anvendelse i forskellige brancher:<\/p>\n<ul>\n<li>\n<h3>Byggeri og ingeni\u00f8rarbejde<\/h3>\n<p>I gravemaskiner og kraner styrer armcylinderen bev\u00e6gelsen af \u200b\u200bskovle eller bomme til jordarbejde, materialeh\u00e5ndtering og strukturel installation.<\/p>\n<\/li>\n<li>\n<h3>Produktion<\/h3>\n<p>I automatiserede produktionslinjer muligg\u00f8r armcylinderen bev\u00e6gelse af robotarme til montering, svejsning og h\u00e5ndteringsprocesser, hvilket forbedrer produktionseffektiviteten og pr\u00e6cisionen.<\/p>\n<\/li>\n<li>\n<h3>Landbrugsmaskiner<\/h3>\n<p>I landbrugsmaskiner s\u00e5som mejet\u00e6rskere og s\u00e5maskiner styrer armcylinderen bev\u00e6gelsen af \u200b\u200b\u200b\u200bbetjeningsarmene til opgaver som plantning, g\u00f8dning og h\u00f8st.<\/p>\n<\/li>\n<li>\n<h3>Minedrift<\/h3>\n<p>I minedriftsudstyr styrer armcylinderen armbev\u00e6gelsen af \u200b\u200bminedriftsmaskineri til malmudvinding og transport.<\/p>\n<\/li>\n<li>\n<h3>Logistik og transport<\/h3>\n<p>I gaffeltrucks og h\u00e5ndteringsrobotter styrer armcylinderen l\u00f8ft og bev\u00e6gelse af gafler, hvilket muligg\u00f8r materialeh\u00e5ndtering og stabling.<\/p>\n<\/li>\n<\/ul>\n<h2>Designovervejelser og udv\u00e6lgelseskriterier<\/h2>\n<p>N\u00e5r det kommer til design og valg af armcylinder, tages der hensyn til flere n\u00f8glefaktorer:<\/p>\n<ul>\n<li>\n<h3>B\u00e6reevne<\/h3>\n<p>Armcylinderen skal kunne h\u00e5ndtere den n\u00f8dvendige belastning uden at g\u00e5 p\u00e5 kompromis med ydeevne og sikkerhed.<\/p>\n<\/li>\n<li>\n<h3>Forsegling<\/h3>\n<p>Der anvendes forskellige t\u00e6tningskomponenter, s\u00e5som stempelt\u00e6tninger og stangt\u00e6tninger. Disse t\u00e6tninger er lavet af slidst\u00e6rke materialer som polyurethan og nitrilgummi. Cylinderhuset og gevindenderne gennemg\u00e5r en finbehandling for at forbedre slidstyrken. Regelm\u00e6ssig sm\u00f8ring med passende hydraulikolie er n\u00f8dvendig for at sikre problemfri drift.<\/p>\n<\/li>\n<li>\n<h3>Holdbarhed<\/h3>\n<p>Armcylinderen er konstrueret af materialer af h\u00f8j kvalitet og gennemg\u00e5r strenge fremstillingsprocesser for at sikre holdbarhed og lang levetid i kr\u00e6vende milj\u00f8er.<\/p>\n<\/li>\n<li>\n<h3>Sikkerhed<\/h3>\n<p>Designhensyn omfatter sikkerhedsmekanismer til at forhindre ulykker, s\u00e5som trykaflastningsventiler og n\u00f8dstopfunktioner.<\/p>\n<\/li>\n<li>\n<h3>Vedligeholdelsesevne<\/h3>\n<p>Armcylinderen er designet til nem vedligeholdelse og reparation, med tilg\u00e6ngelige komponenter og klare instruktioner.<\/p>\n<\/li>\n<\/ul>\n<p><img decoding=\"async\" src=\"https:\/\/www.hydraulic-cylinders.net\/wp-content\/uploads\/2025\/01\/songte-cylinder-head-with-all-kinds-excavator-models.webp\" alt=\"Billede af dele af armcylinder\"><\/p>\n<h2>Regelm\u00e6ssig inspektion og forebyggende vedligeholdelse<\/h2>\n<p>For at sikre optimal ydeevne og levetid for armcylinderen b\u00f8r regelm\u00e6ssig inspektion og forebyggende vedligeholdelse f\u00f8lges:<\/p>\n<ul>\n<li>\n<h3>Regelm\u00e6ssige inspektioner<\/h3>\n<p>Unders\u00f8g cylinderen for tegn p\u00e5 l\u00e6kage, slid eller skader. Kontroller hydraulikv\u00e6skeniveauer og -kvalitet, og s\u00f8rg for, at alle forbindelser er sikre.<\/p>\n<\/li>\n<li>\n<h3>Forebyggende vedligeholdelse<\/h3>\n<p>Udf\u00f8r planlagte vedligeholdelsesopgaver, s\u00e5som reng\u00f8ring, sm\u00f8ring og udskiftning af slidte pakninger eller komponenter. F\u00f8lg producentens retningslinjer for vedligeholdelsesintervaller.<\/p>\n<\/li>\n<\/ul>\n<h2>Produktinstallationsvejledning<\/h2>\n<p>Korrekt installation af armcylinderen er afg\u00f8rende for dens ydeevne og sikkerhed. F\u00f8lg disse trin:<\/p>\n<ol>\n<li>Forbered monteringsfladen, og s\u00f8rg for, at den er ren og fri for snavs.<\/li>\n<li>Juster cylinderen med monteringshullerne, og fastg\u00f8r den med passende bolte og fastg\u00f8relseselementer.<\/li>\n<li>Tilslut de hydrauliske slanger eller r\u00f8r, og s\u00f8rg for korrekt t\u00e6tning og t\u00e6tte forbindelser.<\/li>\n<li>Kontroll\u00e9r for eventuelle l\u00e6kager, og udf\u00f8r en funktionstest for at sikre problemfri drift.<\/li>\n<\/ol>\n<p><img decoding=\"async\" src=\"https:\/\/www.hydraulic-cylinders.net\/wp-content\/uploads\/2025\/01\/songte-bushings-with-all-kinds-of-excavator-models.webp\" alt=\"Billede af montering af armcylinder\"><\/p>\n<h2>Sikkerhedshensyn og milj\u00f8faktorer<\/h2>\n<p>N\u00e5r armcylinderen anvendes, er det vigtigt at overholde sikkerhedsforanstaltningerne. Der skal tr\u00e6ffes sikkerhedsforanstaltninger for at forhindre ulykker og sikre operat\u00f8rernes og de omkringliggende personers velbefindende.<\/p>\n<p>Milj\u00f8faktorer som temperatur, fugtighed og forurenende stoffer kan p\u00e5virke armcylinderens ydeevne og levetid. Det anbefales at betjene udstyret inden for de anbefalede milj\u00f8forhold og tr\u00e6ffe passende foranstaltninger for at beskytte cylinderen mod negative virkninger.<\/p>\n<h2>Fejldiagnose og almindelige problemer<\/h2>\n<p>Der kan lejlighedsvis opst\u00e5 problemer med armcylinderen. Her er nogle almindelige problemer og tips til fejlfinding:<\/p>\n<ul>\n<li>\n<h3>Fejldiagnose<\/h3>\n<p>Analys\u00e9r symptomerne, og identificer den mulige \u00e5rsag til problemet, s\u00e5som l\u00e6kage, langsom bev\u00e6gelse eller unormal st\u00f8j.<\/p>\n<\/li>\n<li>\n<h3>Probleml\u00f8sning<\/h3>\n<p>Baseret p\u00e5 diagnosen skal den passende l\u00f8sning implementeres, s\u00e5som udskiftning af pakninger, kontrol af hydraulikv\u00e6skeniveauer eller justering af trykindstillinger.<\/p>\n<\/li>\n<li>\n<h3>Forebyggende foranstaltninger<\/h3>\n<p>For at minimere potentielle problemer skal armcylinderen regelm\u00e6ssigt inspiceres og vedligeholdes i henhold til producentens anbefalinger og de korrekte driftsprocedurer f\u00f8lges.<\/p>\n<\/li>\n<\/ul>\n<p><img decoding=\"async\" src=\"https:\/\/www.hydraulic-cylinders.net\/wp-content\/uploads\/2025\/01\/songte-chushion-collar.webp\" alt=\"Billede af fejlfinding af armcylinder\"><\/p>\n<p>Husk at organisere artiklen logisk, bruge underoverskrifter for nem navigation, inkorporere relevante billeder eller diagrammer for forbedret forst\u00e5else, og s\u00f8rg for, at indholdet er klart, pr\u00e6cist og egnet til l\u00e6sere med forskellige niveauer af teknisk viden.<\/p>\n<h2>Om vores virksomhed<\/h2>\n<p>Vi er en professionel producent af hydrauliske udskiftningscylindre og tilbyder et bredt udvalg<\/p>","protected":false},"excerpt":{"rendered":"<p>Arm Cylinder For Baoding WY80-6 Introduction The Arm Cylinder for Baoding WY80-6 is a specialized hydraulic cylinder designed to provide linear motion and power to the arm of various types of machinery, such as excavators, cranes, and robotic arms. The arm cylinder plays a critical role in hydraulic systems, allowing for the efficient movement and [&hellip;]<\/p>","protected":false},"featured_media":14763,"comment_status":"open","ping_status":"closed","template":"","meta":{"_et_pb_use_builder":"","_et_pb_old_content":"","_et_gb_content_width":""},"product_brand":[],"product_cat":[1497],"product_tag":[1498,1496],"class_list":{"0":"post-16886","1":"product","2":"type-product","3":"status-publish","4":"has-post-thumbnail","6":"product_cat-arm-cylinders","7":"product_tag-arm-cylinders","8":"product_tag-hydraulic-cylinders","10":"first","11":"instock","12":"shipping-taxable","13":"product-type-simple"},"amp_enabled":true,"_links":{"self":[{"href":"https:\/\/www.hydraulic-cylinders.net\/da\/wp-json\/wp\/v2\/product\/16886","targetHints":{"allow":["GET"]}}],"collection":[{"href":"https:\/\/www.hydraulic-cylinders.net\/da\/wp-json\/wp\/v2\/product"}],"about":[{"href":"https:\/\/www.hydraulic-cylinders.net\/da\/wp-json\/wp\/v2\/types\/product"}],"replies":[{"embeddable":true,"href":"https:\/\/www.hydraulic-cylinders.net\/da\/wp-json\/wp\/v2\/comments?post=16886"}],"wp:featuredmedia":[{"embeddable":true,"href":"https:\/\/www.hydraulic-cylinders.net\/da\/wp-json\/wp\/v2\/media\/14763"}],"wp:attachment":[{"href":"https:\/\/www.hydraulic-cylinders.net\/da\/wp-json\/wp\/v2\/media?parent=16886"}],"wp:term":[{"taxonomy":"product_brand","embeddable":true,"href":"https:\/\/www.hydraulic-cylinders.net\/da\/wp-json\/wp\/v2\/product_brand?post=16886"},{"taxonomy":"product_cat","embeddable":true,"href":"https:\/\/www.hydraulic-cylinders.net\/da\/wp-json\/wp\/v2\/product_cat?post=16886"},{"taxonomy":"product_tag","embeddable":true,"href":"https:\/\/www.hydraulic-cylinders.net\/da\/wp-json\/wp\/v2\/product_tag?post=16886"}],"curies":[{"name":"wp","href":"https:\/\/api.w.org\/{rel}","templated":true}]}}