{"id":16887,"date":"2025-01-21T06:10:37","date_gmt":"2025-01-21T06:10:37","guid":{"rendered":"https:\/\/www.hydraulic-cylinders.net\/product\/arm-cylinder-for-baoding-wy90-7\/"},"modified":"2025-01-21T06:10:38","modified_gmt":"2025-01-21T06:10:38","slug":"arm-cylinder-for-baoding-wy90-7","status":"publish","type":"product","link":"https:\/\/www.hydraulic-cylinders.net\/da\/vare\/arm-cylinder-for-baoding-wy90-7\/","title":{"rendered":"Armcylinder til Baoding WY90-7"},"content":{"rendered":"<h1>Armcylinder til Baoding WY90-7<\/h1>\n<h2>Indledning<\/h2>\n<p>Armcylinderen er en specialdesignet hydraulisk cylinder, der giver line\u00e6r bev\u00e6gelse og kraft til armen p\u00e5 forskellige maskiner, s\u00e5som gravemaskiner, kraner og mekaniske arme. Den spiller en afg\u00f8rende rolle i hydrauliske systemer, da den muligg\u00f8r effektiv bev\u00e6gelse og styring af ekstra v\u00e6rkt\u00f8j eller udstyr. Disse cylindre sikrer ikke kun j\u00e6vn bev\u00e6gelse, men kan ogs\u00e5 modst\u00e5 tunge belastninger, hvilket sikrer effektiv drift og p\u00e5lidelighed af maskineriet under forskellige arbejdsforhold.<\/p>\n<p><img decoding=\"async\" src=\"https:\/\/www.hydraulic-cylinders.net\/wp-content\/uploads\/2025\/01\/songte-company-2.webp\" alt=\"Armcylinderbillede\"><\/p>\n<h2>Funktioner<\/h2>\n<ul>\n<li><strong>H\u00f8jeffektiv transmission:<\/strong> Armcylinderen giver kraftig line\u00e6r bev\u00e6gelse og kraft, hvilket sikrer den mekaniske arms h\u00f8je ydeevne i forskellige operationer.<\/li>\n<li><strong>Pr\u00e6cisionskontrol:<\/strong> Gennem det hydrauliske system muligg\u00f8r armcylinderen pr\u00e6cis bev\u00e6gelseskontrol, hvilket g\u00f8r betjeningen af \u200b\u200b\u200b\u200btilkoblede v\u00e6rkt\u00f8jer mere fleksibel og pr\u00e6cis.<\/li>\n<li><strong>Holdbarhed:<\/strong> Armcylindre er typisk fremstillet af h\u00f8jstyrkematerialer, der tilbyder fremragende slid- og korrosionsbestandighed og er velegnede til langvarig brug i barske milj\u00f8er.<\/li>\n<li><strong>Multifunktionel tilpasningsevne:<\/strong> Disse cylindre kan anvendes i vid udstr\u00e6kning p\u00e5 forskellige maskiner s\u00e5som gravemaskiner, kraner og mekaniske arme og tilpasses forskellige jobkrav.<\/li>\n<li><strong>Nem vedligeholdelse:<\/strong> Designet til nem vedligeholdelse og udskiftning, g\u00f8res regelm\u00e6ssige inspektioner og vedligeholdelse bekvemme, hvilket reducerer udstyrets nedetid.<\/li>\n<\/ul>\n<p><img decoding=\"async\" src=\"https:\/\/www.hydraulic-cylinders.net\/wp-content\/uploads\/2025\/01\/songte-oil-pipes-and-spare-parts.webp\" alt=\"Billede af yderligere produkter\"><\/p>\n<h2>Applikationer<\/h2>\n<p>Armcylinderen finder anvendelse i forskellige brancher:<\/p>\n<ul>\n<li><strong>Byggeriteknik:<\/strong> I gravemaskiner og kraner bruges armcylinderen til at styre skovlens eller bommens bev\u00e6gelse, hvilket letter jordarbejde, materialeh\u00e5ndtering og strukturel installation.<\/li>\n<li><strong>Fremstillingsindustri:<\/strong> I automatiserede produktionslinjer muligg\u00f8r armcylinderen bev\u00e6gelse af mekaniske arme til montering, svejsning og h\u00e5ndteringsprocesser, hvilket forbedrer produktionseffektiviteten og pr\u00e6cisionen.<\/li>\n<li><strong>Landbrugsmaskiner:<\/strong> I landbrugsmaskiner s\u00e5som mejet\u00e6rskere og plantemaskiner styrer armcylinderen bev\u00e6gelsen af \u200b\u200b\u200b\u200bden operative arm og udf\u00f8rer opgaver som s\u00e5ning, g\u00f8dning og h\u00f8st.<\/li>\n<li><strong>Minedrift:<\/strong> I minedriftsudstyr styrer armcylinderen armbev\u00e6gelsen af \u200b\u200bminedriftsmaskineriet, hvilket letter malmudvinding og transport.<\/li>\n<li><strong>Logistik og transport:<\/strong> I gaffeltrucks og h\u00e5ndteringsrobotter styrer armcylinderen l\u00f8ft og bev\u00e6gelse af gafler, hvilket muligg\u00f8r h\u00e5ndtering og stabling af materialer.<\/li>\n<\/ul>\n<h2>Designovervejelser og udv\u00e6lgelseskriterier<\/h2>\n<p>N\u00e5r man overvejer design og valg af armcylinder, skal der tages h\u00f8jde for flere faktorer:<\/p>\n<ul>\n<li><strong>B\u00e6reevne:<\/strong> Armcylinderen skal kunne modst\u00e5 de forventede belastninger og kr\u00e6fter, den vil blive udsat for under drift.<\/li>\n<li><strong>Forsegling:<\/strong> Forskellige t\u00e6tningskomponenter s\u00e5som stempelt\u00e6tninger og stangt\u00e6tninger b\u00f8r anvendes for at forhindre l\u00e6kage og sikre korrekt funktion. Disse t\u00e6tninger er ofte lavet af slidst\u00e6rke materialer som polyurethan og nitrilgummi.<\/li>\n<li><strong>Holdbarhed:<\/strong> Cylinderhuset og gevindenderne b\u00f8r gennemg\u00e5 en fin bearbejdning for at forbedre slidstyrken og levetiden.<\/li>\n<li><strong>Sikkerhed:<\/strong> Sikkerhedshensyn b\u00f8r indarbejdes i designet for at sikre sikker drift og minimere potentielle farer.<\/li>\n<li><strong>Vedligeholdelsesevne:<\/strong> Regelm\u00e6ssig sm\u00f8ring med den passende m\u00e6ngde hydraulikolie og let adgang til vedligeholdelse og reparationer b\u00f8r overvejes.<\/li>\n<\/ul>\n<p><img decoding=\"async\" src=\"https:\/\/www.hydraulic-cylinders.net\/wp-content\/uploads\/2025\/01\/songte-cylinder-head-with-all-kinds-excavator-models.webp\" alt=\"Billede af topstykke\"><\/p>\n<h2>T\u00e6tning og sm\u00f8ring<\/h2>\n<p>Armcylinderen anvender forskellige t\u00e6tningskomponenter, s\u00e5som stempelt\u00e6tninger og stangt\u00e6tninger, der er fremstillet af slidst\u00e6rke materialer som polyurethan og nitrilgummi. Cylinderhuset og gevindenderne gennemg\u00e5r finbearbejdning for at forbedre slidstyrken. Regelm\u00e6ssig sm\u00f8ring med den passende m\u00e6ngde hydraulikolie er n\u00f8dvendig for at sikre problemfri drift.<\/p>\n<h2>Regelm\u00e6ssig inspektion og forebyggende vedligeholdelse<\/h2>\n<p>For at opretholde optimal ydeevne er regelm\u00e6ssige inspektioner og forebyggende vedligeholdelse afg\u00f8rende. F\u00f8lgende foranstaltninger b\u00f8r tr\u00e6ffes:<\/p>\n<ul>\n<li>Unders\u00f8g cylinderen for tegn p\u00e5 slid eller skader.<\/li>\n<li>Kontroller og udskift eventuelle slidte eller beskadigede pakninger.<\/li>\n<li>S\u00f8rg for korrekt sm\u00f8ring, og fyld hydraulikolie op efter behov.<\/li>\n<li>Unders\u00f8g alle forbindelser og fittings for l\u00e6kager.<\/li>\n<li>Kontroller funktionen af \u200b\u200bkontrolventiler og andre hydrauliske komponenter.<\/li>\n<\/ul>\n<h2>Installationsvejledning<\/h2>\n<p>Korrekt installation af armcylinderen er afg\u00f8rende for optimal ydeevne. F\u00f8lg disse trin:<\/p>\n<ol>\n<li>S\u00f8rg for, at maskinen er slukket, og at alt hydraulisk tryk er udl\u00f8st.<\/li>\n<li>Placer armcylinderen p\u00e5 den \u00f8nskede placering, og juster monteringshullerne.<\/li>\n<li>Fastg\u00f8r cylinderen sikkert med passende bolte og beslag.<\/li>\n<li>Tilslut hydraulikslangerne i henhold til maskinens hydrauliske system.<\/li>\n<li>Dobbelttjek alle forbindelser for t\u00e6thed og korrekt justering.<\/li>\n<\/ol>\n<p><img decoding=\"async\" src=\"https:\/\/www.hydraulic-cylinders.net\/wp-content\/uploads\/2025\/01\/songte-bushings-with-all-kinds-of-excavator-models.webp\" alt=\"B\u00f8sninger Billede\"><\/p>\n<h2>Sikkerhedshensyn og milj\u00f8faktorer<\/h2>\n<p>N\u00e5r armcylinderen bruges, er sikkerhedsforanstaltninger af st\u00f8rste vigtighed. Overholdelse af sikkerhedsprotokoller sikrer forebyggelse af ulykker og beskytter personale og udstyr. Overvej f\u00f8lgende:<\/p>\n<ul>\n<li>Korrekt tr\u00e6ning og certificering af operat\u00f8rer og vedligeholdelsespersonale.<\/li>\n<li>Regelm\u00e6ssige sikkerhedsinspektioner og risikovurderinger.<\/li>\n<li>Overholdelse af sikkerhedsretningslinjer og -forskrifter.<\/li>\n<li>Korrekt brug af personlige v\u00e6rnemidler (PPE).<\/li>\n<li>Hensyntagen til milj\u00f8p\u00e5virkning og overholdelse af milj\u00f8regler.<\/li>\n<\/ul>\n<h2>Fejlfinding og almindelige problemer<\/h2>\n<p>Trods deres p\u00e5lidelige ydeevne kan armcylindre st\u00f8de p\u00e5 problemer. Her er nogle almindelige problemer og deres l\u00f8sninger:<\/p>\n<ul>\n<li><strong>L\u00e6kage:<\/strong> Kontroller og udskift eventuelle slidte eller beskadigede pakninger. S\u00f8rg for korrekt montering og tilsp\u00e6nding af alle forbindelser.<\/li>\n<li><strong>Langsom eller uregelm\u00e6ssig bev\u00e6gelse:<\/strong> Kontroller for lave hydraulikolieniveauer, og efterfyld om n\u00f8dvendigt. Inspicer kontrolventilerne for korrekt funktion, og juster dem efter behov.<\/li>\n<li><strong>St\u00f8j eller vibrationer:<\/strong> Unders\u00f8g for l\u00f8se eller slidte komponenter, s\u00e5som monteringsbolte eller b\u00f8sninger. Sp\u00e6nd eller udskift efter behov.<\/li>\n<\/ul>\n<p>Regelm\u00e6ssig inspektion, forebyggende vedligeholdelse og hurtig fejlfinding kan minimere potentielle problemer og sikre optimal ydeevne af armcylinderen.<\/p>\n<p><img decoding=\"async\" src=\"https:\/\/www.hydraulic-cylinders.net\/wp-content\/uploads\/2025\/01\/songte-chushion-collar.webp\" alt=\"Billede af pudekrave\"><\/p>\n<p>Husk at organisere artiklen logisk, bruge underoverskrifter for nem navigation, inkorporere relevante billeder eller diagrammer for at forbedre forst\u00e5elsen, og sikre indholdets klarhed, pr\u00e6cision og egnethed til l\u00e6sere med forskellige niveauer af teknisk viden.<\/p>\n<h2>Om vores virksomhed<\/h2>\n<p>Vi er en professionel producent af hydrauliske cylindre, der tilbyder en bred vifte af produkter. Som en af \u200b\u200bde f\u00f8rende producenter og grossistdistribut\u00f8rer af hydrauliske cylindre p\u00e5 b\u00e5de indenlandske og internationale markeder prioriterer vi fremragende kvalitet.<\/p>\n<ul>\n<li><strong>Specialisering:<\/strong> Vi specialiserer os i produktion af armcylindre og andre hydrauliske komponenter.<\/li>\n<li><strong>Internationale certificeringer:<\/strong> Vores produkter opfylder internationale kvalitets- og sikkerhedsstandarder, hvilket sikrer p\u00e5lidelighed og kundetilfredshed.<\/li>\n<li><strong>Tilpasningstjenester:<\/strong> Vi tilbyder skr\u00e6ddersyede l\u00f8sninger, der opfylder specifikke kundekrav.<\/li>\n<li><strong>Avanceret produktionsudstyr:<\/strong> Vores produktionsfaciliteter er udstyret med det nyeste digitale udstyr, der sikrer h\u00f8j pr\u00e6cision og effektivitet.<\/li>\n<li><strong>Eftersalgsservice:<\/strong>","protected":false},"excerpt":{"rendered":"<p>Arm Cylinder For Baoding WY90-7 Introduction The arm cylinder is a specially designed hydraulic cylinder that provides linear motion and power to the arm of various machinery, such as excavators, cranes, and mechanical arms. It plays a crucial role in hydraulic systems, enabling the efficient movement and control of additional tools or attachments. These cylinders [&hellip;]<\/p>","protected":false},"featured_media":14759,"comment_status":"open","ping_status":"closed","template":"","meta":{"_et_pb_use_builder":"","_et_pb_old_content":"","_et_gb_content_width":""},"product_brand":[],"product_cat":[1497],"product_tag":[1498,1496],"class_list":{"0":"post-16887","1":"product","2":"type-product","3":"status-publish","4":"has-post-thumbnail","6":"product_cat-arm-cylinders","7":"product_tag-arm-cylinders","8":"product_tag-hydraulic-cylinders","10":"first","11":"instock","12":"shipping-taxable","13":"product-type-simple"},"amp_enabled":true,"_links":{"self":[{"href":"https:\/\/www.hydraulic-cylinders.net\/da\/wp-json\/wp\/v2\/product\/16887","targetHints":{"allow":["GET"]}}],"collection":[{"href":"https:\/\/www.hydraulic-cylinders.net\/da\/wp-json\/wp\/v2\/product"}],"about":[{"href":"https:\/\/www.hydraulic-cylinders.net\/da\/wp-json\/wp\/v2\/types\/product"}],"replies":[{"embeddable":true,"href":"https:\/\/www.hydraulic-cylinders.net\/da\/wp-json\/wp\/v2\/comments?post=16887"}],"wp:featuredmedia":[{"embeddable":true,"href":"https:\/\/www.hydraulic-cylinders.net\/da\/wp-json\/wp\/v2\/media\/14759"}],"wp:attachment":[{"href":"https:\/\/www.hydraulic-cylinders.net\/da\/wp-json\/wp\/v2\/media?parent=16887"}],"wp:term":[{"taxonomy":"product_brand","embeddable":true,"href":"https:\/\/www.hydraulic-cylinders.net\/da\/wp-json\/wp\/v2\/product_brand?post=16887"},{"taxonomy":"product_cat","embeddable":true,"href":"https:\/\/www.hydraulic-cylinders.net\/da\/wp-json\/wp\/v2\/product_cat?post=16887"},{"taxonomy":"product_tag","embeddable":true,"href":"https:\/\/www.hydraulic-cylinders.net\/da\/wp-json\/wp\/v2\/product_tag?post=16887"}],"curies":[{"name":"wp","href":"https:\/\/api.w.org\/{rel}","templated":true}]}}